{"id":19965,"date":"2024-10-24T08:58:06","date_gmt":"2024-10-24T07:58:06","guid":{"rendered":"https:\/\/l-doornassau.be\/portes-sectionnelles\/porte-sectionnelle-l-doornassau-8000\/"},"modified":"2025-04-09T13:57:11","modified_gmt":"2025-04-09T12:57:11","slug":"porte-sectionnelle-l-doornassau-8000","status":"publish","type":"page","link":"https:\/\/l-doornassau.be\/fr\/portes-sectionnelles\/porte-sectionnelle-l-doornassau-8000\/","title":{"rendered":"Porte sectionnelle l-doornassau 8000"},"content":{"rendered":"\t\t<div data-elementor-type=\"wp-page\" data-elementor-id=\"19965\" class=\"elementor elementor-19965 elementor-16543\" data-elementor-post-type=\"page\">\n\t\t\t\t<div class=\"elementor-element elementor-element-b164166 e-con-full residentieel e-flex e-con e-parent\" data-id=\"b164166\" data-element_type=\"container\" data-settings=\"{&quot;background_background&quot;:&quot;classic&quot;}\">\n\t\t<div class=\"elementor-element elementor-element-2ebbbfe e-con-full container__xl e-flex e-con e-child\" data-id=\"2ebbbfe\" data-element_type=\"container\">\n\t\t<div class=\"elementor-element elementor-element-d0db789 e-con-full e-flex e-con e-child\" data-id=\"d0db789\" data-element_type=\"container\">\n\t\t\t\t<div class=\"elementor-element elementor-element-ea1f162 elementor-widget-laptop__width-initial elementor-widget elementor-widget-heading\" data-id=\"ea1f162\" data-element_type=\"widget\" data-widget_type=\"heading.default\">\n\t\t\t\t<div class=\"elementor-widget-container\">\n\t\t\t\t\t<h1 class=\"elementor-heading-title elementor-size-default\">Porte sectionnelle l-doornassau 8000 : <br>l\u2019excellence en mati\u00e8re d\u2019isolation <br>(82 mm d\u2019\u00e9paisseur)<\/h1>\t\t\t\t<\/div>\n\t\t\t\t<\/div>\n\t\t\t\t<div class=\"elementor-element elementor-element-37141a1 elementor-widget elementor-widget-text-editor\" data-id=\"37141a1\" data-element_type=\"widget\" data-widget_type=\"text-editor.default\">\n\t\t\t\t<div class=\"elementor-widget-container\">\n\t\t\t\t\t\t\t\t\t<p>Unique sur le march\u00e9, la porte sectionnelle l-doornassau 8000 se distingue par sa performance d\u2019isolation exceptionnelle et sa fonction d\u2019\u00e9conomie d\u2019\u00e9nergie Elle int\u00e8gre les mat\u00e9riaux isolants les plus avanc\u00e9s, offrant la meilleure valeur isolante sur le march\u00e9. R\u00e9sultat ? Une r\u00e9duction significative de votre facture d\u2019\u00e9nergie.<\/p>\t\t\t\t\t\t\t\t<\/div>\n\t\t\t\t<\/div>\n\t\t\t\t<div class=\"elementor-element elementor-element-3134b53 elementor-widget elementor-widget-button\" data-id=\"3134b53\" data-element_type=\"widget\" data-widget_type=\"button.default\">\n\t\t\t\t<div class=\"elementor-widget-container\">\n\t\t\t\t\t\t\t\t\t<div class=\"elementor-button-wrapper\">\n\t\t\t\t\t<a class=\"elementor-button elementor-button-link elementor-size-sm\" href=\"https:\/\/l-doornassau.be\/fr\/devis\/\">\n\t\t\t\t\t\t<span class=\"elementor-button-content-wrapper\">\n\t\t\t\t\t\t\t\t\t<span class=\"elementor-button-text\">Demander un devis<\/span>\n\t\t\t\t\t<\/span>\n\t\t\t\t\t<\/a>\n\t\t\t\t<\/div>\n\t\t\t\t\t\t\t\t<\/div>\n\t\t\t\t<\/div>\n\t\t\t\t<\/div>\n\t\t\t\t<\/div>\n\t\t<div class=\"elementor-element elementor-element-8c150a5 e-con-full hero__image e-flex e-con e-child\" data-id=\"8c150a5\" data-element_type=\"container\" data-settings=\"{&quot;background_background&quot;:&quot;classic&quot;}\">\n\t\t\t\t<\/div>\n\t\t\t\t<\/div>\n\t\t<div class=\"elementor-element elementor-element-04b8ae4 e-con-full e-flex e-con e-parent\" data-id=\"04b8ae4\" data-element_type=\"container\" data-settings=\"{&quot;background_background&quot;:&quot;classic&quot;}\">\n\t\t<div class=\"elementor-element elementor-element-3215180 e-con-full container__xl e-flex e-con e-child\" data-id=\"3215180\" data-element_type=\"container\">\n\t\t<div class=\"elementor-element elementor-element-687626b e-con-full e-flex e-con e-child\" data-id=\"687626b\" data-element_type=\"container\">\n\t\t\t\t<div class=\"elementor-element elementor-element-a61851f elementor-widget elementor-widget-image\" data-id=\"a61851f\" data-element_type=\"widget\" data-widget_type=\"image.default\">\n\t\t\t\t<div class=\"elementor-widget-container\">\n\t\t\t\t\t\t\t\t\t\t\t\t\t\t\t<img fetchpriority=\"high\" decoding=\"async\" width=\"800\" height=\"667\" src=\"https:\/\/l-doornassau.be\/wp-content\/uploads\/2024\/11\/Edit-1024x854.jpg\" class=\"attachment-large size-large wp-image-19867\" alt=\"\" srcset=\"https:\/\/l-doornassau.be\/wp-content\/uploads\/2024\/11\/Edit-1024x854.jpg 1024w, https:\/\/l-doornassau.be\/wp-content\/uploads\/2024\/11\/Edit-300x250.jpg 300w, https:\/\/l-doornassau.be\/wp-content\/uploads\/2024\/11\/Edit-768x640.jpg 768w, https:\/\/l-doornassau.be\/wp-content\/uploads\/2024\/11\/Edit-1536x1280.jpg 1536w, https:\/\/l-doornassau.be\/wp-content\/uploads\/2024\/11\/Edit-600x500.jpg 600w, https:\/\/l-doornassau.be\/wp-content\/uploads\/2024\/11\/Edit.jpg 1550w\" sizes=\"(max-width: 800px) 100vw, 800px\" \/>\t\t\t\t\t\t\t\t\t\t\t\t\t\t\t<\/div>\n\t\t\t\t<\/div>\n\t\t\t\t<\/div>\n\t\t<div class=\"elementor-element elementor-element-6740855 e-con-full e-flex e-con e-child\" data-id=\"6740855\" data-element_type=\"container\">\n\t\t\t\t<div class=\"elementor-element elementor-element-ce1af41 elementor-widget elementor-widget-text-editor\" data-id=\"ce1af41\" data-element_type=\"widget\" data-widget_type=\"text-editor.default\">\n\t\t\t\t<div class=\"elementor-widget-container\">\n\t\t\t\t\t\t\t\t\t<p>Dans un b\u00e2timent bien isol\u00e9, la chaleur s\u2019\u00e9chappe principalement par le toit (25 %), les murs (35 %), le sol (15 %) et les ouvertures (portes et fen\u00eatres) (25 %). Con\u00e7ue pour limiter au maximum les pertes de chaleur, cette porte sectionnelle extra-isol\u00e9e et \u00e9conome en \u00e9nergie poss\u00e8de une forte valeur d\u2019isolation.<\/p><p>Modulable et personnalisable, la porte sectionnelle l-doornassau 8000 s\u2019adapte \u00e0 vos exigences sp\u00e9cifiques, que ce soit pour contr\u00f4ler les diff\u00e9rences de temp\u00e9rature entre plusieurs espaces . Ou pour r\u00e9sister \u00e0 une utilisation intensive dans les environnements les plus exigeants.<\/p>\t\t\t\t\t\t\t\t<\/div>\n\t\t\t\t<\/div>\n\t\t\t\t<\/div>\n\t\t\t\t<\/div>\n\t\t\t\t<\/div>\n\t\t<div class=\"elementor-element elementor-element-2796d6e e-con-full e-flex e-con e-parent\" data-id=\"2796d6e\" data-element_type=\"container\">\n\t\t<div class=\"elementor-element elementor-element-08fb876 e-con-full container__xl e-flex e-con e-child\" data-id=\"08fb876\" data-element_type=\"container\">\n\t\t<div class=\"elementor-element elementor-element-35817e3 e-con-full e-flex e-con e-child\" data-id=\"35817e3\" data-element_type=\"container\">\n\t\t\t\t<div class=\"elementor-element elementor-element-fc78877 elementor-widget elementor-widget-heading\" data-id=\"fc78877\" data-element_type=\"widget\" data-widget_type=\"heading.default\">\n\t\t\t\t<div class=\"elementor-widget-container\">\n\t\t\t\t\t<h2 class=\"elementor-heading-title elementor-size-default\">La porte sectionnelle la plus isolante du march\u00e9<\/h2>\t\t\t\t<\/div>\n\t\t\t\t<\/div>\n\t\t\t\t<div class=\"elementor-element elementor-element-c57e6ff elementor-widget elementor-widget-text-editor\" data-id=\"c57e6ff\" data-element_type=\"widget\" data-widget_type=\"text-editor.default\">\n\t\t\t\t<div class=\"elementor-widget-container\">\n\t\t\t\t\t\t\t\t\t<p>Fruit d\u2019une recherche continue et du d\u00e9veloppement de mat\u00e9riaux toujours plus \u00e9co\u00e9nerg\u00e9tiques, la porte sectionnelle l-doornassau 8000 offre jusqu\u2019\u00e0 deux fois plus d\u2019isolation que la moyenne des portes sectionnelles du march\u00e9.<br>Son tablier de 82 mm d\u2019\u00e9paisseur, combin\u00e9 \u00e0 plusieurs ruptures de ponts thermiques, garantit une efficacit\u00e9 \u00e9nerg\u00e9tique optimale tout en r\u00e9duisant les co\u00fbts.<\/p>\t\t\t\t\t\t\t\t<\/div>\n\t\t\t\t<\/div>\n\t\t\t\t<\/div>\n\t\t<div class=\"elementor-element elementor-element-a07576a e-con-full e-flex e-con e-child\" data-id=\"a07576a\" data-element_type=\"container\">\n\t\t\t\t<div class=\"elementor-element elementor-element-fcbc2d3 elementor-widget elementor-widget-image\" data-id=\"fcbc2d3\" data-element_type=\"widget\" data-widget_type=\"image.default\">\n\t\t\t\t<div class=\"elementor-widget-container\">\n\t\t\t\t\t\t\t\t\t\t\t\t\t\t\t<img decoding=\"async\" width=\"675\" height=\"563\" src=\"https:\/\/l-doornassau.be\/wp-content\/uploads\/2024\/12\/Ontwerp-zonder-titel-12.png\" class=\"attachment-large size-large wp-image-19919\" alt=\"\" srcset=\"https:\/\/l-doornassau.be\/wp-content\/uploads\/2024\/12\/Ontwerp-zonder-titel-12.png 675w, https:\/\/l-doornassau.be\/wp-content\/uploads\/2024\/12\/Ontwerp-zonder-titel-12-300x250.png 300w, https:\/\/l-doornassau.be\/wp-content\/uploads\/2024\/12\/Ontwerp-zonder-titel-12-600x500.png 600w\" sizes=\"(max-width: 675px) 100vw, 675px\" \/>\t\t\t\t\t\t\t\t\t\t\t\t\t\t\t<\/div>\n\t\t\t\t<\/div>\n\t\t\t\t<\/div>\n\t\t\t\t<\/div>\n\t\t\t\t<\/div>\n\t\t<div class=\"elementor-element elementor-element-4eee953 e-con-full e-flex e-con e-parent\" data-id=\"4eee953\" data-element_type=\"container\" data-settings=\"{&quot;background_background&quot;:&quot;classic&quot;}\">\n\t\t<div class=\"elementor-element elementor-element-40f9cb5 e-con-full container__m e-flex e-con e-child\" data-id=\"40f9cb5\" data-element_type=\"container\">\n\t\t\t\t<div class=\"elementor-element elementor-element-35ff587 elementor-widget elementor-widget-heading\" data-id=\"35ff587\" data-element_type=\"widget\" data-widget_type=\"heading.default\">\n\t\t\t\t<div class=\"elementor-widget-container\">\n\t\t\t\t\t<h2 class=\"elementor-heading-title elementor-size-default\">Fonctions<\/h2>\t\t\t\t<\/div>\n\t\t\t\t<\/div>\n\t\t\t\t<\/div>\n\t\t\t\t<\/div>\n\t\t<div class=\"elementor-element elementor-element-e87eff6 e-con-full e-flex e-con e-parent\" data-id=\"e87eff6\" data-element_type=\"container\" data-settings=\"{&quot;background_background&quot;:&quot;classic&quot;}\">\n\t\t<div class=\"elementor-element elementor-element-3bea70e e-con-full container__xl e-flex e-con e-child\" data-id=\"3bea70e\" data-element_type=\"container\">\n\t\t<div class=\"elementor-element elementor-element-6bd56d7 e-con-full e-flex e-con e-child\" data-id=\"6bd56d7\" data-element_type=\"container\">\n\t\t\t\t<div class=\"elementor-element elementor-element-298f898 elementor-widget elementor-widget-heading\" data-id=\"298f898\" data-element_type=\"widget\" data-widget_type=\"heading.default\">\n\t\t\t\t<div class=\"elementor-widget-container\">\n\t\t\t\t\t<h3 class=\"elementor-heading-title elementor-size-default\">\u00c9tanch\u00e9it\u00e9 aux courants d\u2019air<\/h3>\t\t\t\t<\/div>\n\t\t\t\t<\/div>\n\t\t\t\t<div class=\"elementor-element elementor-element-d57db01 elementor-widget elementor-widget-text-editor\" data-id=\"d57db01\" data-element_type=\"widget\" data-widget_type=\"text-editor.default\">\n\t\t\t\t<div class=\"elementor-widget-container\">\n\t\t\t\t\t\t\t\t\tLes nouveaux joints d\u2019\u00e9tanch\u00e9it\u00e9 assurent une tr\u00e8s bonne \u00e9tanch\u00e9it\u00e9 entre le tablier de la porte et le b\u00e2timent. Les profil\u00e9s sup\u00e9rieur et inf\u00e9rieur en mat\u00e9riau isolant renforcent davantage ses performances thermiques uniques. De plus, les joints lat\u00e9raux double face et les cassettes lat\u00e9rales avec rupture de pont thermique garantissent une \u00e9tanch\u00e9it\u00e9 optimale entre le tablier de la porte et les armatures.\t\t\t\t\t\t\t\t<\/div>\n\t\t\t\t<\/div>\n\t\t\t\t<\/div>\n\t\t<div class=\"elementor-element elementor-element-68a9633 e-con-full e-flex e-con e-child\" data-id=\"68a9633\" data-element_type=\"container\">\n\t\t\t\t<div class=\"elementor-element elementor-element-36385fd elementor-widget elementor-widget-heading\" data-id=\"36385fd\" data-element_type=\"widget\" data-widget_type=\"heading.default\">\n\t\t\t\t<div class=\"elementor-widget-container\">\n\t\t\t\t\t<h3 class=\"elementor-heading-title elementor-size-default\">Un environnement de travail plus confortable<\/h3>\t\t\t\t<\/div>\n\t\t\t\t<\/div>\n\t\t\t\t<div class=\"elementor-element elementor-element-053b571 elementor-widget elementor-widget-text-editor\" data-id=\"053b571\" data-element_type=\"widget\" data-widget_type=\"text-editor.default\">\n\t\t\t\t<div class=\"elementor-widget-container\">\n\t\t\t\t\t\t\t\t\t<p>Gr\u00e2ce \u00e0 une gamme de joints tr\u00e8s efficaces, la porte sectionnelle l-doornassau 8000 am\u00e9liore le confort de votre espace de travail en r\u00e9duisant consid\u00e9rablement les courants d\u2019air et la condensation. Ses barri\u00e8res thermiques optimis\u00e9es emp\u00eachent les variations de temp\u00e9rature entre l\u2019int\u00e9rieur et l\u2019ext\u00e9rieur.<\/p>\t\t\t\t\t\t\t\t<\/div>\n\t\t\t\t<\/div>\n\t\t\t\t<\/div>\n\t\t\t\t<\/div>\n\t\t\t\t<\/div>\n\t\t<div class=\"elementor-element elementor-element-c6e4529 e-con-full e-flex e-con e-parent\" data-id=\"c6e4529\" data-element_type=\"container\" data-settings=\"{&quot;background_background&quot;:&quot;classic&quot;}\">\n\t\t<div class=\"elementor-element elementor-element-88f3cbe e-con-full container__xl e-flex e-con e-child\" data-id=\"88f3cbe\" data-element_type=\"container\">\n\t\t<div class=\"elementor-element elementor-element-68e6944 e-con-full e-flex e-con e-child\" data-id=\"68e6944\" data-element_type=\"container\">\n\t\t\t\t<div class=\"elementor-element elementor-element-7ec1f93 elementor-widget elementor-widget-heading\" data-id=\"7ec1f93\" data-element_type=\"widget\" data-widget_type=\"heading.default\">\n\t\t\t\t<div class=\"elementor-widget-container\">\n\t\t\t\t\t<h3 class=\"elementor-heading-title elementor-size-default\">Capacit\u00e9 d\u2019isolation \u00e9lev\u00e9e<\/h3>\t\t\t\t<\/div>\n\t\t\t\t<\/div>\n\t\t\t\t<div class=\"elementor-element elementor-element-7eae3ad elementor-widget elementor-widget-text-editor\" data-id=\"7eae3ad\" data-element_type=\"widget\" data-widget_type=\"text-editor.default\">\n\t\t\t\t<div class=\"elementor-widget-container\">\n\t\t\t\t\t\t\t\t\t<p>La porte sectionnelle l-doornassau 8000 est constitu\u00e9e d\u2019un tablier de porte de 82 mm d\u2019\u00e9paisseur en mousse PIR sans CFC.<\/p>\t\t\t\t\t\t\t\t<\/div>\n\t\t\t\t<\/div>\n\t\t\t\t<\/div>\n\t\t<div class=\"elementor-element elementor-element-c625ff8 e-con-full e-flex e-con e-child\" data-id=\"c625ff8\" data-element_type=\"container\">\n\t\t\t\t<div class=\"elementor-element elementor-element-9e598c4 elementor-widget elementor-widget-heading\" data-id=\"9e598c4\" data-element_type=\"widget\" data-widget_type=\"heading.default\">\n\t\t\t\t<div class=\"elementor-widget-container\">\n\t\t\t\t\t<h3 class=\"elementor-heading-title elementor-size-default\">Caoutchouc inf\u00e9rieur innovant<\/h3>\t\t\t\t<\/div>\n\t\t\t\t<\/div>\n\t\t\t\t<div class=\"elementor-element elementor-element-f7d8715 elementor-widget elementor-widget-text-editor\" data-id=\"f7d8715\" data-element_type=\"widget\" data-widget_type=\"text-editor.default\">\n\t\t\t\t<div class=\"elementor-widget-container\">\n\t\t\t\t\t\t\t\t\t<p>L\u2019\u00e9pais caoutchouc inf\u00e9rieur garantit une \u00e9tanch\u00e9it\u00e9 parfaite, supprimant tout risque de courants d\u2019air. Il a \u00e9t\u00e9 rigoureusement test\u00e9 selon les normes de s\u00e9curit\u00e9 les plus r\u00e9centes. La porte sectionnelle isolante r\u00e9pond ainsi aux exigences de s\u00e9curit\u00e9 en vigueur en mati\u00e8re de protection anti-encastrement.<\/p>\t\t\t\t\t\t\t\t<\/div>\n\t\t\t\t<\/div>\n\t\t\t\t<\/div>\n\t\t\t\t<\/div>\n\t\t\t\t<\/div>\n\t\t<div class=\"elementor-element elementor-element-625bbba e-con-full e-flex e-con e-parent\" data-id=\"625bbba\" data-element_type=\"container\" data-settings=\"{&quot;background_background&quot;:&quot;classic&quot;}\">\n\t\t<div class=\"elementor-element elementor-element-9b12e7e e-con-full container__xl e-flex e-con e-child\" data-id=\"9b12e7e\" data-element_type=\"container\">\n\t\t<div class=\"elementor-element elementor-element-22b8e7b e-con-full e-flex e-con e-child\" data-id=\"22b8e7b\" data-element_type=\"container\">\n\t\t\t\t<div class=\"elementor-element elementor-element-cbbdc0e elementor-widget elementor-widget-heading\" data-id=\"cbbdc0e\" data-element_type=\"widget\" data-widget_type=\"heading.default\">\n\t\t\t\t<div class=\"elementor-widget-container\">\n\t\t\t\t\t<h3 class=\"elementor-heading-title elementor-size-default\">Fonction ignifuge<\/h3>\t\t\t\t<\/div>\n\t\t\t\t<\/div>\n\t\t\t\t<div class=\"elementor-element elementor-element-ef16c80 elementor-widget elementor-widget-text-editor\" data-id=\"ef16c80\" data-element_type=\"widget\" data-widget_type=\"text-editor.default\">\n\t\t\t\t<div class=\"elementor-widget-container\">\n\t\t\t\t\t\t\t\t\t<p>Les sections du tablier remplies de mousse sont homologu\u00e9es B1 selon la norme DIN4102, ce qui conf\u00e8re \u00e0 la l-doornassau 8000 une fonction ignifuge. Ce niveau de s\u00e9curit\u00e9 suppl\u00e9mentaire contribue efficacement \u00e0 la pr\u00e9vention des incendies.<\/p>\t\t\t\t\t\t\t\t<\/div>\n\t\t\t\t<\/div>\n\t\t\t\t<\/div>\n\t\t\t\t<\/div>\n\t\t\t\t<\/div>\n\t\t<div class=\"elementor-element elementor-element-f7366a3 e-con-full e-flex e-con e-parent\" data-id=\"f7366a3\" data-element_type=\"container\">\n\t\t<div class=\"elementor-element elementor-element-a7781f9 e-con-full container__m e-flex e-con e-child\" data-id=\"a7781f9\" data-element_type=\"container\">\n\t\t\t\t<div class=\"elementor-element elementor-element-965ae58 elementor-widget elementor-widget-heading\" data-id=\"965ae58\" data-element_type=\"widget\" data-widget_type=\"heading.default\">\n\t\t\t\t<div class=\"elementor-widget-container\">\n\t\t\t\t\t<h2 class=\"elementor-heading-title elementor-size-default\">Caract\u00e9ristiques techniques<\/h2>\t\t\t\t<\/div>\n\t\t\t\t<\/div>\n\t\t\t\t<div class=\"elementor-element elementor-element-16dbf6a elementor-widget elementor-widget-text-editor\" data-id=\"16dbf6a\" data-element_type=\"widget\" data-widget_type=\"text-editor.default\">\n\t\t\t\t<div class=\"elementor-widget-container\">\n\t\t\t\t\t\t\t\t\t<p><strong>Largeur<br><\/strong>min. 1500 mm &#8211; max. 10 000 mm<\/p><p><strong>Hauteur<\/strong><br>min. 1500 mm &#8211; max. 6000 mm<\/p><p><strong>Propri\u00e9t\u00e9s d\u2019isolation<br><\/strong>Valeur U = 0,43 W\/m\u00b2 K (EN 12 428) * Porte 5000 x 5000 mm sans fen\u00eatres<\/p>\t\t\t\t\t\t\t\t<\/div>\n\t\t\t\t<\/div>\n\t\t\t\t<\/div>\n\t\t\t\t<\/div>\n\t\t<div class=\"elementor-element elementor-element-f72dcd9 e-con-full e-flex e-con e-parent\" data-id=\"f72dcd9\" data-element_type=\"container\" data-settings=\"{&quot;background_background&quot;:&quot;classic&quot;}\">\n\t\t<div class=\"elementor-element elementor-element-6dc80c0 e-con-full container__xl e-flex e-con e-child\" data-id=\"6dc80c0\" data-element_type=\"container\">\n\t\t<div class=\"elementor-element elementor-element-7111ff1 e-con-full e-flex e-con e-child\" data-id=\"7111ff1\" data-element_type=\"container\">\n\t\t\t\t<div class=\"elementor-element elementor-element-a23e503 elementor-widget elementor-widget-image\" data-id=\"a23e503\" data-element_type=\"widget\" data-widget_type=\"image.default\">\n\t\t\t\t<div class=\"elementor-widget-container\">\n\t\t\t\t\t\t\t\t\t\t\t\t\t\t\t<img decoding=\"async\" width=\"800\" height=\"552\" src=\"https:\/\/l-doornassau.be\/wp-content\/uploads\/2024\/10\/8000-1024x707.jpg\" class=\"attachment-large size-large wp-image-19818\" alt=\"\" srcset=\"https:\/\/l-doornassau.be\/wp-content\/uploads\/2024\/10\/8000-1024x707.jpg 1024w, https:\/\/l-doornassau.be\/wp-content\/uploads\/2024\/10\/8000-300x207.jpg 300w, https:\/\/l-doornassau.be\/wp-content\/uploads\/2024\/10\/8000-768x530.jpg 768w, https:\/\/l-doornassau.be\/wp-content\/uploads\/2024\/10\/8000-600x414.jpg 600w, https:\/\/l-doornassau.be\/wp-content\/uploads\/2024\/10\/8000.jpg 1500w\" sizes=\"(max-width: 800px) 100vw, 800px\" \/>\t\t\t\t\t\t\t\t\t\t\t\t\t\t\t<\/div>\n\t\t\t\t<\/div>\n\t\t\t\t<\/div>\n\t\t<div class=\"elementor-element elementor-element-1907cd9 e-con-full e-flex e-con e-child\" data-id=\"1907cd9\" data-element_type=\"container\">\n\t\t\t\t<div class=\"elementor-element elementor-element-885a58a elementor-widget elementor-widget-heading\" data-id=\"885a58a\" data-element_type=\"widget\" data-widget_type=\"heading.default\">\n\t\t\t\t<div class=\"elementor-widget-container\">\n\t\t\t\t\t<h2 class=\"elementor-heading-title elementor-size-default\">Informations relatives au tablier de porte de la l-doornassau 8000\n<\/h2>\t\t\t\t<\/div>\n\t\t\t\t<\/div>\n\t\t\t\t<div class=\"elementor-element elementor-element-21cf413 elementor-widget elementor-widget-text-editor\" data-id=\"21cf413\" data-element_type=\"widget\" data-widget_type=\"text-editor.default\">\n\t\t\t\t<div class=\"elementor-widget-container\">\n\t\t\t\t\t\t\t\t\t<ol><li>Section sup\u00e9rieure avec double joint constitu\u00e9e de mat\u00e9riaux hautement isolants et double joint\/l\u00e8vre.<\/li><li>Cassettes lat\u00e9rales avec ponts thermiques interrompus, construites en acier et en mat\u00e9riaux synth\u00e9tiques, assurant une isolation thermique compl\u00e8te.<\/li><li>Profil\u00e9 inf\u00e9rieur en mat\u00e9riau isolant avec un pont thermique suppl\u00e9mentaire interrompu entre les panneaux avant et arri\u00e8re du tablier de la porte.<\/li><li>Joint inf\u00e9rieur large et solide<\/li><\/ol>\t\t\t\t\t\t\t\t<\/div>\n\t\t\t\t<\/div>\n\t\t\t\t<\/div>\n\t\t\t\t<\/div>\n\t\t\t\t<\/div>\n\t\t<div class=\"elementor-element elementor-element-48e98fc e-con-full e-flex e-con e-parent\" data-id=\"48e98fc\" data-element_type=\"container\" data-settings=\"{&quot;background_background&quot;:&quot;classic&quot;}\">\n\t\t<div class=\"elementor-element elementor-element-b08a376 e-con-full container__xl e-flex e-con e-child\" data-id=\"b08a376\" data-element_type=\"container\">\n\t\t<div class=\"elementor-element elementor-element-072987f e-con-full e-flex e-con e-child\" data-id=\"072987f\" data-element_type=\"container\">\n\t\t\t\t<div class=\"elementor-element elementor-element-dd8236d elementor-widget elementor-widget-heading\" data-id=\"dd8236d\" data-element_type=\"widget\" data-widget_type=\"heading.default\">\n\t\t\t\t<div class=\"elementor-widget-container\">\n\t\t\t\t\t<h2 class=\"elementor-heading-title elementor-size-default\">Prenez rendez-vous ou envoyez-nous un e-mail<\/h2>\t\t\t\t<\/div>\n\t\t\t\t<\/div>\n\t\t\t\t<\/div>\n\t\t<div class=\"elementor-element elementor-element-f31dd65 e-con-full e-flex e-con e-child\" data-id=\"f31dd65\" data-element_type=\"container\">\n\t\t\t\t<div class=\"elementor-element elementor-element-f00ba7b elementor-widget elementor-widget-button\" data-id=\"f00ba7b\" data-element_type=\"widget\" data-widget_type=\"button.default\">\n\t\t\t\t<div class=\"elementor-widget-container\">\n\t\t\t\t\t\t\t\t\t<div class=\"elementor-button-wrapper\">\n\t\t\t\t\t<a class=\"elementor-button elementor-button-link elementor-size-sm\" href=\"https:\/\/l-doornassau.be\/fr\/contact\/\">\n\t\t\t\t\t\t<span class=\"elementor-button-content-wrapper\">\n\t\t\t\t\t\t\t\t\t<span class=\"elementor-button-text\">Contactez nous<\/span>\n\t\t\t\t\t<\/span>\n\t\t\t\t\t<\/a>\n\t\t\t\t<\/div>\n\t\t\t\t\t\t\t\t<\/div>\n\t\t\t\t<\/div>\n\t\t\t\t<\/div>\n\t\t\t\t<\/div>\n\t\t\t\t<\/div>\n\t\t\t\t<\/div>\n\t\t","protected":false},"excerpt":{"rendered":"<p>Porte sectionnelle l-doornassau 8000 : l\u2019excellence en mati\u00e8re d\u2019isolation (82 mm d\u2019\u00e9paisseur) Unique sur le march\u00e9, la porte sectionnelle l-doornassau 8000 se distingue par sa performance d\u2019isolation exceptionnelle et sa fonction d\u2019\u00e9conomie d\u2019\u00e9nergie Elle int\u00e8gre les mat\u00e9riaux isolants les plus avanc\u00e9s, offrant la meilleure valeur isolante sur le march\u00e9. R\u00e9sultat ? Une r\u00e9duction significative de [&hellip;]<\/p>\n","protected":false},"author":27,"featured_media":0,"parent":19963,"menu_order":0,"comment_status":"closed","ping_status":"closed","template":"elementor_header_footer","meta":{"_acf_changed":false,"footnotes":""},"class_list":["post-19965","page","type-page","status-publish","hentry"],"acf":[],"_links":{"self":[{"href":"https:\/\/l-doornassau.be\/fr\/wp-json\/wp\/v2\/pages\/19965","targetHints":{"allow":["GET"]}}],"collection":[{"href":"https:\/\/l-doornassau.be\/fr\/wp-json\/wp\/v2\/pages"}],"about":[{"href":"https:\/\/l-doornassau.be\/fr\/wp-json\/wp\/v2\/types\/page"}],"author":[{"embeddable":true,"href":"https:\/\/l-doornassau.be\/fr\/wp-json\/wp\/v2\/users\/27"}],"replies":[{"embeddable":true,"href":"https:\/\/l-doornassau.be\/fr\/wp-json\/wp\/v2\/comments?post=19965"}],"version-history":[{"count":5,"href":"https:\/\/l-doornassau.be\/fr\/wp-json\/wp\/v2\/pages\/19965\/revisions"}],"predecessor-version":[{"id":20214,"href":"https:\/\/l-doornassau.be\/fr\/wp-json\/wp\/v2\/pages\/19965\/revisions\/20214"}],"up":[{"embeddable":true,"href":"https:\/\/l-doornassau.be\/fr\/wp-json\/wp\/v2\/pages\/19963"}],"wp:attachment":[{"href":"https:\/\/l-doornassau.be\/fr\/wp-json\/wp\/v2\/media?parent=19965"}],"curies":[{"name":"wp","href":"https:\/\/api.w.org\/{rel}","templated":true}]}}