{"id":19974,"date":"2024-10-24T09:24:44","date_gmt":"2024-10-24T08:24:44","guid":{"rendered":"https:\/\/l-doornassau.be\/portes-sectionnelles\/8000-speed-porte-sectionnelle\/"},"modified":"2025-04-09T13:57:40","modified_gmt":"2025-04-09T12:57:40","slug":"8000-speed-porte-sectionnelle","status":"publish","type":"page","link":"https:\/\/l-doornassau.be\/fr\/portes-sectionnelles\/8000-speed-porte-sectionnelle\/","title":{"rendered":"8000 speed porte sectionnelle"},"content":{"rendered":"\t\t<div data-elementor-type=\"wp-page\" data-elementor-id=\"19974\" class=\"elementor elementor-19974 elementor-16613\" data-elementor-post-type=\"page\">\n\t\t\t\t<div class=\"elementor-element elementor-element-b164166 e-con-full residentieel e-flex e-con e-parent\" data-id=\"b164166\" data-element_type=\"container\" data-settings=\"{&quot;background_background&quot;:&quot;classic&quot;}\">\n\t\t<div class=\"elementor-element elementor-element-2ebbbfe e-con-full container__xl e-flex e-con e-child\" data-id=\"2ebbbfe\" data-element_type=\"container\">\n\t\t<div class=\"elementor-element elementor-element-d0db789 e-con-full e-flex e-con e-child\" data-id=\"d0db789\" data-element_type=\"container\">\n\t\t\t\t<div class=\"elementor-element elementor-element-ea1f162 elementor-widget elementor-widget-heading\" data-id=\"ea1f162\" data-element_type=\"widget\" data-widget_type=\"heading.default\">\n\t\t\t\t<div class=\"elementor-widget-container\">\n\t\t\t\t\t<h1 class=\"elementor-heading-title elementor-size-default\">Porte sectionnelle l-doornassau 8000 SPEED :<br>les avantages de la rapidit\u00e9<\/h1>\t\t\t\t<\/div>\n\t\t\t\t<\/div>\n\t\t\t\t<div class=\"elementor-element elementor-element-37141a1 elementor-widget elementor-widget-text-editor\" data-id=\"37141a1\" data-element_type=\"widget\" data-widget_type=\"text-editor.default\">\n\t\t\t\t<div class=\"elementor-widget-container\">\n\t\t\t\t\t\t\t\t\t<p>La porte sectionnelle l-doornassau 8000 Speed reprend toutes les caract\u00e9ristiques de la porte sectionnelle 8000, avec un avantage majeur : une vitesse d\u2019ouverture jusqu\u2019\u00e0 quatre fois plus rapide, gr\u00e2ce \u00e0 un moteur renforc\u00e9. Avec une vitesse d\u2019ouverture pouvant atteindre 1 m\u00e8tre par seconde, cette porte sectionnelle optimise le flux de travail de votre entreprise. <\/p>\t\t\t\t\t\t\t\t<\/div>\n\t\t\t\t<\/div>\n\t\t\t\t<div class=\"elementor-element elementor-element-762bfce elementor-widget elementor-widget-button\" data-id=\"762bfce\" data-element_type=\"widget\" data-widget_type=\"button.default\">\n\t\t\t\t<div class=\"elementor-widget-container\">\n\t\t\t\t\t\t\t\t\t<div class=\"elementor-button-wrapper\">\n\t\t\t\t\t<a class=\"elementor-button elementor-button-link elementor-size-sm\" href=\"https:\/\/l-doornassau.be\/fr\/devis\/\">\n\t\t\t\t\t\t<span class=\"elementor-button-content-wrapper\">\n\t\t\t\t\t\t\t\t\t<span class=\"elementor-button-text\">Demander un devis<\/span>\n\t\t\t\t\t<\/span>\n\t\t\t\t\t<\/a>\n\t\t\t\t<\/div>\n\t\t\t\t\t\t\t\t<\/div>\n\t\t\t\t<\/div>\n\t\t\t\t<\/div>\n\t\t\t\t<\/div>\n\t\t<div class=\"elementor-element elementor-element-8c150a5 e-con-full hero__image e-flex e-con e-child\" data-id=\"8c150a5\" data-element_type=\"container\" data-settings=\"{&quot;background_background&quot;:&quot;classic&quot;}\">\n\t\t\t\t<\/div>\n\t\t\t\t<\/div>\n\t\t<div class=\"elementor-element elementor-element-04b8ae4 e-con-full e-flex e-con e-parent\" data-id=\"04b8ae4\" data-element_type=\"container\" data-settings=\"{&quot;background_background&quot;:&quot;classic&quot;}\">\n\t\t<div class=\"elementor-element elementor-element-3215180 e-con-full container__xl e-flex e-con e-child\" data-id=\"3215180\" data-element_type=\"container\">\n\t\t<div class=\"elementor-element elementor-element-687626b e-con-full e-flex e-con e-child\" data-id=\"687626b\" data-element_type=\"container\">\n\t\t\t\t<div class=\"elementor-element elementor-element-a61851f elementor-widget elementor-widget-image\" data-id=\"a61851f\" data-element_type=\"widget\" data-widget_type=\"image.default\">\n\t\t\t\t<div class=\"elementor-widget-container\">\n\t\t\t\t\t\t\t\t\t\t\t\t\t\t\t<img fetchpriority=\"high\" decoding=\"async\" width=\"800\" height=\"667\" src=\"https:\/\/l-doornassau.be\/wp-content\/uploads\/2024\/09\/Edit-1024x854.jpg\" class=\"attachment-large size-large wp-image-19708\" alt=\"L-doornassau industri\u00eble sectionaalpoort 8000F Speed\" srcset=\"https:\/\/l-doornassau.be\/wp-content\/uploads\/2024\/09\/Edit-1024x854.jpg 1024w, https:\/\/l-doornassau.be\/wp-content\/uploads\/2024\/09\/Edit-300x250.jpg 300w, https:\/\/l-doornassau.be\/wp-content\/uploads\/2024\/09\/Edit-768x640.jpg 768w, https:\/\/l-doornassau.be\/wp-content\/uploads\/2024\/09\/Edit-1536x1280.jpg 1536w, https:\/\/l-doornassau.be\/wp-content\/uploads\/2024\/09\/Edit-600x500.jpg 600w, https:\/\/l-doornassau.be\/wp-content\/uploads\/2024\/09\/Edit.jpg 1550w\" sizes=\"(max-width: 800px) 100vw, 800px\" \/>\t\t\t\t\t\t\t\t\t\t\t\t\t\t\t<\/div>\n\t\t\t\t<\/div>\n\t\t\t\t<\/div>\n\t\t<div class=\"elementor-element elementor-element-6740855 e-con-full e-flex e-con e-child\" data-id=\"6740855\" data-element_type=\"container\">\n\t\t\t\t<div class=\"elementor-element elementor-element-ce1af41 elementor-widget elementor-widget-text-editor\" data-id=\"ce1af41\" data-element_type=\"widget\" data-widget_type=\"text-editor.default\">\n\t\t\t\t<div class=\"elementor-widget-container\">\n\t\t\t\t\t\t\t\t\t<p>Outre une efficacit\u00e9 accrue, la vitesse permet \u00e9galement d\u2019\u00e9conomiser de l\u2019\u00e9nergie. La vitesse d\u2019ouverture rapide permet ainsi de r\u00e9duire jusqu\u2019\u00e0 70 % de votre consommation d\u2019\u00e9nergie ainsi que l\u2019empreinte carbone de votre entreprise. <\/p>\t\t\t\t\t\t\t\t<\/div>\n\t\t\t\t<\/div>\n\t\t\t\t<\/div>\n\t\t\t\t<\/div>\n\t\t\t\t<\/div>\n\t\t<div class=\"elementor-element elementor-element-ef19ec5 e-con-full e-flex e-con e-parent\" data-id=\"ef19ec5\" data-element_type=\"container\" data-settings=\"{&quot;background_background&quot;:&quot;classic&quot;}\">\n\t\t<div class=\"elementor-element elementor-element-88dc2a7 e-con-full container__xl e-flex e-con e-child\" data-id=\"88dc2a7\" data-element_type=\"container\">\n\t\t<div class=\"elementor-element elementor-element-be329db e-con-full e-flex e-con e-child\" data-id=\"be329db\" data-element_type=\"container\">\n\t\t\t\t<div class=\"elementor-element elementor-element-a966d13 elementor-widget elementor-widget-heading\" data-id=\"a966d13\" data-element_type=\"widget\" data-widget_type=\"heading.default\">\n\t\t\t\t<div class=\"elementor-widget-container\">\n\t\t\t\t\t<h2 class=\"elementor-heading-title elementor-size-default\">Prenez rendez-vous ou envoyez-nous un e-mail<\/h2>\t\t\t\t<\/div>\n\t\t\t\t<\/div>\n\t\t\t\t<\/div>\n\t\t<div class=\"elementor-element elementor-element-ed088bf e-con-full e-flex e-con e-child\" data-id=\"ed088bf\" data-element_type=\"container\">\n\t\t\t\t<div class=\"elementor-element elementor-element-ca9e691 elementor-widget elementor-widget-button\" data-id=\"ca9e691\" data-element_type=\"widget\" data-widget_type=\"button.default\">\n\t\t\t\t<div class=\"elementor-widget-container\">\n\t\t\t\t\t\t\t\t\t<div class=\"elementor-button-wrapper\">\n\t\t\t\t\t<a class=\"elementor-button elementor-button-link elementor-size-sm\" href=\"https:\/\/l-doornassau.be\/fr\/contact\/\">\n\t\t\t\t\t\t<span class=\"elementor-button-content-wrapper\">\n\t\t\t\t\t\t\t\t\t<span class=\"elementor-button-text\">Contactez nous<\/span>\n\t\t\t\t\t<\/span>\n\t\t\t\t\t<\/a>\n\t\t\t\t<\/div>\n\t\t\t\t\t\t\t\t<\/div>\n\t\t\t\t<\/div>\n\t\t\t\t<\/div>\n\t\t\t\t<\/div>\n\t\t\t\t<\/div>\n\t\t\t\t<\/div>\n\t\t","protected":false},"excerpt":{"rendered":"<p>Porte sectionnelle l-doornassau 8000 SPEED :les avantages de la rapidit\u00e9 La porte sectionnelle l-doornassau 8000 Speed reprend toutes les caract\u00e9ristiques de la porte sectionnelle 8000, avec un avantage majeur : une vitesse d\u2019ouverture jusqu\u2019\u00e0 quatre fois plus rapide, gr\u00e2ce \u00e0 un moteur renforc\u00e9. Avec une vitesse d\u2019ouverture pouvant atteindre 1 m\u00e8tre par seconde, cette porte [&hellip;]<\/p>\n","protected":false},"author":27,"featured_media":0,"parent":19963,"menu_order":0,"comment_status":"closed","ping_status":"closed","template":"elementor_header_footer","meta":{"_acf_changed":false,"footnotes":""},"class_list":["post-19974","page","type-page","status-publish","hentry"],"acf":[],"_links":{"self":[{"href":"https:\/\/l-doornassau.be\/fr\/wp-json\/wp\/v2\/pages\/19974","targetHints":{"allow":["GET"]}}],"collection":[{"href":"https:\/\/l-doornassau.be\/fr\/wp-json\/wp\/v2\/pages"}],"about":[{"href":"https:\/\/l-doornassau.be\/fr\/wp-json\/wp\/v2\/types\/page"}],"author":[{"embeddable":true,"href":"https:\/\/l-doornassau.be\/fr\/wp-json\/wp\/v2\/users\/27"}],"replies":[{"embeddable":true,"href":"https:\/\/l-doornassau.be\/fr\/wp-json\/wp\/v2\/comments?post=19974"}],"version-history":[{"count":5,"href":"https:\/\/l-doornassau.be\/fr\/wp-json\/wp\/v2\/pages\/19974\/revisions"}],"predecessor-version":[{"id":20218,"href":"https:\/\/l-doornassau.be\/fr\/wp-json\/wp\/v2\/pages\/19974\/revisions\/20218"}],"up":[{"embeddable":true,"href":"https:\/\/l-doornassau.be\/fr\/wp-json\/wp\/v2\/pages\/19963"}],"wp:attachment":[{"href":"https:\/\/l-doornassau.be\/fr\/wp-json\/wp\/v2\/media?parent=19974"}],"curies":[{"name":"wp","href":"https:\/\/api.w.org\/{rel}","templated":true}]}}