{"id":19976,"date":"2024-10-23T12:42:31","date_gmt":"2024-10-23T11:42:31","guid":{"rendered":"https:\/\/l-doornassau.be\/portes-sectionnelles\/9000-energy-portes-sectionnelles\/"},"modified":"2025-04-09T13:56:37","modified_gmt":"2025-04-09T12:56:37","slug":"9000-energy-portes-sectionnelles","status":"publish","type":"page","link":"https:\/\/l-doornassau.be\/fr\/portes-sectionnelles\/9000-energy-portes-sectionnelles\/","title":{"rendered":"9000 energy portes sectionnelles"},"content":{"rendered":"\t\t<div data-elementor-type=\"wp-page\" data-elementor-id=\"19976\" class=\"elementor elementor-19976 elementor-16505\" data-elementor-post-type=\"page\">\n\t\t\t\t<div class=\"elementor-element elementor-element-b164166 e-con-full residentieel e-flex e-con e-parent\" data-id=\"b164166\" data-element_type=\"container\" data-settings=\"{&quot;background_background&quot;:&quot;classic&quot;}\">\n\t\t<div class=\"elementor-element elementor-element-2ebbbfe e-con-full container__xl e-flex e-con e-child\" data-id=\"2ebbbfe\" data-element_type=\"container\">\n\t\t<div class=\"elementor-element elementor-element-d0db789 e-con-full e-flex e-con e-child\" data-id=\"d0db789\" data-element_type=\"container\">\n\t\t\t\t<div class=\"elementor-element elementor-element-ea1f162 elementor-widget elementor-widget-heading\" data-id=\"ea1f162\" data-element_type=\"widget\" data-widget_type=\"heading.default\">\n\t\t\t\t<div class=\"elementor-widget-container\">\n\t\t\t\t\t<h1 class=\"elementor-heading-title elementor-size-default\">L-doornassau 9000 Energy :<br>\u00e9conomie d\u2019\u00e9nergie et design innovant.<\/h1>\t\t\t\t<\/div>\n\t\t\t\t<\/div>\n\t\t\t\t<div class=\"elementor-element elementor-element-37141a1 elementor-widget elementor-widget-text-editor\" data-id=\"37141a1\" data-element_type=\"widget\" data-widget_type=\"text-editor.default\">\n\t\t\t\t<div class=\"elementor-widget-container\">\n\t\t\t\t\t\t\t\t\t<p>La l-doornassau 9000 Energy incarne la nouvelle g\u00e9n\u00e9ration de portes sectionnelles \u00e9co\u00e9nerg\u00e9tiques, alliant des sections vitr\u00e9es isolantes offrant une grande luminosit\u00e9 et une conception r\u00e9volutionnaire. Cette solution innovante r\u00e9duit consid\u00e9rablement la consommation d\u2019\u00e9nergie tout en respectant les normes d\u2019isolation de plus en plus strictes pour les portes sectionnelles industrielles, sans compromis sur la fonctionnalit\u00e9 ni sur le design. <\/p>\t\t\t\t\t\t\t\t<\/div>\n\t\t\t\t<\/div>\n\t\t\t\t<div class=\"elementor-element elementor-element-0d8f70f elementor-widget elementor-widget-button\" data-id=\"0d8f70f\" data-element_type=\"widget\" data-widget_type=\"button.default\">\n\t\t\t\t<div class=\"elementor-widget-container\">\n\t\t\t\t\t\t\t\t\t<div class=\"elementor-button-wrapper\">\n\t\t\t\t\t<a class=\"elementor-button elementor-button-link elementor-size-sm\" href=\"https:\/\/l-doornassau.be\/fr\/devis\/\">\n\t\t\t\t\t\t<span class=\"elementor-button-content-wrapper\">\n\t\t\t\t\t\t\t\t\t<span class=\"elementor-button-text\">Demander un devis<\/span>\n\t\t\t\t\t<\/span>\n\t\t\t\t\t<\/a>\n\t\t\t\t<\/div>\n\t\t\t\t\t\t\t\t<\/div>\n\t\t\t\t<\/div>\n\t\t\t\t<\/div>\n\t\t\t\t<\/div>\n\t\t<div class=\"elementor-element elementor-element-8c150a5 e-con-full hero__image e-flex e-con e-child\" data-id=\"8c150a5\" data-element_type=\"container\" data-settings=\"{&quot;background_background&quot;:&quot;classic&quot;}\">\n\t\t\t\t<\/div>\n\t\t\t\t<\/div>\n\t\t<div class=\"elementor-element elementor-element-04b8ae4 e-con-full e-flex e-con e-parent\" data-id=\"04b8ae4\" data-element_type=\"container\" data-settings=\"{&quot;background_background&quot;:&quot;classic&quot;}\">\n\t\t<div class=\"elementor-element elementor-element-3215180 e-con-full container__xl e-flex e-con e-child\" data-id=\"3215180\" data-element_type=\"container\">\n\t\t<div class=\"elementor-element elementor-element-687626b e-con-full e-flex e-con e-child\" data-id=\"687626b\" data-element_type=\"container\">\n\t\t\t\t<div class=\"elementor-element elementor-element-a61851f elementor-widget elementor-widget-image\" data-id=\"a61851f\" data-element_type=\"widget\" data-widget_type=\"image.default\">\n\t\t\t\t<div class=\"elementor-widget-container\">\n\t\t\t\t\t\t\t\t\t\t\t\t\t\t\t<img fetchpriority=\"high\" decoding=\"async\" width=\"406\" height=\"371\" src=\"https:\/\/l-doornassau.be\/wp-content\/uploads\/2024\/11\/image004.jpg\" class=\"attachment-large size-large wp-image-19901\" alt=\"\" srcset=\"https:\/\/l-doornassau.be\/wp-content\/uploads\/2024\/11\/image004.jpg 406w, https:\/\/l-doornassau.be\/wp-content\/uploads\/2024\/11\/image004-300x274.jpg 300w\" sizes=\"(max-width: 406px) 100vw, 406px\" \/>\t\t\t\t\t\t\t\t\t\t\t\t\t\t\t<\/div>\n\t\t\t\t<\/div>\n\t\t\t\t<\/div>\n\t\t<div class=\"elementor-element elementor-element-6740855 e-con-full e-flex e-con e-child\" data-id=\"6740855\" data-element_type=\"container\">\n\t\t\t\t<div class=\"elementor-element elementor-element-0a1a52c elementor-widget elementor-widget-heading\" data-id=\"0a1a52c\" data-element_type=\"widget\" data-widget_type=\"heading.default\">\n\t\t\t\t<div class=\"elementor-widget-container\">\n\t\t\t\t\t<h2 class=\"elementor-heading-title elementor-size-default\">Section de vitre 90E<\/h2>\t\t\t\t<\/div>\n\t\t\t\t<\/div>\n\t\t\t\t<div class=\"elementor-element elementor-element-ce1af41 elementor-widget elementor-widget-text-editor\" data-id=\"ce1af41\" data-element_type=\"widget\" data-widget_type=\"text-editor.default\">\n\t\t\t\t<div class=\"elementor-widget-container\">\n\t\t\t\t\t\t\t\t\t<p>La porte l-doorassau 9000 Energy a \u00e9t\u00e9 sp\u00e9cialement con\u00e7ue pour r\u00e9pondre \u00e0 la demande croissante de portes sectionnelles \u00e0 haute isolation. Pour cela, NASSAU a mis au point la nouvelle section de vitre 90E, une solution brevet\u00e9e compos\u00e9e d\u2019un ch\u00e2ssis en aluminium rempli avec un triple vitrage thermique, formant une seule pi\u00e8ce continue sur toute la largeur de la porte. Cette structure unique s\u2019int\u00e8gre parfaitement aux autres sections de la porte. Le verre ext\u00e9rieur est mont\u00e9 directement sur le cadre en aluminium, ce qui conf\u00e8re \u00e0 la porte un aspect esth\u00e9tique exclusif et harmonieux. Gr\u00e2ce \u00e0 ce proc\u00e9d\u00e9 innovant, le profil\u00e9 90E s\u2019aligne compl\u00e8tement aux autres parties de la porte ; le cadre en aluminium est con\u00e7u pour \u00e9viter tout contact direct avec l\u2019ext\u00e9rieur, limitant ainsi efficacement la transmission thermique.     <\/p>\t\t\t\t\t\t\t\t<\/div>\n\t\t\t\t<\/div>\n\t\t\t\t<\/div>\n\t\t\t\t<\/div>\n\t\t\t\t<\/div>\n\t\t<div class=\"elementor-element elementor-element-2796d6e e-con-full e-flex e-con e-parent\" data-id=\"2796d6e\" data-element_type=\"container\">\n\t\t<div class=\"elementor-element elementor-element-08fb876 e-con-full container__xl e-flex e-con e-child\" data-id=\"08fb876\" data-element_type=\"container\">\n\t\t<div class=\"elementor-element elementor-element-35817e3 e-con-full e-flex e-con e-child\" data-id=\"35817e3\" data-element_type=\"container\">\n\t\t\t\t<div class=\"elementor-element elementor-element-c57e6ff elementor-widget elementor-widget-text-editor\" data-id=\"c57e6ff\" data-element_type=\"widget\" data-widget_type=\"text-editor.default\">\n\t\t\t\t<div class=\"elementor-widget-container\">\n\t\t\t\t\t\t\t\t\t<p>De plus, sa conception emp\u00eache le cadre en aluminium d\u2019\u00eatre en contact direct avec l\u2019air ext\u00e9rieur, r\u00e9duisant les ponts thermiques. La porte sectionnelle l-doorassau 9000 Energy r\u00e9pond d\u00e8s lors parfaitement aux nouvelles normes plus strictes (EPB) pour un niveau d\u2019isolation optimal. \u00c0 titre d\u2019exemple, une porte standard de 4000 x 4000 mm avec une section sup\u00e9rieure et inf\u00e9rieure compl\u00e8te atteindra une valeur U de 1,16 W\/m\u00b2K.  <\/p>\t\t\t\t\t\t\t\t<\/div>\n\t\t\t\t<\/div>\n\t\t\t\t<\/div>\n\t\t<div class=\"elementor-element elementor-element-a07576a e-con-full e-flex e-con e-child\" data-id=\"a07576a\" data-element_type=\"container\">\n\t\t\t\t<div class=\"elementor-element elementor-element-fcbc2d3 elementor-widget elementor-widget-image\" data-id=\"fcbc2d3\" data-element_type=\"widget\" data-widget_type=\"image.default\">\n\t\t\t\t<div class=\"elementor-widget-container\">\n\t\t\t\t\t\t\t\t\t\t\t\t\t\t\t<img decoding=\"async\" width=\"750\" height=\"485\" src=\"https:\/\/l-doornassau.be\/wp-content\/uploads\/2024\/11\/image007-1.jpg\" class=\"attachment-large size-large wp-image-19902\" alt=\"\" srcset=\"https:\/\/l-doornassau.be\/wp-content\/uploads\/2024\/11\/image007-1.jpg 750w, https:\/\/l-doornassau.be\/wp-content\/uploads\/2024\/11\/image007-1-300x194.jpg 300w, https:\/\/l-doornassau.be\/wp-content\/uploads\/2024\/11\/image007-1-600x388.jpg 600w\" sizes=\"(max-width: 750px) 100vw, 750px\" \/>\t\t\t\t\t\t\t\t\t\t\t\t\t\t\t<\/div>\n\t\t\t\t<\/div>\n\t\t\t\t<\/div>\n\t\t\t\t<\/div>\n\t\t\t\t<\/div>\n\t\t<div class=\"elementor-element elementor-element-e87eff6 e-con-full e-flex e-con e-parent\" data-id=\"e87eff6\" data-element_type=\"container\" data-settings=\"{&quot;background_background&quot;:&quot;classic&quot;}\">\n\t\t<div class=\"elementor-element elementor-element-3bea70e e-con-full container__xl e-flex e-con e-child\" data-id=\"3bea70e\" data-element_type=\"container\">\n\t\t<div class=\"elementor-element elementor-element-6bd56d7 e-con-full e-flex e-con e-child\" data-id=\"6bd56d7\" data-element_type=\"container\">\n\t\t\t\t<div class=\"elementor-element elementor-element-298f898 elementor-widget elementor-widget-heading\" data-id=\"298f898\" data-element_type=\"widget\" data-widget_type=\"heading.default\">\n\t\t\t\t<div class=\"elementor-widget-container\">\n\t\t\t\t\t<h3 class=\"elementor-heading-title elementor-size-default\">Sections sup\u00e9rieure et inf\u00e9rieure enti\u00e8rement mouss\u00e9es<\/h3>\t\t\t\t<\/div>\n\t\t\t\t<\/div>\n\t\t\t\t<div class=\"elementor-element elementor-element-d57db01 elementor-widget elementor-widget-text-editor\" data-id=\"d57db01\" data-element_type=\"widget\" data-widget_type=\"text-editor.default\">\n\t\t\t\t<div class=\"elementor-widget-container\">\n\t\t\t\t\t\t\t\t\t<p>Les sections sup\u00e9rieure et inf\u00e9rieure de la l-doornassau 9000 Energy sont enti\u00e8rement mouss\u00e9es. De plus, les sections centrales peuvent \u00eatre fabriqu\u00e9es avec un remplissage acrylique triple vitrage, trait\u00e9 d\u2019une couche protectrice anti-rayures des deux c\u00f4t\u00e9s, facilitant l\u2019entretien.   <\/p>\t\t\t\t\t\t\t\t<\/div>\n\t\t\t\t<\/div>\n\t\t\t\t<\/div>\n\t\t<div class=\"elementor-element elementor-element-68a9633 e-con-full e-flex e-con e-child\" data-id=\"68a9633\" data-element_type=\"container\">\n\t\t\t\t<div class=\"elementor-element elementor-element-36385fd elementor-widget elementor-widget-heading\" data-id=\"36385fd\" data-element_type=\"widget\" data-widget_type=\"heading.default\">\n\t\t\t\t<div class=\"elementor-widget-container\">\n\t\t\t\t\t<h3 class=\"elementor-heading-title elementor-size-default\">Diff\u00e9rents types de raccords<\/h3>\t\t\t\t<\/div>\n\t\t\t\t<\/div>\n\t\t\t\t<div class=\"elementor-element elementor-element-053b571 elementor-widget elementor-widget-text-editor\" data-id=\"053b571\" data-element_type=\"widget\" data-widget_type=\"text-editor.default\">\n\t\t\t\t<div class=\"elementor-widget-container\">\n\t\t\t\t\t\t\t\t\t<p>La l-doornassau 9000 Energy se distingue \u00e9galement par ses multiples options de raccords, permettant une action manuelle ou motoris\u00e9e selon les besoins. De plus, la porte est conforme \u00e0 toutes les normes de s\u00e9curit\u00e9 applicables, y compris la norme de produit EN 13241-1. <\/p>\t\t\t\t\t\t\t\t<\/div>\n\t\t\t\t<\/div>\n\t\t\t\t<\/div>\n\t\t\t\t<\/div>\n\t\t\t\t<\/div>\n\t\t<div class=\"elementor-element elementor-element-4eee953 e-con-full e-flex e-con e-parent\" data-id=\"4eee953\" data-element_type=\"container\">\n\t\t<div class=\"elementor-element elementor-element-40f9cb5 e-con-full container__m e-flex e-con e-child\" data-id=\"40f9cb5\" data-element_type=\"container\">\n\t\t\t\t<div class=\"elementor-element elementor-element-35ff587 elementor-widget elementor-widget-heading\" data-id=\"35ff587\" data-element_type=\"widget\" data-widget_type=\"heading.default\">\n\t\t\t\t<div class=\"elementor-widget-container\">\n\t\t\t\t\t<h2 class=\"elementor-heading-title elementor-size-default\">Qualit\u00e9s principales :<\/h2>\t\t\t\t<\/div>\n\t\t\t\t<\/div>\n\t\t<div class=\"elementor-element elementor-element-9806075 e-con-full e-flex e-con e-child\" data-id=\"9806075\" data-element_type=\"container\">\n\t\t\t\t<div class=\"elementor-element elementor-element-1ec23fb elementor-align-left elementor-icon-list--layout-traditional elementor-list-item-link-full_width elementor-widget elementor-widget-icon-list\" data-id=\"1ec23fb\" data-element_type=\"widget\" data-widget_type=\"icon-list.default\">\n\t\t\t\t<div class=\"elementor-widget-container\">\n\t\t\t\t\t\t\t<ul class=\"elementor-icon-list-items\">\n\t\t\t\t\t\t\t<li class=\"elementor-icon-list-item\">\n\t\t\t\t\t\t\t\t\t\t\t<span class=\"elementor-icon-list-icon\">\n\t\t\t\t\t\t\t<svg xmlns=\"http:\/\/www.w3.org\/2000\/svg\" width=\"52\" height=\"52\" viewBox=\"0 0 52 52\" fill=\"none\"><path d=\"M50.1313 10.8063C49.8063 10.4813 49.3187 10.4813 48.9937 10.8063L18.525 40.3L3.00625 25.2688C2.68125 24.9438 2.19375 24.9438 1.86875 25.2688C1.54375 25.5938 1.54375 26.0812 1.86875 26.4062L17.3875 41.5187C17.7125 41.8437 18.1187 42.0063 18.525 42.0063C18.9312 42.0063 19.3375 41.8437 19.6625 41.5187L50.1313 11.9437C50.4563 11.6187 50.4563 11.05 50.1313 10.8063Z\" fill=\"#1B7D88\"><\/path><\/svg>\t\t\t\t\t\t<\/span>\n\t\t\t\t\t\t\t\t\t\t<span class=\"elementor-icon-list-text\">Cette porte \u00e9co\u00e9nerg\u00e9tique offre une isolation in\u00e9gal\u00e9e gr\u00e2ce au triple vitrage, r\u00e9duisant ainsi la consommation d\u2019\u00e9nergie.<\/span>\n\t\t\t\t\t\t\t\t\t<\/li>\n\t\t\t\t\t\t\t\t<li class=\"elementor-icon-list-item\">\n\t\t\t\t\t\t\t\t\t\t\t<span class=\"elementor-icon-list-icon\">\n\t\t\t\t\t\t\t<svg xmlns=\"http:\/\/www.w3.org\/2000\/svg\" width=\"52\" height=\"52\" viewBox=\"0 0 52 52\" fill=\"none\"><path d=\"M50.1313 10.8063C49.8063 10.4813 49.3187 10.4813 48.9937 10.8063L18.525 40.3L3.00625 25.2688C2.68125 24.9438 2.19375 24.9438 1.86875 25.2688C1.54375 25.5938 1.54375 26.0812 1.86875 26.4062L17.3875 41.5187C17.7125 41.8437 18.1187 42.0063 18.525 42.0063C18.9312 42.0063 19.3375 41.8437 19.6625 41.5187L50.1313 11.9437C50.4563 11.6187 50.4563 11.05 50.1313 10.8063Z\" fill=\"#1B7D88\"><\/path><\/svg>\t\t\t\t\t\t<\/span>\n\t\t\t\t\t\t\t\t\t\t<span class=\"elementor-icon-list-text\">La l-doornassau 9000 Energy respecte pleinement les exigences des normes EPB plus strictes actuellement en vigueur.<\/span>\n\t\t\t\t\t\t\t\t\t<\/li>\n\t\t\t\t\t\t\t\t<li class=\"elementor-icon-list-item\">\n\t\t\t\t\t\t\t\t\t\t\t<span class=\"elementor-icon-list-icon\">\n\t\t\t\t\t\t\t<svg xmlns=\"http:\/\/www.w3.org\/2000\/svg\" width=\"52\" height=\"52\" viewBox=\"0 0 52 52\" fill=\"none\"><path d=\"M50.1313 10.8063C49.8063 10.4813 49.3187 10.4813 48.9937 10.8063L18.525 40.3L3.00625 25.2688C2.68125 24.9438 2.19375 24.9438 1.86875 25.2688C1.54375 25.5938 1.54375 26.0812 1.86875 26.4062L17.3875 41.5187C17.7125 41.8437 18.1187 42.0063 18.525 42.0063C18.9312 42.0063 19.3375 41.8437 19.6625 41.5187L50.1313 11.9437C50.4563 11.6187 50.4563 11.05 50.1313 10.8063Z\" fill=\"#1B7D88\"><\/path><\/svg>\t\t\t\t\t\t<\/span>\n\t\t\t\t\t\t\t\t\t\t<span class=\"elementor-icon-list-text\">Sa grande luminosit\u00e9 transforme le lieu de travail en un espace lumineux et productif et sublime les salles d\u2019exposition.<\/span>\n\t\t\t\t\t\t\t\t\t<\/li>\n\t\t\t\t\t\t\t\t<li class=\"elementor-icon-list-item\">\n\t\t\t\t\t\t\t\t\t\t\t<span class=\"elementor-icon-list-icon\">\n\t\t\t\t\t\t\t<svg xmlns=\"http:\/\/www.w3.org\/2000\/svg\" width=\"52\" height=\"52\" viewBox=\"0 0 52 52\" fill=\"none\"><path d=\"M50.1313 10.8063C49.8063 10.4813 49.3187 10.4813 48.9937 10.8063L18.525 40.3L3.00625 25.2688C2.68125 24.9438 2.19375 24.9438 1.86875 25.2688C1.54375 25.5938 1.54375 26.0812 1.86875 26.4062L17.3875 41.5187C17.7125 41.8437 18.1187 42.0063 18.525 42.0063C18.9312 42.0063 19.3375 41.8437 19.6625 41.5187L50.1313 11.9437C50.4563 11.6187 50.4563 11.05 50.1313 10.8063Z\" fill=\"#1B7D88\"><\/path><\/svg>\t\t\t\t\t\t<\/span>\n\t\t\t\t\t\t\t\t\t\t<span class=\"elementor-icon-list-text\">Les remplissages r\u00e9sistants aux rayures facilitent l\u2019entretien.<\/span>\n\t\t\t\t\t\t\t\t\t<\/li>\n\t\t\t\t\t\t\t\t<li class=\"elementor-icon-list-item\">\n\t\t\t\t\t\t\t\t\t\t\t<span class=\"elementor-icon-list-icon\">\n\t\t\t\t\t\t\t<svg xmlns=\"http:\/\/www.w3.org\/2000\/svg\" width=\"52\" height=\"52\" viewBox=\"0 0 52 52\" fill=\"none\"><path d=\"M50.1313 10.8063C49.8063 10.4813 49.3187 10.4813 48.9937 10.8063L18.525 40.3L3.00625 25.2688C2.68125 24.9438 2.19375 24.9438 1.86875 25.2688C1.54375 25.5938 1.54375 26.0812 1.86875 26.4062L17.3875 41.5187C17.7125 41.8437 18.1187 42.0063 18.525 42.0063C18.9312 42.0063 19.3375 41.8437 19.6625 41.5187L50.1313 11.9437C50.4563 11.6187 50.4563 11.05 50.1313 10.8063Z\" fill=\"#1B7D88\"><\/path><\/svg>\t\t\t\t\t\t<\/span>\n\t\t\t\t\t\t\t\t\t\t<span class=\"elementor-icon-list-text\">Facile \u00e0 entretenir<\/span>\n\t\t\t\t\t\t\t\t\t<\/li>\n\t\t\t\t\t\t<\/ul>\n\t\t\t\t\t\t<\/div>\n\t\t\t\t<\/div>\n\t\t\t\t<div class=\"elementor-element elementor-element-1bc72b2 elementor-align-left elementor-icon-list--layout-traditional elementor-list-item-link-full_width elementor-widget elementor-widget-icon-list\" data-id=\"1bc72b2\" data-element_type=\"widget\" data-widget_type=\"icon-list.default\">\n\t\t\t\t<div class=\"elementor-widget-container\">\n\t\t\t\t\t\t\t<ul class=\"elementor-icon-list-items\">\n\t\t\t\t\t\t\t<li class=\"elementor-icon-list-item\">\n\t\t\t\t\t\t\t\t\t\t\t<span class=\"elementor-icon-list-icon\">\n\t\t\t\t\t\t\t<svg xmlns=\"http:\/\/www.w3.org\/2000\/svg\" width=\"52\" height=\"52\" viewBox=\"0 0 52 52\" fill=\"none\"><path d=\"M50.1313 10.8063C49.8063 10.4813 49.3187 10.4813 48.9937 10.8063L18.525 40.3L3.00625 25.2688C2.68125 24.9438 2.19375 24.9438 1.86875 25.2688C1.54375 25.5938 1.54375 26.0812 1.86875 26.4062L17.3875 41.5187C17.7125 41.8437 18.1187 42.0063 18.525 42.0063C18.9312 42.0063 19.3375 41.8437 19.6625 41.5187L50.1313 11.9437C50.4563 11.6187 50.4563 11.05 50.1313 10.8063Z\" fill=\"#1B7D88\"><\/path><\/svg>\t\t\t\t\t\t<\/span>\n\t\t\t\t\t\t\t\t\t\t<span class=\"elementor-icon-list-text\">Son design unique, sans profil\u00e9 visible, ajoute une touche esth\u00e9tique.<\/span>\n\t\t\t\t\t\t\t\t\t<\/li>\n\t\t\t\t\t\t\t\t<li class=\"elementor-icon-list-item\">\n\t\t\t\t\t\t\t\t\t\t\t<span class=\"elementor-icon-list-icon\">\n\t\t\t\t\t\t\t<svg xmlns=\"http:\/\/www.w3.org\/2000\/svg\" width=\"52\" height=\"52\" viewBox=\"0 0 52 52\" fill=\"none\"><path d=\"M50.1313 10.8063C49.8063 10.4813 49.3187 10.4813 48.9937 10.8063L18.525 40.3L3.00625 25.2688C2.68125 24.9438 2.19375 24.9438 1.86875 25.2688C1.54375 25.5938 1.54375 26.0812 1.86875 26.4062L17.3875 41.5187C17.7125 41.8437 18.1187 42.0063 18.525 42.0063C18.9312 42.0063 19.3375 41.8437 19.6625 41.5187L50.1313 11.9437C50.4563 11.6187 50.4563 11.05 50.1313 10.8063Z\" fill=\"#1B7D88\"><\/path><\/svg>\t\t\t\t\t\t<\/span>\n\t\t\t\t\t\t\t\t\t\t<span class=\"elementor-icon-list-text\">La combinaison de sections 90F enti\u00e8rement mouss\u00e9es et de sections vitr\u00e9es 90E conf\u00e8re \u00e0 la porte un aspect architectural raffin\u00e9.<\/span>\n\t\t\t\t\t\t\t\t\t<\/li>\n\t\t\t\t\t\t\t\t<li class=\"elementor-icon-list-item\">\n\t\t\t\t\t\t\t\t\t\t\t<span class=\"elementor-icon-list-icon\">\n\t\t\t\t\t\t\t<svg xmlns=\"http:\/\/www.w3.org\/2000\/svg\" width=\"52\" height=\"52\" viewBox=\"0 0 52 52\" fill=\"none\"><path d=\"M50.1313 10.8063C49.8063 10.4813 49.3187 10.4813 48.9937 10.8063L18.525 40.3L3.00625 25.2688C2.68125 24.9438 2.19375 24.9438 1.86875 25.2688C1.54375 25.5938 1.54375 26.0812 1.86875 26.4062L17.3875 41.5187C17.7125 41.8437 18.1187 42.0063 18.525 42.0063C18.9312 42.0063 19.3375 41.8437 19.6625 41.5187L50.1313 11.9437C50.4563 11.6187 50.4563 11.05 50.1313 10.8063Z\" fill=\"#1B7D88\"><\/path><\/svg>\t\t\t\t\t\t<\/span>\n\t\t\t\t\t\t\t\t\t\t<span class=\"elementor-icon-list-text\">La robustesse et la stabilit\u00e9 de ses sections la rendent id\u00e9ale pour des applications n\u00e9cessitant de grandes ouvertures.<\/span>\n\t\t\t\t\t\t\t\t\t<\/li>\n\t\t\t\t\t\t\t\t<li class=\"elementor-icon-list-item\">\n\t\t\t\t\t\t\t\t\t\t\t<span class=\"elementor-icon-list-icon\">\n\t\t\t\t\t\t\t<svg xmlns=\"http:\/\/www.w3.org\/2000\/svg\" width=\"52\" height=\"52\" viewBox=\"0 0 52 52\" fill=\"none\"><path d=\"M50.1313 10.8063C49.8063 10.4813 49.3187 10.4813 48.9937 10.8063L18.525 40.3L3.00625 25.2688C2.68125 24.9438 2.19375 24.9438 1.86875 25.2688C1.54375 25.5938 1.54375 26.0812 1.86875 26.4062L17.3875 41.5187C17.7125 41.8437 18.1187 42.0063 18.525 42.0063C18.9312 42.0063 19.3375 41.8437 19.6625 41.5187L50.1313 11.9437C50.4563 11.6187 50.4563 11.05 50.1313 10.8063Z\" fill=\"#1B7D88\"><\/path><\/svg>\t\t\t\t\t\t<\/span>\n\t\t\t\t\t\t\t\t\t\t<span class=\"elementor-icon-list-text\">La porte est conforme \u00e0 la norme europ\u00e9enne EN 13241-1<\/span>\n\t\t\t\t\t\t\t\t\t<\/li>\n\t\t\t\t\t\t<\/ul>\n\t\t\t\t\t\t<\/div>\n\t\t\t\t<\/div>\n\t\t\t\t<\/div>\n\t\t\t\t<\/div>\n\t\t\t\t<\/div>\n\t\t<div class=\"elementor-element elementor-element-607f886 e-con-full e-flex e-con e-parent\" data-id=\"607f886\" data-element_type=\"container\" data-settings=\"{&quot;background_background&quot;:&quot;classic&quot;}\">\n\t\t<div class=\"elementor-element elementor-element-433e39a e-con-full container__xl e-flex e-con e-child\" data-id=\"433e39a\" data-element_type=\"container\">\n\t\t<div class=\"elementor-element elementor-element-2e9fe01 e-con-full e-flex e-con e-child\" data-id=\"2e9fe01\" data-element_type=\"container\">\n\t\t\t\t<div class=\"elementor-element elementor-element-ecb4170 elementor-widget elementor-widget-heading\" data-id=\"ecb4170\" data-element_type=\"widget\" data-widget_type=\"heading.default\">\n\t\t\t\t<div class=\"elementor-widget-container\">\n\t\t\t\t\t<h2 class=\"elementor-heading-title elementor-size-default\">Prenez rendez-vous ou envoyez-nous un e-mail<\/h2>\t\t\t\t<\/div>\n\t\t\t\t<\/div>\n\t\t\t\t<\/div>\n\t\t<div class=\"elementor-element elementor-element-46eaa10 e-con-full e-flex e-con e-child\" data-id=\"46eaa10\" data-element_type=\"container\">\n\t\t\t\t<div class=\"elementor-element elementor-element-21f2751 elementor-widget elementor-widget-button\" data-id=\"21f2751\" data-element_type=\"widget\" data-widget_type=\"button.default\">\n\t\t\t\t<div class=\"elementor-widget-container\">\n\t\t\t\t\t\t\t\t\t<div class=\"elementor-button-wrapper\">\n\t\t\t\t\t<a class=\"elementor-button elementor-button-link elementor-size-sm\" href=\"https:\/\/l-doornassau.be\/fr\/contact\/\">\n\t\t\t\t\t\t<span class=\"elementor-button-content-wrapper\">\n\t\t\t\t\t\t\t\t\t<span class=\"elementor-button-text\">Contactez nous<\/span>\n\t\t\t\t\t<\/span>\n\t\t\t\t\t<\/a>\n\t\t\t\t<\/div>\n\t\t\t\t\t\t\t\t<\/div>\n\t\t\t\t<\/div>\n\t\t\t\t<\/div>\n\t\t\t\t<\/div>\n\t\t\t\t<\/div>\n\t\t\t\t<\/div>\n\t\t","protected":false},"excerpt":{"rendered":"<p>L-doornassau 9000 Energy :\u00e9conomie d\u2019\u00e9nergie et design innovant. La l-doornassau 9000 Energy incarne la nouvelle g\u00e9n\u00e9ration de portes sectionnelles \u00e9co\u00e9nerg\u00e9tiques, alliant des sections vitr\u00e9es isolantes offrant une grande luminosit\u00e9 et une conception r\u00e9volutionnaire. Cette solution innovante r\u00e9duit consid\u00e9rablement la consommation d\u2019\u00e9nergie tout en respectant les normes d\u2019isolation de plus en plus strictes pour les portes [&hellip;]<\/p>\n","protected":false},"author":27,"featured_media":0,"parent":19963,"menu_order":0,"comment_status":"closed","ping_status":"closed","template":"elementor_header_footer","meta":{"_acf_changed":false,"footnotes":""},"class_list":["post-19976","page","type-page","status-publish","hentry"],"acf":[],"_links":{"self":[{"href":"https:\/\/l-doornassau.be\/fr\/wp-json\/wp\/v2\/pages\/19976","targetHints":{"allow":["GET"]}}],"collection":[{"href":"https:\/\/l-doornassau.be\/fr\/wp-json\/wp\/v2\/pages"}],"about":[{"href":"https:\/\/l-doornassau.be\/fr\/wp-json\/wp\/v2\/types\/page"}],"author":[{"embeddable":true,"href":"https:\/\/l-doornassau.be\/fr\/wp-json\/wp\/v2\/users\/27"}],"replies":[{"embeddable":true,"href":"https:\/\/l-doornassau.be\/fr\/wp-json\/wp\/v2\/comments?post=19976"}],"version-history":[{"count":5,"href":"https:\/\/l-doornassau.be\/fr\/wp-json\/wp\/v2\/pages\/19976\/revisions"}],"predecessor-version":[{"id":20210,"href":"https:\/\/l-doornassau.be\/fr\/wp-json\/wp\/v2\/pages\/19976\/revisions\/20210"}],"up":[{"embeddable":true,"href":"https:\/\/l-doornassau.be\/fr\/wp-json\/wp\/v2\/pages\/19963"}],"wp:attachment":[{"href":"https:\/\/l-doornassau.be\/fr\/wp-json\/wp\/v2\/media?parent=19976"}],"curies":[{"name":"wp","href":"https:\/\/api.w.org\/{rel}","templated":true}]}}