{"id":19978,"date":"2024-10-23T09:27:31","date_gmt":"2024-10-23T08:27:31","guid":{"rendered":"https:\/\/l-doornassau.be\/portes-sectionnelles\/9000f-portes-sectionnelles\/"},"modified":"2025-04-09T13:51:55","modified_gmt":"2025-04-09T12:51:55","slug":"9000f-portes-sectionnelles","status":"publish","type":"page","link":"https:\/\/l-doornassau.be\/fr\/portes-sectionnelles\/9000f-portes-sectionnelles\/","title":{"rendered":"9000F portes sectionnelles"},"content":{"rendered":"\t\t<div data-elementor-type=\"wp-page\" data-elementor-id=\"19978\" class=\"elementor elementor-19978 elementor-16348\" data-elementor-post-type=\"page\">\n\t\t\t\t<div class=\"elementor-element elementor-element-832351f e-con-full residentieel e-flex e-con e-parent\" data-id=\"832351f\" data-element_type=\"container\" data-settings=\"{&quot;background_background&quot;:&quot;classic&quot;}\">\n\t\t<div class=\"elementor-element elementor-element-5169e71 e-con-full container__xl e-flex e-con e-child\" data-id=\"5169e71\" data-element_type=\"container\">\n\t\t<div class=\"elementor-element elementor-element-b3263ec e-con-full e-flex e-con e-child\" data-id=\"b3263ec\" data-element_type=\"container\">\n\t\t\t\t<div class=\"elementor-element elementor-element-1518d1e elementor-widget elementor-widget-heading\" data-id=\"1518d1e\" data-element_type=\"widget\" data-widget_type=\"heading.default\">\n\t\t\t\t<div class=\"elementor-widget-container\">\n\t\t\t\t\t<h1 class=\"elementor-heading-title elementor-size-default\">L-doornassau 9000F :<br>la porte sectionnelle standard<\/h1>\t\t\t\t<\/div>\n\t\t\t\t<\/div>\n\t\t\t\t<div class=\"elementor-element elementor-element-7fe233b elementor-widget elementor-widget-text-editor\" data-id=\"7fe233b\" data-element_type=\"widget\" data-widget_type=\"text-editor.default\">\n\t\t\t\t<div class=\"elementor-widget-container\">\n\t\t\t\t\t\t\t\t\t<p>La porte sectionnelle 9000F de l-doorassau a \u00e9t\u00e9 con\u00e7ue pour r\u00e9pondre aux exigences les plus strictes des environnements industriels. Son design \u00e9pur\u00e9 et intemporel s\u2019int\u00e8gre harmonieusement \u00e0 divers styles architecturaux et \u00e0 de nombreuses applications. <\/p>\t\t\t\t\t\t\t\t<\/div>\n\t\t\t\t<\/div>\n\t\t\t\t<div class=\"elementor-element elementor-element-84ae890 elementor-widget elementor-widget-button\" data-id=\"84ae890\" data-element_type=\"widget\" data-widget_type=\"button.default\">\n\t\t\t\t<div class=\"elementor-widget-container\">\n\t\t\t\t\t\t\t\t\t<div class=\"elementor-button-wrapper\">\n\t\t\t\t\t<a class=\"elementor-button elementor-button-link elementor-size-sm\" href=\"https:\/\/l-doornassau.be\/fr\/devis\/\">\n\t\t\t\t\t\t<span class=\"elementor-button-content-wrapper\">\n\t\t\t\t\t\t\t\t\t<span class=\"elementor-button-text\">Demander un devis<\/span>\n\t\t\t\t\t<\/span>\n\t\t\t\t\t<\/a>\n\t\t\t\t<\/div>\n\t\t\t\t\t\t\t\t<\/div>\n\t\t\t\t<\/div>\n\t\t\t\t<\/div>\n\t\t\t\t<\/div>\n\t\t<div class=\"elementor-element elementor-element-ac638b6 e-con-full hero__image e-flex e-con e-child\" data-id=\"ac638b6\" data-element_type=\"container\" data-settings=\"{&quot;background_background&quot;:&quot;classic&quot;}\">\n\t\t\t\t<\/div>\n\t\t\t\t<\/div>\n\t\t<div class=\"elementor-element elementor-element-008ed65 e-con-full e-flex e-con e-parent\" data-id=\"008ed65\" data-element_type=\"container\" data-settings=\"{&quot;background_background&quot;:&quot;classic&quot;}\">\n\t\t<div class=\"elementor-element elementor-element-84677d1 e-con-full container__xl e-flex e-con e-child\" data-id=\"84677d1\" data-element_type=\"container\">\n\t\t<div class=\"elementor-element elementor-element-bb0f9e7 e-con-full e-flex e-con e-child\" data-id=\"bb0f9e7\" data-element_type=\"container\">\n\t\t\t\t<div class=\"elementor-element elementor-element-fa75767 elementor-widget elementor-widget-image\" data-id=\"fa75767\" data-element_type=\"widget\" data-widget_type=\"image.default\">\n\t\t\t\t<div class=\"elementor-widget-container\">\n\t\t\t\t\t\t\t\t\t\t\t\t\t\t\t<img fetchpriority=\"high\" decoding=\"async\" width=\"800\" height=\"580\" src=\"https:\/\/l-doornassau.be\/wp-content\/uploads\/2024\/10\/Point-S-3-1024x743.jpg\" class=\"attachment-large size-large wp-image-19794\" alt=\"\" srcset=\"https:\/\/l-doornassau.be\/wp-content\/uploads\/2024\/10\/Point-S-3-1024x743.jpg 1024w, https:\/\/l-doornassau.be\/wp-content\/uploads\/2024\/10\/Point-S-3-300x218.jpg 300w, https:\/\/l-doornassau.be\/wp-content\/uploads\/2024\/10\/Point-S-3-768x558.jpg 768w, https:\/\/l-doornassau.be\/wp-content\/uploads\/2024\/10\/Point-S-3-600x436.jpg 600w, https:\/\/l-doornassau.be\/wp-content\/uploads\/2024\/10\/Point-S-3.jpg 1500w\" sizes=\"(max-width: 800px) 100vw, 800px\" \/>\t\t\t\t\t\t\t\t\t\t\t\t\t\t\t<\/div>\n\t\t\t\t<\/div>\n\t\t\t\t<\/div>\n\t\t<div class=\"elementor-element elementor-element-5b21a17 e-con-full e-flex e-con e-child\" data-id=\"5b21a17\" data-element_type=\"container\">\n\t\t\t\t<div class=\"elementor-element elementor-element-53f6483 elementor-widget elementor-widget-text-editor\" data-id=\"53f6483\" data-element_type=\"widget\" data-widget_type=\"text-editor.default\">\n\t\t\t\t<div class=\"elementor-widget-container\">\n\t\t\t\t\t\t\t\t\t<p>Gr\u00e2ce \u00e0 ses sections \u00e0 haute isolation thermique, elle permet de r\u00e9duire consid\u00e9rablement la consommation d\u2019\u00e9nergie. Son installation requiert un espace minimal, garantissant une utilisation optimale de votre surface disponible. <\/p><ul><li>Largeur : min. 1500 mm &#8211; max. 10 000 mm (version aluminium, sous r\u00e9serve d\u2019agr\u00e9ment technique)<\/li><li>Hauteur : min. 1500 mm &#8211; max. 6175 mm (version aluminium et acier, sous r\u00e9serve d\u2019agr\u00e9ment technique)<\/li><\/ul><p>Disponible en versions aluminium et acier, la porte sectionnelle l-doornassau 9000F assure une protection efficace contre le vent, la pluie et le froid gr\u00e2ce \u00e0 ses sections en mousse polyur\u00e9thane (PU) et ses joints d\u2019\u00e9tanch\u00e9it\u00e9 haute performance. <\/p>\t\t\t\t\t\t\t\t<\/div>\n\t\t\t\t<\/div>\n\t\t\t\t<\/div>\n\t\t\t\t<\/div>\n\t\t\t\t<\/div>\n\t\t<div class=\"elementor-element elementor-element-044d7c6 e-con-full e-flex e-con e-parent\" data-id=\"044d7c6\" data-element_type=\"container\">\n\t\t<div class=\"elementor-element elementor-element-2abc101 e-con-full container__xl e-flex e-con e-child\" data-id=\"2abc101\" data-element_type=\"container\">\n\t\t<div class=\"elementor-element elementor-element-cb610fc e-con-full e-flex e-con e-child\" data-id=\"cb610fc\" data-element_type=\"container\">\n\t\t\t\t<div class=\"elementor-element elementor-element-a8d68e0 elementor-widget elementor-widget-text-editor\" data-id=\"a8d68e0\" data-element_type=\"widget\" data-widget_type=\"text-editor.default\">\n\t\t\t\t<div class=\"elementor-widget-container\">\n\t\t\t\t\t\t\t\t\t<p>Certifi\u00e9e CE, la porte sectionnelle l-doornassau 9000F offre un \u00e9quilibre parfait entre design et fonctionnalit\u00e9. Gr\u00e2ce \u00e0 son rev\u00eatement sp\u00e9cifique, elle s\u2019int\u00e8gre parfaitement \u00e0 tout type de b\u00e2timent. De nombreuses options (fen\u00eatres, portillons&#8230;) permettent de l\u2019adapter aux besoins de chaque projet. <\/p>\n<p>Le portillon int\u00e9gr\u00e9 peut \u00e9galement \u00eatre fourni avec un seuil bas afin de faciliter le passage d\u2019objets roulants \u00e0 travers la porte. Con\u00e7ue pour offrir une isolation optimale, la porte sectionnelle constitue une solution \u00e0 la fois esth\u00e9tique, fonctionnelle et \u00e9co\u00e9nerg\u00e9tique. Disponible en quatorze couleurs standard, elle peut \u00e9galement \u00eatre personnalis\u00e9e dans n\u2019importe quelle teinte du nuancier RAL.  <\/p>\t\t\t\t\t\t\t\t<\/div>\n\t\t\t\t<\/div>\n\t\t\t\t<\/div>\n\t\t<div class=\"elementor-element elementor-element-eeb20e4 e-con-full e-flex e-con e-child\" data-id=\"eeb20e4\" data-element_type=\"container\">\n\t\t\t\t<div class=\"elementor-element elementor-element-7b59827 elementor-widget elementor-widget-image\" data-id=\"7b59827\" data-element_type=\"widget\" data-widget_type=\"image.default\">\n\t\t\t\t<div class=\"elementor-widget-container\">\n\t\t\t\t\t\t\t\t\t\t\t\t\t\t\t<img decoding=\"async\" width=\"800\" height=\"534\" src=\"https:\/\/l-doornassau.be\/wp-content\/uploads\/2024\/10\/DSC_3988-1024x683.jpg\" class=\"attachment-large size-large wp-image-19795\" alt=\"\" srcset=\"https:\/\/l-doornassau.be\/wp-content\/uploads\/2024\/10\/DSC_3988-1024x683.jpg 1024w, https:\/\/l-doornassau.be\/wp-content\/uploads\/2024\/10\/DSC_3988-300x200.jpg 300w, https:\/\/l-doornassau.be\/wp-content\/uploads\/2024\/10\/DSC_3988-768x512.jpg 768w, https:\/\/l-doornassau.be\/wp-content\/uploads\/2024\/10\/DSC_3988-600x400.jpg 600w, https:\/\/l-doornassau.be\/wp-content\/uploads\/2024\/10\/DSC_3988.jpg 1500w\" sizes=\"(max-width: 800px) 100vw, 800px\" \/>\t\t\t\t\t\t\t\t\t\t\t\t\t\t\t<\/div>\n\t\t\t\t<\/div>\n\t\t\t\t<\/div>\n\t\t\t\t<\/div>\n\t\t\t\t<\/div>\n\t\t<div class=\"elementor-element elementor-element-bfd3a93 e-con-full e-flex e-con e-parent\" data-id=\"bfd3a93\" data-element_type=\"container\">\n\t\t<div class=\"elementor-element elementor-element-2c0c082 e-con-full e-flex e-con e-child\" data-id=\"2c0c082\" data-element_type=\"container\" data-settings=\"{&quot;background_background&quot;:&quot;classic&quot;}\">\n\t\t\t\t<\/div>\n\t\t<div class=\"elementor-element elementor-element-8e8ff83 e-con-full e-flex e-con e-child\" data-id=\"8e8ff83\" data-element_type=\"container\">\n\t\t<div class=\"elementor-element elementor-element-2f51051 e-con-full e-flex e-con e-child\" data-id=\"2f51051\" data-element_type=\"container\" data-settings=\"{&quot;background_background&quot;:&quot;classic&quot;}\">\n\t\t\t\t<\/div>\n\t\t<div class=\"elementor-element elementor-element-f49bc8a e-con-full e-flex e-con e-child\" data-id=\"f49bc8a\" data-element_type=\"container\" data-settings=\"{&quot;background_background&quot;:&quot;classic&quot;}\">\n\t\t\t\t<\/div>\n\t\t\t\t<\/div>\n\t\t<div class=\"elementor-element elementor-element-c8f6022 e-con-full e-flex e-con e-child\" data-id=\"c8f6022\" data-element_type=\"container\" data-settings=\"{&quot;background_background&quot;:&quot;classic&quot;}\">\n\t\t\t\t<\/div>\n\t\t\t\t<\/div>\n\t\t<div class=\"elementor-element elementor-element-6080e72 e-con-full e-flex e-con e-parent\" data-id=\"6080e72\" data-element_type=\"container\" data-settings=\"{&quot;background_background&quot;:&quot;classic&quot;}\">\n\t\t<div class=\"elementor-element elementor-element-9f9c729 e-con-full container__xl e-flex e-con e-child\" data-id=\"9f9c729\" data-element_type=\"container\">\n\t\t<div class=\"elementor-element elementor-element-31b4bd9 e-con-full e-flex e-con e-child\" data-id=\"31b4bd9\" data-element_type=\"container\">\n\t\t\t\t<div class=\"elementor-element elementor-element-acc7f80 elementor-widget elementor-widget-heading\" data-id=\"acc7f80\" data-element_type=\"widget\" data-widget_type=\"heading.default\">\n\t\t\t\t<div class=\"elementor-widget-container\">\n\t\t\t\t\t<h2 class=\"elementor-heading-title elementor-size-default\">Prenez rendez-vous ou envoyez-nous un e-mail<\/h2>\t\t\t\t<\/div>\n\t\t\t\t<\/div>\n\t\t\t\t<\/div>\n\t\t<div class=\"elementor-element elementor-element-150d011 e-con-full e-flex e-con e-child\" data-id=\"150d011\" data-element_type=\"container\">\n\t\t\t\t<div class=\"elementor-element elementor-element-f0ccd29 elementor-widget elementor-widget-button\" data-id=\"f0ccd29\" data-element_type=\"widget\" data-widget_type=\"button.default\">\n\t\t\t\t<div class=\"elementor-widget-container\">\n\t\t\t\t\t\t\t\t\t<div class=\"elementor-button-wrapper\">\n\t\t\t\t\t<a class=\"elementor-button elementor-button-link elementor-size-sm\" href=\"https:\/\/l-doornassau.be\/fr\/contact\/\">\n\t\t\t\t\t\t<span class=\"elementor-button-content-wrapper\">\n\t\t\t\t\t\t\t\t\t<span class=\"elementor-button-text\">Contactez nous<\/span>\n\t\t\t\t\t<\/span>\n\t\t\t\t\t<\/a>\n\t\t\t\t<\/div>\n\t\t\t\t\t\t\t\t<\/div>\n\t\t\t\t<\/div>\n\t\t\t\t<\/div>\n\t\t\t\t<\/div>\n\t\t\t\t<\/div>\n\t\t\t\t<\/div>\n\t\t","protected":false},"excerpt":{"rendered":"<p>L-doornassau 9000F :la porte sectionnelle standard La porte sectionnelle 9000F de l-doorassau a \u00e9t\u00e9 con\u00e7ue pour r\u00e9pondre aux exigences les plus strictes des environnements industriels. Son design \u00e9pur\u00e9 et intemporel s\u2019int\u00e8gre harmonieusement \u00e0 divers styles architecturaux et \u00e0 de nombreuses applications. Demander un devis Gr\u00e2ce \u00e0 ses sections \u00e0 haute isolation thermique, elle permet de [&hellip;]<\/p>\n","protected":false},"author":27,"featured_media":0,"parent":19963,"menu_order":0,"comment_status":"closed","ping_status":"closed","template":"elementor_header_footer","meta":{"_acf_changed":false,"footnotes":""},"class_list":["post-19978","page","type-page","status-publish","hentry"],"acf":[],"_links":{"self":[{"href":"https:\/\/l-doornassau.be\/fr\/wp-json\/wp\/v2\/pages\/19978","targetHints":{"allow":["GET"]}}],"collection":[{"href":"https:\/\/l-doornassau.be\/fr\/wp-json\/wp\/v2\/pages"}],"about":[{"href":"https:\/\/l-doornassau.be\/fr\/wp-json\/wp\/v2\/types\/page"}],"author":[{"embeddable":true,"href":"https:\/\/l-doornassau.be\/fr\/wp-json\/wp\/v2\/users\/27"}],"replies":[{"embeddable":true,"href":"https:\/\/l-doornassau.be\/fr\/wp-json\/wp\/v2\/comments?post=19978"}],"version-history":[{"count":5,"href":"https:\/\/l-doornassau.be\/fr\/wp-json\/wp\/v2\/pages\/19978\/revisions"}],"predecessor-version":[{"id":20194,"href":"https:\/\/l-doornassau.be\/fr\/wp-json\/wp\/v2\/pages\/19978\/revisions\/20194"}],"up":[{"embeddable":true,"href":"https:\/\/l-doornassau.be\/fr\/wp-json\/wp\/v2\/pages\/19963"}],"wp:attachment":[{"href":"https:\/\/l-doornassau.be\/fr\/wp-json\/wp\/v2\/media?parent=19978"}],"curies":[{"name":"wp","href":"https:\/\/api.w.org\/{rel}","templated":true}]}}