{"id":19980,"date":"2024-10-23T09:48:17","date_gmt":"2024-10-23T08:48:17","guid":{"rendered":"https:\/\/l-doornassau.be\/portes-sectionnelles\/9000g-portes-sectionnelles\/"},"modified":"2025-04-09T13:52:29","modified_gmt":"2025-04-09T12:52:29","slug":"9000g-portes-sectionnelles","status":"publish","type":"page","link":"https:\/\/l-doornassau.be\/fr\/portes-sectionnelles\/9000g-portes-sectionnelles\/","title":{"rendered":"9000G portes sectionnelles"},"content":{"rendered":"\t\t<div data-elementor-type=\"wp-page\" data-elementor-id=\"19980\" class=\"elementor elementor-19980 elementor-16392\" data-elementor-post-type=\"page\">\n\t\t\t\t<div class=\"elementor-element elementor-element-b164166 e-con-full residentieel e-flex e-con e-parent\" data-id=\"b164166\" data-element_type=\"container\" data-settings=\"{&quot;background_background&quot;:&quot;classic&quot;}\">\n\t\t<div class=\"elementor-element elementor-element-2ebbbfe e-con-full container__xl e-flex e-con e-child\" data-id=\"2ebbbfe\" data-element_type=\"container\">\n\t\t<div class=\"elementor-element elementor-element-d0db789 e-con-full e-flex e-con e-child\" data-id=\"d0db789\" data-element_type=\"container\">\n\t\t\t\t<div class=\"elementor-element elementor-element-ea1f162 elementor-widget elementor-widget-heading\" data-id=\"ea1f162\" data-element_type=\"widget\" data-widget_type=\"heading.default\">\n\t\t\t\t<div class=\"elementor-widget-container\">\n\t\t\t\t\t<h1 class=\"elementor-heading-title elementor-size-default\">L-doornassau 9000G :<br>la porte de garage vitr\u00e9e haut de gamme<\/h1>\t\t\t\t<\/div>\n\t\t\t\t<\/div>\n\t\t\t\t<div class=\"elementor-element elementor-element-37141a1 elementor-widget elementor-widget-text-editor\" data-id=\"37141a1\" data-element_type=\"widget\" data-widget_type=\"text-editor.default\">\n\t\t\t\t<div class=\"elementor-widget-container\">\n\t\t\t\t\t\t\t\t\t<p>La porte sectionnelle l-doornassau 9000G est une solution sur mesure, certifi\u00e9e CE, dot\u00e9e de sections enti\u00e8rement vitr\u00e9es sur toute sa largeur. Id\u00e9ale pour les environnements n\u00e9cessitant un maximum de lumi\u00e8re naturelle, elle est particuli\u00e8rement adapt\u00e9e aux salles d\u2019exposition et aux b\u00e2timents industriels, transformant ces espaces en des lieux lumineux o\u00f9 il fait bon travailler.<\/p>\t\t\t\t\t\t\t\t<\/div>\n\t\t\t\t<\/div>\n\t\t\t\t<div class=\"elementor-element elementor-element-f576905 elementor-widget elementor-widget-button\" data-id=\"f576905\" data-element_type=\"widget\" data-widget_type=\"button.default\">\n\t\t\t\t<div class=\"elementor-widget-container\">\n\t\t\t\t\t\t\t\t\t<div class=\"elementor-button-wrapper\">\n\t\t\t\t\t<a class=\"elementor-button elementor-button-link elementor-size-sm\" href=\"https:\/\/l-doornassau.be\/fr\/devis\/\">\n\t\t\t\t\t\t<span class=\"elementor-button-content-wrapper\">\n\t\t\t\t\t\t\t\t\t<span class=\"elementor-button-text\">Demander un devis<\/span>\n\t\t\t\t\t<\/span>\n\t\t\t\t\t<\/a>\n\t\t\t\t<\/div>\n\t\t\t\t\t\t\t\t<\/div>\n\t\t\t\t<\/div>\n\t\t\t\t<\/div>\n\t\t\t\t<\/div>\n\t\t<div class=\"elementor-element elementor-element-8c150a5 e-con-full hero__image e-flex e-con e-child\" data-id=\"8c150a5\" data-element_type=\"container\" data-settings=\"{&quot;background_background&quot;:&quot;classic&quot;}\">\n\t\t\t\t<\/div>\n\t\t\t\t<\/div>\n\t\t<div class=\"elementor-element elementor-element-04b8ae4 e-con-full e-flex e-con e-parent\" data-id=\"04b8ae4\" data-element_type=\"container\" data-settings=\"{&quot;background_background&quot;:&quot;classic&quot;}\">\n\t\t<div class=\"elementor-element elementor-element-3215180 e-con-full container__xl e-flex e-con e-child\" data-id=\"3215180\" data-element_type=\"container\">\n\t\t<div class=\"elementor-element elementor-element-687626b e-con-full e-flex e-con e-child\" data-id=\"687626b\" data-element_type=\"container\">\n\t\t\t\t<div class=\"elementor-element elementor-element-a61851f elementor-widget elementor-widget-image\" data-id=\"a61851f\" data-element_type=\"widget\" data-widget_type=\"image.default\">\n\t\t\t\t<div class=\"elementor-widget-container\">\n\t\t\t\t\t\t\t\t\t\t\t\t\t\t\t<img fetchpriority=\"high\" decoding=\"async\" width=\"800\" height=\"600\" src=\"https:\/\/l-doornassau.be\/wp-content\/uploads\/2024\/10\/9000G-1024x768.jpg\" class=\"attachment-large size-large wp-image-19799\" alt=\"\" srcset=\"https:\/\/l-doornassau.be\/wp-content\/uploads\/2024\/10\/9000G-1024x768.jpg 1024w, https:\/\/l-doornassau.be\/wp-content\/uploads\/2024\/10\/9000G-300x225.jpg 300w, https:\/\/l-doornassau.be\/wp-content\/uploads\/2024\/10\/9000G-768x576.jpg 768w, https:\/\/l-doornassau.be\/wp-content\/uploads\/2024\/10\/9000G-600x450.jpg 600w, https:\/\/l-doornassau.be\/wp-content\/uploads\/2024\/10\/9000G.jpg 1500w\" sizes=\"(max-width: 800px) 100vw, 800px\" \/>\t\t\t\t\t\t\t\t\t\t\t\t\t\t\t<\/div>\n\t\t\t\t<\/div>\n\t\t\t\t<\/div>\n\t\t<div class=\"elementor-element elementor-element-6740855 e-con-full e-flex e-con e-child\" data-id=\"6740855\" data-element_type=\"container\">\n\t\t\t\t<div class=\"elementor-element elementor-element-ce1af41 elementor-widget elementor-widget-text-editor\" data-id=\"ce1af41\" data-element_type=\"widget\" data-widget_type=\"text-editor.default\">\n\t\t\t\t<div class=\"elementor-widget-container\">\n\t\t\t\t\t\t\t\t\t<p>Gr\u00e2ce \u00e0 ses profil\u00e9s en aluminium solides et l\u00e9gers, cette porte allie robustesse et \u00e9l\u00e9gance, offrant un \u00e9quilibre parfait entre fonctionnalit\u00e9 et design La porte sectionnelle vitr\u00e9e est r\u00e9alis\u00e9e enti\u00e8rement sur mesure afin de r\u00e9pondre \u00e0 vos besoins sp\u00e9cifiques et de s\u2019int\u00e9grer harmonieusement \u00e0 l\u2019architecture de votre b\u00e2timent. de s\u2019int\u00e9grer harmonieusement \u00e0 l\u2019architecture de votre b\u00e2timent. Le nombre et le type d\u2019\u00e9l\u00e9ments vitr\u00e9s sont enti\u00e8rement personnalisables, avec des options allant du verre acrylique double standard au verre tremp\u00e9 ou feuillet\u00e9, en passant par le stuc isol\u00e9.<\/p>\n<p>Les dimensions minimales et maximales d\u2019une porte sectionnelle l-doornassau 9000G sont les suivantes :<\/p>\n<ul>\n<li>Largeur : min. 1600 mm &#8211; max. 7000 mm (sous r\u00e9serve d\u2019agr\u00e9ment technique)<\/li>\n<li>Hauteur : min. 1500 mm &#8211; max. 5000 mm (sous r\u00e9serve d\u2019agr\u00e9ment technique)<\/li>\n<\/ul>\n<p>Autres dimensions disponibles sur demande.<\/p>\t\t\t\t\t\t\t\t<\/div>\n\t\t\t\t<\/div>\n\t\t\t\t<\/div>\n\t\t\t\t<\/div>\n\t\t\t\t<\/div>\n\t\t<div class=\"elementor-element elementor-element-4eee953 e-con-full e-flex e-con e-parent\" data-id=\"4eee953\" data-element_type=\"container\">\n\t\t<div class=\"elementor-element elementor-element-40f9cb5 e-con-full container__m e-flex e-con e-child\" data-id=\"40f9cb5\" data-element_type=\"container\">\n\t\t\t\t<div class=\"elementor-element elementor-element-35ff587 elementor-widget elementor-widget-heading\" data-id=\"35ff587\" data-element_type=\"widget\" data-widget_type=\"heading.default\">\n\t\t\t\t<div class=\"elementor-widget-container\">\n\t\t\t\t\t<h2 class=\"elementor-heading-title elementor-size-default\">Qualit\u00e9s principales :<\/h2>\t\t\t\t<\/div>\n\t\t\t\t<\/div>\n\t\t<div class=\"elementor-element elementor-element-9806075 e-con-full e-flex e-con e-child\" data-id=\"9806075\" data-element_type=\"container\">\n\t\t\t\t<div class=\"elementor-element elementor-element-1ec23fb elementor-align-left elementor-icon-list--layout-traditional elementor-list-item-link-full_width elementor-widget elementor-widget-icon-list\" data-id=\"1ec23fb\" data-element_type=\"widget\" data-widget_type=\"icon-list.default\">\n\t\t\t\t<div class=\"elementor-widget-container\">\n\t\t\t\t\t\t\t<ul class=\"elementor-icon-list-items\">\n\t\t\t\t\t\t\t<li class=\"elementor-icon-list-item\">\n\t\t\t\t\t\t\t\t\t\t\t<span class=\"elementor-icon-list-icon\">\n\t\t\t\t\t\t\t<svg xmlns=\"http:\/\/www.w3.org\/2000\/svg\" width=\"52\" height=\"52\" viewBox=\"0 0 52 52\" fill=\"none\"><path d=\"M50.1313 10.8063C49.8063 10.4813 49.3187 10.4813 48.9937 10.8063L18.525 40.3L3.00625 25.2688C2.68125 24.9438 2.19375 24.9438 1.86875 25.2688C1.54375 25.5938 1.54375 26.0812 1.86875 26.4062L17.3875 41.5187C17.7125 41.8437 18.1187 42.0063 18.525 42.0063C18.9312 42.0063 19.3375 41.8437 19.6625 41.5187L50.1313 11.9437C50.4563 11.6187 50.4563 11.05 50.1313 10.8063Z\" fill=\"#1B7D88\"><\/path><\/svg>\t\t\t\t\t\t<\/span>\n\t\t\t\t\t\t\t\t\t\t<span class=\"elementor-icon-list-text\">Luminosit\u00e9 maximale<\/span>\n\t\t\t\t\t\t\t\t\t<\/li>\n\t\t\t\t\t\t\t\t<li class=\"elementor-icon-list-item\">\n\t\t\t\t\t\t\t\t\t\t\t<span class=\"elementor-icon-list-icon\">\n\t\t\t\t\t\t\t<svg xmlns=\"http:\/\/www.w3.org\/2000\/svg\" width=\"52\" height=\"52\" viewBox=\"0 0 52 52\" fill=\"none\"><path d=\"M50.1313 10.8063C49.8063 10.4813 49.3187 10.4813 48.9937 10.8063L18.525 40.3L3.00625 25.2688C2.68125 24.9438 2.19375 24.9438 1.86875 25.2688C1.54375 25.5938 1.54375 26.0812 1.86875 26.4062L17.3875 41.5187C17.7125 41.8437 18.1187 42.0063 18.525 42.0063C18.9312 42.0063 19.3375 41.8437 19.6625 41.5187L50.1313 11.9437C50.4563 11.6187 50.4563 11.05 50.1313 10.8063Z\" fill=\"#1B7D88\"><\/path><\/svg>\t\t\t\t\t\t<\/span>\n\t\t\t\t\t\t\t\t\t\t<span class=\"elementor-icon-list-text\">Personnalisation totale<\/span>\n\t\t\t\t\t\t\t\t\t<\/li>\n\t\t\t\t\t\t\t\t<li class=\"elementor-icon-list-item\">\n\t\t\t\t\t\t\t\t\t\t\t<span class=\"elementor-icon-list-icon\">\n\t\t\t\t\t\t\t<svg xmlns=\"http:\/\/www.w3.org\/2000\/svg\" width=\"52\" height=\"52\" viewBox=\"0 0 52 52\" fill=\"none\"><path d=\"M50.1313 10.8063C49.8063 10.4813 49.3187 10.4813 48.9937 10.8063L18.525 40.3L3.00625 25.2688C2.68125 24.9438 2.19375 24.9438 1.86875 25.2688C1.54375 25.5938 1.54375 26.0812 1.86875 26.4062L17.3875 41.5187C17.7125 41.8437 18.1187 42.0063 18.525 42.0063C18.9312 42.0063 19.3375 41.8437 19.6625 41.5187L50.1313 11.9437C50.4563 11.6187 50.4563 11.05 50.1313 10.8063Z\" fill=\"#1B7D88\"><\/path><\/svg>\t\t\t\t\t\t<\/span>\n\t\t\t\t\t\t\t\t\t\t<span class=\"elementor-icon-list-text\">Design \u00e9l\u00e9gant avec des profil\u00e9s de fen\u00eatre extr\u00eamement fins<\/span>\n\t\t\t\t\t\t\t\t\t<\/li>\n\t\t\t\t\t\t<\/ul>\n\t\t\t\t\t\t<\/div>\n\t\t\t\t<\/div>\n\t\t\t\t<div class=\"elementor-element elementor-element-1bc72b2 elementor-align-left elementor-icon-list--layout-traditional elementor-list-item-link-full_width elementor-widget elementor-widget-icon-list\" data-id=\"1bc72b2\" data-element_type=\"widget\" data-widget_type=\"icon-list.default\">\n\t\t\t\t<div class=\"elementor-widget-container\">\n\t\t\t\t\t\t\t<ul class=\"elementor-icon-list-items\">\n\t\t\t\t\t\t\t<li class=\"elementor-icon-list-item\">\n\t\t\t\t\t\t\t\t\t\t\t<span class=\"elementor-icon-list-icon\">\n\t\t\t\t\t\t\t<svg xmlns=\"http:\/\/www.w3.org\/2000\/svg\" width=\"52\" height=\"52\" viewBox=\"0 0 52 52\" fill=\"none\"><path d=\"M50.1313 10.8063C49.8063 10.4813 49.3187 10.4813 48.9937 10.8063L18.525 40.3L3.00625 25.2688C2.68125 24.9438 2.19375 24.9438 1.86875 25.2688C1.54375 25.5938 1.54375 26.0812 1.86875 26.4062L17.3875 41.5187C17.7125 41.8437 18.1187 42.0063 18.525 42.0063C18.9312 42.0063 19.3375 41.8437 19.6625 41.5187L50.1313 11.9437C50.4563 11.6187 50.4563 11.05 50.1313 10.8063Z\" fill=\"#1B7D88\"><\/path><\/svg>\t\t\t\t\t\t<\/span>\n\t\t\t\t\t\t\t\t\t\t<span class=\"elementor-icon-list-text\">Facile \u00e0 entretenir<\/span>\n\t\t\t\t\t\t\t\t\t<\/li>\n\t\t\t\t\t\t\t\t<li class=\"elementor-icon-list-item\">\n\t\t\t\t\t\t\t\t\t\t\t<span class=\"elementor-icon-list-icon\">\n\t\t\t\t\t\t\t<svg xmlns=\"http:\/\/www.w3.org\/2000\/svg\" width=\"52\" height=\"52\" viewBox=\"0 0 52 52\" fill=\"none\"><path d=\"M50.1313 10.8063C49.8063 10.4813 49.3187 10.4813 48.9937 10.8063L18.525 40.3L3.00625 25.2688C2.68125 24.9438 2.19375 24.9438 1.86875 25.2688C1.54375 25.5938 1.54375 26.0812 1.86875 26.4062L17.3875 41.5187C17.7125 41.8437 18.1187 42.0063 18.525 42.0063C18.9312 42.0063 19.3375 41.8437 19.6625 41.5187L50.1313 11.9437C50.4563 11.6187 50.4563 11.05 50.1313 10.8063Z\" fill=\"#1B7D88\"><\/path><\/svg>\t\t\t\t\t\t<\/span>\n\t\t\t\t\t\t\t\t\t\t<span class=\"elementor-icon-list-text\">Longue dur\u00e9e de vie<\/span>\n\t\t\t\t\t\t\t\t\t<\/li>\n\t\t\t\t\t\t\t\t<li class=\"elementor-icon-list-item\">\n\t\t\t\t\t\t\t\t\t\t\t<span class=\"elementor-icon-list-icon\">\n\t\t\t\t\t\t\t<svg xmlns=\"http:\/\/www.w3.org\/2000\/svg\" width=\"52\" height=\"52\" viewBox=\"0 0 52 52\" fill=\"none\"><path d=\"M50.1313 10.8063C49.8063 10.4813 49.3187 10.4813 48.9937 10.8063L18.525 40.3L3.00625 25.2688C2.68125 24.9438 2.19375 24.9438 1.86875 25.2688C1.54375 25.5938 1.54375 26.0812 1.86875 26.4062L17.3875 41.5187C17.7125 41.8437 18.1187 42.0063 18.525 42.0063C18.9312 42.0063 19.3375 41.8437 19.6625 41.5187L50.1313 11.9437C50.4563 11.6187 50.4563 11.05 50.1313 10.8063Z\" fill=\"#1B7D88\"><\/path><\/svg>\t\t\t\t\t\t<\/span>\n\t\t\t\t\t\t\t\t\t\t<span class=\"elementor-icon-list-text\">Conforme \u00e0 la norme europ\u00e9enne EN 13241-1<\/span>\n\t\t\t\t\t\t\t\t\t<\/li>\n\t\t\t\t\t\t<\/ul>\n\t\t\t\t\t\t<\/div>\n\t\t\t\t<\/div>\n\t\t\t\t<\/div>\n\t\t\t\t<\/div>\n\t\t\t\t<\/div>\n\t\t<div class=\"elementor-element elementor-element-902ad8f e-con-full e-flex e-con e-parent\" data-id=\"902ad8f\" data-element_type=\"container\">\n\t\t<div class=\"elementor-element elementor-element-36cde35 e-con-full e-flex e-con e-child\" data-id=\"36cde35\" data-element_type=\"container\" data-settings=\"{&quot;background_background&quot;:&quot;classic&quot;}\">\n\t\t\t\t<\/div>\n\t\t<div class=\"elementor-element elementor-element-b7cfd82 e-con-full e-flex e-con e-child\" data-id=\"b7cfd82\" data-element_type=\"container\">\n\t\t<div class=\"elementor-element elementor-element-754a3fe e-con-full e-flex e-con e-child\" data-id=\"754a3fe\" data-element_type=\"container\" data-settings=\"{&quot;background_background&quot;:&quot;classic&quot;}\">\n\t\t\t\t<\/div>\n\t\t<div class=\"elementor-element elementor-element-bf6a10f e-con-full e-flex e-con e-child\" data-id=\"bf6a10f\" data-element_type=\"container\" data-settings=\"{&quot;background_background&quot;:&quot;classic&quot;}\">\n\t\t\t\t<\/div>\n\t\t\t\t<\/div>\n\t\t<div class=\"elementor-element elementor-element-692e914 e-con-full e-flex e-con e-child\" data-id=\"692e914\" data-element_type=\"container\" data-settings=\"{&quot;background_background&quot;:&quot;classic&quot;}\">\n\t\t\t\t<\/div>\n\t\t\t\t<\/div>\n\t\t<div class=\"elementor-element elementor-element-00a5f36 e-con-full e-flex e-con e-parent\" data-id=\"00a5f36\" data-element_type=\"container\" data-settings=\"{&quot;background_background&quot;:&quot;classic&quot;}\">\n\t\t<div class=\"elementor-element elementor-element-865be2a e-con-full container__xl e-flex e-con e-child\" data-id=\"865be2a\" data-element_type=\"container\">\n\t\t<div class=\"elementor-element elementor-element-47947b8 e-con-full e-flex e-con e-child\" data-id=\"47947b8\" data-element_type=\"container\">\n\t\t\t\t<div class=\"elementor-element elementor-element-9f7080b elementor-widget elementor-widget-heading\" data-id=\"9f7080b\" data-element_type=\"widget\" data-widget_type=\"heading.default\">\n\t\t\t\t<div class=\"elementor-widget-container\">\n\t\t\t\t\t<h2 class=\"elementor-heading-title elementor-size-default\">Prenez rendez-vous ou envoyez-nous un e-mail<\/h2>\t\t\t\t<\/div>\n\t\t\t\t<\/div>\n\t\t\t\t<\/div>\n\t\t<div class=\"elementor-element elementor-element-1b2dcd8 e-con-full e-flex e-con e-child\" data-id=\"1b2dcd8\" data-element_type=\"container\">\n\t\t\t\t<div class=\"elementor-element elementor-element-417c118 elementor-widget elementor-widget-button\" data-id=\"417c118\" data-element_type=\"widget\" data-widget_type=\"button.default\">\n\t\t\t\t<div class=\"elementor-widget-container\">\n\t\t\t\t\t\t\t\t\t<div class=\"elementor-button-wrapper\">\n\t\t\t\t\t<a class=\"elementor-button elementor-button-link elementor-size-sm\" href=\"https:\/\/l-doornassau.be\/fr\/contact\/\">\n\t\t\t\t\t\t<span class=\"elementor-button-content-wrapper\">\n\t\t\t\t\t\t\t\t\t<span class=\"elementor-button-text\">Contactez nous<\/span>\n\t\t\t\t\t<\/span>\n\t\t\t\t\t<\/a>\n\t\t\t\t<\/div>\n\t\t\t\t\t\t\t\t<\/div>\n\t\t\t\t<\/div>\n\t\t\t\t<\/div>\n\t\t\t\t<\/div>\n\t\t\t\t<\/div>\n\t\t\t\t<\/div>\n\t\t","protected":false},"excerpt":{"rendered":"<p>L-doornassau 9000G :la porte de garage vitr\u00e9e haut de gamme La porte sectionnelle l-doornassau 9000G est une solution sur mesure, certifi\u00e9e CE, dot\u00e9e de sections enti\u00e8rement vitr\u00e9es sur toute sa largeur. Id\u00e9ale pour les environnements n\u00e9cessitant un maximum de lumi\u00e8re naturelle, elle est particuli\u00e8rement adapt\u00e9e aux salles d\u2019exposition et aux b\u00e2timents industriels, transformant ces espaces [&hellip;]<\/p>\n","protected":false},"author":27,"featured_media":0,"parent":19963,"menu_order":0,"comment_status":"closed","ping_status":"closed","template":"elementor_header_footer","meta":{"_acf_changed":false,"footnotes":""},"class_list":["post-19980","page","type-page","status-publish","hentry"],"acf":[],"_links":{"self":[{"href":"https:\/\/l-doornassau.be\/fr\/wp-json\/wp\/v2\/pages\/19980","targetHints":{"allow":["GET"]}}],"collection":[{"href":"https:\/\/l-doornassau.be\/fr\/wp-json\/wp\/v2\/pages"}],"about":[{"href":"https:\/\/l-doornassau.be\/fr\/wp-json\/wp\/v2\/types\/page"}],"author":[{"embeddable":true,"href":"https:\/\/l-doornassau.be\/fr\/wp-json\/wp\/v2\/users\/27"}],"replies":[{"embeddable":true,"href":"https:\/\/l-doornassau.be\/fr\/wp-json\/wp\/v2\/comments?post=19980"}],"version-history":[{"count":5,"href":"https:\/\/l-doornassau.be\/fr\/wp-json\/wp\/v2\/pages\/19980\/revisions"}],"predecessor-version":[{"id":20198,"href":"https:\/\/l-doornassau.be\/fr\/wp-json\/wp\/v2\/pages\/19980\/revisions\/20198"}],"up":[{"embeddable":true,"href":"https:\/\/l-doornassau.be\/fr\/wp-json\/wp\/v2\/pages\/19963"}],"wp:attachment":[{"href":"https:\/\/l-doornassau.be\/fr\/wp-json\/wp\/v2\/media?parent=19980"}],"curies":[{"name":"wp","href":"https:\/\/api.w.org\/{rel}","templated":true}]}}