{"id":19986,"date":"2024-10-24T09:28:47","date_gmt":"2024-10-24T08:28:47","guid":{"rendered":"https:\/\/l-doornassau.be\/portes-sectionnelles\/st1\/"},"modified":"2025-04-09T13:58:08","modified_gmt":"2025-04-09T12:58:08","slug":"st1","status":"publish","type":"page","link":"https:\/\/l-doornassau.be\/fr\/portes-sectionnelles\/st1\/","title":{"rendered":"ST1"},"content":{"rendered":"\t\t<div data-elementor-type=\"wp-page\" data-elementor-id=\"19986\" class=\"elementor elementor-19986 elementor-16627\" data-elementor-post-type=\"page\">\n\t\t\t\t<div class=\"elementor-element elementor-element-b164166 e-con-full residentieel e-flex e-con e-parent\" data-id=\"b164166\" data-element_type=\"container\" data-settings=\"{&quot;background_background&quot;:&quot;classic&quot;}\">\n\t\t<div class=\"elementor-element elementor-element-2ebbbfe e-con-full container__xl e-flex e-con e-child\" data-id=\"2ebbbfe\" data-element_type=\"container\">\n\t\t<div class=\"elementor-element elementor-element-d0db789 e-con-full e-flex e-con e-child\" data-id=\"d0db789\" data-element_type=\"container\">\n\t\t\t\t<div class=\"elementor-element elementor-element-ea1f162 elementor-widget elementor-widget-heading\" data-id=\"ea1f162\" data-element_type=\"widget\" data-widget_type=\"heading.default\">\n\t\t\t\t<div class=\"elementor-widget-container\">\n\t\t\t\t\t<h1 class=\"elementor-heading-title elementor-size-default\">Porte sectionnelle l-doornassau ST1<\/h1>\t\t\t\t<\/div>\n\t\t\t\t<\/div>\n\t\t\t\t<div class=\"elementor-element elementor-element-37141a1 elementor-widget elementor-widget-text-editor\" data-id=\"37141a1\" data-element_type=\"widget\" data-widget_type=\"text-editor.default\">\n\t\t\t\t<div class=\"elementor-widget-container\">\n\t\t\t\t\t\t\t\t\t<p>La porte sectionnelle ST1 de l-doornassau est compos\u00e9e de panneaux sandwichs avec protection anti-pince-doigts, int\u00e9grant une double paroi en acier galvanis\u00e9 remplie de mousse polyur\u00e9thane.<\/p>\t\t\t\t\t\t\t\t<\/div>\n\t\t\t\t<\/div>\n\t\t\t\t<div class=\"elementor-element elementor-element-15d640c elementor-widget elementor-widget-button\" data-id=\"15d640c\" data-element_type=\"widget\" data-widget_type=\"button.default\">\n\t\t\t\t<div class=\"elementor-widget-container\">\n\t\t\t\t\t\t\t\t\t<div class=\"elementor-button-wrapper\">\n\t\t\t\t\t<a class=\"elementor-button elementor-button-link elementor-size-sm\" href=\"https:\/\/l-doornassau.be\/fr\/devis\/\">\n\t\t\t\t\t\t<span class=\"elementor-button-content-wrapper\">\n\t\t\t\t\t\t\t\t\t<span class=\"elementor-button-text\">Demander un devis<\/span>\n\t\t\t\t\t<\/span>\n\t\t\t\t\t<\/a>\n\t\t\t\t<\/div>\n\t\t\t\t\t\t\t\t<\/div>\n\t\t\t\t<\/div>\n\t\t\t\t<\/div>\n\t\t\t\t<\/div>\n\t\t<div class=\"elementor-element elementor-element-8c150a5 e-con-full hero__image e-flex e-con e-child\" data-id=\"8c150a5\" data-element_type=\"container\" data-settings=\"{&quot;background_background&quot;:&quot;classic&quot;}\">\n\t\t\t\t<\/div>\n\t\t\t\t<\/div>\n\t\t<div class=\"elementor-element elementor-element-04b8ae4 e-con-full e-flex e-con e-parent\" data-id=\"04b8ae4\" data-element_type=\"container\" data-settings=\"{&quot;background_background&quot;:&quot;classic&quot;}\">\n\t\t<div class=\"elementor-element elementor-element-3215180 e-con-full container__xl e-flex e-con e-child\" data-id=\"3215180\" data-element_type=\"container\">\n\t\t<div class=\"elementor-element elementor-element-687626b e-con-full e-flex e-con e-child\" data-id=\"687626b\" data-element_type=\"container\">\n\t\t\t\t<div class=\"elementor-element elementor-element-a61851f elementor-widget elementor-widget-image\" data-id=\"a61851f\" data-element_type=\"widget\" data-widget_type=\"image.default\">\n\t\t\t\t<div class=\"elementor-widget-container\">\n\t\t\t\t\t\t\t\t\t\t\t\t\t\t\t<img fetchpriority=\"high\" decoding=\"async\" width=\"800\" height=\"533\" src=\"https:\/\/l-doornassau.be\/wp-content\/uploads\/2024\/11\/project9-3-1024x682.jpg\" class=\"attachment-large size-large wp-image-19868\" alt=\"\" srcset=\"https:\/\/l-doornassau.be\/wp-content\/uploads\/2024\/11\/project9-3-1024x682.jpg 1024w, https:\/\/l-doornassau.be\/wp-content\/uploads\/2024\/11\/project9-3-300x200.jpg 300w, https:\/\/l-doornassau.be\/wp-content\/uploads\/2024\/11\/project9-3-768x511.jpg 768w, https:\/\/l-doornassau.be\/wp-content\/uploads\/2024\/11\/project9-3-1536x1023.jpg 1536w, https:\/\/l-doornassau.be\/wp-content\/uploads\/2024\/11\/project9-3-600x399.jpg 600w, https:\/\/l-doornassau.be\/wp-content\/uploads\/2024\/11\/project9-3.jpg 1550w\" sizes=\"(max-width: 800px) 100vw, 800px\" \/>\t\t\t\t\t\t\t\t\t\t\t\t\t\t\t<\/div>\n\t\t\t\t<\/div>\n\t\t\t\t<\/div>\n\t\t<div class=\"elementor-element elementor-element-6740855 e-con-full e-flex e-con e-child\" data-id=\"6740855\" data-element_type=\"container\">\n\t\t\t\t<div class=\"elementor-element elementor-element-ce1af41 elementor-widget elementor-widget-text-editor\" data-id=\"ce1af41\" data-element_type=\"widget\" data-widget_type=\"text-editor.default\">\n\t\t\t\t<div class=\"elementor-widget-container\">\n\t\t\t\t\t\t\t\t\t<p>Gr\u00e2ce \u00e0 ses profil\u00e9s d\u2019\u00e9tanch\u00e9it\u00e9 en caoutchouc plac\u00e9s tout autour et entre les panneaux, la porte sectionnelle ST1 limite efficacement les \u00e9changes thermiques, r\u00e9duisant ainsi les pertes de chaleur et garantissant une valeur U de 0,5 W\/m\u00b2K<\/p><p>Cette porte sectionnelle est disponible en 11 couleurs standard et peut \u00eatre \u00e9quip\u00e9e des options suivantes :<br><br><\/p><ul><li>section compl\u00e8te avec fen\u00eatres rectangulaires s\u00e9par\u00e9es (680 x 373 mm)<\/li><li>section compl\u00e8te avec fen\u00eatres rectangulaires s\u00e9par\u00e9es avec coins arrondis (663 x 343 mm)<\/li><li>section vitr\u00e9e compl\u00e8te avec profil\u00e9s verticaux<\/li><li>portillon int\u00e9gr\u00e9<\/li><\/ul>\t\t\t\t\t\t\t\t<\/div>\n\t\t\t\t<\/div>\n\t\t\t\t<\/div>\n\t\t\t\t<\/div>\n\t\t\t\t<\/div>\n\t\t<div class=\"elementor-element elementor-element-902ad8f e-con-full e-flex e-con e-parent\" data-id=\"902ad8f\" data-element_type=\"container\">\n\t\t<div class=\"elementor-element elementor-element-36cde35 e-con-full e-flex e-con e-child\" data-id=\"36cde35\" data-element_type=\"container\" data-settings=\"{&quot;background_background&quot;:&quot;classic&quot;}\">\n\t\t\t\t<\/div>\n\t\t<div class=\"elementor-element elementor-element-b7cfd82 e-con-full e-flex e-con e-child\" data-id=\"b7cfd82\" data-element_type=\"container\">\n\t\t<div class=\"elementor-element elementor-element-754a3fe e-con-full e-flex e-con e-child\" data-id=\"754a3fe\" data-element_type=\"container\" data-settings=\"{&quot;background_background&quot;:&quot;classic&quot;}\">\n\t\t\t\t<\/div>\n\t\t<div class=\"elementor-element elementor-element-bf6a10f e-con-full e-flex e-con e-child\" data-id=\"bf6a10f\" data-element_type=\"container\" data-settings=\"{&quot;background_background&quot;:&quot;classic&quot;}\">\n\t\t\t\t<\/div>\n\t\t\t\t<\/div>\n\t\t<div class=\"elementor-element elementor-element-692e914 e-con-full e-flex e-con e-child\" data-id=\"692e914\" data-element_type=\"container\" data-settings=\"{&quot;background_background&quot;:&quot;classic&quot;}\">\n\t\t\t\t<\/div>\n\t\t\t\t<\/div>\n\t\t<div class=\"elementor-element elementor-element-eff7b3b e-con-full e-flex e-con e-parent\" data-id=\"eff7b3b\" data-element_type=\"container\" data-settings=\"{&quot;background_background&quot;:&quot;classic&quot;}\">\n\t\t<div class=\"elementor-element elementor-element-2956a33 e-con-full container__xl e-flex e-con e-child\" data-id=\"2956a33\" data-element_type=\"container\">\n\t\t<div class=\"elementor-element elementor-element-6454254 e-con-full e-flex e-con e-child\" data-id=\"6454254\" data-element_type=\"container\">\n\t\t\t\t<div class=\"elementor-element elementor-element-8517999 elementor-widget elementor-widget-heading\" data-id=\"8517999\" data-element_type=\"widget\" data-widget_type=\"heading.default\">\n\t\t\t\t<div class=\"elementor-widget-container\">\n\t\t\t\t\t<h2 class=\"elementor-heading-title elementor-size-default\">Prenez rendez-vous ou envoyez-nous un e-mail<\/h2>\t\t\t\t<\/div>\n\t\t\t\t<\/div>\n\t\t\t\t<\/div>\n\t\t<div class=\"elementor-element elementor-element-093085d e-con-full e-flex e-con e-child\" data-id=\"093085d\" data-element_type=\"container\">\n\t\t\t\t<div class=\"elementor-element elementor-element-a114ae5 elementor-widget elementor-widget-button\" data-id=\"a114ae5\" data-element_type=\"widget\" data-widget_type=\"button.default\">\n\t\t\t\t<div class=\"elementor-widget-container\">\n\t\t\t\t\t\t\t\t\t<div class=\"elementor-button-wrapper\">\n\t\t\t\t\t<a class=\"elementor-button elementor-button-link elementor-size-sm\" href=\"https:\/\/l-doornassau.be\/fr\/contact\/\">\n\t\t\t\t\t\t<span class=\"elementor-button-content-wrapper\">\n\t\t\t\t\t\t\t\t\t<span class=\"elementor-button-text\">Contactez nous<\/span>\n\t\t\t\t\t<\/span>\n\t\t\t\t\t<\/a>\n\t\t\t\t<\/div>\n\t\t\t\t\t\t\t\t<\/div>\n\t\t\t\t<\/div>\n\t\t\t\t<\/div>\n\t\t\t\t<\/div>\n\t\t\t\t<\/div>\n\t\t\t\t<\/div>\n\t\t","protected":false},"excerpt":{"rendered":"<p>Porte sectionnelle l-doornassau ST1 La porte sectionnelle ST1 de l-doornassau est compos\u00e9e de panneaux sandwichs avec protection anti-pince-doigts, int\u00e9grant une double paroi en acier galvanis\u00e9 remplie de mousse polyur\u00e9thane. Demander un devis Gr\u00e2ce \u00e0 ses profil\u00e9s d\u2019\u00e9tanch\u00e9it\u00e9 en caoutchouc plac\u00e9s tout autour et entre les panneaux, la porte sectionnelle ST1 limite efficacement les \u00e9changes thermiques, [&hellip;]<\/p>\n","protected":false},"author":27,"featured_media":0,"parent":19963,"menu_order":0,"comment_status":"closed","ping_status":"closed","template":"elementor_header_footer","meta":{"_acf_changed":false,"footnotes":""},"class_list":["post-19986","page","type-page","status-publish","hentry"],"acf":[],"_links":{"self":[{"href":"https:\/\/l-doornassau.be\/fr\/wp-json\/wp\/v2\/pages\/19986","targetHints":{"allow":["GET"]}}],"collection":[{"href":"https:\/\/l-doornassau.be\/fr\/wp-json\/wp\/v2\/pages"}],"about":[{"href":"https:\/\/l-doornassau.be\/fr\/wp-json\/wp\/v2\/types\/page"}],"author":[{"embeddable":true,"href":"https:\/\/l-doornassau.be\/fr\/wp-json\/wp\/v2\/users\/27"}],"replies":[{"embeddable":true,"href":"https:\/\/l-doornassau.be\/fr\/wp-json\/wp\/v2\/comments?post=19986"}],"version-history":[{"count":5,"href":"https:\/\/l-doornassau.be\/fr\/wp-json\/wp\/v2\/pages\/19986\/revisions"}],"predecessor-version":[{"id":20222,"href":"https:\/\/l-doornassau.be\/fr\/wp-json\/wp\/v2\/pages\/19986\/revisions\/20222"}],"up":[{"embeddable":true,"href":"https:\/\/l-doornassau.be\/fr\/wp-json\/wp\/v2\/pages\/19963"}],"wp:attachment":[{"href":"https:\/\/l-doornassau.be\/fr\/wp-json\/wp\/v2\/media?parent=19986"}],"curies":[{"name":"wp","href":"https:\/\/api.w.org\/{rel}","templated":true}]}}