{"id":20004,"date":"2024-10-24T20:33:47","date_gmt":"2024-10-24T19:33:47","guid":{"rendered":"https:\/\/l-doornassau.be\/portillons-independants\/portillon-alu\/"},"modified":"2025-04-09T14:13:08","modified_gmt":"2025-04-09T13:13:08","slug":"portillon-alu","status":"publish","type":"page","link":"https:\/\/l-doornassau.be\/fr\/portillons-independants\/portillon-alu\/","title":{"rendered":"Portillon alu"},"content":{"rendered":"\t\t<div data-elementor-type=\"wp-page\" data-elementor-id=\"20004\" class=\"elementor elementor-20004 elementor-17084\" data-elementor-post-type=\"page\">\n\t\t\t\t<div class=\"elementor-element elementor-element-855c292 e-con-full residentieel e-flex e-con e-parent\" data-id=\"855c292\" data-element_type=\"container\" data-settings=\"{&quot;background_background&quot;:&quot;classic&quot;}\">\n\t\t<div class=\"elementor-element elementor-element-662c40a e-con-full container__xl e-flex e-con e-child\" data-id=\"662c40a\" data-element_type=\"container\">\n\t\t<div class=\"elementor-element elementor-element-4c20855 e-con-full e-flex e-con e-child\" data-id=\"4c20855\" data-element_type=\"container\">\n\t\t\t\t<div class=\"elementor-element elementor-element-1225c07 elementor-widget elementor-widget-heading\" data-id=\"1225c07\" data-element_type=\"widget\" data-widget_type=\"heading.default\">\n\t\t\t\t<div class=\"elementor-widget-container\">\n\t\t\t\t\t<h1 class=\"elementor-heading-title elementor-size-default\">Portillon alu<\/h1>\t\t\t\t<\/div>\n\t\t\t\t<\/div>\n\t\t\t\t<div class=\"elementor-element elementor-element-a3ba95f elementor-widget elementor-widget-text-editor\" data-id=\"a3ba95f\" data-element_type=\"widget\" data-widget_type=\"text-editor.default\">\n\t\t\t\t<div class=\"elementor-widget-container\">\n\t\t\t\t\t\t\t\t\t<p>Un syst\u00e8me de profil\u00e9s en aluminium de haute qualit\u00e9<\/p>\t\t\t\t\t\t\t\t<\/div>\n\t\t\t\t<\/div>\n\t\t\t\t<div class=\"elementor-element elementor-element-2b3fd61 elementor-widget elementor-widget-button\" data-id=\"2b3fd61\" data-element_type=\"widget\" data-widget_type=\"button.default\">\n\t\t\t\t<div class=\"elementor-widget-container\">\n\t\t\t\t\t\t\t\t\t<div class=\"elementor-button-wrapper\">\n\t\t\t\t\t<a class=\"elementor-button elementor-button-link elementor-size-sm\" href=\"https:\/\/l-doornassau.be\/fr\/devis\/\">\n\t\t\t\t\t\t<span class=\"elementor-button-content-wrapper\">\n\t\t\t\t\t\t\t\t\t<span class=\"elementor-button-text\">Demander un devis<\/span>\n\t\t\t\t\t<\/span>\n\t\t\t\t\t<\/a>\n\t\t\t\t<\/div>\n\t\t\t\t\t\t\t\t<\/div>\n\t\t\t\t<\/div>\n\t\t\t\t<\/div>\n\t\t\t\t<\/div>\n\t\t<div class=\"elementor-element elementor-element-67cf556 e-con-full hero__image e-flex e-con e-child\" data-id=\"67cf556\" data-element_type=\"container\" data-settings=\"{&quot;background_background&quot;:&quot;classic&quot;}\">\n\t\t\t\t<\/div>\n\t\t\t\t<\/div>\n\t\t<div class=\"elementor-element elementor-element-59e74ac e-con-full e-flex e-con e-parent\" data-id=\"59e74ac\" data-element_type=\"container\" data-settings=\"{&quot;background_background&quot;:&quot;classic&quot;}\">\n\t\t<div class=\"elementor-element elementor-element-f937960 e-con-full container__xl e-flex e-con e-child\" data-id=\"f937960\" data-element_type=\"container\">\n\t\t<div class=\"elementor-element elementor-element-47f3b5c e-con-full e-flex e-con e-child\" data-id=\"47f3b5c\" data-element_type=\"container\">\n\t\t\t\t<div class=\"elementor-element elementor-element-547f4dd elementor-widget elementor-widget-image\" data-id=\"547f4dd\" data-element_type=\"widget\" data-widget_type=\"image.default\">\n\t\t\t\t<div class=\"elementor-widget-container\">\n\t\t\t\t\t\t\t\t\t\t\t\t\t\t\t<img fetchpriority=\"high\" decoding=\"async\" width=\"686\" height=\"1024\" src=\"https:\/\/l-doornassau.be\/wp-content\/uploads\/2024\/11\/DSC02163-alu-686x1024.jpg\" class=\"attachment-large size-large wp-image-19911\" alt=\"\" srcset=\"https:\/\/l-doornassau.be\/wp-content\/uploads\/2024\/11\/DSC02163-alu-686x1024.jpg 686w, https:\/\/l-doornassau.be\/wp-content\/uploads\/2024\/11\/DSC02163-alu-201x300.jpg 201w, https:\/\/l-doornassau.be\/wp-content\/uploads\/2024\/11\/DSC02163-alu-768x1147.jpg 768w, https:\/\/l-doornassau.be\/wp-content\/uploads\/2024\/11\/DSC02163-alu-1029x1536.jpg 1029w, https:\/\/l-doornassau.be\/wp-content\/uploads\/2024\/11\/DSC02163-alu-600x896.jpg 600w, https:\/\/l-doornassau.be\/wp-content\/uploads\/2024\/11\/DSC02163-alu.jpg 1038w\" sizes=\"(max-width: 686px) 100vw, 686px\" \/>\t\t\t\t\t\t\t\t\t\t\t\t\t\t\t<\/div>\n\t\t\t\t<\/div>\n\t\t\t\t<\/div>\n\t\t<div class=\"elementor-element elementor-element-3d92a25 e-con-full e-flex e-con e-child\" data-id=\"3d92a25\" data-element_type=\"container\">\n\t\t\t\t<div class=\"elementor-element elementor-element-917671f elementor-widget elementor-widget-text-editor\" data-id=\"917671f\" data-element_type=\"widget\" data-widget_type=\"text-editor.default\">\n\t\t\t\t<div class=\"elementor-widget-container\">\n\t\t\t\t\t\t\t\t\t<p>Notre portillon ALU associe un syst\u00e8me de profil\u00e9s en aluminium premium aux panneaux isolants NASSAU ou \u00e0 des remplissages en aluminium et\/ou en verre. Le r\u00e9sultat : un portillon en aluminium \u00e0 la fois l\u00e9ger et robuste, parfaitement adapt\u00e9 aux environnements professionnels et industriels. <\/p>\t\t\t\t\t\t\t\t<\/div>\n\t\t\t\t<\/div>\n\t\t\t\t<\/div>\n\t\t\t\t<\/div>\n\t\t\t\t<\/div>\n\t\t<div class=\"elementor-element elementor-element-b10402c e-con-full e-flex e-con e-parent\" data-id=\"b10402c\" data-element_type=\"container\">\n\t\t<div class=\"elementor-element elementor-element-4eb109f e-con-full container__m e-flex e-con e-child\" data-id=\"4eb109f\" data-element_type=\"container\">\n\t\t\t\t<div class=\"elementor-element elementor-element-2d9a99a elementor-widget elementor-widget-heading\" data-id=\"2d9a99a\" data-element_type=\"widget\" data-widget_type=\"heading.default\">\n\t\t\t\t<div class=\"elementor-widget-container\">\n\t\t\t\t\t<h2 class=\"elementor-heading-title elementor-size-default\">Le portillon ALU de l-doornassau : une solution de qualit\u00e9 avec de nombreux avantages.<\/h2>\t\t\t\t<\/div>\n\t\t\t\t<\/div>\n\t\t\t\t<\/div>\n\t\t<div class=\"elementor-element elementor-element-90f347e e-con-full container__m e-flex e-con e-child\" data-id=\"90f347e\" data-element_type=\"container\">\n\t\t<div class=\"elementor-element elementor-element-77d2579 e-con-full e-flex e-con e-child\" data-id=\"77d2579\" data-element_type=\"container\">\n\t\t\t\t<div class=\"elementor-element elementor-element-264ee78 elementor-align-left elementor-icon-list--layout-traditional elementor-list-item-link-full_width elementor-widget elementor-widget-icon-list\" data-id=\"264ee78\" data-element_type=\"widget\" data-widget_type=\"icon-list.default\">\n\t\t\t\t<div class=\"elementor-widget-container\">\n\t\t\t\t\t\t\t<ul class=\"elementor-icon-list-items\">\n\t\t\t\t\t\t\t<li class=\"elementor-icon-list-item\">\n\t\t\t\t\t\t\t\t\t\t\t<span class=\"elementor-icon-list-icon\">\n\t\t\t\t\t\t\t<svg xmlns=\"http:\/\/www.w3.org\/2000\/svg\" width=\"52\" height=\"52\" viewBox=\"0 0 52 52\" fill=\"none\"><path d=\"M50.1313 10.8063C49.8063 10.4813 49.3187 10.4813 48.9937 10.8063L18.525 40.3L3.00625 25.2688C2.68125 24.9438 2.19375 24.9438 1.86875 25.2688C1.54375 25.5938 1.54375 26.0812 1.86875 26.4062L17.3875 41.5187C17.7125 41.8437 18.1187 42.0063 18.525 42.0063C18.9312 42.0063 19.3375 41.8437 19.6625 41.5187L50.1313 11.9437C50.4563 11.6187 50.4563 11.05 50.1313 10.8063Z\" fill=\"#1B7D88\"><\/path><\/svg>\t\t\t\t\t\t<\/span>\n\t\t\t\t\t\t\t\t\t\t<span class=\"elementor-icon-list-text\">Fabrication sur mesure : chaque portillon est con\u00e7u aux dimensions exactes de l\u2019ouverture.<\/span>\n\t\t\t\t\t\t\t\t\t<\/li>\n\t\t\t\t\t\t\t\t<li class=\"elementor-icon-list-item\">\n\t\t\t\t\t\t\t\t\t\t\t<span class=\"elementor-icon-list-icon\">\n\t\t\t\t\t\t\t<svg xmlns=\"http:\/\/www.w3.org\/2000\/svg\" width=\"52\" height=\"52\" viewBox=\"0 0 52 52\" fill=\"none\"><path d=\"M50.1313 10.8063C49.8063 10.4813 49.3187 10.4813 48.9937 10.8063L18.525 40.3L3.00625 25.2688C2.68125 24.9438 2.19375 24.9438 1.86875 25.2688C1.54375 25.5938 1.54375 26.0812 1.86875 26.4062L17.3875 41.5187C17.7125 41.8437 18.1187 42.0063 18.525 42.0063C18.9312 42.0063 19.3375 41.8437 19.6625 41.5187L50.1313 11.9437C50.4563 11.6187 50.4563 11.05 50.1313 10.8063Z\" fill=\"#1B7D88\"><\/path><\/svg>\t\t\t\t\t\t<\/span>\n\t\t\t\t\t\t\t\t\t\t<span class=\"elementor-icon-list-text\">Syst\u00e8me de profil\u00e9 en aluminium sans rupture de pont thermique.<\/span>\n\t\t\t\t\t\t\t\t\t<\/li>\n\t\t\t\t\t\t\t\t<li class=\"elementor-icon-list-item\">\n\t\t\t\t\t\t\t\t\t\t\t<span class=\"elementor-icon-list-icon\">\n\t\t\t\t\t\t\t<svg xmlns=\"http:\/\/www.w3.org\/2000\/svg\" width=\"52\" height=\"52\" viewBox=\"0 0 52 52\" fill=\"none\"><path d=\"M50.1313 10.8063C49.8063 10.4813 49.3187 10.4813 48.9937 10.8063L18.525 40.3L3.00625 25.2688C2.68125 24.9438 2.19375 24.9438 1.86875 25.2688C1.54375 25.5938 1.54375 26.0812 1.86875 26.4062L17.3875 41.5187C17.7125 41.8437 18.1187 42.0063 18.525 42.0063C18.9312 42.0063 19.3375 41.8437 19.6625 41.5187L50.1313 11.9437C50.4563 11.6187 50.4563 11.05 50.1313 10.8063Z\" fill=\"#1B7D88\"><\/path><\/svg>\t\t\t\t\t\t<\/span>\n\t\t\t\t\t\t\t\t\t\t<span class=\"elementor-icon-list-text\">Joint de sol avec profil\u00e9 en caoutchouc garantissant une \u00e9tanch\u00e9it\u00e9 optimale.<\/span>\n\t\t\t\t\t\t\t\t\t<\/li>\n\t\t\t\t\t\t\t\t<li class=\"elementor-icon-list-item\">\n\t\t\t\t\t\t\t\t\t\t\t<span class=\"elementor-icon-list-icon\">\n\t\t\t\t\t\t\t<svg xmlns=\"http:\/\/www.w3.org\/2000\/svg\" width=\"52\" height=\"52\" viewBox=\"0 0 52 52\" fill=\"none\"><path d=\"M50.1313 10.8063C49.8063 10.4813 49.3187 10.4813 48.9937 10.8063L18.525 40.3L3.00625 25.2688C2.68125 24.9438 2.19375 24.9438 1.86875 25.2688C1.54375 25.5938 1.54375 26.0812 1.86875 26.4062L17.3875 41.5187C17.7125 41.8437 18.1187 42.0063 18.525 42.0063C18.9312 42.0063 19.3375 41.8437 19.6625 41.5187L50.1313 11.9437C50.4563 11.6187 50.4563 11.05 50.1313 10.8063Z\" fill=\"#1B7D88\"><\/path><\/svg>\t\t\t\t\t\t<\/span>\n\t\t\t\t\t\t\t\t\t\t<span class=\"elementor-icon-list-text\">Installation flexible : ouverture possible \u00e0 gauche ou \u00e0 droite, avec charni\u00e8res int\u00e9rieures ou ext\u00e9rieures.<\/span>\n\t\t\t\t\t\t\t\t\t<\/li>\n\t\t\t\t\t\t\t\t<li class=\"elementor-icon-list-item\">\n\t\t\t\t\t\t\t\t\t\t\t<span class=\"elementor-icon-list-icon\">\n\t\t\t\t\t\t\t<svg xmlns=\"http:\/\/www.w3.org\/2000\/svg\" width=\"52\" height=\"52\" viewBox=\"0 0 52 52\" fill=\"none\"><path d=\"M50.1313 10.8063C49.8063 10.4813 49.3187 10.4813 48.9937 10.8063L18.525 40.3L3.00625 25.2688C2.68125 24.9438 2.19375 24.9438 1.86875 25.2688C1.54375 25.5938 1.54375 26.0812 1.86875 26.4062L17.3875 41.5187C17.7125 41.8437 18.1187 42.0063 18.525 42.0063C18.9312 42.0063 19.3375 41.8437 19.6625 41.5187L50.1313 11.9437C50.4563 11.6187 50.4563 11.05 50.1313 10.8063Z\" fill=\"#1B7D88\"><\/path><\/svg>\t\t\t\t\t\t<\/span>\n\t\t\t\t\t\t\t\t\t\t<span class=\"elementor-icon-list-text\">Large choix de remplissages : panneaux pleins, remplissage en verre.<\/span>\n\t\t\t\t\t\t\t\t\t<\/li>\n\t\t\t\t\t\t\t\t<li class=\"elementor-icon-list-item\">\n\t\t\t\t\t\t\t\t\t\t\t<span class=\"elementor-icon-list-icon\">\n\t\t\t\t\t\t\t<svg xmlns=\"http:\/\/www.w3.org\/2000\/svg\" width=\"52\" height=\"52\" viewBox=\"0 0 52 52\" fill=\"none\"><path d=\"M50.1313 10.8063C49.8063 10.4813 49.3187 10.4813 48.9937 10.8063L18.525 40.3L3.00625 25.2688C2.68125 24.9438 2.19375 24.9438 1.86875 25.2688C1.54375 25.5938 1.54375 26.0812 1.86875 26.4062L17.3875 41.5187C17.7125 41.8437 18.1187 42.0063 18.525 42.0063C18.9312 42.0063 19.3375 41.8437 19.6625 41.5187L50.1313 11.9437C50.4563 11.6187 50.4563 11.05 50.1313 10.8063Z\" fill=\"#1B7D88\"><\/path><\/svg>\t\t\t\t\t\t<\/span>\n\t\t\t\t\t\t\t\t\t\t<span class=\"elementor-icon-list-text\">Harmonie parfaite avec la fa\u00e7ade, assurant une uniformit\u00e9 esth\u00e9tique avec la porte adjacente.<\/span>\n\t\t\t\t\t\t\t\t\t<\/li>\n\t\t\t\t\t\t\t\t<li class=\"elementor-icon-list-item\">\n\t\t\t\t\t\t\t\t\t\t\t<span class=\"elementor-icon-list-icon\">\n\t\t\t\t\t\t\t<svg xmlns=\"http:\/\/www.w3.org\/2000\/svg\" width=\"52\" height=\"52\" viewBox=\"0 0 52 52\" fill=\"none\"><path d=\"M50.1313 10.8063C49.8063 10.4813 49.3187 10.4813 48.9937 10.8063L18.525 40.3L3.00625 25.2688C2.68125 24.9438 2.19375 24.9438 1.86875 25.2688C1.54375 25.5938 1.54375 26.0812 1.86875 26.4062L17.3875 41.5187C17.7125 41.8437 18.1187 42.0063 18.525 42.0063C18.9312 42.0063 19.3375 41.8437 19.6625 41.5187L50.1313 11.9437C50.4563 11.6187 50.4563 11.05 50.1313 10.8063Z\" fill=\"#1B7D88\"><\/path><\/svg>\t\t\t\t\t\t<\/span>\n\t\t\t\t\t\t\t\t\t\t<span class=\"elementor-icon-list-text\">Syst\u00e8mes de fermeture vari\u00e9s : serrures et cylindres sp\u00e9ciaux, manivelles et barres anti-panique, serrure \u00e9lectrique, pompes de porte, cha\u00eene anti-panique, etc.<\/span>\n\t\t\t\t\t\t\t\t\t<\/li>\n\t\t\t\t\t\t<\/ul>\n\t\t\t\t\t\t<\/div>\n\t\t\t\t<\/div>\n\t\t\t\t<\/div>\n\t\t<div class=\"elementor-element elementor-element-d2f8a30 e-con-full e-flex e-con e-child\" data-id=\"d2f8a30\" data-element_type=\"container\">\n\t\t\t\t<div class=\"elementor-element elementor-element-12346fc elementor-align-left elementor-icon-list--layout-traditional elementor-list-item-link-full_width elementor-widget elementor-widget-icon-list\" data-id=\"12346fc\" data-element_type=\"widget\" data-widget_type=\"icon-list.default\">\n\t\t\t\t<div class=\"elementor-widget-container\">\n\t\t\t\t\t\t\t<ul class=\"elementor-icon-list-items\">\n\t\t\t\t\t\t\t<li class=\"elementor-icon-list-item\">\n\t\t\t\t\t\t\t\t\t\t\t<span class=\"elementor-icon-list-icon\">\n\t\t\t\t\t\t\t<svg xmlns=\"http:\/\/www.w3.org\/2000\/svg\" width=\"52\" height=\"52\" viewBox=\"0 0 52 52\" fill=\"none\"><path d=\"M50.1313 10.8063C49.8063 10.4813 49.3187 10.4813 48.9937 10.8063L18.525 40.3L3.00625 25.2688C2.68125 24.9438 2.19375 24.9438 1.86875 25.2688C1.54375 25.5938 1.54375 26.0812 1.86875 26.4062L17.3875 41.5187C17.7125 41.8437 18.1187 42.0063 18.525 42.0063C18.9312 42.0063 19.3375 41.8437 19.6625 41.5187L50.1313 11.9437C50.4563 11.6187 50.4563 11.05 50.1313 10.8063Z\" fill=\"#1B7D88\"><\/path><\/svg>\t\t\t\t\t\t<\/span>\n\t\t\t\t\t\t\t\t\t\t<span class=\"elementor-icon-list-text\">Disponible en 11 couleurs standard avec un encadrement rev\u00eatu ou non de poudre, ainsi que dans toutes les teintes du nuancier RAL.<\/span>\n\t\t\t\t\t\t\t\t\t<\/li>\n\t\t\t\t\t\t\t\t<li class=\"elementor-icon-list-item\">\n\t\t\t\t\t\t\t\t\t\t\t<span class=\"elementor-icon-list-icon\">\n\t\t\t\t\t\t\t<svg xmlns=\"http:\/\/www.w3.org\/2000\/svg\" width=\"52\" height=\"52\" viewBox=\"0 0 52 52\" fill=\"none\"><path d=\"M50.1313 10.8063C49.8063 10.4813 49.3187 10.4813 48.9937 10.8063L18.525 40.3L3.00625 25.2688C2.68125 24.9438 2.19375 24.9438 1.86875 25.2688C1.54375 25.5938 1.54375 26.0812 1.86875 26.4062L17.3875 41.5187C17.7125 41.8437 18.1187 42.0063 18.525 42.0063C18.9312 42.0063 19.3375 41.8437 19.6625 41.5187L50.1313 11.9437C50.4563 11.6187 50.4563 11.05 50.1313 10.8063Z\" fill=\"#1B7D88\"><\/path><\/svg>\t\t\t\t\t\t<\/span>\n\t\t\t\t\t\t\t\t\t\t<span class=\"elementor-icon-list-text\">Portillon simple ou double.<\/span>\n\t\t\t\t\t\t\t\t\t<\/li>\n\t\t\t\t\t\t\t\t<li class=\"elementor-icon-list-item\">\n\t\t\t\t\t\t\t\t\t\t\t<span class=\"elementor-icon-list-icon\">\n\t\t\t\t\t\t\t<svg xmlns=\"http:\/\/www.w3.org\/2000\/svg\" width=\"52\" height=\"52\" viewBox=\"0 0 52 52\" fill=\"none\"><path d=\"M50.1313 10.8063C49.8063 10.4813 49.3187 10.4813 48.9937 10.8063L18.525 40.3L3.00625 25.2688C2.68125 24.9438 2.19375 24.9438 1.86875 25.2688C1.54375 25.5938 1.54375 26.0812 1.86875 26.4062L17.3875 41.5187C17.7125 41.8437 18.1187 42.0063 18.525 42.0063C18.9312 42.0063 19.3375 41.8437 19.6625 41.5187L50.1313 11.9437C50.4563 11.6187 50.4563 11.05 50.1313 10.8063Z\" fill=\"#1B7D88\"><\/path><\/svg>\t\t\t\t\t\t<\/span>\n\t\t\t\t\t\t\t\t\t\t<span class=\"elementor-icon-list-text\">Peut \u00eatre combin\u00e9 avec des panneaux fixes sup\u00e9rieurs pour une int\u00e9gration esth\u00e9tique sur de grandes fa\u00e7ades.<\/span>\n\t\t\t\t\t\t\t\t\t<\/li>\n\t\t\t\t\t\t\t\t<li class=\"elementor-icon-list-item\">\n\t\t\t\t\t\t\t\t\t\t\t<span class=\"elementor-icon-list-icon\">\n\t\t\t\t\t\t\t<svg xmlns=\"http:\/\/www.w3.org\/2000\/svg\" width=\"52\" height=\"52\" viewBox=\"0 0 52 52\" fill=\"none\"><path d=\"M50.1313 10.8063C49.8063 10.4813 49.3187 10.4813 48.9937 10.8063L18.525 40.3L3.00625 25.2688C2.68125 24.9438 2.19375 24.9438 1.86875 25.2688C1.54375 25.5938 1.54375 26.0812 1.86875 26.4062L17.3875 41.5187C17.7125 41.8437 18.1187 42.0063 18.525 42.0063C18.9312 42.0063 19.3375 41.8437 19.6625 41.5187L50.1313 11.9437C50.4563 11.6187 50.4563 11.05 50.1313 10.8063Z\" fill=\"#1B7D88\"><\/path><\/svg>\t\t\t\t\t\t<\/span>\n\t\t\t\t\t\t\t\t\t\t<span class=\"elementor-icon-list-text\">Une solution id\u00e9ale pour les applications o\u00f9 l\u2019isolation thermique n\u2019est pas primordiale.<\/span>\n\t\t\t\t\t\t\t\t\t<\/li>\n\t\t\t\t\t\t\t\t<li class=\"elementor-icon-list-item\">\n\t\t\t\t\t\t\t\t\t\t\t<span class=\"elementor-icon-list-icon\">\n\t\t\t\t\t\t\t<svg xmlns=\"http:\/\/www.w3.org\/2000\/svg\" width=\"52\" height=\"52\" viewBox=\"0 0 52 52\" fill=\"none\"><path d=\"M50.1313 10.8063C49.8063 10.4813 49.3187 10.4813 48.9937 10.8063L18.525 40.3L3.00625 25.2688C2.68125 24.9438 2.19375 24.9438 1.86875 25.2688C1.54375 25.5938 1.54375 26.0812 1.86875 26.4062L17.3875 41.5187C17.7125 41.8437 18.1187 42.0063 18.525 42.0063C18.9312 42.0063 19.3375 41.8437 19.6625 41.5187L50.1313 11.9437C50.4563 11.6187 50.4563 11.05 50.1313 10.8063Z\" fill=\"#1B7D88\"><\/path><\/svg>\t\t\t\t\t\t<\/span>\n\t\t\t\t\t\t\t\t\t\t<span class=\"elementor-icon-list-text\">Un excellent rapport qualit\u00e9\/prix, positionnant ce mod\u00e8le au sommet de notre gamme.<\/span>\n\t\t\t\t\t\t\t\t\t<\/li>\n\t\t\t\t\t\t<\/ul>\n\t\t\t\t\t\t<\/div>\n\t\t\t\t<\/div>\n\t\t\t\t<\/div>\n\t\t\t\t<\/div>\n\t\t\t\t<\/div>\n\t\t<div class=\"elementor-element elementor-element-feb7d5f e-con-full e-flex e-con e-parent\" data-id=\"feb7d5f\" data-element_type=\"container\" data-settings=\"{&quot;background_background&quot;:&quot;classic&quot;}\">\n\t\t<div class=\"elementor-element elementor-element-0ee9ada e-con-full container__xl e-flex e-con e-child\" data-id=\"0ee9ada\" data-element_type=\"container\">\n\t\t<div class=\"elementor-element elementor-element-75a8970 e-con-full e-flex e-con e-child\" data-id=\"75a8970\" data-element_type=\"container\">\n\t\t\t\t<div class=\"elementor-element elementor-element-5f2e564 elementor-widget elementor-widget-heading\" data-id=\"5f2e564\" data-element_type=\"widget\" data-widget_type=\"heading.default\">\n\t\t\t\t<div class=\"elementor-widget-container\">\n\t\t\t\t\t<h2 class=\"elementor-heading-title elementor-size-default\">Prenez rendez-vous ou envoyez-nous un e-mail<\/h2>\t\t\t\t<\/div>\n\t\t\t\t<\/div>\n\t\t\t\t<\/div>\n\t\t<div class=\"elementor-element elementor-element-a4541d1 e-con-full e-flex e-con e-child\" data-id=\"a4541d1\" data-element_type=\"container\">\n\t\t\t\t<div class=\"elementor-element elementor-element-4fcb1d6 elementor-widget elementor-widget-button\" data-id=\"4fcb1d6\" data-element_type=\"widget\" data-widget_type=\"button.default\">\n\t\t\t\t<div class=\"elementor-widget-container\">\n\t\t\t\t\t\t\t\t\t<div class=\"elementor-button-wrapper\">\n\t\t\t\t\t<a class=\"elementor-button elementor-button-link elementor-size-sm\" href=\"https:\/\/l-doornassau.be\/fr\/contact\/\">\n\t\t\t\t\t\t<span class=\"elementor-button-content-wrapper\">\n\t\t\t\t\t\t\t\t\t<span class=\"elementor-button-text\">Contactez nous<\/span>\n\t\t\t\t\t<\/span>\n\t\t\t\t\t<\/a>\n\t\t\t\t<\/div>\n\t\t\t\t\t\t\t\t<\/div>\n\t\t\t\t<\/div>\n\t\t\t\t<\/div>\n\t\t\t\t<\/div>\n\t\t\t\t<\/div>\n\t\t\t\t<\/div>\n\t\t","protected":false},"excerpt":{"rendered":"<p>Portillon alu Un syst\u00e8me de profil\u00e9s en aluminium de haute qualit\u00e9 Demander un devis Notre portillon ALU associe un syst\u00e8me de profil\u00e9s en aluminium premium aux panneaux isolants NASSAU ou \u00e0 des remplissages en aluminium et\/ou en verre. Le r\u00e9sultat : un portillon en aluminium \u00e0 la fois l\u00e9ger et robuste, parfaitement adapt\u00e9 aux environnements [&hellip;]<\/p>\n","protected":false},"author":27,"featured_media":0,"parent":20002,"menu_order":0,"comment_status":"closed","ping_status":"closed","template":"elementor_header_footer","meta":{"_acf_changed":false,"footnotes":""},"class_list":["post-20004","page","type-page","status-publish","hentry"],"acf":[],"_links":{"self":[{"href":"https:\/\/l-doornassau.be\/fr\/wp-json\/wp\/v2\/pages\/20004","targetHints":{"allow":["GET"]}}],"collection":[{"href":"https:\/\/l-doornassau.be\/fr\/wp-json\/wp\/v2\/pages"}],"about":[{"href":"https:\/\/l-doornassau.be\/fr\/wp-json\/wp\/v2\/types\/page"}],"author":[{"embeddable":true,"href":"https:\/\/l-doornassau.be\/fr\/wp-json\/wp\/v2\/users\/27"}],"replies":[{"embeddable":true,"href":"https:\/\/l-doornassau.be\/fr\/wp-json\/wp\/v2\/comments?post=20004"}],"version-history":[{"count":5,"href":"https:\/\/l-doornassau.be\/fr\/wp-json\/wp\/v2\/pages\/20004\/revisions"}],"predecessor-version":[{"id":20294,"href":"https:\/\/l-doornassau.be\/fr\/wp-json\/wp\/v2\/pages\/20004\/revisions\/20294"}],"up":[{"embeddable":true,"href":"https:\/\/l-doornassau.be\/fr\/wp-json\/wp\/v2\/pages\/20002"}],"wp:attachment":[{"href":"https:\/\/l-doornassau.be\/fr\/wp-json\/wp\/v2\/media?parent=20004"}],"curies":[{"name":"wp","href":"https:\/\/api.w.org\/{rel}","templated":true}]}}