{"id":20011,"date":"2024-10-24T20:45:57","date_gmt":"2024-10-24T19:45:57","guid":{"rendered":"https:\/\/l-doornassau.be\/portillons-independants\/portillon-thermo\/"},"modified":"2025-04-09T14:14:36","modified_gmt":"2025-04-09T13:14:36","slug":"portillon-thermo","status":"publish","type":"page","link":"https:\/\/l-doornassau.be\/fr\/portillons-independants\/portillon-thermo\/","title":{"rendered":"Portillon Thermo"},"content":{"rendered":"\t\t<div data-elementor-type=\"wp-page\" data-elementor-id=\"20011\" class=\"elementor elementor-20011 elementor-17117\" data-elementor-post-type=\"page\">\n\t\t\t\t<div class=\"elementor-element elementor-element-855c292 e-con-full residentieel e-flex e-con e-parent\" data-id=\"855c292\" data-element_type=\"container\" data-settings=\"{&quot;background_background&quot;:&quot;classic&quot;}\">\n\t\t<div class=\"elementor-element elementor-element-662c40a e-con-full container__xl e-flex e-con e-child\" data-id=\"662c40a\" data-element_type=\"container\">\n\t\t<div class=\"elementor-element elementor-element-4c20855 e-con-full e-flex e-con e-child\" data-id=\"4c20855\" data-element_type=\"container\">\n\t\t\t\t<div class=\"elementor-element elementor-element-1225c07 elementor-widget elementor-widget-heading\" data-id=\"1225c07\" data-element_type=\"widget\" data-widget_type=\"heading.default\">\n\t\t\t\t<div class=\"elementor-widget-container\">\n\t\t\t\t\t<h1 class=\"elementor-heading-title elementor-size-default\">Portillon Thermo<\/h1>\t\t\t\t<\/div>\n\t\t\t\t<\/div>\n\t\t\t\t<div class=\"elementor-element elementor-element-a3ba95f elementor-widget elementor-widget-text-editor\" data-id=\"a3ba95f\" data-element_type=\"widget\" data-widget_type=\"text-editor.default\">\n\t\t\t\t<div class=\"elementor-widget-container\">\n\t\t\t\t\t\t\t\t\t<p>Gr\u00e2ce \u00e0 son nouveau syst\u00e8me de profil\u00e9 \u00e0 rupture de pont thermique, le portillon Thermo de l-doornassau r\u00e9duit significativement les d\u00e9perditions \u00e9nerg\u00e9tiques, vous permettant ainsi de r\u00e9aliser d\u2019importantes \u00e9conomies. <\/p>\t\t\t\t\t\t\t\t<\/div>\n\t\t\t\t<\/div>\n\t\t\t\t<div class=\"elementor-element elementor-element-22b4126 elementor-widget elementor-widget-button\" data-id=\"22b4126\" data-element_type=\"widget\" data-widget_type=\"button.default\">\n\t\t\t\t<div class=\"elementor-widget-container\">\n\t\t\t\t\t\t\t\t\t<div class=\"elementor-button-wrapper\">\n\t\t\t\t\t<a class=\"elementor-button elementor-button-link elementor-size-sm\" href=\"https:\/\/l-doornassau.be\/fr\/devis\/\">\n\t\t\t\t\t\t<span class=\"elementor-button-content-wrapper\">\n\t\t\t\t\t\t\t\t\t<span class=\"elementor-button-text\">Demander un devis<\/span>\n\t\t\t\t\t<\/span>\n\t\t\t\t\t<\/a>\n\t\t\t\t<\/div>\n\t\t\t\t\t\t\t\t<\/div>\n\t\t\t\t<\/div>\n\t\t\t\t<\/div>\n\t\t\t\t<\/div>\n\t\t<div class=\"elementor-element elementor-element-67cf556 e-con-full hero__image e-flex e-con e-child\" data-id=\"67cf556\" data-element_type=\"container\" data-settings=\"{&quot;background_background&quot;:&quot;classic&quot;}\">\n\t\t\t\t<\/div>\n\t\t\t\t<\/div>\n\t\t<div class=\"elementor-element elementor-element-59e74ac e-con-full e-flex e-con e-parent\" data-id=\"59e74ac\" data-element_type=\"container\" data-settings=\"{&quot;background_background&quot;:&quot;classic&quot;}\">\n\t\t<div class=\"elementor-element elementor-element-f937960 e-con-full container__xl e-flex e-con e-child\" data-id=\"f937960\" data-element_type=\"container\">\n\t\t<div class=\"elementor-element elementor-element-47f3b5c e-con-full e-flex e-con e-child\" data-id=\"47f3b5c\" data-element_type=\"container\">\n\t\t\t\t<div class=\"elementor-element elementor-element-547f4dd elementor-widget elementor-widget-image\" data-id=\"547f4dd\" data-element_type=\"widget\" data-widget_type=\"image.default\">\n\t\t\t\t<div class=\"elementor-widget-container\">\n\t\t\t\t\t\t\t\t\t\t\t\t\t\t\t<img fetchpriority=\"high\" decoding=\"async\" width=\"800\" height=\"485\" src=\"https:\/\/l-doornassau.be\/wp-content\/uploads\/2024\/11\/Termo.jpg\" class=\"attachment-large size-large wp-image-19907\" alt=\"L-doornassau Thermo loopdeuren\" srcset=\"https:\/\/l-doornassau.be\/wp-content\/uploads\/2024\/11\/Termo.jpg 858w, https:\/\/l-doornassau.be\/wp-content\/uploads\/2024\/11\/Termo-300x182.jpg 300w, https:\/\/l-doornassau.be\/wp-content\/uploads\/2024\/11\/Termo-768x465.jpg 768w, https:\/\/l-doornassau.be\/wp-content\/uploads\/2024\/11\/Termo-600x364.jpg 600w\" sizes=\"(max-width: 800px) 100vw, 800px\" \/>\t\t\t\t\t\t\t\t\t\t\t\t\t\t\t<\/div>\n\t\t\t\t<\/div>\n\t\t\t\t<\/div>\n\t\t<div class=\"elementor-element elementor-element-3d92a25 e-con-full e-flex e-con e-child\" data-id=\"3d92a25\" data-element_type=\"container\">\n\t\t\t\t<div class=\"elementor-element elementor-element-917671f elementor-widget elementor-widget-text-editor\" data-id=\"917671f\" data-element_type=\"widget\" data-widget_type=\"text-editor.default\">\n\t\t\t\t<div class=\"elementor-widget-container\">\n\t\t\t\t\t\t\t\t\t<p>Associ\u00e9 \u00e0 des sections hautement isolantes ou \u00e0 un double vitrage, il offre une isolation exceptionnelle r\u00e9pondant aux normes les plus strictes, avec une performance thermique pouvant atteindre 1,0 W\/m\u00b2K. <\/p>\t\t\t\t\t\t\t\t<\/div>\n\t\t\t\t<\/div>\n\t\t\t\t<\/div>\n\t\t\t\t<\/div>\n\t\t\t\t<\/div>\n\t\t<div class=\"elementor-element elementor-element-b10402c e-con-full e-flex e-con e-parent\" data-id=\"b10402c\" data-element_type=\"container\">\n\t\t<div class=\"elementor-element elementor-element-4eb109f e-con-full container__m e-flex e-con e-child\" data-id=\"4eb109f\" data-element_type=\"container\">\n\t\t\t\t<div class=\"elementor-element elementor-element-2d9a99a elementor-widget elementor-widget-heading\" data-id=\"2d9a99a\" data-element_type=\"widget\" data-widget_type=\"heading.default\">\n\t\t\t\t<div class=\"elementor-widget-container\">\n\t\t\t\t\t<h2 class=\"elementor-heading-title elementor-size-default\">Le portillon Thermo de l-doornassau : une solution de qualit\u00e9 avec de nombreux avantages.<\/h2>\t\t\t\t<\/div>\n\t\t\t\t<\/div>\n\t\t\t\t<\/div>\n\t\t<div class=\"elementor-element elementor-element-90f347e e-con-full container__m e-flex e-con e-child\" data-id=\"90f347e\" data-element_type=\"container\">\n\t\t<div class=\"elementor-element elementor-element-77d2579 e-con-full e-flex e-con e-child\" data-id=\"77d2579\" data-element_type=\"container\">\n\t\t\t\t<div class=\"elementor-element elementor-element-264ee78 elementor-align-left elementor-icon-list--layout-traditional elementor-list-item-link-full_width elementor-widget elementor-widget-icon-list\" data-id=\"264ee78\" data-element_type=\"widget\" data-widget_type=\"icon-list.default\">\n\t\t\t\t<div class=\"elementor-widget-container\">\n\t\t\t\t\t\t\t<ul class=\"elementor-icon-list-items\">\n\t\t\t\t\t\t\t<li class=\"elementor-icon-list-item\">\n\t\t\t\t\t\t\t\t\t\t\t<span class=\"elementor-icon-list-icon\">\n\t\t\t\t\t\t\t<svg xmlns=\"http:\/\/www.w3.org\/2000\/svg\" width=\"52\" height=\"52\" viewBox=\"0 0 52 52\" fill=\"none\"><path d=\"M50.1313 10.8063C49.8063 10.4813 49.3187 10.4813 48.9937 10.8063L18.525 40.3L3.00625 25.2688C2.68125 24.9438 2.19375 24.9438 1.86875 25.2688C1.54375 25.5938 1.54375 26.0812 1.86875 26.4062L17.3875 41.5187C17.7125 41.8437 18.1187 42.0063 18.525 42.0063C18.9312 42.0063 19.3375 41.8437 19.6625 41.5187L50.1313 11.9437C50.4563 11.6187 50.4563 11.05 50.1313 10.8063Z\" fill=\"#1B7D88\"><\/path><\/svg>\t\t\t\t\t\t<\/span>\n\t\t\t\t\t\t\t\t\t\t<span class=\"elementor-icon-list-text\">Fabrication sur mesure : chaque portillon est con\u00e7u aux dimensions exactes de l\u2019ouverture.<\/span>\n\t\t\t\t\t\t\t\t\t<\/li>\n\t\t\t\t\t\t\t\t<li class=\"elementor-icon-list-item\">\n\t\t\t\t\t\t\t\t\t\t\t<span class=\"elementor-icon-list-icon\">\n\t\t\t\t\t\t\t<svg xmlns=\"http:\/\/www.w3.org\/2000\/svg\" width=\"52\" height=\"52\" viewBox=\"0 0 52 52\" fill=\"none\"><path d=\"M50.1313 10.8063C49.8063 10.4813 49.3187 10.4813 48.9937 10.8063L18.525 40.3L3.00625 25.2688C2.68125 24.9438 2.19375 24.9438 1.86875 25.2688C1.54375 25.5938 1.54375 26.0812 1.86875 26.4062L17.3875 41.5187C17.7125 41.8437 18.1187 42.0063 18.525 42.0063C18.9312 42.0063 19.3375 41.8437 19.6625 41.5187L50.1313 11.9437C50.4563 11.6187 50.4563 11.05 50.1313 10.8063Z\" fill=\"#1B7D88\"><\/path><\/svg>\t\t\t\t\t\t<\/span>\n\t\t\t\t\t\t\t\t\t\t<span class=\"elementor-icon-list-text\">Le syst\u00e8me de profil\u00e9s \u00e0 rupture thermique assure une isolation parfaite.<\/span>\n\t\t\t\t\t\t\t\t\t<\/li>\n\t\t\t\t\t\t\t\t<li class=\"elementor-icon-list-item\">\n\t\t\t\t\t\t\t\t\t\t\t<span class=\"elementor-icon-list-icon\">\n\t\t\t\t\t\t\t<svg xmlns=\"http:\/\/www.w3.org\/2000\/svg\" width=\"52\" height=\"52\" viewBox=\"0 0 52 52\" fill=\"none\"><path d=\"M50.1313 10.8063C49.8063 10.4813 49.3187 10.4813 48.9937 10.8063L18.525 40.3L3.00625 25.2688C2.68125 24.9438 2.19375 24.9438 1.86875 25.2688C1.54375 25.5938 1.54375 26.0812 1.86875 26.4062L17.3875 41.5187C17.7125 41.8437 18.1187 42.0063 18.525 42.0063C18.9312 42.0063 19.3375 41.8437 19.6625 41.5187L50.1313 11.9437C50.4563 11.6187 50.4563 11.05 50.1313 10.8063Z\" fill=\"#1B7D88\"><\/path><\/svg>\t\t\t\t\t\t<\/span>\n\t\t\t\t\t\t\t\t\t\t<span class=\"elementor-icon-list-text\">Joint de sol avec profil\u00e9 en caoutchouc garantissant une \u00e9tanch\u00e9it\u00e9 optimale.<\/span>\n\t\t\t\t\t\t\t\t\t<\/li>\n\t\t\t\t\t\t\t\t<li class=\"elementor-icon-list-item\">\n\t\t\t\t\t\t\t\t\t\t\t<span class=\"elementor-icon-list-icon\">\n\t\t\t\t\t\t\t<svg xmlns=\"http:\/\/www.w3.org\/2000\/svg\" width=\"52\" height=\"52\" viewBox=\"0 0 52 52\" fill=\"none\"><path d=\"M50.1313 10.8063C49.8063 10.4813 49.3187 10.4813 48.9937 10.8063L18.525 40.3L3.00625 25.2688C2.68125 24.9438 2.19375 24.9438 1.86875 25.2688C1.54375 25.5938 1.54375 26.0812 1.86875 26.4062L17.3875 41.5187C17.7125 41.8437 18.1187 42.0063 18.525 42.0063C18.9312 42.0063 19.3375 41.8437 19.6625 41.5187L50.1313 11.9437C50.4563 11.6187 50.4563 11.05 50.1313 10.8063Z\" fill=\"#1B7D88\"><\/path><\/svg>\t\t\t\t\t\t<\/span>\n\t\t\t\t\t\t\t\t\t\t<span class=\"elementor-icon-list-text\">Installation flexible : ouverture possible \u00e0 gauche ou \u00e0 droite, avec charni\u00e8res int\u00e9rieures ou ext\u00e9rieures.<\/span>\n\t\t\t\t\t\t\t\t\t<\/li>\n\t\t\t\t\t\t\t\t<li class=\"elementor-icon-list-item\">\n\t\t\t\t\t\t\t\t\t\t\t<span class=\"elementor-icon-list-icon\">\n\t\t\t\t\t\t\t<svg xmlns=\"http:\/\/www.w3.org\/2000\/svg\" width=\"52\" height=\"52\" viewBox=\"0 0 52 52\" fill=\"none\"><path d=\"M50.1313 10.8063C49.8063 10.4813 49.3187 10.4813 48.9937 10.8063L18.525 40.3L3.00625 25.2688C2.68125 24.9438 2.19375 24.9438 1.86875 25.2688C1.54375 25.5938 1.54375 26.0812 1.86875 26.4062L17.3875 41.5187C17.7125 41.8437 18.1187 42.0063 18.525 42.0063C18.9312 42.0063 19.3375 41.8437 19.6625 41.5187L50.1313 11.9437C50.4563 11.6187 50.4563 11.05 50.1313 10.8063Z\" fill=\"#1B7D88\"><\/path><\/svg>\t\t\t\t\t\t<\/span>\n\t\t\t\t\t\t\t\t\t\t<span class=\"elementor-icon-list-text\">Large choix de remplissages : panneaux pleins, remplissage en verre.<\/span>\n\t\t\t\t\t\t\t\t\t<\/li>\n\t\t\t\t\t\t<\/ul>\n\t\t\t\t\t\t<\/div>\n\t\t\t\t<\/div>\n\t\t\t\t<\/div>\n\t\t<div class=\"elementor-element elementor-element-d2f8a30 e-con-full e-flex e-con e-child\" data-id=\"d2f8a30\" data-element_type=\"container\">\n\t\t\t\t<div class=\"elementor-element elementor-element-12346fc elementor-align-left elementor-icon-list--layout-traditional elementor-list-item-link-full_width elementor-widget elementor-widget-icon-list\" data-id=\"12346fc\" data-element_type=\"widget\" data-widget_type=\"icon-list.default\">\n\t\t\t\t<div class=\"elementor-widget-container\">\n\t\t\t\t\t\t\t<ul class=\"elementor-icon-list-items\">\n\t\t\t\t\t\t\t<li class=\"elementor-icon-list-item\">\n\t\t\t\t\t\t\t\t\t\t\t<span class=\"elementor-icon-list-icon\">\n\t\t\t\t\t\t\t<svg xmlns=\"http:\/\/www.w3.org\/2000\/svg\" width=\"52\" height=\"52\" viewBox=\"0 0 52 52\" fill=\"none\"><path d=\"M50.1313 10.8063C49.8063 10.4813 49.3187 10.4813 48.9937 10.8063L18.525 40.3L3.00625 25.2688C2.68125 24.9438 2.19375 24.9438 1.86875 25.2688C1.54375 25.5938 1.54375 26.0812 1.86875 26.4062L17.3875 41.5187C17.7125 41.8437 18.1187 42.0063 18.525 42.0063C18.9312 42.0063 19.3375 41.8437 19.6625 41.5187L50.1313 11.9437C50.4563 11.6187 50.4563 11.05 50.1313 10.8063Z\" fill=\"#1B7D88\"><\/path><\/svg>\t\t\t\t\t\t<\/span>\n\t\t\t\t\t\t\t\t\t\t<span class=\"elementor-icon-list-text\">Harmonie parfaite avec la fa\u00e7ade, garantissant une continuit\u00e9 esth\u00e9tique avec la porte existante.<\/span>\n\t\t\t\t\t\t\t\t\t<\/li>\n\t\t\t\t\t\t\t\t<li class=\"elementor-icon-list-item\">\n\t\t\t\t\t\t\t\t\t\t\t<span class=\"elementor-icon-list-icon\">\n\t\t\t\t\t\t\t<svg xmlns=\"http:\/\/www.w3.org\/2000\/svg\" width=\"52\" height=\"52\" viewBox=\"0 0 52 52\" fill=\"none\"><path d=\"M50.1313 10.8063C49.8063 10.4813 49.3187 10.4813 48.9937 10.8063L18.525 40.3L3.00625 25.2688C2.68125 24.9438 2.19375 24.9438 1.86875 25.2688C1.54375 25.5938 1.54375 26.0812 1.86875 26.4062L17.3875 41.5187C17.7125 41.8437 18.1187 42.0063 18.525 42.0063C18.9312 42.0063 19.3375 41.8437 19.6625 41.5187L50.1313 11.9437C50.4563 11.6187 50.4563 11.05 50.1313 10.8063Z\" fill=\"#1B7D88\"><\/path><\/svg>\t\t\t\t\t\t<\/span>\n\t\t\t\t\t\t\t\t\t\t<span class=\"elementor-icon-list-text\">Syst\u00e8mes de fermeture vari\u00e9s : serrures et cylindres sp\u00e9ciaux, manivelles et barres anti-panique, serrure \u00e9lectrique, pompes de porte, cha\u00eene anti-panique, etc.<\/span>\n\t\t\t\t\t\t\t\t\t<\/li>\n\t\t\t\t\t\t\t\t<li class=\"elementor-icon-list-item\">\n\t\t\t\t\t\t\t\t\t\t\t<span class=\"elementor-icon-list-icon\">\n\t\t\t\t\t\t\t<svg xmlns=\"http:\/\/www.w3.org\/2000\/svg\" width=\"52\" height=\"52\" viewBox=\"0 0 52 52\" fill=\"none\"><path d=\"M50.1313 10.8063C49.8063 10.4813 49.3187 10.4813 48.9937 10.8063L18.525 40.3L3.00625 25.2688C2.68125 24.9438 2.19375 24.9438 1.86875 25.2688C1.54375 25.5938 1.54375 26.0812 1.86875 26.4062L17.3875 41.5187C17.7125 41.8437 18.1187 42.0063 18.525 42.0063C18.9312 42.0063 19.3375 41.8437 19.6625 41.5187L50.1313 11.9437C50.4563 11.6187 50.4563 11.05 50.1313 10.8063Z\" fill=\"#1B7D88\"><\/path><\/svg>\t\t\t\t\t\t<\/span>\n\t\t\t\t\t\t\t\t\t\t<span class=\"elementor-icon-list-text\">Disponible en 14 couleurs standard avec un encadrement rev\u00eatu ou non de poudre, ainsi que dans toutes les teintes du nuancier RAL en option.<\/span>\n\t\t\t\t\t\t\t\t\t<\/li>\n\t\t\t\t\t\t<\/ul>\n\t\t\t\t\t\t<\/div>\n\t\t\t\t<\/div>\n\t\t\t\t<\/div>\n\t\t\t\t<\/div>\n\t\t\t\t<\/div>\n\t\t<div class=\"elementor-element elementor-element-78791fc e-con-full e-flex e-con e-parent\" data-id=\"78791fc\" data-element_type=\"container\" data-settings=\"{&quot;background_background&quot;:&quot;classic&quot;}\">\n\t\t<div class=\"elementor-element elementor-element-fecdec4 e-con-full container__xl e-flex e-con e-child\" data-id=\"fecdec4\" data-element_type=\"container\">\n\t\t<div class=\"elementor-element elementor-element-2234f94 e-con-full e-flex e-con e-child\" data-id=\"2234f94\" data-element_type=\"container\">\n\t\t\t\t<div class=\"elementor-element elementor-element-099713a elementor-widget elementor-widget-heading\" data-id=\"099713a\" data-element_type=\"widget\" data-widget_type=\"heading.default\">\n\t\t\t\t<div class=\"elementor-widget-container\">\n\t\t\t\t\t<h2 class=\"elementor-heading-title elementor-size-default\">Prenez rendez-vous ou envoyez-nous un e-mail<\/h2>\t\t\t\t<\/div>\n\t\t\t\t<\/div>\n\t\t\t\t<\/div>\n\t\t<div class=\"elementor-element elementor-element-3b64702 e-con-full e-flex e-con e-child\" data-id=\"3b64702\" data-element_type=\"container\">\n\t\t\t\t<div class=\"elementor-element elementor-element-2b5fac3 elementor-widget elementor-widget-button\" data-id=\"2b5fac3\" data-element_type=\"widget\" data-widget_type=\"button.default\">\n\t\t\t\t<div class=\"elementor-widget-container\">\n\t\t\t\t\t\t\t\t\t<div class=\"elementor-button-wrapper\">\n\t\t\t\t\t<a class=\"elementor-button elementor-button-link elementor-size-sm\" href=\"https:\/\/l-doornassau.be\/fr\/contact\/\">\n\t\t\t\t\t\t<span class=\"elementor-button-content-wrapper\">\n\t\t\t\t\t\t\t\t\t<span class=\"elementor-button-text\">Contactez nous<\/span>\n\t\t\t\t\t<\/span>\n\t\t\t\t\t<\/a>\n\t\t\t\t<\/div>\n\t\t\t\t\t\t\t\t<\/div>\n\t\t\t\t<\/div>\n\t\t\t\t<\/div>\n\t\t\t\t<\/div>\n\t\t\t\t<\/div>\n\t\t\t\t<\/div>\n\t\t","protected":false},"excerpt":{"rendered":"<p>Portillon Thermo Gr\u00e2ce \u00e0 son nouveau syst\u00e8me de profil\u00e9 \u00e0 rupture de pont thermique, le portillon Thermo de l-doornassau r\u00e9duit significativement les d\u00e9perditions \u00e9nerg\u00e9tiques, vous permettant ainsi de r\u00e9aliser d\u2019importantes \u00e9conomies. Demander un devis Associ\u00e9 \u00e0 des sections hautement isolantes ou \u00e0 un double vitrage, il offre une isolation exceptionnelle r\u00e9pondant aux normes les plus [&hellip;]<\/p>\n","protected":false},"author":27,"featured_media":0,"parent":20002,"menu_order":0,"comment_status":"closed","ping_status":"closed","template":"elementor_header_footer","meta":{"_acf_changed":false,"footnotes":""},"class_list":["post-20011","page","type-page","status-publish","hentry"],"acf":[],"_links":{"self":[{"href":"https:\/\/l-doornassau.be\/fr\/wp-json\/wp\/v2\/pages\/20011","targetHints":{"allow":["GET"]}}],"collection":[{"href":"https:\/\/l-doornassau.be\/fr\/wp-json\/wp\/v2\/pages"}],"about":[{"href":"https:\/\/l-doornassau.be\/fr\/wp-json\/wp\/v2\/types\/page"}],"author":[{"embeddable":true,"href":"https:\/\/l-doornassau.be\/fr\/wp-json\/wp\/v2\/users\/27"}],"replies":[{"embeddable":true,"href":"https:\/\/l-doornassau.be\/fr\/wp-json\/wp\/v2\/comments?post=20011"}],"version-history":[{"count":5,"href":"https:\/\/l-doornassau.be\/fr\/wp-json\/wp\/v2\/pages\/20011\/revisions"}],"predecessor-version":[{"id":20306,"href":"https:\/\/l-doornassau.be\/fr\/wp-json\/wp\/v2\/pages\/20011\/revisions\/20306"}],"up":[{"embeddable":true,"href":"https:\/\/l-doornassau.be\/fr\/wp-json\/wp\/v2\/pages\/20002"}],"wp:attachment":[{"href":"https:\/\/l-doornassau.be\/fr\/wp-json\/wp\/v2\/media?parent=20011"}],"curies":[{"name":"wp","href":"https:\/\/api.w.org\/{rel}","templated":true}]}}