{"id":20045,"date":"2024-09-06T08:06:19","date_gmt":"2024-09-06T07:06:19","guid":{"rendered":"https:\/\/l-doornassau.be\/applications-anti-incendie\/"},"modified":"2025-04-09T14:08:36","modified_gmt":"2025-04-09T13:08:36","slug":"applications-anti-incendie","status":"publish","type":"page","link":"https:\/\/l-doornassau.be\/fr\/applications-anti-incendie\/","title":{"rendered":"Applications anti-incendie"},"content":{"rendered":"\t\t<div data-elementor-type=\"wp-page\" data-elementor-id=\"20045\" class=\"elementor elementor-20045 elementor-14260\" data-elementor-post-type=\"page\">\n\t\t\t\t<div class=\"elementor-element elementor-element-1318283 e-con-full e-flex e-con e-parent\" data-id=\"1318283\" data-element_type=\"container\" data-settings=\"{&quot;background_background&quot;:&quot;classic&quot;}\">\n\t\t<div class=\"elementor-element elementor-element-6fd77ed e-con-full container__xl e-flex e-con e-child\" data-id=\"6fd77ed\" data-element_type=\"container\">\n\t\t<div class=\"elementor-element elementor-element-3bfb738 e-con-full e-flex e-con e-child\" data-id=\"3bfb738\" data-element_type=\"container\">\n\t\t\t\t<div class=\"elementor-element elementor-element-c4b9160 elementor-widget elementor-widget-heading\" data-id=\"c4b9160\" data-element_type=\"widget\" data-widget_type=\"heading.default\">\n\t\t\t\t<div class=\"elementor-widget-container\">\n\t\t\t\t\t<h1 class=\"elementor-heading-title elementor-size-default\">Applications anti-incendie<\/h1>\t\t\t\t<\/div>\n\t\t\t\t<\/div>\n\t\t\t\t<div class=\"elementor-element elementor-element-e91b7ce elementor-widget elementor-widget-text-editor\" data-id=\"e91b7ce\" data-element_type=\"widget\" data-widget_type=\"text-editor.default\">\n\t\t\t\t<div class=\"elementor-widget-container\">\n\t\t\t\t\t\t\t\t\t<p>Voir son investissement r\u00e9duit en cendres est la pire crainte de tout chef d\u2019entreprise.<\/p><p>Un incendie ne se limite pas aux seuls d\u00e9g\u00e2ts mat\u00e9riels : il peut entra\u00eener une interruption partielle ou totale de vos activit\u00e9s, compromettant ainsi vos revenus.<\/p><p>La compartimentation de votre b\u00e2timent industriel joue un r\u00f4le cl\u00e9 dans la limitation des d\u00e9g\u00e2ts et permet une reprise plus rapide de votre activit\u00e9 en cas d\u2019incendie.<\/p>\t\t\t\t\t\t\t\t<\/div>\n\t\t\t\t<\/div>\n\t\t\t\t<div class=\"elementor-element elementor-element-1e9cfce elementor-widget elementor-widget-button\" data-id=\"1e9cfce\" data-element_type=\"widget\" data-widget_type=\"button.default\">\n\t\t\t\t<div class=\"elementor-widget-container\">\n\t\t\t\t\t\t\t\t\t<div class=\"elementor-button-wrapper\">\n\t\t\t\t\t<a class=\"elementor-button elementor-button-link elementor-size-sm\" href=\"https:\/\/l-doornassau.be\/fr\/devis\/\">\n\t\t\t\t\t\t<span class=\"elementor-button-content-wrapper\">\n\t\t\t\t\t\t\t\t\t<span class=\"elementor-button-text\">Demander un devis<\/span>\n\t\t\t\t\t<\/span>\n\t\t\t\t\t<\/a>\n\t\t\t\t<\/div>\n\t\t\t\t\t\t\t\t<\/div>\n\t\t\t\t<\/div>\n\t\t\t\t<\/div>\n\t\t\t\t<\/div>\n\t\t<div class=\"elementor-element elementor-element-6ceee93 e-con-full hero__image e-flex e-con e-child\" data-id=\"6ceee93\" data-element_type=\"container\" data-settings=\"{&quot;background_background&quot;:&quot;classic&quot;}\">\n\t\t\t\t<\/div>\n\t\t\t\t<\/div>\n\t\t<div class=\"elementor-element elementor-element-0ecc8f9 e-con-full e-flex e-con e-parent\" data-id=\"0ecc8f9\" data-element_type=\"container\" data-settings=\"{&quot;background_background&quot;:&quot;classic&quot;}\">\n\t\t<div class=\"elementor-element elementor-element-9f758eb e-con-full container__xl e-flex e-con e-child\" data-id=\"9f758eb\" data-element_type=\"container\">\n\t\t<div class=\"elementor-element elementor-element-f4f8d6c e-con-full e-flex e-con e-child\" data-id=\"f4f8d6c\" data-element_type=\"container\">\n\t\t\t\t<div class=\"elementor-element elementor-element-a59db99 elementor-widget elementor-widget-heading\" data-id=\"a59db99\" data-element_type=\"widget\" data-widget_type=\"heading.default\">\n\t\t\t\t<div class=\"elementor-widget-container\">\n\t\t\t\t\t<h2 class=\"elementor-heading-title elementor-size-default\">Des tests rigoureux<\/h2>\t\t\t\t<\/div>\n\t\t\t\t<\/div>\n\t\t\t\t<\/div>\n\t\t<div class=\"elementor-element elementor-element-066c48a e-con-full e-flex e-con e-child\" data-id=\"066c48a\" data-element_type=\"container\">\n\t\t\t\t<div class=\"elementor-element elementor-element-98df407 elementor-widget elementor-widget-text-editor\" data-id=\"98df407\" data-element_type=\"widget\" data-widget_type=\"text-editor.default\">\n\t\t\t\t<div class=\"elementor-widget-container\">\n\t\t\t\t\t\t\t\t\t<p>Les portes et les volets roulants coupe-feu font l\u2019objet de tests exigeants men\u00e9s par un organisme certifi\u00e9.<\/p><p>Lors des essais, les portes et les volets sont assembl\u00e9s puis expos\u00e9s au feu afin d\u2019\u00e9valuer leur dur\u00e9e de r\u00e9sistance aux flammes.<\/p><p>Leur comportement est scrut\u00e9 en temps r\u00e9el gr\u00e2ce \u00e0 des capteurs.<\/p>\t\t\t\t\t\t\t\t<\/div>\n\t\t\t\t<\/div>\n\t\t\t\t<\/div>\n\t\t\t\t<\/div>\n\t\t\t\t<\/div>\n\t\t<div class=\"elementor-element elementor-element-e50e08e e-con-full e-flex e-con e-parent\" data-id=\"e50e08e\" data-element_type=\"container\" data-settings=\"{&quot;background_background&quot;:&quot;classic&quot;}\">\n\t\t<div class=\"elementor-element elementor-element-e72b9e3 e-con-full container__xl e-flex e-con e-child\" data-id=\"e72b9e3\" data-element_type=\"container\">\n\t\t\t\t<div class=\"elementor-element elementor-element-70dd3ee elementor-widget elementor-widget-heading\" data-id=\"70dd3ee\" data-element_type=\"widget\" data-widget_type=\"heading.default\">\n\t\t\t\t<div class=\"elementor-widget-container\">\n\t\t\t\t\t<h2 class=\"elementor-heading-title elementor-size-default\">Notre gamme d\u2019applications anti-incendie<\/h2>\t\t\t\t<\/div>\n\t\t\t\t<\/div>\n\t\t\t\t<\/div>\n\t\t<div class=\"elementor-element elementor-element-37c9614 e-con-full container__xl e-flex e-con e-child\" data-id=\"37c9614\" data-element_type=\"container\">\n\t\t<a class=\"elementor-element elementor-element-bbf1fbf e-con-full product__item e-flex e-con e-child\" data-id=\"bbf1fbf\" data-element_type=\"container\" href=\"https:\/\/l-doornassau.be\/fr\/applications-anti-incendie\/portes-sectionnelles-coupe-feu\/\">\n\t\t\t\t<div class=\"elementor-element elementor-element-c38bcc9 elementor-widget elementor-widget-image\" data-id=\"c38bcc9\" data-element_type=\"widget\" data-widget_type=\"image.default\">\n\t\t\t\t<div class=\"elementor-widget-container\">\n\t\t\t\t\t\t\t\t\t\t\t\t\t\t\t<img fetchpriority=\"high\" decoding=\"async\" width=\"768\" height=\"1024\" src=\"https:\/\/l-doornassau.be\/wp-content\/uploads\/2024\/10\/PS60hy2HL--768x1024.jpg\" class=\"attachment-large size-large wp-image-19786\" alt=\"L-doornassau brandwerende sectionaalpoort\" srcset=\"https:\/\/l-doornassau.be\/wp-content\/uploads\/2024\/10\/PS60hy2HL--768x1024.jpg 768w, https:\/\/l-doornassau.be\/wp-content\/uploads\/2024\/10\/PS60hy2HL--225x300.jpg 225w, https:\/\/l-doornassau.be\/wp-content\/uploads\/2024\/10\/PS60hy2HL--1152x1536.jpg 1152w, https:\/\/l-doornassau.be\/wp-content\/uploads\/2024\/10\/PS60hy2HL--600x800.jpg 600w, https:\/\/l-doornassau.be\/wp-content\/uploads\/2024\/10\/PS60hy2HL-.jpg 1163w\" sizes=\"(max-width: 768px) 100vw, 768px\" \/>\t\t\t\t\t\t\t\t\t\t\t\t\t\t\t<\/div>\n\t\t\t\t<\/div>\n\t\t\t\t<div class=\"elementor-element elementor-element-8a80ffe elementor-widget elementor-widget-heading\" data-id=\"8a80ffe\" data-element_type=\"widget\" data-widget_type=\"heading.default\">\n\t\t\t\t<div class=\"elementor-widget-container\">\n\t\t\t\t\t<h3 class=\"elementor-heading-title elementor-size-default\">Portes sectionnelles coupe-feu<\/h3>\t\t\t\t<\/div>\n\t\t\t\t<\/div>\n\t\t\t\t<div class=\"elementor-element elementor-element-a3f49bd product__arrow elementor-widget elementor-widget-image\" data-id=\"a3f49bd\" data-element_type=\"widget\" data-widget_type=\"image.default\">\n\t\t\t\t<div class=\"elementor-widget-container\">\n\t\t\t\t\t\t\t\t\t\t\t\t\t\t\t<img decoding=\"async\" width=\"52\" height=\"52\" src=\"https:\/\/l-doornassau.be\/wp-content\/uploads\/2024\/08\/arrow-right-1.svg\" class=\"attachment-large size-large wp-image-19685\" alt=\"\" \/>\t\t\t\t\t\t\t\t\t\t\t\t\t\t\t<\/div>\n\t\t\t\t<\/div>\n\t\t\t\t<\/a>\n\t\t<a class=\"elementor-element elementor-element-dfc0f3e e-con-full product__item e-flex e-con e-child\" data-id=\"dfc0f3e\" data-element_type=\"container\" href=\"https:\/\/l-doornassau.be\/fr\/applications-anti-incendie\/volet-roulant-coupe-feu\/\">\n\t\t\t\t<div class=\"elementor-element elementor-element-4211827 elementor-widget elementor-widget-image\" data-id=\"4211827\" data-element_type=\"widget\" data-widget_type=\"image.default\">\n\t\t\t\t<div class=\"elementor-widget-container\">\n\t\t\t\t\t\t\t\t\t\t\t\t\t\t\t<img decoding=\"async\" width=\"768\" height=\"1024\" src=\"https:\/\/l-doornassau.be\/wp-content\/uploads\/2024\/10\/VR60Lift3-768x1024.jpg\" class=\"attachment-large size-large wp-image-19772\" alt=\"L-doornassau brandwerende rolluik\" srcset=\"https:\/\/l-doornassau.be\/wp-content\/uploads\/2024\/10\/VR60Lift3-768x1024.jpg 768w, https:\/\/l-doornassau.be\/wp-content\/uploads\/2024\/10\/VR60Lift3-225x300.jpg 225w, https:\/\/l-doornassau.be\/wp-content\/uploads\/2024\/10\/VR60Lift3-1152x1536.jpg 1152w, https:\/\/l-doornassau.be\/wp-content\/uploads\/2024\/10\/VR60Lift3-600x800.jpg 600w, https:\/\/l-doornassau.be\/wp-content\/uploads\/2024\/10\/VR60Lift3.jpg 1163w\" sizes=\"(max-width: 768px) 100vw, 768px\" \/>\t\t\t\t\t\t\t\t\t\t\t\t\t\t\t<\/div>\n\t\t\t\t<\/div>\n\t\t\t\t<div class=\"elementor-element elementor-element-baf6424 elementor-widget elementor-widget-heading\" data-id=\"baf6424\" data-element_type=\"widget\" data-widget_type=\"heading.default\">\n\t\t\t\t<div class=\"elementor-widget-container\">\n\t\t\t\t\t<h3 class=\"elementor-heading-title elementor-size-default\">Portes sectionnelles coupe-feu (PS60)<\/h3>\t\t\t\t<\/div>\n\t\t\t\t<\/div>\n\t\t\t\t<div class=\"elementor-element elementor-element-a05606b product__arrow elementor-widget elementor-widget-image\" data-id=\"a05606b\" data-element_type=\"widget\" data-widget_type=\"image.default\">\n\t\t\t\t<div class=\"elementor-widget-container\">\n\t\t\t\t\t\t\t\t\t\t\t\t\t\t\t<img decoding=\"async\" width=\"52\" height=\"52\" src=\"https:\/\/l-doornassau.be\/wp-content\/uploads\/2024\/08\/arrow-right-1.svg\" class=\"attachment-large size-large wp-image-19685\" alt=\"\" \/>\t\t\t\t\t\t\t\t\t\t\t\t\t\t\t<\/div>\n\t\t\t\t<\/div>\n\t\t\t\t<\/a>\n\t\t\t\t<\/div>\n\t\t\t\t<\/div>\n\t\t<div class=\"elementor-element elementor-element-1bdea20 e-con-full e-flex e-con e-parent\" data-id=\"1bdea20\" data-element_type=\"container\" data-settings=\"{&quot;background_background&quot;:&quot;classic&quot;}\">\n\t\t<div class=\"elementor-element elementor-element-8bfba96 e-con-full container__xl e-flex e-con e-child\" data-id=\"8bfba96\" data-element_type=\"container\">\n\t\t<div class=\"elementor-element elementor-element-bdc4a85 e-con-full e-flex e-con e-child\" data-id=\"bdc4a85\" data-element_type=\"container\">\n\t\t\t\t<div class=\"elementor-element elementor-element-4ba050f elementor-widget elementor-widget-heading\" data-id=\"4ba050f\" data-element_type=\"widget\" data-widget_type=\"heading.default\">\n\t\t\t\t<div class=\"elementor-widget-container\">\n\t\t\t\t\t<h2 class=\"elementor-heading-title elementor-size-default\">Prenez rendez-vous ou envoyez-nous un e-mail<\/h2>\t\t\t\t<\/div>\n\t\t\t\t<\/div>\n\t\t\t\t<\/div>\n\t\t<div class=\"elementor-element elementor-element-cdef087 e-con-full e-flex e-con e-child\" data-id=\"cdef087\" data-element_type=\"container\">\n\t\t\t\t<div class=\"elementor-element elementor-element-51219da elementor-widget elementor-widget-button\" data-id=\"51219da\" data-element_type=\"widget\" data-widget_type=\"button.default\">\n\t\t\t\t<div class=\"elementor-widget-container\">\n\t\t\t\t\t\t\t\t\t<div class=\"elementor-button-wrapper\">\n\t\t\t\t\t<a class=\"elementor-button elementor-button-link elementor-size-sm\" href=\"https:\/\/l-doornassau.be\/fr\/contact\/\">\n\t\t\t\t\t\t<span class=\"elementor-button-content-wrapper\">\n\t\t\t\t\t\t\t\t\t<span class=\"elementor-button-text\">Contactez nous<\/span>\n\t\t\t\t\t<\/span>\n\t\t\t\t\t<\/a>\n\t\t\t\t<\/div>\n\t\t\t\t\t\t\t\t<\/div>\n\t\t\t\t<\/div>\n\t\t\t\t<\/div>\n\t\t\t\t<\/div>\n\t\t\t\t<\/div>\n\t\t\t\t<\/div>\n\t\t","protected":false},"excerpt":{"rendered":"<p>Applications anti-incendie Voir son investissement r\u00e9duit en cendres est la pire crainte de tout chef d\u2019entreprise. Un incendie ne se limite pas aux seuls d\u00e9g\u00e2ts mat\u00e9riels : il peut entra\u00eener une interruption partielle ou totale de vos activit\u00e9s, compromettant ainsi vos revenus. La compartimentation de votre b\u00e2timent industriel joue un r\u00f4le cl\u00e9 dans la limitation [&hellip;]<\/p>\n","protected":false},"author":27,"featured_media":0,"parent":0,"menu_order":0,"comment_status":"closed","ping_status":"closed","template":"elementor_header_footer","meta":{"_acf_changed":false,"footnotes":""},"class_list":["post-20045","page","type-page","status-publish","hentry"],"acf":[],"_links":{"self":[{"href":"https:\/\/l-doornassau.be\/fr\/wp-json\/wp\/v2\/pages\/20045","targetHints":{"allow":["GET"]}}],"collection":[{"href":"https:\/\/l-doornassau.be\/fr\/wp-json\/wp\/v2\/pages"}],"about":[{"href":"https:\/\/l-doornassau.be\/fr\/wp-json\/wp\/v2\/types\/page"}],"author":[{"embeddable":true,"href":"https:\/\/l-doornassau.be\/fr\/wp-json\/wp\/v2\/users\/27"}],"replies":[{"embeddable":true,"href":"https:\/\/l-doornassau.be\/fr\/wp-json\/wp\/v2\/comments?post=20045"}],"version-history":[{"count":5,"href":"https:\/\/l-doornassau.be\/fr\/wp-json\/wp\/v2\/pages\/20045\/revisions"}],"predecessor-version":[{"id":20266,"href":"https:\/\/l-doornassau.be\/fr\/wp-json\/wp\/v2\/pages\/20045\/revisions\/20266"}],"wp:attachment":[{"href":"https:\/\/l-doornassau.be\/fr\/wp-json\/wp\/v2\/media?parent=20045"}],"curies":[{"name":"wp","href":"https:\/\/api.w.org\/{rel}","templated":true}]}}