{"id":20049,"date":"2024-10-24T18:39:46","date_gmt":"2024-10-24T17:39:46","guid":{"rendered":"https:\/\/l-doornassau.be\/applications-anti-incendie\/volet-roulant-coupe-feu\/"},"modified":"2025-07-17T14:49:19","modified_gmt":"2025-07-17T13:49:19","slug":"volet-roulant-coupe-feu","status":"publish","type":"page","link":"https:\/\/l-doornassau.be\/fr\/applications-anti-incendie\/volet-roulant-coupe-feu\/","title":{"rendered":"Volet roulant coupe-feu"},"content":{"rendered":"\t\t<div data-elementor-type=\"wp-page\" data-elementor-id=\"20049\" class=\"elementor elementor-20049 elementor-17014\" data-elementor-post-type=\"page\">\n\t\t\t\t<div class=\"elementor-element elementor-element-855c292 e-con-full residentieel e-flex e-con e-parent\" data-id=\"855c292\" data-element_type=\"container\" data-settings=\"{&quot;background_background&quot;:&quot;classic&quot;}\">\n\t\t<div class=\"elementor-element elementor-element-662c40a e-con-full container__xl e-flex e-con e-child\" data-id=\"662c40a\" data-element_type=\"container\">\n\t\t<div class=\"elementor-element elementor-element-4c20855 e-con-full e-flex e-con e-child\" data-id=\"4c20855\" data-element_type=\"container\">\n\t\t\t\t<div class=\"elementor-element elementor-element-1225c07 elementor-widget elementor-widget-heading\" data-id=\"1225c07\" data-element_type=\"widget\" data-widget_type=\"heading.default\">\n\t\t\t\t<div class=\"elementor-widget-container\">\n\t\t\t\t\t<h1 class=\"elementor-heading-title elementor-size-default\">Volets coupe-feu VR60<\/h1>\t\t\t\t<\/div>\n\t\t\t\t<\/div>\n\t\t\t\t<div class=\"elementor-element elementor-element-a3ba95f elementor-widget elementor-widget-text-editor\" data-id=\"a3ba95f\" data-element_type=\"widget\" data-widget_type=\"text-editor.default\">\n\t\t\t\t<div class=\"elementor-widget-container\">\n\t\t\t\t\t\t\t\t\t<p>Le VR60 est un volet roulant coupe-feu. Id\u00e9al lorsque l\u2019espace d\u2019installation est restreint, il constitue une excellente alternative \u00e0 une porte sectionnelle coupe-feu. Sa r\u00e9sistance au feu repose sur un tablier et un encadrement brevet\u00e9s RF60.<\/p>\t\t\t\t\t\t\t\t<\/div>\n\t\t\t\t<\/div>\n\t\t\t\t<div class=\"elementor-element elementor-element-b316cab elementor-widget elementor-widget-button\" data-id=\"b316cab\" data-element_type=\"widget\" data-widget_type=\"button.default\">\n\t\t\t\t<div class=\"elementor-widget-container\">\n\t\t\t\t\t\t\t\t\t<div class=\"elementor-button-wrapper\">\n\t\t\t\t\t<a class=\"elementor-button elementor-button-link elementor-size-sm\" href=\"https:\/\/l-doornassau.be\/fr\/devis\/\">\n\t\t\t\t\t\t<span class=\"elementor-button-content-wrapper\">\n\t\t\t\t\t\t\t\t\t<span class=\"elementor-button-text\">Demander un devis<\/span>\n\t\t\t\t\t<\/span>\n\t\t\t\t\t<\/a>\n\t\t\t\t<\/div>\n\t\t\t\t\t\t\t\t<\/div>\n\t\t\t\t<\/div>\n\t\t\t\t<\/div>\n\t\t\t\t<\/div>\n\t\t<div class=\"elementor-element elementor-element-67cf556 e-con-full hero__image e-flex e-con e-child\" data-id=\"67cf556\" data-element_type=\"container\" data-settings=\"{&quot;background_background&quot;:&quot;classic&quot;}\">\n\t\t\t\t<\/div>\n\t\t\t\t<\/div>\n\t\t<div class=\"elementor-element elementor-element-59e74ac e-con-full e-flex e-con e-parent\" data-id=\"59e74ac\" data-element_type=\"container\" data-settings=\"{&quot;background_background&quot;:&quot;classic&quot;}\">\n\t\t<div class=\"elementor-element elementor-element-f937960 e-con-full container__xl e-flex e-con e-child\" data-id=\"f937960\" data-element_type=\"container\">\n\t\t<div class=\"elementor-element elementor-element-47f3b5c e-con-full e-flex e-con e-child\" data-id=\"47f3b5c\" data-element_type=\"container\">\n\t\t\t\t<div class=\"elementor-element elementor-element-547f4dd elementor-widget elementor-widget-image\" data-id=\"547f4dd\" data-element_type=\"widget\" data-widget_type=\"image.default\">\n\t\t\t\t<div class=\"elementor-widget-container\">\n\t\t\t\t\t\t\t\t\t\t\t\t\t\t\t<img fetchpriority=\"high\" decoding=\"async\" width=\"800\" height=\"600\" src=\"https:\/\/l-doornassau.be\/wp-content\/uploads\/2024\/10\/VR60-5-1024x768.jpg\" class=\"attachment-large size-large wp-image-19851\" alt=\"L-doornassau brandwerende rolluik\" srcset=\"https:\/\/l-doornassau.be\/wp-content\/uploads\/2024\/10\/VR60-5-1024x768.jpg 1024w, https:\/\/l-doornassau.be\/wp-content\/uploads\/2024\/10\/VR60-5-300x225.jpg 300w, https:\/\/l-doornassau.be\/wp-content\/uploads\/2024\/10\/VR60-5-768x576.jpg 768w, https:\/\/l-doornassau.be\/wp-content\/uploads\/2024\/10\/VR60-5-600x450.jpg 600w, https:\/\/l-doornassau.be\/wp-content\/uploads\/2024\/10\/VR60-5.jpg 1500w\" sizes=\"(max-width: 800px) 100vw, 800px\" \/>\t\t\t\t\t\t\t\t\t\t\t\t\t\t\t<\/div>\n\t\t\t\t<\/div>\n\t\t\t\t<\/div>\n\t\t<div class=\"elementor-element elementor-element-3d92a25 e-con-full e-flex e-con e-child\" data-id=\"3d92a25\" data-element_type=\"container\">\n\t\t\t\t<div class=\"elementor-element elementor-element-917671f elementor-widget elementor-widget-text-editor\" data-id=\"917671f\" data-element_type=\"widget\" data-widget_type=\"text-editor.default\">\n\t\t\t\t<div class=\"elementor-widget-container\">\n\t\t\t\t\t\t\t\t\t<p>Le syst\u00e8me m\u00e9canique est tr\u00e8s proche de celui d\u2019un volet roulant traditionnel. Les rails, fix\u00e9s sur le cadre, sont compos\u00e9s de deux parties afin de limiter le transfert thermique. Les profil\u00e9s lat\u00e9raux en U assurent le guidage pr\u00e9cis du tablier. Une lame int\u00e9grant un profil\u00e9 en PVC vient parfaire la finition tout en renfor\u00e7ant l\u2019\u00e9tanch\u00e9it\u00e9 \u00e0 l\u2019air et \u00e0 l\u2019eau.<\/p>\n<p>Enfin, la poulie d\u2019entra\u00eenement, d\u2019un diam\u00e8tre de 159 mm, repose sur deux roulements universels, assurant un mouvement fluide et sans contrainte sur la lame du volet.<br>Le volet coupe-feu VR60 fonctionne gr\u00e2ce \u00e0 un moteur puissant (triphas\u00e9\/380 volts) reli\u00e9 \u00e0 un entra\u00eenement par vis sans fin parfaitement fiable. En cas d\u2019incendie, un moteur 24V suppl\u00e9mentaire, aliment\u00e9 par un dispositif de secours \u00e0 basse tension, garantit la bonne fermeture du volet.<\/p>\t\t\t\t\t\t\t\t<\/div>\n\t\t\t\t<\/div>\n\t\t\t\t<\/div>\n\t\t\t\t<\/div>\n\t\t\t\t<\/div>\n\t\t<div class=\"elementor-element elementor-element-b10402c e-con-full e-flex e-con e-parent\" data-id=\"b10402c\" data-element_type=\"container\">\n\t\t<div class=\"elementor-element elementor-element-4eb109f e-con-full container__m e-flex e-con e-child\" data-id=\"4eb109f\" data-element_type=\"container\">\n\t\t\t\t<div class=\"elementor-element elementor-element-2d9a99a elementor-widget elementor-widget-heading\" data-id=\"2d9a99a\" data-element_type=\"widget\" data-widget_type=\"heading.default\">\n\t\t\t\t<div class=\"elementor-widget-container\">\n\t\t\t\t\t<h2 class=\"elementor-heading-title elementor-size-default\">Avantages<\/h2>\t\t\t\t<\/div>\n\t\t\t\t<\/div>\n\t\t\t\t<\/div>\n\t\t<div class=\"elementor-element elementor-element-90f347e e-con-full container__m e-flex e-con e-child\" data-id=\"90f347e\" data-element_type=\"container\">\n\t\t<div class=\"elementor-element elementor-element-77d2579 e-con-full e-flex e-con e-child\" data-id=\"77d2579\" data-element_type=\"container\">\n\t\t\t\t<div class=\"elementor-element elementor-element-264ee78 elementor-align-left elementor-icon-list--layout-traditional elementor-list-item-link-full_width elementor-widget elementor-widget-icon-list\" data-id=\"264ee78\" data-element_type=\"widget\" data-widget_type=\"icon-list.default\">\n\t\t\t\t<div class=\"elementor-widget-container\">\n\t\t\t\t\t\t\t<ul class=\"elementor-icon-list-items\">\n\t\t\t\t\t\t\t<li class=\"elementor-icon-list-item\">\n\t\t\t\t\t\t\t\t\t\t\t<span class=\"elementor-icon-list-icon\">\n\t\t\t\t\t\t\t<svg xmlns=\"http:\/\/www.w3.org\/2000\/svg\" width=\"52\" height=\"52\" viewBox=\"0 0 52 52\" fill=\"none\"><path d=\"M50.1313 10.8063C49.8063 10.4813 49.3187 10.4813 48.9937 10.8063L18.525 40.3L3.00625 25.2688C2.68125 24.9438 2.19375 24.9438 1.86875 25.2688C1.54375 25.5938 1.54375 26.0812 1.86875 26.4062L17.3875 41.5187C17.7125 41.8437 18.1187 42.0063 18.525 42.0063C18.9312 42.0063 19.3375 41.8437 19.6625 41.5187L50.1313 11.9437C50.4563 11.6187 50.4563 11.05 50.1313 10.8063Z\" fill=\"#1B7D88\"><\/path><\/svg>\t\t\t\t\t\t<\/span>\n\t\t\t\t\t\t\t\t\t\t<span class=\"elementor-icon-list-text\">Produit brevet\u00e9<\/span>\n\t\t\t\t\t\t\t\t\t<\/li>\n\t\t\t\t\t\t\t\t<li class=\"elementor-icon-list-item\">\n\t\t\t\t\t\t\t\t\t\t\t<span class=\"elementor-icon-list-icon\">\n\t\t\t\t\t\t\t<svg xmlns=\"http:\/\/www.w3.org\/2000\/svg\" width=\"52\" height=\"52\" viewBox=\"0 0 52 52\" fill=\"none\"><path d=\"M50.1313 10.8063C49.8063 10.4813 49.3187 10.4813 48.9937 10.8063L18.525 40.3L3.00625 25.2688C2.68125 24.9438 2.19375 24.9438 1.86875 25.2688C1.54375 25.5938 1.54375 26.0812 1.86875 26.4062L17.3875 41.5187C17.7125 41.8437 18.1187 42.0063 18.525 42.0063C18.9312 42.0063 19.3375 41.8437 19.6625 41.5187L50.1313 11.9437C50.4563 11.6187 50.4563 11.05 50.1313 10.8063Z\" fill=\"#1B7D88\"><\/path><\/svg>\t\t\t\t\t\t<\/span>\n\t\t\t\t\t\t\t\t\t\t<span class=\"elementor-icon-list-text\">Mati\u00e8re synth\u00e9tique : ne rouille pas<\/span>\n\t\t\t\t\t\t\t\t\t<\/li>\n\t\t\t\t\t\t\t\t<li class=\"elementor-icon-list-item\">\n\t\t\t\t\t\t\t\t\t\t\t<span class=\"elementor-icon-list-icon\">\n\t\t\t\t\t\t\t<svg xmlns=\"http:\/\/www.w3.org\/2000\/svg\" width=\"52\" height=\"52\" viewBox=\"0 0 52 52\" fill=\"none\"><path d=\"M50.1313 10.8063C49.8063 10.4813 49.3187 10.4813 48.9937 10.8063L18.525 40.3L3.00625 25.2688C2.68125 24.9438 2.19375 24.9438 1.86875 25.2688C1.54375 25.5938 1.54375 26.0812 1.86875 26.4062L17.3875 41.5187C17.7125 41.8437 18.1187 42.0063 18.525 42.0063C18.9312 42.0063 19.3375 41.8437 19.6625 41.5187L50.1313 11.9437C50.4563 11.6187 50.4563 11.05 50.1313 10.8063Z\" fill=\"#1B7D88\"><\/path><\/svg>\t\t\t\t\t\t<\/span>\n\t\t\t\t\t\t\t\t\t\t<span class=\"elementor-icon-list-text\">Teinte dans la masse<\/span>\n\t\t\t\t\t\t\t\t\t<\/li>\n\t\t\t\t\t\t\t\t<li class=\"elementor-icon-list-item\">\n\t\t\t\t\t\t\t\t\t\t\t<span class=\"elementor-icon-list-icon\">\n\t\t\t\t\t\t\t<svg xmlns=\"http:\/\/www.w3.org\/2000\/svg\" width=\"52\" height=\"52\" viewBox=\"0 0 52 52\" fill=\"none\"><path d=\"M50.1313 10.8063C49.8063 10.4813 49.3187 10.4813 48.9937 10.8063L18.525 40.3L3.00625 25.2688C2.68125 24.9438 2.19375 24.9438 1.86875 25.2688C1.54375 25.5938 1.54375 26.0812 1.86875 26.4062L17.3875 41.5187C17.7125 41.8437 18.1187 42.0063 18.525 42.0063C18.9312 42.0063 19.3375 41.8437 19.6625 41.5187L50.1313 11.9437C50.4563 11.6187 50.4563 11.05 50.1313 10.8063Z\" fill=\"#1B7D88\"><\/path><\/svg>\t\t\t\t\t\t<\/span>\n\t\t\t\t\t\t\t\t\t\t<span class=\"elementor-icon-list-text\">Proche d\u2019un volet roulant traditionnel<\/span>\n\t\t\t\t\t\t\t\t\t<\/li>\n\t\t\t\t\t\t\t\t<li class=\"elementor-icon-list-item\">\n\t\t\t\t\t\t\t\t\t\t\t<span class=\"elementor-icon-list-icon\">\n\t\t\t\t\t\t\t<svg xmlns=\"http:\/\/www.w3.org\/2000\/svg\" width=\"52\" height=\"52\" viewBox=\"0 0 52 52\" fill=\"none\"><path d=\"M50.1313 10.8063C49.8063 10.4813 49.3187 10.4813 48.9937 10.8063L18.525 40.3L3.00625 25.2688C2.68125 24.9438 2.19375 24.9438 1.86875 25.2688C1.54375 25.5938 1.54375 26.0812 1.86875 26.4062L17.3875 41.5187C17.7125 41.8437 18.1187 42.0063 18.525 42.0063C18.9312 42.0063 19.3375 41.8437 19.6625 41.5187L50.1313 11.9437C50.4563 11.6187 50.4563 11.05 50.1313 10.8063Z\" fill=\"#1B7D88\"><\/path><\/svg>\t\t\t\t\t\t<\/span>\n\t\t\t\t\t\t\t\t\t\t<span class=\"elementor-icon-list-text\">Simple \u00e0 installer<\/span>\n\t\t\t\t\t\t\t\t\t<\/li>\n\t\t\t\t\t\t\t\t<li class=\"elementor-icon-list-item\">\n\t\t\t\t\t\t\t\t\t\t\t<span class=\"elementor-icon-list-icon\">\n\t\t\t\t\t\t\t<svg xmlns=\"http:\/\/www.w3.org\/2000\/svg\" width=\"52\" height=\"52\" viewBox=\"0 0 52 52\" fill=\"none\"><path d=\"M50.1313 10.8063C49.8063 10.4813 49.3187 10.4813 48.9937 10.8063L18.525 40.3L3.00625 25.2688C2.68125 24.9438 2.19375 24.9438 1.86875 25.2688C1.54375 25.5938 1.54375 26.0812 1.86875 26.4062L17.3875 41.5187C17.7125 41.8437 18.1187 42.0063 18.525 42.0063C18.9312 42.0063 19.3375 41.8437 19.6625 41.5187L50.1313 11.9437C50.4563 11.6187 50.4563 11.05 50.1313 10.8063Z\" fill=\"#1B7D88\"><\/path><\/svg>\t\t\t\t\t\t<\/span>\n\t\t\t\t\t\t\t\t\t\t<span class=\"elementor-icon-list-text\">M\u00e9canisme et tablier tr\u00e8s l\u00e9gers<\/span>\n\t\t\t\t\t\t\t\t\t<\/li>\n\t\t\t\t\t\t<\/ul>\n\t\t\t\t\t\t<\/div>\n\t\t\t\t<\/div>\n\t\t\t\t<\/div>\n\t\t<div class=\"elementor-element elementor-element-d2f8a30 e-con-full e-flex e-con e-child\" data-id=\"d2f8a30\" data-element_type=\"container\">\n\t\t\t\t<div class=\"elementor-element elementor-element-12346fc elementor-align-left elementor-icon-list--layout-traditional elementor-list-item-link-full_width elementor-widget elementor-widget-icon-list\" data-id=\"12346fc\" data-element_type=\"widget\" data-widget_type=\"icon-list.default\">\n\t\t\t\t<div class=\"elementor-widget-container\">\n\t\t\t\t\t\t\t<ul class=\"elementor-icon-list-items\">\n\t\t\t\t\t\t\t<li class=\"elementor-icon-list-item\">\n\t\t\t\t\t\t\t\t\t\t\t<span class=\"elementor-icon-list-icon\">\n\t\t\t\t\t\t\t<svg xmlns=\"http:\/\/www.w3.org\/2000\/svg\" width=\"52\" height=\"52\" viewBox=\"0 0 52 52\" fill=\"none\"><path d=\"M50.1313 10.8063C49.8063 10.4813 49.3187 10.4813 48.9937 10.8063L18.525 40.3L3.00625 25.2688C2.68125 24.9438 2.19375 24.9438 1.86875 25.2688C1.54375 25.5938 1.54375 26.0812 1.86875 26.4062L17.3875 41.5187C17.7125 41.8437 18.1187 42.0063 18.525 42.0063C18.9312 42.0063 19.3375 41.8437 19.6625 41.5187L50.1313 11.9437C50.4563 11.6187 50.4563 11.05 50.1313 10.8063Z\" fill=\"#1B7D88\"><\/path><\/svg>\t\t\t\t\t\t<\/span>\n\t\t\t\t\t\t\t\t\t\t<span class=\"elementor-icon-list-text\">\u00c9tanch\u00e9it\u00e9 \u00e0 l\u2019air et \u00e0 l\u2019eau<\/span>\n\t\t\t\t\t\t\t\t\t<\/li>\n\t\t\t\t\t\t\t\t<li class=\"elementor-icon-list-item\">\n\t\t\t\t\t\t\t\t\t\t\t<span class=\"elementor-icon-list-icon\">\n\t\t\t\t\t\t\t<svg xmlns=\"http:\/\/www.w3.org\/2000\/svg\" width=\"52\" height=\"52\" viewBox=\"0 0 52 52\" fill=\"none\"><path d=\"M50.1313 10.8063C49.8063 10.4813 49.3187 10.4813 48.9937 10.8063L18.525 40.3L3.00625 25.2688C2.68125 24.9438 2.19375 24.9438 1.86875 25.2688C1.54375 25.5938 1.54375 26.0812 1.86875 26.4062L17.3875 41.5187C17.7125 41.8437 18.1187 42.0063 18.525 42.0063C18.9312 42.0063 19.3375 41.8437 19.6625 41.5187L50.1313 11.9437C50.4563 11.6187 50.4563 11.05 50.1313 10.8063Z\" fill=\"#1B7D88\"><\/path><\/svg>\t\t\t\t\t\t<\/span>\n\t\t\t\t\t\t\t\t\t\t<span class=\"elementor-icon-list-text\">Encombrement r\u00e9duit<\/span>\n\t\t\t\t\t\t\t\t\t<\/li>\n\t\t\t\t\t\t\t\t<li class=\"elementor-icon-list-item\">\n\t\t\t\t\t\t\t\t\t\t\t<span class=\"elementor-icon-list-icon\">\n\t\t\t\t\t\t\t<svg xmlns=\"http:\/\/www.w3.org\/2000\/svg\" width=\"52\" height=\"52\" viewBox=\"0 0 52 52\" fill=\"none\"><path d=\"M50.1313 10.8063C49.8063 10.4813 49.3187 10.4813 48.9937 10.8063L18.525 40.3L3.00625 25.2688C2.68125 24.9438 2.19375 24.9438 1.86875 25.2688C1.54375 25.5938 1.54375 26.0812 1.86875 26.4062L17.3875 41.5187C17.7125 41.8437 18.1187 42.0063 18.525 42.0063C18.9312 42.0063 19.3375 41.8437 19.6625 41.5187L50.1313 11.9437C50.4563 11.6187 50.4563 11.05 50.1313 10.8063Z\" fill=\"#1B7D88\"><\/path><\/svg>\t\t\t\t\t\t<\/span>\n\t\t\t\t\t\t\t\t\t\t<span class=\"elementor-icon-list-text\">Motorisation MFZ de nouvelle g\u00e9n\u00e9ration<\/span>\n\t\t\t\t\t\t\t\t\t<\/li>\n\t\t\t\t\t\t\t\t<li class=\"elementor-icon-list-item\">\n\t\t\t\t\t\t\t\t\t\t\t<span class=\"elementor-icon-list-icon\">\n\t\t\t\t\t\t\t<svg xmlns=\"http:\/\/www.w3.org\/2000\/svg\" width=\"52\" height=\"52\" viewBox=\"0 0 52 52\" fill=\"none\"><path d=\"M50.1313 10.8063C49.8063 10.4813 49.3187 10.4813 48.9937 10.8063L18.525 40.3L3.00625 25.2688C2.68125 24.9438 2.19375 24.9438 1.86875 25.2688C1.54375 25.5938 1.54375 26.0812 1.86875 26.4062L17.3875 41.5187C17.7125 41.8437 18.1187 42.0063 18.525 42.0063C18.9312 42.0063 19.3375 41.8437 19.6625 41.5187L50.1313 11.9437C50.4563 11.6187 50.4563 11.05 50.1313 10.8063Z\" fill=\"#1B7D88\"><\/path><\/svg>\t\t\t\t\t\t<\/span>\n\t\t\t\t\t\t\t\t\t\t<span class=\"elementor-icon-list-text\">Approuv\u00e9 par l\u2019industrie agroalimentaire et m\u00e9dicale<\/span>\n\t\t\t\t\t\t\t\t\t<\/li>\n\t\t\t\t\t\t\t\t<li class=\"elementor-icon-list-item\">\n\t\t\t\t\t\t\t\t\t\t\t<span class=\"elementor-icon-list-icon\">\n\t\t\t\t\t\t\t<svg xmlns=\"http:\/\/www.w3.org\/2000\/svg\" width=\"52\" height=\"52\" viewBox=\"0 0 52 52\" fill=\"none\"><path d=\"M50.1313 10.8063C49.8063 10.4813 49.3187 10.4813 48.9937 10.8063L18.525 40.3L3.00625 25.2688C2.68125 24.9438 2.19375 24.9438 1.86875 25.2688C1.54375 25.5938 1.54375 26.0812 1.86875 26.4062L17.3875 41.5187C17.7125 41.8437 18.1187 42.0063 18.525 42.0063C18.9312 42.0063 19.3375 41.8437 19.6625 41.5187L50.1313 11.9437C50.4563 11.6187 50.4563 11.05 50.1313 10.8063Z\" fill=\"#1B7D88\"><\/path><\/svg>\t\t\t\t\t\t<\/span>\n\t\t\t\t\t\t\t\t\t\t<span class=\"elementor-icon-list-text\">RF60, EI60, EW60<\/span>\n\t\t\t\t\t\t\t\t\t<\/li>\n\t\t\t\t\t\t\t\t<li class=\"elementor-icon-list-item\">\n\t\t\t\t\t\t\t\t\t\t\t<span class=\"elementor-icon-list-icon\">\n\t\t\t\t\t\t\t<svg xmlns=\"http:\/\/www.w3.org\/2000\/svg\" width=\"52\" height=\"52\" viewBox=\"0 0 52 52\" fill=\"none\"><path d=\"M50.1313 10.8063C49.8063 10.4813 49.3187 10.4813 48.9937 10.8063L18.525 40.3L3.00625 25.2688C2.68125 24.9438 2.19375 24.9438 1.86875 25.2688C1.54375 25.5938 1.54375 26.0812 1.86875 26.4062L17.3875 41.5187C17.7125 41.8437 18.1187 42.0063 18.525 42.0063C18.9312 42.0063 19.3375 41.8437 19.6625 41.5187L50.1313 11.9437C50.4563 11.6187 50.4563 11.05 50.1313 10.8063Z\" fill=\"#1B7D88\"><\/path><\/svg>\t\t\t\t\t\t<\/span>\n\t\t\t\t\t\t\t\t\t\t<span class=\"elementor-icon-list-text\">Le volet VR60 est certifi\u00e9 selon les normes europ\u00e9ennes CEN1363-1 et CEN 1634-1<\/span>\n\t\t\t\t\t\t\t\t\t<\/li>\n\t\t\t\t\t\t<\/ul>\n\t\t\t\t\t\t<\/div>\n\t\t\t\t<\/div>\n\t\t\t\t<\/div>\n\t\t\t\t<\/div>\n\t\t\t\t<\/div>\n\t\t<div class=\"elementor-element elementor-element-8a9444b e-con-full e-flex e-con e-parent\" data-id=\"8a9444b\" data-element_type=\"container\">\n\t\t<div class=\"elementor-element elementor-element-ce60a81 e-con-full e-flex e-con e-child\" data-id=\"ce60a81\" data-element_type=\"container\" data-settings=\"{&quot;background_background&quot;:&quot;classic&quot;}\">\n\t\t\t\t<\/div>\n\t\t<div class=\"elementor-element elementor-element-6ca7045 e-con-full e-flex e-con e-child\" data-id=\"6ca7045\" data-element_type=\"container\">\n\t\t<div class=\"elementor-element elementor-element-dbf56cf e-con-full e-flex e-con e-child\" data-id=\"dbf56cf\" data-element_type=\"container\" data-settings=\"{&quot;background_background&quot;:&quot;classic&quot;}\">\n\t\t\t\t<\/div>\n\t\t<div class=\"elementor-element elementor-element-fd938a9 e-con-full e-flex e-con e-child\" data-id=\"fd938a9\" data-element_type=\"container\" data-settings=\"{&quot;background_background&quot;:&quot;classic&quot;}\">\n\t\t\t\t<\/div>\n\t\t\t\t<\/div>\n\t\t<div class=\"elementor-element elementor-element-773bb6a e-con-full e-flex e-con e-child\" data-id=\"773bb6a\" data-element_type=\"container\" data-settings=\"{&quot;background_background&quot;:&quot;classic&quot;}\">\n\t\t\t\t<\/div>\n\t\t\t\t<\/div>\n\t\t<div class=\"elementor-element elementor-element-4d54571 e-con-full e-flex e-con e-parent\" data-id=\"4d54571\" data-element_type=\"container\" data-settings=\"{&quot;background_background&quot;:&quot;classic&quot;}\">\n\t\t<div class=\"elementor-element elementor-element-5866d56 e-con-full container__xl e-flex e-con e-child\" data-id=\"5866d56\" data-element_type=\"container\">\n\t\t<div class=\"elementor-element elementor-element-717c74c e-con-full e-flex e-con e-child\" data-id=\"717c74c\" data-element_type=\"container\">\n\t\t\t\t<div class=\"elementor-element elementor-element-15d9e67 elementor-widget elementor-widget-heading\" data-id=\"15d9e67\" data-element_type=\"widget\" data-widget_type=\"heading.default\">\n\t\t\t\t<div class=\"elementor-widget-container\">\n\t\t\t\t\t<h2 class=\"elementor-heading-title elementor-size-default\">Prenez rendez-vous ou envoyez-nous un e-mail<\/h2>\t\t\t\t<\/div>\n\t\t\t\t<\/div>\n\t\t\t\t<\/div>\n\t\t<div class=\"elementor-element elementor-element-19f30af e-con-full e-flex e-con e-child\" data-id=\"19f30af\" data-element_type=\"container\">\n\t\t\t\t<div class=\"elementor-element elementor-element-4165169 elementor-widget elementor-widget-button\" data-id=\"4165169\" data-element_type=\"widget\" data-widget_type=\"button.default\">\n\t\t\t\t<div class=\"elementor-widget-container\">\n\t\t\t\t\t\t\t\t\t<div class=\"elementor-button-wrapper\">\n\t\t\t\t\t<a class=\"elementor-button elementor-button-link elementor-size-sm\" href=\"https:\/\/l-doornassau.be\/fr\/contact\/\">\n\t\t\t\t\t\t<span class=\"elementor-button-content-wrapper\">\n\t\t\t\t\t\t\t\t\t<span class=\"elementor-button-text\">Contactez nous<\/span>\n\t\t\t\t\t<\/span>\n\t\t\t\t\t<\/a>\n\t\t\t\t<\/div>\n\t\t\t\t\t\t\t\t<\/div>\n\t\t\t\t<\/div>\n\t\t\t\t<\/div>\n\t\t\t\t<\/div>\n\t\t\t\t<\/div>\n\t\t\t\t<\/div>\n\t\t","protected":false},"excerpt":{"rendered":"<p>Volets coupe-feu VR60 Le VR60 est un volet roulant coupe-feu. Id\u00e9al lorsque l\u2019espace d\u2019installation est restreint, il constitue une excellente alternative \u00e0 une porte sectionnelle coupe-feu. Sa r\u00e9sistance au feu repose sur un tablier et un encadrement brevet\u00e9s RF60. Demander un devis Le syst\u00e8me m\u00e9canique est tr\u00e8s proche de celui d\u2019un volet roulant traditionnel. Les [&hellip;]<\/p>\n","protected":false},"author":27,"featured_media":0,"parent":20045,"menu_order":0,"comment_status":"closed","ping_status":"closed","template":"","meta":{"_acf_changed":false,"footnotes":""},"class_list":["post-20049","page","type-page","status-publish","hentry"],"acf":[],"_links":{"self":[{"href":"https:\/\/l-doornassau.be\/fr\/wp-json\/wp\/v2\/pages\/20049","targetHints":{"allow":["GET"]}}],"collection":[{"href":"https:\/\/l-doornassau.be\/fr\/wp-json\/wp\/v2\/pages"}],"about":[{"href":"https:\/\/l-doornassau.be\/fr\/wp-json\/wp\/v2\/types\/page"}],"author":[{"embeddable":true,"href":"https:\/\/l-doornassau.be\/fr\/wp-json\/wp\/v2\/users\/27"}],"replies":[{"embeddable":true,"href":"https:\/\/l-doornassau.be\/fr\/wp-json\/wp\/v2\/comments?post=20049"}],"version-history":[{"count":10,"href":"https:\/\/l-doornassau.be\/fr\/wp-json\/wp\/v2\/pages\/20049\/revisions"}],"predecessor-version":[{"id":20963,"href":"https:\/\/l-doornassau.be\/fr\/wp-json\/wp\/v2\/pages\/20049\/revisions\/20963"}],"up":[{"embeddable":true,"href":"https:\/\/l-doornassau.be\/fr\/wp-json\/wp\/v2\/pages\/20045"}],"wp:attachment":[{"href":"https:\/\/l-doornassau.be\/fr\/wp-json\/wp\/v2\/media?parent=20049"}],"curies":[{"name":"wp","href":"https:\/\/api.w.org\/{rel}","templated":true}]}}