{"id":20059,"date":"2024-09-05T15:37:26","date_gmt":"2024-09-05T14:37:26","guid":{"rendered":"https:\/\/l-doornassau.be\/equipements-de-quai-chargement\/"},"modified":"2025-04-09T14:04:49","modified_gmt":"2025-04-09T13:04:49","slug":"equipements-de-quai-chargement","status":"publish","type":"page","link":"https:\/\/l-doornassau.be\/fr\/equipements-de-quai-chargement\/","title":{"rendered":"\u00c9quipements de quai chargement"},"content":{"rendered":"\t\t<div data-elementor-type=\"wp-page\" data-elementor-id=\"20059\" class=\"elementor elementor-20059 elementor-14255\" data-elementor-post-type=\"page\">\n\t\t\t\t<div class=\"elementor-element elementor-element-1318283 e-con-full e-flex e-con e-parent\" data-id=\"1318283\" data-element_type=\"container\" data-settings=\"{&quot;background_background&quot;:&quot;classic&quot;}\">\n\t\t<div class=\"elementor-element elementor-element-6fd77ed e-con-full container__xl e-flex e-con e-child\" data-id=\"6fd77ed\" data-element_type=\"container\">\n\t\t<div class=\"elementor-element elementor-element-3bfb738 e-con-full e-flex e-con e-child\" data-id=\"3bfb738\" data-element_type=\"container\">\n\t\t\t\t<div class=\"elementor-element elementor-element-c4b9160 elementor-widget elementor-widget-heading\" data-id=\"c4b9160\" data-element_type=\"widget\" data-widget_type=\"heading.default\">\n\t\t\t\t<div class=\"elementor-widget-container\">\n\t\t\t\t\t<h1 class=\"elementor-heading-title elementor-size-default\">\u00c9quipements de quai chargement<\/h1>\t\t\t\t<\/div>\n\t\t\t\t<\/div>\n\t\t\t\t<div class=\"elementor-element elementor-element-e91b7ce elementor-widget elementor-widget-text-editor\" data-id=\"e91b7ce\" data-element_type=\"widget\" data-widget_type=\"text-editor.default\">\n\t\t\t\t<div class=\"elementor-widget-container\">\n\t\t\t\t\t\t\t\t\t<p>Pour optimiser vos op\u00e9rations logistiques, il est essentiel de s\u2019appuyer sur une solution \u00e0 la fois rentable et fiable pour le chargement et le d\u00e9chargement. Qu\u2019il s\u2019agisse de rampes de chargement (niveleurs), de portes de quai, de sas d\u2019\u00e9tanch\u00e9it\u00e9 ou d\u2019accessoires divers, nous mettons \u00e0 votre disposition une vaste gamme d\u2019\u00e9quipements de quai de chargement alliant durabilit\u00e9 et performance, parmi les meilleurs du march\u00e9. <\/p>\t\t\t\t\t\t\t\t<\/div>\n\t\t\t\t<\/div>\n\t\t\t\t<div class=\"elementor-element elementor-element-8d6735b elementor-widget elementor-widget-button\" data-id=\"8d6735b\" data-element_type=\"widget\" data-widget_type=\"button.default\">\n\t\t\t\t<div class=\"elementor-widget-container\">\n\t\t\t\t\t\t\t\t\t<div class=\"elementor-button-wrapper\">\n\t\t\t\t\t<a class=\"elementor-button elementor-button-link elementor-size-sm\" href=\"https:\/\/l-doornassau.be\/fr\/devis\/\">\n\t\t\t\t\t\t<span class=\"elementor-button-content-wrapper\">\n\t\t\t\t\t\t\t\t\t<span class=\"elementor-button-text\">Demander un devis<\/span>\n\t\t\t\t\t<\/span>\n\t\t\t\t\t<\/a>\n\t\t\t\t<\/div>\n\t\t\t\t\t\t\t\t<\/div>\n\t\t\t\t<\/div>\n\t\t\t\t<\/div>\n\t\t\t\t<\/div>\n\t\t<div class=\"elementor-element elementor-element-6ceee93 e-con-full hero__image e-flex e-con e-child\" data-id=\"6ceee93\" data-element_type=\"container\" data-settings=\"{&quot;background_background&quot;:&quot;classic&quot;}\">\n\t\t\t\t<\/div>\n\t\t\t\t<\/div>\n\t\t<div class=\"elementor-element elementor-element-4c4659c9 e-con-full e-flex e-con e-parent\" data-id=\"4c4659c9\" data-element_type=\"container\">\n\t\t<div class=\"elementor-element elementor-element-2ed43aa6 e-con-full container__xl e-flex e-con e-child\" data-id=\"2ed43aa6\" data-element_type=\"container\">\n\t\t<div class=\"elementor-element elementor-element-182b2f57 e-con-full e-flex e-con e-child\" data-id=\"182b2f57\" data-element_type=\"container\">\n\t\t\t\t<div class=\"elementor-element elementor-element-976315c elementor-widget__width-initial elementor-widget elementor-widget-heading\" data-id=\"976315c\" data-element_type=\"widget\" data-widget_type=\"heading.default\">\n\t\t\t\t<div class=\"elementor-widget-container\">\n\t\t\t\t\t<h2 class=\"elementor-heading-title elementor-size-default\">Assurez la fluidit\u00e9 de vos flux de marchandises gr\u00e2ce \u00e0 des \u00e9quipements de quai de chargement fiables et efficaces.<\/h2>\t\t\t\t<\/div>\n\t\t\t\t<\/div>\n\t\t\t\t<\/div>\n\t\t<div class=\"elementor-element elementor-element-4fc821c3 e-con-full e-flex e-con e-child\" data-id=\"4fc821c3\" data-element_type=\"container\">\n\t\t\t\t<div class=\"elementor-element elementor-element-1dbd8ee3 elementor-widget elementor-widget-image\" data-id=\"1dbd8ee3\" data-element_type=\"widget\" data-widget_type=\"image.default\">\n\t\t\t\t<div class=\"elementor-widget-container\">\n\t\t\t\t\t\t\t\t\t\t\t\t\t\t\t<img fetchpriority=\"high\" decoding=\"async\" width=\"800\" height=\"633\" src=\"https:\/\/l-doornassau.be\/wp-content\/uploads\/2024\/12\/13-LDoornassau-Kwadelapstraat-e1734006395148-1024x810.jpg\" class=\"attachment-large size-large wp-image-19921\" alt=\"L-doornassau docking materiaal\" srcset=\"https:\/\/l-doornassau.be\/wp-content\/uploads\/2024\/12\/13-LDoornassau-Kwadelapstraat-e1734006395148-1024x810.jpg 1024w, https:\/\/l-doornassau.be\/wp-content\/uploads\/2024\/12\/13-LDoornassau-Kwadelapstraat-e1734006395148-300x237.jpg 300w, https:\/\/l-doornassau.be\/wp-content\/uploads\/2024\/12\/13-LDoornassau-Kwadelapstraat-e1734006395148-768x607.jpg 768w, https:\/\/l-doornassau.be\/wp-content\/uploads\/2024\/12\/13-LDoornassau-Kwadelapstraat-e1734006395148-600x474.jpg 600w, https:\/\/l-doornassau.be\/wp-content\/uploads\/2024\/12\/13-LDoornassau-Kwadelapstraat-e1734006395148.jpg 1190w\" sizes=\"(max-width: 800px) 100vw, 800px\" \/>\t\t\t\t\t\t\t\t\t\t\t\t\t\t\t<\/div>\n\t\t\t\t<\/div>\n\t\t\t\t<\/div>\n\t\t\t\t<\/div>\n\t\t\t\t<\/div>\n\t\t<div class=\"elementor-element elementor-element-5b2e366 e-con-full e-flex e-con e-parent\" data-id=\"5b2e366\" data-element_type=\"container\" data-settings=\"{&quot;background_background&quot;:&quot;classic&quot;}\">\n\t\t<div class=\"elementor-element elementor-element-b7c12f3 e-con-full container__xl e-flex e-con e-child\" data-id=\"b7c12f3\" data-element_type=\"container\">\n\t\t\t\t<div class=\"elementor-element elementor-element-2a603a4 elementor-widget elementor-widget-heading\" data-id=\"2a603a4\" data-element_type=\"widget\" data-widget_type=\"heading.default\">\n\t\t\t\t<div class=\"elementor-widget-container\">\n\t\t\t\t\t<h2 class=\"elementor-heading-title elementor-size-default\">chargement fiables et efficaces.<br>Notre gamme d\u2019\u00e9quipements de quai de chargement<\/h2>\t\t\t\t<\/div>\n\t\t\t\t<\/div>\n\t\t\t\t<\/div>\n\t\t<div class=\"elementor-element elementor-element-c094027 e-con-full container__xl e-flex e-con e-child\" data-id=\"c094027\" data-element_type=\"container\">\n\t\t<a class=\"elementor-element elementor-element-05f20a5 e-con-full product__item e-flex e-con e-child\" data-id=\"05f20a5\" data-element_type=\"container\" href=\"https:\/\/l-doornassau.be\/fr\/equipements-de-quai-chargement\/rampes-de-chargement\/\">\n\t\t\t\t<div class=\"elementor-element elementor-element-234c268 elementor-widget elementor-widget-image\" data-id=\"234c268\" data-element_type=\"widget\" data-widget_type=\"image.default\">\n\t\t\t\t<div class=\"elementor-widget-container\">\n\t\t\t\t\t\t\t\t\t\t\t\t\t\t\t<img decoding=\"async\" width=\"800\" height=\"356\" src=\"https:\/\/l-doornassau.be\/wp-content\/uploads\/2024\/11\/image006-1024x456.jpg\" class=\"attachment-large size-large wp-image-19885\" alt=\"L-doornassau laadbruggen\" srcset=\"https:\/\/l-doornassau.be\/wp-content\/uploads\/2024\/11\/image006-1024x456.jpg 1024w, https:\/\/l-doornassau.be\/wp-content\/uploads\/2024\/11\/image006-300x134.jpg 300w, https:\/\/l-doornassau.be\/wp-content\/uploads\/2024\/11\/image006-768x342.jpg 768w, https:\/\/l-doornassau.be\/wp-content\/uploads\/2024\/11\/image006-1536x684.jpg 1536w, https:\/\/l-doornassau.be\/wp-content\/uploads\/2024\/11\/image006-600x267.jpg 600w, https:\/\/l-doornassau.be\/wp-content\/uploads\/2024\/11\/image006.jpg 1550w\" sizes=\"(max-width: 800px) 100vw, 800px\" \/>\t\t\t\t\t\t\t\t\t\t\t\t\t\t\t<\/div>\n\t\t\t\t<\/div>\n\t\t\t\t<div class=\"elementor-element elementor-element-5a96dba elementor-widget elementor-widget-heading\" data-id=\"5a96dba\" data-element_type=\"widget\" data-widget_type=\"heading.default\">\n\t\t\t\t<div class=\"elementor-widget-container\">\n\t\t\t\t\t<h3 class=\"elementor-heading-title elementor-size-default\">Rampes de chargement<\/h3>\t\t\t\t<\/div>\n\t\t\t\t<\/div>\n\t\t\t\t<div class=\"elementor-element elementor-element-26af5fe product__arrow elementor-widget elementor-widget-image\" data-id=\"26af5fe\" data-element_type=\"widget\" data-widget_type=\"image.default\">\n\t\t\t\t<div class=\"elementor-widget-container\">\n\t\t\t\t\t\t\t\t\t\t\t\t\t\t\t<img decoding=\"async\" width=\"52\" height=\"52\" src=\"https:\/\/l-doornassau.be\/wp-content\/uploads\/2024\/08\/arrow-right-1.svg\" class=\"attachment-large size-large wp-image-19685\" alt=\"\" \/>\t\t\t\t\t\t\t\t\t\t\t\t\t\t\t<\/div>\n\t\t\t\t<\/div>\n\t\t\t\t<\/a>\n\t\t<a class=\"elementor-element elementor-element-cd723f6 e-con-full product__item e-flex e-con e-child\" data-id=\"cd723f6\" data-element_type=\"container\" href=\"https:\/\/l-doornassau.be\/fr\/equipements-de-quai-chargement\/sas-detancheite\/\">\n\t\t\t\t<div class=\"elementor-element elementor-element-82c25e4 elementor-widget elementor-widget-image\" data-id=\"82c25e4\" data-element_type=\"widget\" data-widget_type=\"image.default\">\n\t\t\t\t<div class=\"elementor-widget-container\">\n\t\t\t\t\t\t\t\t\t\t\t\t\t\t\t<img loading=\"lazy\" decoding=\"async\" width=\"800\" height=\"600\" src=\"https:\/\/l-doornassau.be\/wp-content\/uploads\/2024\/10\/IMG_0957-1024x768.jpg\" class=\"attachment-large size-large wp-image-19861\" alt=\"L-doornassau dockshelter\" srcset=\"https:\/\/l-doornassau.be\/wp-content\/uploads\/2024\/10\/IMG_0957-1024x768.jpg 1024w, https:\/\/l-doornassau.be\/wp-content\/uploads\/2024\/10\/IMG_0957-300x225.jpg 300w, https:\/\/l-doornassau.be\/wp-content\/uploads\/2024\/10\/IMG_0957-768x576.jpg 768w, https:\/\/l-doornassau.be\/wp-content\/uploads\/2024\/10\/IMG_0957-600x450.jpg 600w, https:\/\/l-doornassau.be\/wp-content\/uploads\/2024\/10\/IMG_0957.jpg 1500w\" sizes=\"(max-width: 800px) 100vw, 800px\" \/>\t\t\t\t\t\t\t\t\t\t\t\t\t\t\t<\/div>\n\t\t\t\t<\/div>\n\t\t\t\t<div class=\"elementor-element elementor-element-147715b elementor-widget elementor-widget-heading\" data-id=\"147715b\" data-element_type=\"widget\" data-widget_type=\"heading.default\">\n\t\t\t\t<div class=\"elementor-widget-container\">\n\t\t\t\t\t<h3 class=\"elementor-heading-title elementor-size-default\">Sas d\u2019\u00e9tanch\u00e9it\u00e9<\/h3>\t\t\t\t<\/div>\n\t\t\t\t<\/div>\n\t\t\t\t<div class=\"elementor-element elementor-element-15a0520 product__arrow elementor-widget elementor-widget-image\" data-id=\"15a0520\" data-element_type=\"widget\" data-widget_type=\"image.default\">\n\t\t\t\t<div class=\"elementor-widget-container\">\n\t\t\t\t\t\t\t\t\t\t\t\t\t\t\t<img decoding=\"async\" width=\"52\" height=\"52\" src=\"https:\/\/l-doornassau.be\/wp-content\/uploads\/2024\/08\/arrow-right-1.svg\" class=\"attachment-large size-large wp-image-19685\" alt=\"\" \/>\t\t\t\t\t\t\t\t\t\t\t\t\t\t\t<\/div>\n\t\t\t\t<\/div>\n\t\t\t\t<\/a>\n\t\t<a class=\"elementor-element elementor-element-69a261b e-con-full product__item e-flex e-con e-child\" data-id=\"69a261b\" data-element_type=\"container\" href=\"https:\/\/l-doornassau.be\/fr\/equipements-de-quai-chargement\/butoirs\/\">\n\t\t\t\t<div class=\"elementor-element elementor-element-39eb37f elementor-widget elementor-widget-image\" data-id=\"39eb37f\" data-element_type=\"widget\" data-widget_type=\"image.default\">\n\t\t\t\t<div class=\"elementor-widget-container\">\n\t\t\t\t\t\t\t\t\t\t\t\t\t\t\t<img loading=\"lazy\" decoding=\"async\" width=\"800\" height=\"600\" src=\"https:\/\/l-doornassau.be\/wp-content\/uploads\/2024\/10\/Mammoet-buffer-IMG_1838-1024x768.jpg\" class=\"attachment-large size-large wp-image-19791\" alt=\"L-doornassau buffer\" srcset=\"https:\/\/l-doornassau.be\/wp-content\/uploads\/2024\/10\/Mammoet-buffer-IMG_1838-1024x768.jpg 1024w, https:\/\/l-doornassau.be\/wp-content\/uploads\/2024\/10\/Mammoet-buffer-IMG_1838-300x225.jpg 300w, https:\/\/l-doornassau.be\/wp-content\/uploads\/2024\/10\/Mammoet-buffer-IMG_1838-768x576.jpg 768w, https:\/\/l-doornassau.be\/wp-content\/uploads\/2024\/10\/Mammoet-buffer-IMG_1838-600x450.jpg 600w, https:\/\/l-doornassau.be\/wp-content\/uploads\/2024\/10\/Mammoet-buffer-IMG_1838.jpg 1500w\" sizes=\"(max-width: 800px) 100vw, 800px\" \/>\t\t\t\t\t\t\t\t\t\t\t\t\t\t\t<\/div>\n\t\t\t\t<\/div>\n\t\t\t\t<div class=\"elementor-element elementor-element-349556c elementor-widget elementor-widget-heading\" data-id=\"349556c\" data-element_type=\"widget\" data-widget_type=\"heading.default\">\n\t\t\t\t<div class=\"elementor-widget-container\">\n\t\t\t\t\t<h3 class=\"elementor-heading-title elementor-size-default\">Butoirs<\/h3>\t\t\t\t<\/div>\n\t\t\t\t<\/div>\n\t\t\t\t<div class=\"elementor-element elementor-element-a57e5f5 product__arrow elementor-widget elementor-widget-image\" data-id=\"a57e5f5\" data-element_type=\"widget\" data-widget_type=\"image.default\">\n\t\t\t\t<div class=\"elementor-widget-container\">\n\t\t\t\t\t\t\t\t\t\t\t\t\t\t\t<img decoding=\"async\" width=\"52\" height=\"52\" src=\"https:\/\/l-doornassau.be\/wp-content\/uploads\/2024\/08\/arrow-right-1.svg\" class=\"attachment-large size-large wp-image-19685\" alt=\"\" \/>\t\t\t\t\t\t\t\t\t\t\t\t\t\t\t<\/div>\n\t\t\t\t<\/div>\n\t\t\t\t<\/a>\n\t\t<a class=\"elementor-element elementor-element-b29fe1b e-con-full product__item e-flex e-con e-child\" data-id=\"b29fe1b\" data-element_type=\"container\" href=\"https:\/\/l-doornassau.be\/fr\/equipements-de-quai-chargement\/systemes-de-securite-anti-depart\/\">\n\t\t\t\t<div class=\"elementor-element elementor-element-31a4857 elementor-widget elementor-widget-image\" data-id=\"31a4857\" data-element_type=\"widget\" data-widget_type=\"image.default\">\n\t\t\t\t<div class=\"elementor-widget-container\">\n\t\t\t\t\t\t\t\t\t\t\t\t\t\t\t<img loading=\"lazy\" decoding=\"async\" width=\"800\" height=\"532\" src=\"https:\/\/l-doornassau.be\/wp-content\/uploads\/2024\/10\/colfridis-ldoor-006-1024x681.jpg\" class=\"attachment-large size-large wp-image-19792\" alt=\"L-doornassau wegrijbeveiligingsysteem\" srcset=\"https:\/\/l-doornassau.be\/wp-content\/uploads\/2024\/10\/colfridis-ldoor-006-1024x681.jpg 1024w, https:\/\/l-doornassau.be\/wp-content\/uploads\/2024\/10\/colfridis-ldoor-006-300x200.jpg 300w, https:\/\/l-doornassau.be\/wp-content\/uploads\/2024\/10\/colfridis-ldoor-006-768x511.jpg 768w, https:\/\/l-doornassau.be\/wp-content\/uploads\/2024\/10\/colfridis-ldoor-006-600x399.jpg 600w, https:\/\/l-doornassau.be\/wp-content\/uploads\/2024\/10\/colfridis-ldoor-006.jpg 1500w\" sizes=\"(max-width: 800px) 100vw, 800px\" \/>\t\t\t\t\t\t\t\t\t\t\t\t\t\t\t<\/div>\n\t\t\t\t<\/div>\n\t\t\t\t<div class=\"elementor-element elementor-element-e065dec elementor-widget elementor-widget-heading\" data-id=\"e065dec\" data-element_type=\"widget\" data-widget_type=\"heading.default\">\n\t\t\t\t<div class=\"elementor-widget-container\">\n\t\t\t\t\t<h3 class=\"elementor-heading-title elementor-size-default\">Syst\u00e8mes de s\u00e9curit\u00e9 anti-d\u00e9part<\/h3>\t\t\t\t<\/div>\n\t\t\t\t<\/div>\n\t\t\t\t<div class=\"elementor-element elementor-element-56239f0 product__arrow elementor-widget elementor-widget-image\" data-id=\"56239f0\" data-element_type=\"widget\" data-widget_type=\"image.default\">\n\t\t\t\t<div class=\"elementor-widget-container\">\n\t\t\t\t\t\t\t\t\t\t\t\t\t\t\t<img decoding=\"async\" width=\"52\" height=\"52\" src=\"https:\/\/l-doornassau.be\/wp-content\/uploads\/2024\/08\/arrow-right-1.svg\" class=\"attachment-large size-large wp-image-19685\" alt=\"\" \/>\t\t\t\t\t\t\t\t\t\t\t\t\t\t\t<\/div>\n\t\t\t\t<\/div>\n\t\t\t\t<\/a>\n\t\t\t\t<\/div>\n\t\t\t\t<\/div>\n\t\t<div class=\"elementor-element elementor-element-6404721 e-con-full e-flex e-con e-parent\" data-id=\"6404721\" data-element_type=\"container\" data-settings=\"{&quot;background_background&quot;:&quot;classic&quot;}\">\n\t\t<div class=\"elementor-element elementor-element-d1581a9 e-con-full container__xl e-flex e-con e-child\" data-id=\"d1581a9\" data-element_type=\"container\">\n\t\t<div class=\"elementor-element elementor-element-2c6b813 e-con-full e-flex e-con e-child\" data-id=\"2c6b813\" data-element_type=\"container\">\n\t\t\t\t<div class=\"elementor-element elementor-element-ecf69b8 elementor-widget elementor-widget-heading\" data-id=\"ecf69b8\" data-element_type=\"widget\" data-widget_type=\"heading.default\">\n\t\t\t\t<div class=\"elementor-widget-container\">\n\t\t\t\t\t<h2 class=\"elementor-heading-title elementor-size-default\">Prenez rendez-vous ou envoyez-nous un e-mail<\/h2>\t\t\t\t<\/div>\n\t\t\t\t<\/div>\n\t\t\t\t<\/div>\n\t\t<div class=\"elementor-element elementor-element-328ec9f e-con-full e-flex e-con e-child\" data-id=\"328ec9f\" data-element_type=\"container\">\n\t\t\t\t<div class=\"elementor-element elementor-element-a0800e8 elementor-widget elementor-widget-button\" data-id=\"a0800e8\" data-element_type=\"widget\" data-widget_type=\"button.default\">\n\t\t\t\t<div class=\"elementor-widget-container\">\n\t\t\t\t\t\t\t\t\t<div class=\"elementor-button-wrapper\">\n\t\t\t\t\t<a class=\"elementor-button elementor-button-link elementor-size-sm\" href=\"https:\/\/l-doornassau.be\/fr\/contact\/\">\n\t\t\t\t\t\t<span class=\"elementor-button-content-wrapper\">\n\t\t\t\t\t\t\t\t\t<span class=\"elementor-button-text\">Contactez nous<\/span>\n\t\t\t\t\t<\/span>\n\t\t\t\t\t<\/a>\n\t\t\t\t<\/div>\n\t\t\t\t\t\t\t\t<\/div>\n\t\t\t\t<\/div>\n\t\t\t\t<\/div>\n\t\t\t\t<\/div>\n\t\t\t\t<\/div>\n\t\t\t\t<\/div>\n\t\t","protected":false},"excerpt":{"rendered":"<p>\u00c9quipements de quai chargement Pour optimiser vos op\u00e9rations logistiques, il est essentiel de s\u2019appuyer sur une solution \u00e0 la fois rentable et fiable pour le chargement et le d\u00e9chargement. Qu\u2019il s\u2019agisse de rampes de chargement (niveleurs), de portes de quai, de sas d\u2019\u00e9tanch\u00e9it\u00e9 ou d\u2019accessoires divers, nous mettons \u00e0 votre disposition une vaste gamme d\u2019\u00e9quipements [&hellip;]<\/p>\n","protected":false},"author":27,"featured_media":0,"parent":0,"menu_order":0,"comment_status":"closed","ping_status":"closed","template":"","meta":{"_acf_changed":false,"footnotes":""},"class_list":["post-20059","page","type-page","status-publish","hentry"],"acf":[],"_links":{"self":[{"href":"https:\/\/l-doornassau.be\/fr\/wp-json\/wp\/v2\/pages\/20059","targetHints":{"allow":["GET"]}}],"collection":[{"href":"https:\/\/l-doornassau.be\/fr\/wp-json\/wp\/v2\/pages"}],"about":[{"href":"https:\/\/l-doornassau.be\/fr\/wp-json\/wp\/v2\/types\/page"}],"author":[{"embeddable":true,"href":"https:\/\/l-doornassau.be\/fr\/wp-json\/wp\/v2\/users\/27"}],"replies":[{"embeddable":true,"href":"https:\/\/l-doornassau.be\/fr\/wp-json\/wp\/v2\/comments?post=20059"}],"version-history":[{"count":5,"href":"https:\/\/l-doornassau.be\/fr\/wp-json\/wp\/v2\/pages\/20059\/revisions"}],"predecessor-version":[{"id":20246,"href":"https:\/\/l-doornassau.be\/fr\/wp-json\/wp\/v2\/pages\/20059\/revisions\/20246"}],"wp:attachment":[{"href":"https:\/\/l-doornassau.be\/fr\/wp-json\/wp\/v2\/media?parent=20059"}],"curies":[{"name":"wp","href":"https:\/\/api.w.org\/{rel}","templated":true}]}}