{"id":20061,"date":"2024-10-24T18:10:35","date_gmt":"2024-10-24T17:10:35","guid":{"rendered":"https:\/\/l-doornassau.be\/equipements-de-quai-chargement\/rampes-de-chargement\/"},"modified":"2025-07-17T14:37:20","modified_gmt":"2025-07-17T13:37:20","slug":"rampes-de-chargement","status":"publish","type":"page","link":"https:\/\/l-doornassau.be\/fr\/equipements-de-quai-chargement\/rampes-de-chargement\/","title":{"rendered":"Rampes de chargement"},"content":{"rendered":"\t\t<div data-elementor-type=\"wp-page\" data-elementor-id=\"20061\" class=\"elementor elementor-20061 elementor-16914\" data-elementor-post-type=\"page\">\n\t\t\t\t<div class=\"elementor-element elementor-element-b164166 e-con-full residentieel e-flex e-con e-parent\" data-id=\"b164166\" data-element_type=\"container\" data-settings=\"{&quot;background_background&quot;:&quot;classic&quot;}\">\n\t\t<div class=\"elementor-element elementor-element-2ebbbfe e-con-full container__xl e-flex e-con e-child\" data-id=\"2ebbbfe\" data-element_type=\"container\">\n\t\t<div class=\"elementor-element elementor-element-d0db789 e-con-full e-flex e-con e-child\" data-id=\"d0db789\" data-element_type=\"container\">\n\t\t\t\t<div class=\"elementor-element elementor-element-ea1f162 elementor-widget elementor-widget-heading\" data-id=\"ea1f162\" data-element_type=\"widget\" data-widget_type=\"heading.default\">\n\t\t\t\t<div class=\"elementor-widget-container\">\n\t\t\t\t\t<h1 class=\"elementor-heading-title elementor-size-default\">Ponts de chargement<\/h1>\t\t\t\t<\/div>\n\t\t\t\t<\/div>\n\t\t\t\t<div class=\"elementor-element elementor-element-37141a1 elementor-widget elementor-widget-text-editor\" data-id=\"37141a1\" data-element_type=\"widget\" data-widget_type=\"text-editor.default\">\n\t\t\t\t<div class=\"elementor-widget-container\">\n\t\t\t\t\t\t\t\t\t<p>Lors de l\u2019acquisition d\u2019une rampe de chargement, il est essentiel de s\u00e9lectionner les dimensions adapt\u00e9es \u00e0 vos besoins professionnels. Voici quelques conseils pour vous guider dans votre choix. <\/p>\t\t\t\t\t\t\t\t<\/div>\n\t\t\t\t<\/div>\n\t\t\t\t<div class=\"elementor-element elementor-element-d4124af elementor-widget elementor-widget-button\" data-id=\"d4124af\" data-element_type=\"widget\" data-widget_type=\"button.default\">\n\t\t\t\t<div class=\"elementor-widget-container\">\n\t\t\t\t\t\t\t\t\t<div class=\"elementor-button-wrapper\">\n\t\t\t\t\t<a class=\"elementor-button elementor-button-link elementor-size-sm\" href=\"https:\/\/l-doornassau.be\/fr\/devis\/\">\n\t\t\t\t\t\t<span class=\"elementor-button-content-wrapper\">\n\t\t\t\t\t\t\t\t\t<span class=\"elementor-button-text\">Demander un devis<\/span>\n\t\t\t\t\t<\/span>\n\t\t\t\t\t<\/a>\n\t\t\t\t<\/div>\n\t\t\t\t\t\t\t\t<\/div>\n\t\t\t\t<\/div>\n\t\t\t\t<\/div>\n\t\t\t\t<\/div>\n\t\t<div class=\"elementor-element elementor-element-8c150a5 e-con-full hero__image e-flex e-con e-child\" data-id=\"8c150a5\" data-element_type=\"container\" data-settings=\"{&quot;background_background&quot;:&quot;classic&quot;}\">\n\t\t\t\t<\/div>\n\t\t\t\t<\/div>\n\t\t<div class=\"elementor-element elementor-element-04b8ae4 e-con-full e-flex e-con e-parent\" data-id=\"04b8ae4\" data-element_type=\"container\" data-settings=\"{&quot;background_background&quot;:&quot;classic&quot;}\">\n\t\t<div class=\"elementor-element elementor-element-3215180 e-con-full container__xl e-flex e-con e-child\" data-id=\"3215180\" data-element_type=\"container\">\n\t\t<div class=\"elementor-element elementor-element-687626b e-con-full e-flex e-con e-child\" data-id=\"687626b\" data-element_type=\"container\">\n\t\t\t\t<div class=\"elementor-element elementor-element-a61851f elementor-widget elementor-widget-image\" data-id=\"a61851f\" data-element_type=\"widget\" data-widget_type=\"image.default\">\n\t\t\t\t<div class=\"elementor-widget-container\">\n\t\t\t\t\t\t\t\t\t\t\t\t\t\t\t<img fetchpriority=\"high\" decoding=\"async\" width=\"800\" height=\"534\" src=\"https:\/\/l-doornassau.be\/wp-content\/uploads\/2024\/10\/10-1024x683.jpg\" class=\"attachment-large size-large wp-image-19844\" alt=\"Docking materiaal l-doornassau\" srcset=\"https:\/\/l-doornassau.be\/wp-content\/uploads\/2024\/10\/10-1024x683.jpg 1024w, https:\/\/l-doornassau.be\/wp-content\/uploads\/2024\/10\/10-300x200.jpg 300w, https:\/\/l-doornassau.be\/wp-content\/uploads\/2024\/10\/10-768x513.jpg 768w, https:\/\/l-doornassau.be\/wp-content\/uploads\/2024\/10\/10-600x400.jpg 600w, https:\/\/l-doornassau.be\/wp-content\/uploads\/2024\/10\/10.jpg 1500w\" sizes=\"(max-width: 800px) 100vw, 800px\" \/>\t\t\t\t\t\t\t\t\t\t\t\t\t\t\t<\/div>\n\t\t\t\t<\/div>\n\t\t\t\t<\/div>\n\t\t<div class=\"elementor-element elementor-element-6740855 e-con-full e-flex e-con e-child\" data-id=\"6740855\" data-element_type=\"container\">\n\t\t\t\t<div class=\"elementor-element elementor-element-ce1af41 elementor-widget elementor-widget-text-editor\" data-id=\"ce1af41\" data-element_type=\"widget\" data-widget_type=\"text-editor.default\">\n\t\t\t\t<div class=\"elementor-widget-container\">\n\t\t\t\t\t\t\t\t\t<ol><li><strong>Hauteur de la rampe de chargement<br \/><\/strong>La hauteur id\u00e9ale d\u2019un pont de chargement ou d\u2019un niveleur de quai varie entre 1.100 mm et 1.300 mm.<\/li><li><strong>Pente de la rampe de chargement<br \/><\/strong>Pour un transpalette manuel, la pente maximale autoris\u00e9e est de 6 %, contre 8 % pour un transpalette \u00e9lectrique. Les chariots \u00e9l\u00e9vateurs \u00e9lectriques et les chariots \u00e9l\u00e9vateurs diesel ou \u00e0 gaz peuvent supporter des pentes plus importantes : jusqu\u2019\u00e0 11 % et 15 % respectivement.<\/li><li><strong>Longueur de la rampe de chargement<br \/><\/strong>La diff\u00e9rence de hauteur maximale entre le quai et la surface de chargement, divis\u00e9e par l\u2019inclinaison, d\u00e9termine la longueur du pont de chargement.<\/li><li><strong>Largeur de la rampe de chargement<\/strong><br \/>La largeur id\u00e9ale est d\u00e9termin\u00e9e en fonction de la largeur int\u00e9rieure des camions les plus courants et du type de marchandises \u00e0 charger.<\/li><\/ol>\t\t\t\t\t\t\t\t<\/div>\n\t\t\t\t<\/div>\n\t\t\t\t<\/div>\n\t\t\t\t<\/div>\n\t\t\t\t<\/div>\n\t\t<div class=\"elementor-element elementor-element-ed7faad e-con-full e-flex e-con e-parent\" data-id=\"ed7faad\" data-element_type=\"container\" data-settings=\"{&quot;background_background&quot;:&quot;classic&quot;}\">\n\t\t<div class=\"elementor-element elementor-element-3a91159 e-con-full container__xl e-flex e-con e-child\" data-id=\"3a91159\" data-element_type=\"container\">\n\t\t<div class=\"elementor-element elementor-element-c0cb0d4 e-con-full e-flex e-con e-child\" data-id=\"c0cb0d4\" data-element_type=\"container\">\n\t\t\t\t<div class=\"elementor-element elementor-element-145aee9 elementor-widget elementor-widget-heading\" data-id=\"145aee9\" data-element_type=\"widget\" data-widget_type=\"heading.default\">\n\t\t\t\t<div class=\"elementor-widget-container\">\n\t\t\t\t\t<h2 class=\"elementor-heading-title elementor-size-default\">Types de rampes de chargement :<\/h2>\t\t\t\t<\/div>\n\t\t\t\t<\/div>\n\t\t\t\t<div class=\"elementor-element elementor-element-2c82dc8 elementor-widget elementor-widget-text-editor\" data-id=\"2c82dc8\" data-element_type=\"widget\" data-widget_type=\"text-editor.default\">\n\t\t\t\t<div class=\"elementor-widget-container\">\n\t\t\t\t\t\t\t\t\t<ul><li>Mod\u00e8le autoportant : cadre en T<\/li><li>Mod\u00e8le box : cadre en B<\/li><li>Mod\u00e8le encastr\u00e9<ul><li>Cadre en W<\/li><li>Cadre en P<\/li><li>Cadre en F<\/li><\/ul><\/li><li>L\u00e8vres<ul><li>L\u00e8vre basculante<\/li><li>L\u00e8vre t\u00e9lescopique (extensible)<\/li><\/ul><\/li><\/ul>\t\t\t\t\t\t\t\t<\/div>\n\t\t\t\t<\/div>\n\t\t\t\t<\/div>\n\t\t<div class=\"elementor-element elementor-element-c9e2ec3 e-con-full e-flex e-con e-child\" data-id=\"c9e2ec3\" data-element_type=\"container\">\n\t\t\t\t<div class=\"elementor-element elementor-element-abea00b elementor-widget elementor-widget-image\" data-id=\"abea00b\" data-element_type=\"widget\" data-widget_type=\"image.default\">\n\t\t\t\t<div class=\"elementor-widget-container\">\n\t\t\t\t\t\t\t\t\t\t\t\t\t\t\t<img decoding=\"async\" width=\"800\" height=\"600\" src=\"https:\/\/l-doornassau.be\/wp-content\/uploads\/2024\/10\/Mammoet-buffer-IMG_1838-1024x768.jpg\" class=\"attachment-large size-large wp-image-19791\" alt=\"L-doornassau buffer\" srcset=\"https:\/\/l-doornassau.be\/wp-content\/uploads\/2024\/10\/Mammoet-buffer-IMG_1838-1024x768.jpg 1024w, https:\/\/l-doornassau.be\/wp-content\/uploads\/2024\/10\/Mammoet-buffer-IMG_1838-300x225.jpg 300w, https:\/\/l-doornassau.be\/wp-content\/uploads\/2024\/10\/Mammoet-buffer-IMG_1838-768x576.jpg 768w, https:\/\/l-doornassau.be\/wp-content\/uploads\/2024\/10\/Mammoet-buffer-IMG_1838-600x450.jpg 600w, https:\/\/l-doornassau.be\/wp-content\/uploads\/2024\/10\/Mammoet-buffer-IMG_1838.jpg 1500w\" sizes=\"(max-width: 800px) 100vw, 800px\" \/>\t\t\t\t\t\t\t\t\t\t\t\t\t\t\t<\/div>\n\t\t\t\t<\/div>\n\t\t\t\t<\/div>\n\t\t\t\t<\/div>\n\t\t\t\t<\/div>\n\t\t<div class=\"elementor-element elementor-element-fb2d3c5 e-con-full e-flex e-con e-parent\" data-id=\"fb2d3c5\" data-element_type=\"container\" data-settings=\"{&quot;background_background&quot;:&quot;classic&quot;}\">\n\t\t<div class=\"elementor-element elementor-element-2cec157 e-con-full container__xl e-flex e-con e-child\" data-id=\"2cec157\" data-element_type=\"container\">\n\t\t<div class=\"elementor-element elementor-element-15cef98 e-con-full e-flex e-con e-child\" data-id=\"15cef98\" data-element_type=\"container\">\n\t\t\t\t<div class=\"elementor-element elementor-element-e91c6da elementor-widget elementor-widget-heading\" data-id=\"e91c6da\" data-element_type=\"widget\" data-widget_type=\"heading.default\">\n\t\t\t\t<div class=\"elementor-widget-container\">\n\t\t\t\t\t<h2 class=\"elementor-heading-title elementor-size-default\">Prenez rendez-vous ou envoyez-nous un e-mail<\/h2>\t\t\t\t<\/div>\n\t\t\t\t<\/div>\n\t\t\t\t<\/div>\n\t\t<div class=\"elementor-element elementor-element-b2505c9 e-con-full e-flex e-con e-child\" data-id=\"b2505c9\" data-element_type=\"container\">\n\t\t\t\t<div class=\"elementor-element elementor-element-a0ea51f elementor-widget elementor-widget-button\" data-id=\"a0ea51f\" data-element_type=\"widget\" data-widget_type=\"button.default\">\n\t\t\t\t<div class=\"elementor-widget-container\">\n\t\t\t\t\t\t\t\t\t<div class=\"elementor-button-wrapper\">\n\t\t\t\t\t<a class=\"elementor-button elementor-button-link elementor-size-sm\" href=\"https:\/\/l-doornassau.be\/fr\/contact\/\">\n\t\t\t\t\t\t<span class=\"elementor-button-content-wrapper\">\n\t\t\t\t\t\t\t\t\t<span class=\"elementor-button-text\">Contactez nous<\/span>\n\t\t\t\t\t<\/span>\n\t\t\t\t\t<\/a>\n\t\t\t\t<\/div>\n\t\t\t\t\t\t\t\t<\/div>\n\t\t\t\t<\/div>\n\t\t\t\t<\/div>\n\t\t\t\t<\/div>\n\t\t\t\t<\/div>\n\t\t\t\t<\/div>\n\t\t","protected":false},"excerpt":{"rendered":"<p>Ponts de chargement Lors de l\u2019acquisition d\u2019une rampe de chargement, il est essentiel de s\u00e9lectionner les dimensions adapt\u00e9es \u00e0 vos besoins professionnels. Voici quelques conseils pour vous guider dans votre choix. Demander un devis Hauteur de la rampe de chargementLa hauteur id\u00e9ale d\u2019un pont de chargement ou d\u2019un niveleur de quai varie entre 1.100 mm [&hellip;]<\/p>\n","protected":false},"author":27,"featured_media":0,"parent":20059,"menu_order":0,"comment_status":"closed","ping_status":"closed","template":"","meta":{"_acf_changed":false,"footnotes":""},"class_list":["post-20061","page","type-page","status-publish","hentry"],"acf":[],"_links":{"self":[{"href":"https:\/\/l-doornassau.be\/fr\/wp-json\/wp\/v2\/pages\/20061","targetHints":{"allow":["GET"]}}],"collection":[{"href":"https:\/\/l-doornassau.be\/fr\/wp-json\/wp\/v2\/pages"}],"about":[{"href":"https:\/\/l-doornassau.be\/fr\/wp-json\/wp\/v2\/types\/page"}],"author":[{"embeddable":true,"href":"https:\/\/l-doornassau.be\/fr\/wp-json\/wp\/v2\/users\/27"}],"replies":[{"embeddable":true,"href":"https:\/\/l-doornassau.be\/fr\/wp-json\/wp\/v2\/comments?post=20061"}],"version-history":[{"count":15,"href":"https:\/\/l-doornassau.be\/fr\/wp-json\/wp\/v2\/pages\/20061\/revisions"}],"predecessor-version":[{"id":20957,"href":"https:\/\/l-doornassau.be\/fr\/wp-json\/wp\/v2\/pages\/20061\/revisions\/20957"}],"up":[{"embeddable":true,"href":"https:\/\/l-doornassau.be\/fr\/wp-json\/wp\/v2\/pages\/20059"}],"wp:attachment":[{"href":"https:\/\/l-doornassau.be\/fr\/wp-json\/wp\/v2\/media?parent=20061"}],"curies":[{"name":"wp","href":"https:\/\/api.w.org\/{rel}","templated":true}]}}