{"id":20065,"date":"2024-10-24T18:23:11","date_gmt":"2024-10-24T17:23:11","guid":{"rendered":"https:\/\/l-doornassau.be\/equipements-de-quai-chargement\/butoirs\/"},"modified":"2025-07-17T14:46:53","modified_gmt":"2025-07-17T13:46:53","slug":"butoirs","status":"publish","type":"page","link":"https:\/\/l-doornassau.be\/fr\/equipements-de-quai-chargement\/butoirs\/","title":{"rendered":"Butoirs"},"content":{"rendered":"\t\t<div data-elementor-type=\"wp-page\" data-elementor-id=\"20065\" class=\"elementor elementor-20065 elementor-16946\" data-elementor-post-type=\"page\">\n\t\t\t\t<div class=\"elementor-element elementor-element-b164166 e-con-full residentieel e-flex e-con e-parent\" data-id=\"b164166\" data-element_type=\"container\" data-settings=\"{&quot;background_background&quot;:&quot;classic&quot;}\">\n\t\t<div class=\"elementor-element elementor-element-2ebbbfe e-con-full container__xl e-flex e-con e-child\" data-id=\"2ebbbfe\" data-element_type=\"container\">\n\t\t<div class=\"elementor-element elementor-element-d0db789 e-con-full e-flex e-con e-child\" data-id=\"d0db789\" data-element_type=\"container\">\n\t\t\t\t<div class=\"elementor-element elementor-element-ea1f162 elementor-widget elementor-widget-heading\" data-id=\"ea1f162\" data-element_type=\"widget\" data-widget_type=\"heading.default\">\n\t\t\t\t<div class=\"elementor-widget-container\">\n\t\t\t\t\t<h1 class=\"elementor-heading-title elementor-size-default\">Butoir de quai<\/h1>\t\t\t\t<\/div>\n\t\t\t\t<\/div>\n\t\t\t\t<div class=\"elementor-element elementor-element-37141a1 elementor-widget elementor-widget-text-editor\" data-id=\"37141a1\" data-element_type=\"widget\" data-widget_type=\"text-editor.default\">\n\t\t\t\t<div class=\"elementor-widget-container\">\n\t\t\t\t\t\t\t\t\t<p>Lors de l\u2019acquisition d\u2019une rampe de chargement, il est crucial d\u2019\u00e9quiper votre installation des accessoires appropri\u00e9s. L\u2019utilisation de butoirs est indispensable pour pr\u00e9venir les dommages, et constitue donc un investissement incontournable. <\/p>\t\t\t\t\t\t\t\t<\/div>\n\t\t\t\t<\/div>\n\t\t\t\t<div class=\"elementor-element elementor-element-72ace5d elementor-widget elementor-widget-button\" data-id=\"72ace5d\" data-element_type=\"widget\" data-widget_type=\"button.default\">\n\t\t\t\t<div class=\"elementor-widget-container\">\n\t\t\t\t\t\t\t\t\t<div class=\"elementor-button-wrapper\">\n\t\t\t\t\t<a class=\"elementor-button elementor-button-link elementor-size-sm\" href=\"https:\/\/l-doornassau.be\/fr\/devis\/\">\n\t\t\t\t\t\t<span class=\"elementor-button-content-wrapper\">\n\t\t\t\t\t\t\t\t\t<span class=\"elementor-button-text\">Demander un devis<\/span>\n\t\t\t\t\t<\/span>\n\t\t\t\t\t<\/a>\n\t\t\t\t<\/div>\n\t\t\t\t\t\t\t\t<\/div>\n\t\t\t\t<\/div>\n\t\t\t\t<\/div>\n\t\t\t\t<\/div>\n\t\t<div class=\"elementor-element elementor-element-8c150a5 e-con-full hero__image e-flex e-con e-child\" data-id=\"8c150a5\" data-element_type=\"container\" data-settings=\"{&quot;background_background&quot;:&quot;classic&quot;}\">\n\t\t\t\t<\/div>\n\t\t\t\t<\/div>\n\t\t<div class=\"elementor-element elementor-element-04b8ae4 e-con-full e-flex e-con e-parent\" data-id=\"04b8ae4\" data-element_type=\"container\" data-settings=\"{&quot;background_background&quot;:&quot;classic&quot;}\">\n\t\t<div class=\"elementor-element elementor-element-3215180 e-con-full container__xl e-flex e-con e-child\" data-id=\"3215180\" data-element_type=\"container\">\n\t\t<div class=\"elementor-element elementor-element-687626b e-con-full e-flex e-con e-child\" data-id=\"687626b\" data-element_type=\"container\">\n\t\t\t\t<div class=\"elementor-element elementor-element-a61851f elementor-widget elementor-widget-image\" data-id=\"a61851f\" data-element_type=\"widget\" data-widget_type=\"image.default\">\n\t\t\t\t<div class=\"elementor-widget-container\">\n\t\t\t\t\t\t\t\t\t\t\t\t\t\t\t<img fetchpriority=\"high\" decoding=\"async\" width=\"633\" height=\"408\" src=\"https:\/\/l-doornassau.be\/wp-content\/uploads\/2024\/11\/image011.jpg\" class=\"attachment-large size-large wp-image-19890\" alt=\"L-doornassua dock bumper\" srcset=\"https:\/\/l-doornassau.be\/wp-content\/uploads\/2024\/11\/image011.jpg 633w, https:\/\/l-doornassau.be\/wp-content\/uploads\/2024\/11\/image011-300x193.jpg 300w, https:\/\/l-doornassau.be\/wp-content\/uploads\/2024\/11\/image011-600x387.jpg 600w\" sizes=\"(max-width: 633px) 100vw, 633px\" \/>\t\t\t\t\t\t\t\t\t\t\t\t\t\t\t<\/div>\n\t\t\t\t<\/div>\n\t\t\t\t<\/div>\n\t\t<div class=\"elementor-element elementor-element-6740855 e-con-full e-flex e-con e-child\" data-id=\"6740855\" data-element_type=\"container\">\n\t\t\t\t<div class=\"elementor-element elementor-element-d7dd8c1 elementor-widget elementor-widget-heading\" data-id=\"d7dd8c1\" data-element_type=\"widget\" data-widget_type=\"heading.default\">\n\t\t\t\t<div class=\"elementor-widget-container\">\n\t\t\t\t\t<h2 class=\"elementor-heading-title elementor-size-default\">Butoirs de quai en caoutchouc ou en acier<\/h2>\t\t\t\t<\/div>\n\t\t\t\t<\/div>\n\t\t\t\t<div class=\"elementor-element elementor-element-ce1af41 elementor-widget elementor-widget-text-editor\" data-id=\"ce1af41\" data-element_type=\"widget\" data-widget_type=\"text-editor.default\">\n\t\t\t\t<div class=\"elementor-widget-container\">\n\t\t\t\t\t\t\t\t\t<p>Prot\u00e9gez votre quai de chargement gr\u00e2ce aux butoirs en caoutchouc ou en acier de l-doornassau. L-doornassau veille \u00e0 ce que l\u2019installation de votre syst\u00e8me de chargement se fasse en toute s\u00e9curit\u00e9 et avec efficacit\u00e9 afin de prot\u00e9ger votre b\u00e2timent comme il se doit. En effet, le chargement et le d\u00e9chargement peuvent causer de nombreux dommages au quai ou aux camions.  <u><\/u><u><\/u><\/p>\n<p><\/p>\n<ul>\n<li>Butoir en caoutchouc<br>250x250x100mm (x2 = set)<br>500x250x90mm (x2 = set)<\/li>\n<li>Butoir en acier<br>UPN140 : 600x350mm (x2 = set)<\/li>\n<\/ul>\t\t\t\t\t\t\t\t<\/div>\n\t\t\t\t<\/div>\n\t\t\t\t<\/div>\n\t\t\t\t<\/div>\n\t\t\t\t<\/div>\n\t\t<div class=\"elementor-element elementor-element-ec3c543 e-con-full e-flex e-con e-parent\" data-id=\"ec3c543\" data-element_type=\"container\" data-settings=\"{&quot;background_background&quot;:&quot;classic&quot;}\">\n\t\t<div class=\"elementor-element elementor-element-53e9693 e-con-full container__xl e-flex e-con e-child\" data-id=\"53e9693\" data-element_type=\"container\">\n\t\t<div class=\"elementor-element elementor-element-e88e2ca e-con-full e-flex e-con e-child\" data-id=\"e88e2ca\" data-element_type=\"container\">\n\t\t\t\t<div class=\"elementor-element elementor-element-3267e51 elementor-widget elementor-widget-heading\" data-id=\"3267e51\" data-element_type=\"widget\" data-widget_type=\"heading.default\">\n\t\t\t\t<div class=\"elementor-widget-container\">\n\t\t\t\t\t<h2 class=\"elementor-heading-title elementor-size-default\">Prenez rendez-vous ou envoyez-nous un e-mail<\/h2>\t\t\t\t<\/div>\n\t\t\t\t<\/div>\n\t\t\t\t<\/div>\n\t\t<div class=\"elementor-element elementor-element-dda7da0 e-con-full e-flex e-con e-child\" data-id=\"dda7da0\" data-element_type=\"container\">\n\t\t\t\t<div class=\"elementor-element elementor-element-b27042b elementor-widget elementor-widget-button\" data-id=\"b27042b\" data-element_type=\"widget\" data-widget_type=\"button.default\">\n\t\t\t\t<div class=\"elementor-widget-container\">\n\t\t\t\t\t\t\t\t\t<div class=\"elementor-button-wrapper\">\n\t\t\t\t\t<a class=\"elementor-button elementor-button-link elementor-size-sm\" href=\"https:\/\/l-doornassau.be\/fr\/contact\/\">\n\t\t\t\t\t\t<span class=\"elementor-button-content-wrapper\">\n\t\t\t\t\t\t\t\t\t<span class=\"elementor-button-text\">Contactez nous<\/span>\n\t\t\t\t\t<\/span>\n\t\t\t\t\t<\/a>\n\t\t\t\t<\/div>\n\t\t\t\t\t\t\t\t<\/div>\n\t\t\t\t<\/div>\n\t\t\t\t<\/div>\n\t\t\t\t<\/div>\n\t\t\t\t<\/div>\n\t\t\t\t<\/div>\n\t\t","protected":false},"excerpt":{"rendered":"<p>Butoir de quai Lors de l\u2019acquisition d\u2019une rampe de chargement, il est crucial d\u2019\u00e9quiper votre installation des accessoires appropri\u00e9s. L\u2019utilisation de butoirs est indispensable pour pr\u00e9venir les dommages, et constitue donc un investissement incontournable. Demander un devis Butoirs de quai en caoutchouc ou en acier Prot\u00e9gez votre quai de chargement gr\u00e2ce aux butoirs en caoutchouc [&hellip;]<\/p>\n","protected":false},"author":27,"featured_media":0,"parent":20059,"menu_order":0,"comment_status":"closed","ping_status":"closed","template":"","meta":{"_acf_changed":false,"footnotes":""},"class_list":["post-20065","page","type-page","status-publish","hentry"],"acf":[],"_links":{"self":[{"href":"https:\/\/l-doornassau.be\/fr\/wp-json\/wp\/v2\/pages\/20065","targetHints":{"allow":["GET"]}}],"collection":[{"href":"https:\/\/l-doornassau.be\/fr\/wp-json\/wp\/v2\/pages"}],"about":[{"href":"https:\/\/l-doornassau.be\/fr\/wp-json\/wp\/v2\/types\/page"}],"author":[{"embeddable":true,"href":"https:\/\/l-doornassau.be\/fr\/wp-json\/wp\/v2\/users\/27"}],"replies":[{"embeddable":true,"href":"https:\/\/l-doornassau.be\/fr\/wp-json\/wp\/v2\/comments?post=20065"}],"version-history":[{"count":9,"href":"https:\/\/l-doornassau.be\/fr\/wp-json\/wp\/v2\/pages\/20065\/revisions"}],"predecessor-version":[{"id":20960,"href":"https:\/\/l-doornassau.be\/fr\/wp-json\/wp\/v2\/pages\/20065\/revisions\/20960"}],"up":[{"embeddable":true,"href":"https:\/\/l-doornassau.be\/fr\/wp-json\/wp\/v2\/pages\/20059"}],"wp:attachment":[{"href":"https:\/\/l-doornassau.be\/fr\/wp-json\/wp\/v2\/media?parent=20065"}],"curies":[{"name":"wp","href":"https:\/\/api.w.org\/{rel}","templated":true}]}}