{"id":20158,"date":"2024-10-14T13:04:47","date_gmt":"2024-10-14T12:04:47","guid":{"rendered":"https:\/\/l-doornassau.be\/offres-demploi\/"},"modified":"2025-04-08T11:45:01","modified_gmt":"2025-04-08T10:45:01","slug":"offres-demploi","status":"publish","type":"page","link":"https:\/\/l-doornassau.be\/fr\/offres-demploi\/","title":{"rendered":"Offres d&#8217;emploi"},"content":{"rendered":"\t\t<div data-elementor-type=\"wp-page\" data-elementor-id=\"20158\" class=\"elementor elementor-20158 elementor-15109\" data-elementor-post-type=\"page\">\n\t\t\t\t<div class=\"elementor-element elementor-element-b5aa743 e-con-full residentieel e-flex e-con e-parent\" data-id=\"b5aa743\" data-element_type=\"container\" data-settings=\"{&quot;background_background&quot;:&quot;classic&quot;}\">\n\t\t<div class=\"elementor-element elementor-element-9948f80 e-con-full container__xl e-flex e-con e-child\" data-id=\"9948f80\" data-element_type=\"container\">\n\t\t<div class=\"elementor-element elementor-element-a9244b0 e-con-full e-flex e-con e-child\" data-id=\"a9244b0\" data-element_type=\"container\">\n\t\t\t\t<div class=\"elementor-element elementor-element-f23d446 elementor-widget elementor-widget-heading\" data-id=\"f23d446\" data-element_type=\"widget\" data-widget_type=\"heading.default\">\n\t\t\t\t<div class=\"elementor-widget-container\">\n\t\t\t\t\t<h1 class=\"elementor-heading-title elementor-size-default\">Offres d'emploi chez l-doornassau<\/h1>\t\t\t\t<\/div>\n\t\t\t\t<\/div>\n\t\t\t\t<div class=\"elementor-element elementor-element-6e3944e elementor-widget elementor-widget-text-editor\" data-id=\"6e3944e\" data-element_type=\"widget\" data-widget_type=\"text-editor.default\">\n\t\t\t\t<div class=\"elementor-widget-container\">\n\t\t\t\t\t\t\t\t\t<p>Le succ\u00e8s du groupe l-doornassau repose sur des collaborateurs qualifi\u00e9s et innovants.<\/p>\t\t\t\t\t\t\t\t<\/div>\n\t\t\t\t<\/div>\n\t\t\t\t<\/div>\n\t\t\t\t<\/div>\n\t\t\t\t<\/div>\n\t\t<div class=\"elementor-element elementor-element-53a5af5 e-con-full e-flex e-con e-parent\" data-id=\"53a5af5\" data-element_type=\"container\" data-settings=\"{&quot;background_background&quot;:&quot;classic&quot;}\">\n\t\t<div class=\"elementor-element elementor-element-4422b2f e-con-full container__xl e-flex e-con e-child\" data-id=\"4422b2f\" data-element_type=\"container\">\n\t\t<div class=\"elementor-element elementor-element-1ac1bc1 e-con-full e-flex e-con e-child\" data-id=\"1ac1bc1\" data-element_type=\"container\">\n\t\t\t\t<div class=\"elementor-element elementor-element-94e6f79 elementor-widget elementor-widget-heading\" data-id=\"94e6f79\" data-element_type=\"widget\" data-widget_type=\"heading.default\">\n\t\t\t\t<div class=\"elementor-widget-container\">\n\t\t\t\t\t<h2 class=\"elementor-heading-title elementor-size-default\">Int\u00e9ress\u00e9(e) \u00e0 rejoindre l'\u00e9quipe l-doornassau ?<\/h2>\t\t\t\t<\/div>\n\t\t\t\t<\/div>\n\t\t\t\t<\/div>\n\t\t<div class=\"elementor-element elementor-element-9b61402 e-con-full e-flex e-con e-child\" data-id=\"9b61402\" data-element_type=\"container\">\n\t\t\t\t<div class=\"elementor-element elementor-element-1e6bd42 elementor-widget elementor-widget-text-editor\" data-id=\"1e6bd42\" data-element_type=\"widget\" data-widget_type=\"text-editor.default\">\n\t\t\t\t<div class=\"elementor-widget-container\">\n\t\t\t\t\t\t\t\t\t<p>Consultez nos offres d&#8217;emploi. L-doornassau est situ\u00e9 \u00e0 Liedekerke, mais nos techniciens sp\u00e9cialis\u00e9s sont pr\u00e9sents dans toute la Belgique. <\/p><p>Nous nous effor\u00e7ons chaque jour d&rsquo;am\u00e9liorer notre fonctionnement et d&rsquo;augmenter la satisfaction de nos clients, qu&rsquo;ils soient particuliers ou industriels. C&rsquo;est pourquoi nous recherchons en permanence des candidats comp\u00e9tents et d\u00e9vou\u00e9s pour renforcer notre \u00e9quipe. <\/p>\t\t\t\t\t\t\t\t<\/div>\n\t\t\t\t<\/div>\n\t\t\t\t<\/div>\n\t\t\t\t<\/div>\n\t\t<div class=\"elementor-element elementor-element-8855b72 e-con-full container__xl e-flex e-con e-child\" data-id=\"8855b72\" data-element_type=\"container\">\n\t\t\t\t<div class=\"elementor-element elementor-element-0047190 elementor-grid-3 elementor-grid-tablet-2 elementor-grid-mobile-1 elementor-widget elementor-widget-loop-grid\" data-id=\"0047190\" data-element_type=\"widget\" data-settings=\"{&quot;template_id&quot;:15129,&quot;_skin&quot;:&quot;post&quot;,&quot;columns&quot;:&quot;3&quot;,&quot;columns_tablet&quot;:&quot;2&quot;,&quot;columns_mobile&quot;:&quot;1&quot;,&quot;edit_handle_selector&quot;:&quot;[data-elementor-type=\\&quot;loop-item\\&quot;]&quot;,&quot;row_gap&quot;:{&quot;unit&quot;:&quot;px&quot;,&quot;size&quot;:&quot;&quot;,&quot;sizes&quot;:[]},&quot;row_gap_laptop&quot;:{&quot;unit&quot;:&quot;px&quot;,&quot;size&quot;:&quot;&quot;,&quot;sizes&quot;:[]},&quot;row_gap_tablet_extra&quot;:{&quot;unit&quot;:&quot;px&quot;,&quot;size&quot;:&quot;&quot;,&quot;sizes&quot;:[]},&quot;row_gap_tablet&quot;:{&quot;unit&quot;:&quot;px&quot;,&quot;size&quot;:&quot;&quot;,&quot;sizes&quot;:[]},&quot;row_gap_mobile_extra&quot;:{&quot;unit&quot;:&quot;px&quot;,&quot;size&quot;:&quot;&quot;,&quot;sizes&quot;:[]},&quot;row_gap_mobile&quot;:{&quot;unit&quot;:&quot;px&quot;,&quot;size&quot;:&quot;&quot;,&quot;sizes&quot;:[]}}\" data-widget_type=\"loop-grid.post\">\n\t\t\t\t<div class=\"elementor-widget-container\">\n\t\t\t\t\t\t\t<div class=\"e-loop-nothing-found-message\">\n\t\t<\/div>\n\t\t\t\t\t\t<\/div>\n\t\t\t\t<\/div>\n\t\t\t\t<\/div>\n\t\t\t\t<\/div>\n\t\t\t\t<\/div>\n\t\t","protected":false},"excerpt":{"rendered":"<p>Offres d&#8217;emploi chez l-doornassau Le succ\u00e8s du groupe l-doornassau repose sur des collaborateurs qualifi\u00e9s et innovants. Int\u00e9ress\u00e9(e) \u00e0 rejoindre l&rsquo;\u00e9quipe l-doornassau ? Consultez nos offres d&#8217;emploi. L-doornassau est situ\u00e9 \u00e0 Liedekerke, mais nos techniciens sp\u00e9cialis\u00e9s sont pr\u00e9sents dans toute la Belgique. Nous nous effor\u00e7ons chaque jour d&rsquo;am\u00e9liorer notre fonctionnement et d&rsquo;augmenter la satisfaction de nos [&hellip;]<\/p>\n","protected":false},"author":27,"featured_media":0,"parent":0,"menu_order":0,"comment_status":"closed","ping_status":"closed","template":"elementor_header_footer","meta":{"_acf_changed":false,"footnotes":""},"class_list":["post-20158","page","type-page","status-publish","hentry"],"acf":[],"_links":{"self":[{"href":"https:\/\/l-doornassau.be\/fr\/wp-json\/wp\/v2\/pages\/20158","targetHints":{"allow":["GET"]}}],"collection":[{"href":"https:\/\/l-doornassau.be\/fr\/wp-json\/wp\/v2\/pages"}],"about":[{"href":"https:\/\/l-doornassau.be\/fr\/wp-json\/wp\/v2\/types\/page"}],"author":[{"embeddable":true,"href":"https:\/\/l-doornassau.be\/fr\/wp-json\/wp\/v2\/users\/27"}],"replies":[{"embeddable":true,"href":"https:\/\/l-doornassau.be\/fr\/wp-json\/wp\/v2\/comments?post=20158"}],"version-history":[{"count":1,"href":"https:\/\/l-doornassau.be\/fr\/wp-json\/wp\/v2\/pages\/20158\/revisions"}],"predecessor-version":[{"id":20159,"href":"https:\/\/l-doornassau.be\/fr\/wp-json\/wp\/v2\/pages\/20158\/revisions\/20159"}],"wp:attachment":[{"href":"https:\/\/l-doornassau.be\/fr\/wp-json\/wp\/v2\/media?parent=20158"}],"curies":[{"name":"wp","href":"https:\/\/api.w.org\/{rel}","templated":true}]}}