{"id":20160,"date":"2024-10-17T15:37:18","date_gmt":"2024-10-17T14:37:18","guid":{"rendered":"https:\/\/l-doornassau.be\/devis\/"},"modified":"2025-10-17T10:32:29","modified_gmt":"2025-10-17T09:32:29","slug":"devis","status":"publish","type":"page","link":"https:\/\/l-doornassau.be\/fr\/devis\/","title":{"rendered":"Devis"},"content":{"rendered":"\t\t<div data-elementor-type=\"wp-page\" data-elementor-id=\"20160\" class=\"elementor elementor-20160 elementor-15582\" data-elementor-post-type=\"page\">\n\t\t\t\t<div class=\"elementor-element elementor-element-2cb59d9 e-con-full residentieel e-flex e-con e-parent\" data-id=\"2cb59d9\" data-element_type=\"container\" data-settings=\"{&quot;background_background&quot;:&quot;classic&quot;}\">\n\t\t<div class=\"elementor-element elementor-element-10d3ae6 e-con-full container__xl e-flex e-con e-child\" data-id=\"10d3ae6\" data-element_type=\"container\">\n\t\t<div class=\"elementor-element elementor-element-821bb17 e-con-full e-flex e-con e-child\" data-id=\"821bb17\" data-element_type=\"container\">\n\t\t\t\t<div class=\"elementor-element elementor-element-623bade elementor-widget elementor-widget-heading\" data-id=\"623bade\" data-element_type=\"widget\" data-widget_type=\"heading.default\">\n\t\t\t\t<div class=\"elementor-widget-container\">\n\t\t\t\t\t<h1 class=\"elementor-heading-title elementor-size-default\">Devis gratuit<\/h1>\t\t\t\t<\/div>\n\t\t\t\t<\/div>\n\t\t\t\t<div class=\"elementor-element elementor-element-17e6796 elementor-widget elementor-widget-text-editor\" data-id=\"17e6796\" data-element_type=\"widget\" data-widget_type=\"text-editor.default\">\n\t\t\t\t<div class=\"elementor-widget-container\">\n\t\t\t\t\t\t\t\t\t<p>Veuillez remplir vos coordonn\u00e9es afin que notre responsable commercial vous contacte dans les plus brefs d\u00e9lais.<\/p>\t\t\t\t\t\t\t\t<\/div>\n\t\t\t\t<\/div>\n\t\t\t\t<\/div>\n\t\t\t\t<\/div>\n\t\t<div class=\"elementor-element elementor-element-d5a819b e-con-full hero__image e-flex e-con e-child\" data-id=\"d5a819b\" data-element_type=\"container\" data-settings=\"{&quot;background_background&quot;:&quot;classic&quot;}\">\n\t\t\t\t<\/div>\n\t\t\t\t<\/div>\n\t\t<div class=\"elementor-element elementor-element-93fb933 e-con-full e-flex e-con e-parent\" data-id=\"93fb933\" data-element_type=\"container\" data-settings=\"{&quot;background_background&quot;:&quot;classic&quot;}\">\n\t\t<div class=\"elementor-element elementor-element-8b7eebd e-con-full container__xl e-flex e-con e-child\" data-id=\"8b7eebd\" data-element_type=\"container\">\n\t\t<div class=\"elementor-element elementor-element-0002c03 e-con-full e-flex e-con e-child\" data-id=\"0002c03\" data-element_type=\"container\">\n\t\t\t\t<div class=\"elementor-element elementor-element-0faf882 elementor-button-align-start elementor-widget elementor-widget-form\" data-id=\"0faf882\" data-element_type=\"widget\" data-settings=\"{&quot;step_next_label&quot;:&quot;Suivant&quot;,&quot;step_previous_label&quot;:&quot;Pr\\u00e9c\\u00e9dent&quot;,&quot;button_width&quot;:&quot;100&quot;,&quot;step_type&quot;:&quot;number_text&quot;,&quot;step_icon_shape&quot;:&quot;circle&quot;}\" data-widget_type=\"form.default\">\n\t\t\t\t<div class=\"elementor-widget-container\">\n\t\t\t\t\t\t\t<form class=\"elementor-form\" method=\"post\" name=\"New Form\" aria-label=\"New Form\">\n\t\t\t<input type=\"hidden\" name=\"post_id\" value=\"20160\"\/>\n\t\t\t<input type=\"hidden\" name=\"form_id\" value=\"0faf882\"\/>\n\t\t\t<input type=\"hidden\" name=\"referer_title\" value=\"Devis | L-doornassau Belgium l NL\" \/>\n\n\t\t\t\t\t\t\t<input type=\"hidden\" name=\"queried_id\" value=\"20160\"\/>\n\t\t\t\n\t\t\t<div class=\"elementor-form-fields-wrapper elementor-labels-above\">\n\t\t\t\t\t\t\t\t<div class=\"elementor-field-type-checkbox elementor-field-group elementor-column elementor-field-group-prijsaanvraagvoor elementor-col-100\">\n\t\t\t\t\t\t\t\t\t\t\t\t<label for=\"form-field-prijsaanvraagvoor\" class=\"elementor-field-label\">\n\t\t\t\t\t\t\t\tDemande de prix pour :\t\t\t\t\t\t\t<\/label>\n\t\t\t\t\t\t<div class=\"elementor-field-subgroup  \"><span class=\"elementor-field-option\"><input type=\"checkbox\" value=\"Porte sectionnelle industrielle\" id=\"form-field-prijsaanvraagvoor-0\" name=\"form_fields[prijsaanvraagvoor][]\"> <label for=\"form-field-prijsaanvraagvoor-0\">Porte sectionnelle industrielle<\/label><\/span><span class=\"elementor-field-option\"><input type=\"checkbox\" value=\"Porte rapide (high speed door)\" id=\"form-field-prijsaanvraagvoor-1\" name=\"form_fields[prijsaanvraagvoor][]\"> <label for=\"form-field-prijsaanvraagvoor-1\">Porte rapide (high speed door)<\/label><\/span><span class=\"elementor-field-option\"><input type=\"checkbox\" value=\"Mat\u00e9riel de quai\" id=\"form-field-prijsaanvraagvoor-2\" name=\"form_fields[prijsaanvraagvoor][]\"> <label for=\"form-field-prijsaanvraagvoor-2\">Mat\u00e9riel de quai<\/label><\/span><span class=\"elementor-field-option\"><input type=\"checkbox\" value=\"Porte coupe-feu\" id=\"form-field-prijsaanvraagvoor-3\" name=\"form_fields[prijsaanvraagvoor][]\"> <label for=\"form-field-prijsaanvraagvoor-3\">Porte coupe-feu<\/label><\/span><span class=\"elementor-field-option\"><input type=\"checkbox\" value=\"Volet roulant\" id=\"form-field-prijsaanvraagvoor-4\" name=\"form_fields[prijsaanvraagvoor][]\"> <label for=\"form-field-prijsaanvraagvoor-4\">Volet roulant<\/label><\/span><span class=\"elementor-field-option\"><input type=\"checkbox\" value=\"Porte pi\u00e9tonne s\u00e9par\u00e9e (industrielle)\" id=\"form-field-prijsaanvraagvoor-5\" name=\"form_fields[prijsaanvraagvoor][]\"> <label for=\"form-field-prijsaanvraagvoor-5\">Porte pi\u00e9tonne s\u00e9par\u00e9e (industrielle)<\/label><\/span><span class=\"elementor-field-option\"><input type=\"checkbox\" value=\"Pi\u00e8ces d\u00e9tach\u00e9es\" id=\"form-field-prijsaanvraagvoor-6\" name=\"form_fields[prijsaanvraagvoor][]\"> <label for=\"form-field-prijsaanvraagvoor-6\">Pi\u00e8ces d\u00e9tach\u00e9es<\/label><\/span><\/div>\t\t\t\t<\/div>\n\t\t\t\t\t\t\t\t<div class=\"elementor-field-type-text elementor-field-group elementor-column elementor-field-group-name elementor-col-50 elementor-field-required elementor-mark-required\">\n\t\t\t\t\t\t\t\t\t\t\t\t<label for=\"form-field-name\" class=\"elementor-field-label\">\n\t\t\t\t\t\t\t\tNom\t\t\t\t\t\t\t<\/label>\n\t\t\t\t\t\t\t\t\t\t\t\t\t\t<input size=\"1\" type=\"text\" name=\"form_fields[name]\" id=\"form-field-name\" class=\"elementor-field elementor-size-sm  elementor-field-textual\" required=\"required\">\n\t\t\t\t\t\t\t\t\t\t\t<\/div>\n\t\t\t\t\t\t\t\t<div class=\"elementor-field-type-text elementor-field-group elementor-column elementor-field-group-firstname elementor-col-50 elementor-field-required elementor-mark-required\">\n\t\t\t\t\t\t\t\t\t\t\t\t<label for=\"form-field-firstname\" class=\"elementor-field-label\">\n\t\t\t\t\t\t\t\tPr\u00e9nom\t\t\t\t\t\t\t<\/label>\n\t\t\t\t\t\t\t\t\t\t\t\t\t\t<input size=\"1\" type=\"text\" name=\"form_fields[firstname]\" id=\"form-field-firstname\" class=\"elementor-field elementor-size-sm  elementor-field-textual\" required=\"required\">\n\t\t\t\t\t\t\t\t\t\t\t<\/div>\n\t\t\t\t\t\t\t\t<div class=\"elementor-field-type-email elementor-field-group elementor-column elementor-field-group-email elementor-col-50 elementor-field-required elementor-mark-required\">\n\t\t\t\t\t\t\t\t\t\t\t\t<label for=\"form-field-email\" class=\"elementor-field-label\">\n\t\t\t\t\t\t\t\tAdresse email\t\t\t\t\t\t\t<\/label>\n\t\t\t\t\t\t\t\t\t\t\t\t\t\t<input size=\"1\" type=\"email\" name=\"form_fields[email]\" id=\"form-field-email\" class=\"elementor-field elementor-size-sm  elementor-field-textual\" required=\"required\">\n\t\t\t\t\t\t\t\t\t\t\t<\/div>\n\t\t\t\t\t\t\t\t<div class=\"elementor-field-type-text elementor-field-group elementor-column elementor-field-group-phone elementor-col-50 elementor-field-required elementor-mark-required\">\n\t\t\t\t\t\t\t\t\t\t\t\t<label for=\"form-field-phone\" class=\"elementor-field-label\">\n\t\t\t\t\t\t\t\tT\u00e9l\u00e9phone\t\t\t\t\t\t\t<\/label>\n\t\t\t\t\t\t\t\t\t\t\t\t\t\t<input size=\"1\" type=\"text\" name=\"form_fields[phone]\" id=\"form-field-phone\" class=\"elementor-field elementor-size-sm  elementor-field-textual\" required=\"required\">\n\t\t\t\t\t\t\t\t\t\t\t<\/div>\n\t\t\t\t\t\t\t\t<div class=\"elementor-field-type-text elementor-field-group elementor-column elementor-field-group-companyname elementor-col-50\">\n\t\t\t\t\t\t\t\t\t\t\t\t<label for=\"form-field-companyname\" class=\"elementor-field-label\">\n\t\t\t\t\t\t\t\tEntreprise\t\t\t\t\t\t\t<\/label>\n\t\t\t\t\t\t\t\t\t\t\t\t\t\t<input size=\"1\" type=\"text\" name=\"form_fields[companyname]\" id=\"form-field-companyname\" class=\"elementor-field elementor-size-sm  elementor-field-textual\">\n\t\t\t\t\t\t\t\t\t\t\t<\/div>\n\t\t\t\t\t\t\t\t<div class=\"elementor-field-type-text elementor-field-group elementor-column elementor-field-group-VAT elementor-col-50\">\n\t\t\t\t\t\t\t\t\t\t\t\t<label for=\"form-field-VAT\" class=\"elementor-field-label\">\n\t\t\t\t\t\t\t\tNum\u00e9ro de TVA\t\t\t\t\t\t\t<\/label>\n\t\t\t\t\t\t\t\t\t\t\t\t\t\t<input size=\"1\" type=\"text\" name=\"form_fields[VAT]\" id=\"form-field-VAT\" class=\"elementor-field elementor-size-sm  elementor-field-textual\">\n\t\t\t\t\t\t\t\t\t\t\t<\/div>\n\t\t\t\t\t\t\t\t<div class=\"elementor-field-type-text elementor-field-group elementor-column elementor-field-group-Streetnumber elementor-col-50 elementor-field-required elementor-mark-required\">\n\t\t\t\t\t\t\t\t\t\t\t\t<label for=\"form-field-Streetnumber\" class=\"elementor-field-label\">\n\t\t\t\t\t\t\t\tRue et num\u00e9ro\t\t\t\t\t\t\t<\/label>\n\t\t\t\t\t\t\t\t\t\t\t\t\t\t<input size=\"1\" type=\"text\" name=\"form_fields[Streetnumber]\" id=\"form-field-Streetnumber\" class=\"elementor-field elementor-size-sm  elementor-field-textual\" required=\"required\">\n\t\t\t\t\t\t\t\t\t\t\t<\/div>\n\t\t\t\t\t\t\t\t<div class=\"elementor-field-type-text elementor-field-group elementor-column elementor-field-group-PCcity elementor-col-50 elementor-field-required elementor-mark-required\">\n\t\t\t\t\t\t\t\t\t\t\t\t<label for=\"form-field-PCcity\" class=\"elementor-field-label\">\n\t\t\t\t\t\t\t\tCode postal &amp; commune\t\t\t\t\t\t\t<\/label>\n\t\t\t\t\t\t\t\t\t\t\t\t\t\t<input size=\"1\" type=\"text\" name=\"form_fields[PCcity]\" id=\"form-field-PCcity\" class=\"elementor-field elementor-size-sm  elementor-field-textual\" required=\"required\">\n\t\t\t\t\t\t\t\t\t\t\t<\/div>\n\t\t\t\t\t\t\t\t<div class=\"elementor-field-type-textarea elementor-field-group elementor-column elementor-field-group-message elementor-col-100 elementor-field-required elementor-mark-required\">\n\t\t\t\t\t\t\t\t\t\t\t\t<label for=\"form-field-message\" class=\"elementor-field-label\">\n\t\t\t\t\t\t\t\tMessage\t\t\t\t\t\t\t<\/label>\n\t\t\t\t\t\t<textarea class=\"elementor-field-textual elementor-field  elementor-size-sm\" name=\"form_fields[message]\" id=\"form-field-message\" rows=\"4\" required=\"required\"><\/textarea>\t\t\t\t<\/div>\n\t\t\t\t\t\t\t\t<div class=\"elementor-field-type-recaptcha_v3 elementor-field-group elementor-column elementor-field-group-field_1e0b828 elementor-col-100 recaptcha_v3-bottomright\">\n\t\t\t\t\t<div class=\"elementor-field\" id=\"form-field-field_1e0b828\"><div class=\"elementor-g-recaptcha\" data-sitekey=\"6LcsCGUqAAAAAO9-A_pGVFIZHdkmgXWf0FGuSCw9\" data-type=\"v3\" data-action=\"Form\" data-badge=\"bottomright\" data-size=\"invisible\"><\/div><\/div>\t\t\t\t<\/div>\n\t\t\t\t\t\t\t\t<div class=\"elementor-field-group elementor-column elementor-field-type-submit elementor-col-100 e-form__buttons\">\n\t\t\t\t\t<button class=\"elementor-button elementor-size-sm\" type=\"submit\">\n\t\t\t\t\t\t<span class=\"elementor-button-content-wrapper\">\n\t\t\t\t\t\t\t\t\t\t\t\t\t\t\t\t\t\t\t\t\t\t<span class=\"elementor-button-text\">Envoyer<\/span>\n\t\t\t\t\t\t\t\t\t\t\t\t\t<\/span>\n\t\t\t\t\t<\/button>\n\t\t\t\t<\/div>\n\t\t\t<\/div>\n\t\t<\/form>\n\t\t\t\t\t\t<\/div>\n\t\t\t\t<\/div>\n\t\t\t\t<\/div>\n\t\t<div class=\"elementor-element elementor-element-5e25f87 e-con-full e-flex e-con e-child\" data-id=\"5e25f87\" data-element_type=\"container\">\n\t\t<div class=\"elementor-element elementor-element-036b7fa e-con-full footer e-flex e-con e-child\" data-id=\"036b7fa\" data-element_type=\"container\" data-settings=\"{&quot;background_background&quot;:&quot;classic&quot;}\">\n\t\t\t\t<div class=\"elementor-element elementor-element-c4f976c elementor-widget elementor-widget-heading\" data-id=\"c4f976c\" data-element_type=\"widget\" data-widget_type=\"heading.default\">\n\t\t\t\t<div class=\"elementor-widget-container\">\n\t\t\t\t\t<h3 class=\"elementor-heading-title elementor-size-default\">Nos coordonn\u00e9es<\/h3>\t\t\t\t<\/div>\n\t\t\t\t<\/div>\n\t\t\t\t<div class=\"elementor-element elementor-element-412440f elementor-widget elementor-widget-text-editor\" data-id=\"412440f\" data-element_type=\"widget\" data-widget_type=\"text-editor.default\">\n\t\t\t\t<div class=\"elementor-widget-container\">\n\t\t\t\t\t\t\t\t\t<p>L-doornassau BV<br><a href=\"https:\/\/maps.app.goo.gl\/FbDT9mzUmRVqCbwQ9\" target=\"_blank\" rel=\"noopener\">Kwadelapstraat 2<\/a><br><a href=\"https:\/\/maps.app.goo.gl\/FbDT9mzUmRVqCbwQ9\" target=\"_blank\" rel=\"noopener\">9320 Erembodegem<\/a><\/p>\n<p><a href=\"tel:+3253644400\">+32 53 64 44 00<\/a><br><a href=\"mailto:info@ldoornassau.be\">info@ldoornassau.be<\/a><\/p>\n<p>TVA: BE 0878.712.805<\/p>\t\t\t\t\t\t\t\t<\/div>\n\t\t\t\t<\/div>\n\t\t\t\t<div class=\"elementor-element elementor-element-3789699 elementor-widget elementor-widget-heading\" data-id=\"3789699\" data-element_type=\"widget\" data-widget_type=\"heading.default\">\n\t\t\t\t<div class=\"elementor-widget-container\">\n\t\t\t\t\t<h3 class=\"elementor-heading-title elementor-size-default\">Heures de bureau\n\n<\/h3>\t\t\t\t<\/div>\n\t\t\t\t<\/div>\n\t\t\t\t<div class=\"elementor-element elementor-element-bef4d18 elementor-widget elementor-widget-text-editor\" data-id=\"bef4d18\" data-element_type=\"widget\" data-widget_type=\"text-editor.default\">\n\t\t\t\t<div class=\"elementor-widget-container\">\n\t\t\t\t\t\t\t\t\t<p>Lundi-vendredi : 08:30-12:00 en 13u00-16:00<\/p>\t\t\t\t\t\t\t\t<\/div>\n\t\t\t\t<\/div>\n\t\t\t\t<\/div>\n\t\t\t\t<\/div>\n\t\t\t\t<\/div>\n\t\t\t\t<\/div>\n\t\t\t\t<\/div>\n\t\t","protected":false},"excerpt":{"rendered":"<p>Devis gratuit Veuillez remplir vos coordonn\u00e9es afin que notre responsable commercial vous contacte dans les plus brefs d\u00e9lais. Nos coordonn\u00e9es L-doornassau BVKwadelapstraat 29320 Erembodegem +32 53 64 44 00info@ldoornassau.be TVA: BE 0878.712.805 Heures de bureau Lundi-vendredi : 08:30-12:00 en 13u00-16:00<\/p>\n","protected":false},"author":27,"featured_media":0,"parent":0,"menu_order":0,"comment_status":"closed","ping_status":"closed","template":"elementor_header_footer","meta":{"_acf_changed":false,"footnotes":""},"class_list":["post-20160","page","type-page","status-publish","hentry"],"acf":[],"_links":{"self":[{"href":"https:\/\/l-doornassau.be\/fr\/wp-json\/wp\/v2\/pages\/20160","targetHints":{"allow":["GET"]}}],"collection":[{"href":"https:\/\/l-doornassau.be\/fr\/wp-json\/wp\/v2\/pages"}],"about":[{"href":"https:\/\/l-doornassau.be\/fr\/wp-json\/wp\/v2\/types\/page"}],"author":[{"embeddable":true,"href":"https:\/\/l-doornassau.be\/fr\/wp-json\/wp\/v2\/users\/27"}],"replies":[{"embeddable":true,"href":"https:\/\/l-doornassau.be\/fr\/wp-json\/wp\/v2\/comments?post=20160"}],"version-history":[{"count":15,"href":"https:\/\/l-doornassau.be\/fr\/wp-json\/wp\/v2\/pages\/20160\/revisions"}],"predecessor-version":[{"id":21237,"href":"https:\/\/l-doornassau.be\/fr\/wp-json\/wp\/v2\/pages\/20160\/revisions\/21237"}],"wp:attachment":[{"href":"https:\/\/l-doornassau.be\/fr\/wp-json\/wp\/v2\/media?parent=20160"}],"curies":[{"name":"wp","href":"https:\/\/api.w.org\/{rel}","templated":true}]}}