{"id":20178,"date":"2024-10-11T16:22:17","date_gmt":"2024-10-11T15:22:17","guid":{"rendered":"https:\/\/l-doornassau.be\/politique-de-retour-et-de-remboursement\/"},"modified":"2026-04-27T15:34:34","modified_gmt":"2026-04-27T14:34:34","slug":"politique-de-retour-et-de-remboursement","status":"publish","type":"page","link":"https:\/\/l-doornassau.be\/fr\/politique-de-retour-et-de-remboursement\/","title":{"rendered":"Politique de retour et de remboursement"},"content":{"rendered":"\t\t<div data-elementor-type=\"wp-page\" data-elementor-id=\"20178\" class=\"elementor elementor-20178 elementor-14931\" data-elementor-post-type=\"page\">\n\t\t\t\t<div class=\"elementor-element elementor-element-178d941 e-con-full e-flex e-con e-parent\" data-id=\"178d941\" data-element_type=\"container\" data-settings=\"{&quot;background_background&quot;:&quot;classic&quot;}\">\n\t\t<div class=\"elementor-element elementor-element-0c742cc e-con-full container__xl e-flex e-con e-child\" data-id=\"0c742cc\" data-element_type=\"container\">\n\t\t<div class=\"elementor-element elementor-element-38b7144 e-con-full e-flex e-con e-child\" data-id=\"38b7144\" data-element_type=\"container\">\n\t\t\t\t<div class=\"elementor-element elementor-element-fc80d19 elementor-widget elementor-widget-heading\" data-id=\"fc80d19\" data-element_type=\"widget\" data-widget_type=\"heading.default\">\n\t\t\t\t<div class=\"elementor-widget-container\">\n\t\t\t\t\t<h1 class=\"elementor-heading-title elementor-size-default\">Politique de retour et de remboursement<\/h1>\t\t\t\t<\/div>\n\t\t\t\t<\/div>\n\t\t\t\t<\/div>\n\t\t\t\t<\/div>\n\t\t\t\t<\/div>\n\t\t<div class=\"elementor-element elementor-element-2c117fb e-con-full e-flex e-con e-parent\" data-id=\"2c117fb\" data-element_type=\"container\" data-settings=\"{&quot;background_background&quot;:&quot;classic&quot;}\">\n\t\t<div class=\"elementor-element elementor-element-380cb3c e-con-full container__xl e-flex e-con e-child\" data-id=\"380cb3c\" data-element_type=\"container\">\n\t\t<div class=\"elementor-element elementor-element-088c0e5 e-con-full text e-flex e-con e-child\" data-id=\"088c0e5\" data-element_type=\"container\">\n\t\t\t\t<div class=\"elementor-element elementor-element-817dc47 text elementor-widget elementor-widget-text-editor\" data-id=\"817dc47\" data-element_type=\"widget\" data-widget_type=\"text-editor.default\">\n\t\t\t\t<div class=\"elementor-widget-container\">\n\t\t\t\t\t\t\t\t\t<p><strong><u>Article 1 \u2013 Droit de r\u00e9tractation <\/u><\/strong><\/p><p> <\/p><p><strong><em>Sans pr\u00e9judice des exceptions pr\u00e9vues \u00e0 l&rsquo;article 7.2 et des autres conditions et modalit\u00e9s d&rsquo;exercice du droit de r\u00e9tractation, le consommateur peut annuler l&rsquo;achat du produit : <\/em><\/strong><\/p><p> <\/p><p><strong><em>Le consommateur a le droit d&rsquo;informer Nassau Door qu&rsquo;il renonce \u00e0 l&rsquo;achat, sans paiement d&rsquo;une p\u00e9nalit\u00e9 et sans avoir \u00e0 justifier sa d\u00e9cision, dans un d\u00e9lai de quatorze (14) jours calendaires \u00e0 compter du jour suivant la livraison du bien ou la conclusion du contrat de services. <\/em><\/strong><\/p><p> <\/p><p>Nassau Door se r\u00e9serve le droit de refuser cette r\u00e9tractation si, lors du retour du produit, il s&rsquo;av\u00e8re que celui-ci pr\u00e9sente des traces de dommages, d&rsquo;utilisation ou d&rsquo;usure. Dans tous les cas, le produit doit \u00eatre retourn\u00e9 accompagn\u00e9 de toute la documentation jointe, des certificats de garantie et du mat\u00e9riel d&#8217;emballage. <\/p><p>En cas d&rsquo;exercice du droit de r\u00e9tractation, Nassau Door remboursera au consommateur, dans un d\u00e9lai de 30 jours \u00e0 compter de la r\u00e9ception de la demande de r\u00e9tractation et du retour du produit, le montant de l&rsquo;achat du bien ou du service retourn\u00e9, d\u00e9duction faite des frais engag\u00e9s (notamment transport, assurance, services compl\u00e9mentaires, etc.).<\/p><p> <\/p><p><strong><u>Article 1.1<\/u><\/strong><strong><u> \u2013<\/u><\/strong><strong><u> Exceptions au droit de r\u00e9tractation<\/u><\/strong><\/p><p> <\/p><p>Le consommateur ne dispose <u>pas<\/u> d\u2019un droit de r\u00e9tractation pour les biens suivants :<\/p><ul><li>Services dont l\u2019ex\u00e9cution a commenc\u00e9 avec l\u2019accord du consommateur avant la fin du d\u00e9lai de r\u00e9tractation pr\u00e9vu \u00e0 l&rsquo;article 7.1.<\/li><li>Biens qui, apr\u00e8s leur livraison, ont \u00e9t\u00e9 m\u00e9lang\u00e9s de mani\u00e8re irr\u00e9versible avec d&rsquo;autres produits (deviennent immobiliers par leur pose et\/ou installation).<\/li><li>Biens confectionn\u00e9s sur mesure.<\/li><li>Biens sortis de leur emballage.<\/li><li>Biens fabriqu\u00e9s selon les sp\u00e9cifications du consommateur, ayant un caract\u00e8re clairement personnalis\u00e9, ou qui ne peuvent \u00eatre retourn\u00e9s en raison de leur nature, ou qui peuvent se d\u00e9t\u00e9riorer ou se p\u00e9rimer rapidement.<\/li><\/ul><p><strong><u>Article 2 \u2013 Obligations du consommateur pendant le d\u00e9lai de r\u00e9flexion<\/u><\/strong><\/p><p> <\/p><p>Le consommateur est tenu d&rsquo;inspecter soigneusement les biens d\u00e8s leur r\u00e9ception afin de v\u00e9rifier leur conformit\u00e9 au contrat. Il ne peut manipuler et examiner le produit que comme il le ferait dans un magasin. Pendant le d\u00e9lai de r\u00e9flexion, le consommateur doit manipuler avec pr\u00e9caution l&#8217;emballage et les biens.  <\/p><p><strong><u>Article 3 \u2013<\/u><\/strong><u> <strong>Exercice du droit de r\u00e9tractation : obligations du consommateur<\/strong><\/u><\/p><p>3.1. Si le consommateur exerce son droit de r\u00e9tractation, il doit le signaler dans le d\u00e9lai de r\u00e9flexion de 14 jours calendaires \u00e0 l&rsquo;aide du formulaire type de r\u00e9tractation joint aux pr\u00e9sentes conditions g\u00e9n\u00e9rales de vente, ou par une d\u00e9claration \u00e9crite et explicite envoy\u00e9e par e-mail \u00e0 <a href=\"mailto:sales@nassau-door.be\">Sales@nassau-door.be<\/a> ou par courrier recommand\u00e9 \u00e0 Nassau Door.<\/p><p>3.2. Apr\u00e8s r\u00e9ception du formulaire de r\u00e9tractation d\u00fbment rempli, de la d\u00e9claration \u00e9crite par e-mail ou du courrier recommand\u00e9 du consommateur, Nassau Door lui enverra une confirmation \u00e9crite de la r\u00e9ception de la r\u00e9tractation dans un d\u00e9lai de 5 jours calendaires, avec des instructions pour le retour du produit.<\/p><p>3.3. Dans les 14 jours calendaires suivant la notification de sa d\u00e9cision de r\u00e9tractation, conform\u00e9ment aux pr\u00e9sentes conditions g\u00e9n\u00e9rales, le consommateur renverra le produit \u00e0 Nassau Door, accompagn\u00e9 de tous les accessoires fournis et dans son \u00e9tat d&rsquo;origine et son emballage d&rsquo;origine, \u00e0 ses propres frais. Les frais et les risques li\u00e9s au retour du produit sont \u00e0 la charge du consommateur. Le risque et la charge de la preuve de l&rsquo;exercice correct et en temps voulu du droit de r\u00e9tractation incombent au consommateur.  <\/p><p>3.4. Les biens doivent \u00eatre retourn\u00e9s \u00e0 l\u2019adresse suivante : Nassau Door NV, Westerring 13A, 9700 Oudenaarde, Belgique.<\/p><p>3.5. Si le consommateur retourne les biens d&rsquo;une autre mani\u00e8re que celle mentionn\u00e9e \u00e0 l&rsquo;article 9.3 des pr\u00e9sentes conditions g\u00e9n\u00e9rales de vente, les frais suppl\u00e9mentaires encourus seront \u00e9galement \u00e0 sa charge. <\/p><p>3.6. Si le consommateur exerce son droit de r\u00e9tractation, tous les contrats compl\u00e9mentaires seront automatiquement r\u00e9sili\u00e9s.<\/p><p><strong><u>Article 4<\/u> \u2013<\/strong> <strong><u>Exercice du droit de r\u00e9tractation : obligations de Nassau Door<\/u><\/strong><\/p><p>4.1. 4.1. Si le consommateur exerce son droit de r\u00e9tractation, Nassau Door remboursera le montant total de l&rsquo;achat dans un d\u00e9lai de 14 jours \u00e0 compter du jour o\u00f9 elle a \u00e9t\u00e9 inform\u00e9e de la d\u00e9cision du consommateur d&rsquo;exercer son droit de r\u00e9tractation conform\u00e9ment aux pr\u00e9sentes conditions g\u00e9n\u00e9rales. Cependant, si les biens ne sont pas re\u00e7us dans le respect des conditions du droit de r\u00e9tractation, le montant de l&rsquo;achat ne sera pas rembours\u00e9 ou seulement partiellement. Dans ce cas, le produit reste la propri\u00e9t\u00e9 du consommateur, sous r\u00e9serve du respect de son obligation de paiement. \u00c0 la demande du consommateur, le produit peut lui \u00eatre renvoy\u00e9, moyennant le paiement des frais d&rsquo;exp\u00e9dition correspondants.   <\/p><p>4.2. Par d\u00e9rogation \u00e0 l&rsquo;article 10.1 des pr\u00e9sentes conditions g\u00e9n\u00e9rales, Nassau Door a le droit de diff\u00e9rer le remboursement jusqu&rsquo;\u00e0 ce qu&rsquo;elle ait re\u00e7u tous les biens en retour ou jusqu&rsquo;\u00e0 ce que le consommateur ait fourni la preuve de leur exp\u00e9dition, selon la premi\u00e8re \u00e9ventualit\u00e9.<\/p><ul><li><b><strong>AUTRES CONDITIONS DE VENTE<\/strong><\/b><\/li><\/ul><p><strong><u>Article 5 \u2013<\/u><\/strong><u> <strong>Exclusion des conditions propres au consommateur<\/strong><\/u><\/p><p>L\u2019ex\u00e9cution d\u2019une commande se fait conform\u00e9ment aux pr\u00e9sentes conditions g\u00e9n\u00e9rales de vente, \u00e0 l&rsquo;exclusion des conditions propres au consommateur, m\u00eame si celles-ci sont communiqu\u00e9es ult\u00e9rieurement. Toute d\u00e9rogation aux pr\u00e9sentes conditions g\u00e9n\u00e9rales ne peut \u00eatre opposable \u00e0 Nassau Door que si elle a \u00e9t\u00e9 confirm\u00e9e par \u00e9crit. <\/p><p><strong><u>Article 6 \u2013<\/u><\/strong><u> <strong>Prix<\/strong><\/u><\/p><p>Tous les prix sont indiqu\u00e9s en euros et hors TVA. Les frais de livraison ou autres frais administratifs suppl\u00e9mentaires seront mentionn\u00e9s s\u00e9par\u00e9ment pour chaque article ou communiqu\u00e9s au consommateur avant la confirmation du contrat. Nassau Door se r\u00e9serve le droit d\u2019augmenter le prix en cas de modifications l\u00e9gales ou r\u00e9glementaires. Le consommateur est inform\u00e9 que l&rsquo;administration fiscale peut, dans certaines circonstances, appliquer un redressement en cas d&rsquo;utilisation d&rsquo;un taux de TVA r\u00e9duit ou d&rsquo;un r\u00e9gime de TVA particulier.   <\/p><p><strong><u>Article 7 \u2013<\/u><\/strong><u> <strong>Paiement<\/strong><\/u><\/p><p>7.1. Lors de la confirmation de la commande, le paiement est exig\u00e9 via la m\u00e9thode de paiement indiqu\u00e9e, soit en ligne, soit sur facture.<\/p><p>7.2. Toutes les factures sont payables en euros au si\u00e8ge social de Nassau Door dans les 30 jours calendaires suivant la date de facturation, sauf accord \u00e9crit contraire.<\/p><p>Si la facture n&rsquo;est pas pay\u00e9e \u00e0 l&rsquo;\u00e9ch\u00e9ance, des int\u00e9r\u00eats moratoires de 10 % par an seront appliqu\u00e9s de plein droit et sans mise en demeure, jusqu&rsquo;au jour du paiement int\u00e9gral. En cas de non-paiement (total ou partiel), une indemnit\u00e9 de 10 % du montant total de la facture, avec un minimum de 250 \u20ac, sera due, sans pr\u00e9judice du droit de Nassau Door de r\u00e9clamer une indemnisation pour les frais judiciaires et\/ou extrajudiciaires de recouvrement. <\/p><p>Sauf disposition contraire dans ces conditions g\u00e9n\u00e9rales, cette r\u00e8gle d\u2019int\u00e9r\u00eats et d\u2019indemnisation s\u2019applique \u00e9galement au b\u00e9n\u00e9fice du consommateur si Nassau Door ne respecte pas ses obligations de paiement.<\/p><p>7.3. Si une facture de Nassau Door reste impay\u00e9e \u00e0 son \u00e9ch\u00e9ance sans contestation pr\u00e9alable, toutes les factures \u00e9mises deviennent imm\u00e9diatement exigibles, m\u00eame si leur \u00e9ch\u00e9ance n&rsquo;est pas encore atteinte. Toute facilit\u00e9 de paiement accord\u00e9e sera alors r\u00e9voqu\u00e9e, rendant la totalit\u00e9 de la facturation imm\u00e9diatement et int\u00e9gralement exigible. <\/p><p>7.4. En cas de contestation, la facture doit \u00eatre contest\u00e9e par \u00e9crit, par courrier recommand\u00e9 et d\u00fbment motiv\u00e9e, dans les 8 jours calendaires suivant la r\u00e9ception, avec mention du num\u00e9ro et de la date de la facture contest\u00e9e. Pass\u00e9 ce d\u00e9lai, la facture est consid\u00e9r\u00e9e comme accept\u00e9e sans r\u00e9serve. Toute r\u00e9action de Nassau Door \u00e0 une plainte tardive est toujours faite sous r\u00e9serve et ne constitue pas une reconnaissance implicite de responsabilit\u00e9.  <\/p><p><strong><u>Article 8 \u2013<\/u><\/strong><u> <strong>Transfert des risques<\/strong><\/u><\/p><p>Les biens sont consid\u00e9r\u00e9s comme accept\u00e9s dans nos entrep\u00f4ts \u00e0 Oudenaarde et sont exp\u00e9di\u00e9s aux risques du consommateur.<\/p><p><strong><u>Article 9 \u2013<\/u><\/strong><u> <strong>Livraison<\/strong><\/u><\/p><p>La livraison et le transport sont organis\u00e9s par Nassau Door. Les biens sont transport\u00e9s aux frais et aux risques du consommateur. En cas de dommages ou de perte des biens durant le transport, le consommateur doit s&rsquo;adresser directement au transporteur, seul responsable. L&rsquo;adresse de livraison est celle indiqu\u00e9e par le consommateur \u00e0 Nassau Door.   <\/p><p><strong><u>Article 9\u2013<\/u><\/strong><u> <strong>D\u00e9lair de livraison<\/strong><\/u><\/p><p>9.1. Les commandes sont livr\u00e9es dans les meilleurs d\u00e9lais. Les d\u00e9lais de livraison indiqu\u00e9s sur le site web sont uniquement indicatifs, calcul\u00e9s \u00e0 partir du jour suivant la commande. Si aucune date de livraison sp\u00e9cifique n\u2019a \u00e9t\u00e9 convenue, un d\u00e9lai de livraison de 60 jours s\u2019applique.  <\/p><p>Si la livraison est retard\u00e9e ou ne peut \u00eatre effectu\u00e9e que partiellement, le consommateur en sera inform\u00e9 dans un d\u00e9lai maximal de 60 jours apr\u00e8s la commande. Si ce retard est d\u00fb \u00e0 une faute de Nassau Door, le consommateur a le droit d\u2019annuler la commande sans frais. En cas d\u2019annulation, tout montant pay\u00e9 sera rembours\u00e9 au consommateur.  <\/p><p>9.2. Les d\u00e9lais de livraison sont exprim\u00e9s en jours ouvrables (du lundi au vendredi), \u00e0 l&rsquo;exclusion des samedis, dimanches, jours f\u00e9ri\u00e9s, fermetures pour vacances ou interruptions pour causes climatiques. La charge de la preuve que le retard est imputable \u00e0 Nassau Door incombe au consommateur. <\/p><p><strong><u>Article 10 \u2013<\/u><\/strong><u> <strong>R\u00e9serve de propriet\u00e9<\/strong><\/u><\/p><p>Tous les biens livr\u00e9s restent la propri\u00e9t\u00e9 int\u00e9grale de Nassau Door jusqu\u2019au paiement complet de la facture. Le consommateur s\u2019engage \u00e0 manipuler les biens avec soin et ne peut ni les revendre, ni les c\u00e9der, ni les mettre en gage, ni les d\u00e9placer en dehors de la Belgique avant le paiement int\u00e9gral. Les risques de d\u00e9t\u00e9rioration, de perte ou de destruction des biens sont \u00e0 la charge du consommateur d\u00e8s leur livraison.  <\/p><p><strong><u>Article 11 \u2013<\/u><\/strong><u> <strong>Contr\u00f4le, r\u00e9clamations et garantie<\/strong><\/u><\/p><p>11.1. Tout d\u00e9faut apparent doit \u00eatre signal\u00e9 par lettre recommand\u00e9e dans un d\u00e9lai de 3 jours calendaires apr\u00e8s la livraison. Les d\u00e9fauts qui auraient pu \u00eatre d\u00e9tect\u00e9s par un examen normal des biens sont consid\u00e9r\u00e9s comme des d\u00e9fauts apparents. Le consommateur doit utiliser les biens en bon p\u00e8re de famille et respecter les instructions d&rsquo;utilisation et d\u2019entretien.  <\/p><ol><li style=\"list-style-type: none;\"><ol><li>directives officielles de garantie de ses fournisseurs, qui peuvent varier selon la marque et seront indiqu\u00e9es lors de l&rsquo;achat. Nassau Door est responsable du traitement de la garantie. Les frais d\u2019exp\u00e9dition li\u00e9s \u00e0 la garantie sont \u00e0 la charge du consommateur.    <\/li><\/ol><\/li><\/ol><p>11.3. Nassau Door est responsable envers le consommateur des d\u00e9fauts de conformit\u00e9 existant au moment de la livraison et se manifestant dans un d\u00e9lai de 2 ans (articles 1649bis \u00e0 1649octies du Code civil belge). Toute garantie commerciale suppl\u00e9mentaire offerte par le fabricant n\u2019engage que ce dernier et ne peut \u00eatre invoqu\u00e9e contre Nassau Door.  <\/p><p>11.4. Tout vice cach\u00e9 doit \u00eatre signal\u00e9 par lettre recommand\u00e9e dans les 5 jours suivant sa d\u00e9couverte. Toute action pour vice cach\u00e9 doit \u00eatre intent\u00e9e dans un d\u00e9lai de 2 mois apr\u00e8s la d\u00e9couverte du d\u00e9faut et au plus tard dans l&rsquo;ann\u00e9e suivant la livraison.  <\/p><ol><li style=\"list-style-type: none;\"><ol><li>La garantie ne couvre jamais l\u2019usure normale, l&rsquo;utilisation anormale, l\u2019entretien insuffisant, le non-respect des instructions, les dommages indirects, la n\u00e9gligence du consommateur, ou des modifications non autoris\u00e9es<\/li><li>. <\/li> <\/ol><\/li><\/ol><p>11.6 De consument zal de goederen onaangeroerd bewaren en het nodige doen om de schade niet te verergeren.<\/p><p>11.7 Indien de goederen worden doorverkocht, verbindt de consument zich ertoe deze algemene voorwaarden alsook alle gebruiksaanwijzingen en onderhoudsvoorschriften aan de koper tegenstelbaar te maken.<\/p><p> <\/p><p><strong><u>Article 12 \u2013<\/u><\/strong><u> <strong>Responsabilit\u00e9 et force majeure<\/strong><\/u><\/p><p> <\/p><p>12.1. Sauf en cas de faute intentionnelle ou grave, la responsabilit\u00e9 de Nassau Door pour les dommages directs ou indirects r\u00e9sultant de l&rsquo;ex\u00e9cution du contrat est exclue.<\/p><p>.<\/p><p>12.2. Nassau Door ne peut \u00eatre tenue responsable en cas de force majeure (gr\u00e8ve, guerre, p\u00e9nurie de mat\u00e9riaux, catastrophes naturelles, etc.). <\/p><p>12.3. La responsabilit\u00e9 de Nassau Door est limit\u00e9e au prix d\u2019achat du bien (hors services), avec un plafond maximal fix\u00e9 \u00e0 \u2026 \u20ac. <\/p><p>12.4. Nassau Door n\u2019est pas responsable des dommages li\u00e9s \u00e0 l&rsquo;utilisation d\u2019Internet ou d\u2019e-mails.<\/p><p> <\/p><p><strong><u>Article 13 \u2013<\/u><\/strong><u> <strong>Nullit\u00e9 et renonciation<\/strong><\/u><\/p><p>13.1. Si une disposition des pr\u00e9sentes conditions g\u00e9n\u00e9rales est jug\u00e9e invalide ou non contraignante, les autres dispositions restent en vigueur.<\/p><p>13.2. Toute tol\u00e9rance temporaire de Nassau Door n\u2019entra\u00eene pas une renonciation d\u00e9finitive \u00e0 ses droits.<\/p><p><strong><u>Article 14 \u2013<\/u><\/strong><u> <strong>Geschillenregeling<\/strong><\/u><\/p><p>En cas de litige, seuls les tribunaux du si\u00e8ge social de Nassau Door sont comp\u00e9tents. Le droit belge s\u2019applique, \u00e0 l\u2019exclusion des r\u00e8gles de droit international priv\u00e9 et de la Convention de Vienne sur la vente internationale de marchandises. <\/p><p><strong>Annexe I \u2013 Formulaire de r\u00e9tractation<\/strong><\/p><p> <\/p><p><em>(\u00c0 remplir et renvoyer uniquement si vous souhaitez exercer votre droit de r\u00e9tractation.)<\/em><\/p><p> <\/p><ul><li><b>\u00c0 l\u2019attention de :: <strong>Nassau Door NV<\/strong><\/b><ul><li>Westerring 13A<\/li><li>9700 Oudenaarde<\/li><li>Belgi\u00eb<\/li><li>sales@nassau-door.be<\/li><li>fax: 055 30 70 01<\/li><li> <\/li><\/ul><\/li><\/ul><ul><li>Ik\/Wij (*) deel\/delen (*) u hierbij mee dat ik\/wij (*) onze overeenkomst betreffende de verkoop van de volgende goederen\/levering van de volgende dienst (*) herroep\/herroepen (*)<\/li><\/ul><ul><li>Besteld op (*)\/Ontvangen op (*)<\/li><\/ul><ul><li>Naam\/namen consument(en)<\/li><\/ul><ul><li>Adres consument(en)<\/li><\/ul><ul><li>Signature du\/des consommateur(s) (uniquement en cas de transmission papier)<br><br><\/li><\/ul><ul><li>Date<\/li><\/ul>\t\t\t\t\t\t\t\t<\/div>\n\t\t\t\t<\/div>\n\t\t\t\t<\/div>\n\t\t\t\t<\/div>\n\t\t\t\t<\/div>\n\t\t<div class=\"elementor-element elementor-element-83ba397 e-con-full e-flex e-con e-parent\" data-id=\"83ba397\" data-element_type=\"container\" data-settings=\"{&quot;background_background&quot;:&quot;classic&quot;}\">\n\t\t<div class=\"elementor-element elementor-element-3f5c9c2 e-con-full container__xl e-flex e-con e-child\" data-id=\"3f5c9c2\" data-element_type=\"container\">\n\t\t<div class=\"elementor-element elementor-element-046fc77 e-con-full e-flex e-con e-child\" data-id=\"046fc77\" data-element_type=\"container\">\n\t\t\t\t<div class=\"elementor-element elementor-element-786c848 elementor-widget elementor-widget-heading\" data-id=\"786c848\" data-element_type=\"widget\" data-widget_type=\"heading.default\">\n\t\t\t\t<div class=\"elementor-widget-container\">\n\t\t\t\t\t<h2 class=\"elementor-heading-title elementor-size-default\">Prenez rendez-vous ou envoyez-nous un e-mail<\/h2>\t\t\t\t<\/div>\n\t\t\t\t<\/div>\n\t\t\t\t<\/div>\n\t\t<div class=\"elementor-element elementor-element-ceeda96 e-con-full e-flex e-con e-child\" data-id=\"ceeda96\" data-element_type=\"container\">\n\t\t\t\t<div class=\"elementor-element elementor-element-05c7716 elementor-widget elementor-widget-button\" data-id=\"05c7716\" data-element_type=\"widget\" data-widget_type=\"button.default\">\n\t\t\t\t<div class=\"elementor-widget-container\">\n\t\t\t\t\t\t\t\t\t<div class=\"elementor-button-wrapper\">\n\t\t\t\t\t<a class=\"elementor-button elementor-button-link elementor-size-sm\" href=\"https:\/\/l-doornassau.be\/fr\/?page_id=20165\">\n\t\t\t\t\t\t<span class=\"elementor-button-content-wrapper\">\n\t\t\t\t\t\t\t\t\t<span class=\"elementor-button-text\">Contactez nous<\/span>\n\t\t\t\t\t<\/span>\n\t\t\t\t\t<\/a>\n\t\t\t\t<\/div>\n\t\t\t\t\t\t\t\t<\/div>\n\t\t\t\t<\/div>\n\t\t\t\t<\/div>\n\t\t\t\t<\/div>\n\t\t\t\t<\/div>\n\t\t\t\t<\/div>\n\t\t","protected":false},"excerpt":{"rendered":"<p>Politique de retour et de remboursement Article 1 \u2013 Droit de r\u00e9tractation Sans pr\u00e9judice des exceptions pr\u00e9vues \u00e0 l&rsquo;article 7.2 et des autres conditions et modalit\u00e9s d&rsquo;exercice du droit de r\u00e9tractation, le consommateur peut annuler l&rsquo;achat du produit : Le consommateur a le droit d&rsquo;informer Nassau Door qu&rsquo;il renonce \u00e0 l&rsquo;achat, sans paiement d&rsquo;une p\u00e9nalit\u00e9 [&hellip;]<\/p>\n","protected":false},"author":27,"featured_media":0,"parent":0,"menu_order":0,"comment_status":"closed","ping_status":"closed","template":"elementor_header_footer","meta":{"_acf_changed":false,"footnotes":""},"class_list":["post-20178","page","type-page","status-publish","hentry"],"acf":[],"_links":{"self":[{"href":"https:\/\/l-doornassau.be\/fr\/wp-json\/wp\/v2\/pages\/20178","targetHints":{"allow":["GET"]}}],"collection":[{"href":"https:\/\/l-doornassau.be\/fr\/wp-json\/wp\/v2\/pages"}],"about":[{"href":"https:\/\/l-doornassau.be\/fr\/wp-json\/wp\/v2\/types\/page"}],"author":[{"embeddable":true,"href":"https:\/\/l-doornassau.be\/fr\/wp-json\/wp\/v2\/users\/27"}],"replies":[{"embeddable":true,"href":"https:\/\/l-doornassau.be\/fr\/wp-json\/wp\/v2\/comments?post=20178"}],"version-history":[{"count":2,"href":"https:\/\/l-doornassau.be\/fr\/wp-json\/wp\/v2\/pages\/20178\/revisions"}],"predecessor-version":[{"id":22051,"href":"https:\/\/l-doornassau.be\/fr\/wp-json\/wp\/v2\/pages\/20178\/revisions\/22051"}],"wp:attachment":[{"href":"https:\/\/l-doornassau.be\/fr\/wp-json\/wp\/v2\/media?parent=20178"}],"curies":[{"name":"wp","href":"https:\/\/api.w.org\/{rel}","templated":true}]}}