{"id":21596,"date":"2025-12-16T11:07:23","date_gmt":"2025-12-16T10:07:23","guid":{"rendered":"https:\/\/l-doornassau.be\/?page_id=21596"},"modified":"2025-12-16T11:18:28","modified_gmt":"2025-12-16T10:18:28","slug":"politique-rse-environnementale","status":"publish","type":"page","link":"https:\/\/l-doornassau.be\/fr\/politique-rse-environnementale\/","title":{"rendered":"POLITIQUE RSE &amp; ENVIRONNEMENTALE"},"content":{"rendered":"\t\t<div data-elementor-type=\"wp-page\" data-elementor-id=\"21596\" class=\"elementor elementor-21596\" data-elementor-post-type=\"page\">\n\t\t\t\t<div class=\"elementor-element elementor-element-d67ebbc e-flex e-con-boxed e-con e-parent\" data-id=\"d67ebbc\" data-element_type=\"container\">\n\t\t\t\t\t<div class=\"e-con-inner\">\n\t\t\t\t<div class=\"elementor-element elementor-element-f192f35 elementor-widget-divider--view-line elementor-widget elementor-widget-divider\" data-id=\"f192f35\" data-element_type=\"widget\" data-widget_type=\"divider.default\">\n\t\t\t\t<div class=\"elementor-widget-container\">\n\t\t\t\t\t\t\t<div class=\"elementor-divider\">\n\t\t\t<span class=\"elementor-divider-separator\">\n\t\t\t\t\t\t<\/span>\n\t\t<\/div>\n\t\t\t\t\t\t<\/div>\n\t\t\t\t<\/div>\n\t\t\t\t<div class=\"elementor-element elementor-element-783ad76 elementor-widget elementor-widget-text-editor\" data-id=\"783ad76\" data-element_type=\"widget\" data-widget_type=\"text-editor.default\">\n\t\t\t\t<div class=\"elementor-widget-container\">\n\t\t\t\t\t\t\t\t\t<p data-start=\"53\" data-end=\"99\"><span data-start=\"53\" data-end=\"99\"><b>POLITIQUE RSE &amp; ENVIRONNEMENTALE DE NASSAU<\/b><\/span><\/p><p data-start=\"101\" data-end=\"692\">Cr\u00e9er une entreprise durable, c\u2019est cr\u00e9er une entreprise solide et tourn\u00e9e vers l\u2019avenir. Nous sommes convaincus que la meilleure mani\u00e8re d\u2019atteindre un d\u00e9veloppement v\u00e9ritablement durable au sein du Groupe est d\u2019int\u00e9grer la durabilit\u00e9 tout au long de la cha\u00eene de valeur, et en particulier dans les principaux domaines de durabilit\u00e9.\u00a0<\/p><p data-start=\"101\" data-end=\"692\">La durabilit\u00e9 n\u2019est pas une action suppl\u00e9mentaire, mais un \u00e9l\u00e9ment int\u00e9gr\u00e9 \u00e0 toutes nos activit\u00e9s \u2013 de notre mani\u00e8re d\u2019agir (Code de conduite et Code de conduite des partenaires commerciaux) \u00e0 notre mani\u00e8re de produire et aux produits que nous d\u00e9veloppons.<\/p><p data-start=\"694\" data-end=\"715\"><b>Nous y parvenons en :<\/b><\/p><ul data-start=\"717\" data-end=\"1021\"><li data-start=\"717\" data-end=\"794\"><p data-start=\"719\" data-end=\"794\">R\u00e9alisant des \u00e9conomies gr\u00e2ce \u00e0 la r\u00e9duction de la consommation d\u2019\u00e9nergie<\/p><\/li><li data-start=\"795\" data-end=\"820\"><p data-start=\"797\" data-end=\"820\">R\u00e9duisant les d\u00e9chets<\/p><\/li><li data-start=\"821\" data-end=\"911\"><p data-start=\"823\" data-end=\"911\">Fixant des exigences \u00e0 nos partenaires afin de d\u00e9velopper des alternatives \u00e9cologiques<\/p><\/li><li data-start=\"912\" data-end=\"1021\"><p data-start=\"914\" data-end=\"1021\">D\u00e9veloppant des produits et des services avec un accent particulier sur la r\u00e9duction des \u00e9missions de CO\u2082<\/p><\/li><\/ul>\t\t\t\t\t\t\t\t<\/div>\n\t\t\t\t<\/div>\n\t\t\t\t<div class=\"elementor-element elementor-element-2d27298 elementor-widget-divider--view-line elementor-widget elementor-widget-divider\" data-id=\"2d27298\" data-element_type=\"widget\" data-widget_type=\"divider.default\">\n\t\t\t\t<div class=\"elementor-widget-container\">\n\t\t\t\t\t\t\t<div class=\"elementor-divider\">\n\t\t\t<span class=\"elementor-divider-separator\">\n\t\t\t\t\t\t<\/span>\n\t\t<\/div>\n\t\t\t\t\t\t<\/div>\n\t\t\t\t<\/div>\n\t\t\t\t\t<\/div>\n\t\t\t\t<\/div>\n\t\t<div class=\"elementor-element elementor-element-e5b9ba3 e-flex e-con-boxed e-con e-parent\" data-id=\"e5b9ba3\" data-element_type=\"container\">\n\t\t\t\t\t<div class=\"e-con-inner\">\n\t\t<div class=\"elementor-element elementor-element-bc25b37 e-con-full e-flex e-con e-child\" data-id=\"bc25b37\" data-element_type=\"container\">\n\t\t\t\t<div class=\"elementor-element elementor-element-90c200d elementor-widget elementor-widget-image\" data-id=\"90c200d\" data-element_type=\"widget\" data-widget_type=\"image.default\">\n\t\t\t\t<div class=\"elementor-widget-container\">\n\t\t\t\t\t\t\t\t\t\t\t\t\t\t\t<img fetchpriority=\"high\" decoding=\"async\" width=\"556\" height=\"791\" src=\"https:\/\/l-doornassau.be\/wp-content\/uploads\/2025\/12\/Skaermbillede-2025-12-15-094054-1.png\" class=\"attachment-large size-large wp-image-21597\" alt=\"certifi\u00e9 ISO 14001:2015\" srcset=\"https:\/\/l-doornassau.be\/wp-content\/uploads\/2025\/12\/Skaermbillede-2025-12-15-094054-1.png 556w, https:\/\/l-doornassau.be\/wp-content\/uploads\/2025\/12\/Skaermbillede-2025-12-15-094054-1-211x300.png 211w\" sizes=\"(max-width: 556px) 100vw, 556px\" \/>\t\t\t\t\t\t\t\t\t\t\t\t\t\t\t<\/div>\n\t\t\t\t<\/div>\n\t\t\t\t<div class=\"elementor-element elementor-element-c8fe743 elementor-align-center elementor-widget elementor-widget-button\" data-id=\"c8fe743\" data-element_type=\"widget\" data-widget_type=\"button.default\">\n\t\t\t\t<div class=\"elementor-widget-container\">\n\t\t\t\t\t\t\t\t\t<div class=\"elementor-button-wrapper\">\n\t\t\t\t\t<a class=\"elementor-button elementor-button-link elementor-size-sm\" href=\"https:\/\/nassau.dk\/wp-content\/uploads\/2025\/12\/Skaermbillede-2025-12-11-095021.png\" target=\"_blank\" rel=\"noopener\">\n\t\t\t\t\t\t<span class=\"elementor-button-content-wrapper\">\n\t\t\t\t\t\t\t\t\t<span class=\"elementor-button-text\">T\u00e9l\u00e9charger le certificat<\/span>\n\t\t\t\t\t<\/span>\n\t\t\t\t\t<\/a>\n\t\t\t\t<\/div>\n\t\t\t\t\t\t\t\t<\/div>\n\t\t\t\t<\/div>\n\t\t\t\t<\/div>\n\t\t<div class=\"elementor-element elementor-element-0684a0b e-con-full e-flex e-con e-child\" data-id=\"0684a0b\" data-element_type=\"container\">\n\t\t<div class=\"elementor-element elementor-element-226d8ba e-con-full e-flex e-con e-child\" data-id=\"226d8ba\" data-element_type=\"container\">\n\t\t\t\t<div class=\"elementor-element elementor-element-cc37273 elementor-widget elementor-widget-text-editor\" data-id=\"cc37273\" data-element_type=\"widget\" data-widget_type=\"text-editor.default\">\n\t\t\t\t<div class=\"elementor-widget-container\">\n\t\t\t\t\t\t\t\t\t<p><b><span style=\"font-size: 10.0pt;font-family: 'Verdana',sans-serif\">NASSAU est d\u00e9sormais certifi\u00e9 ISO 14001:2015<\/span><\/b><\/p><p><span style=\"font-size: 10.0pt;font-family: 'Verdana',sans-serif\">Nous sommes fiers d\u2019annoncer que la production de NASSAU est d\u00e9sormais certifi\u00e9e ISO 14001:2015 \u2013 une norme reconnue internationalement qui documente notre approche syst\u00e9matique et responsable pour ma\u00eetriser nos impacts environnementaux.<\/span><\/p><p><b><span style=\"font-size: 10.0pt;font-family: 'Verdana',sans-serif\">Que signifie cettecertification?<\/span><\/b><\/p><p><span style=\"font-size: 10.0pt;font-family: 'Verdana',sans-serif\">La norme ISO 14001 garantit que nous disposons d\u2019un<br \/>syst\u00e8me de management environnemental structur\u00e9, nous permettant de r\u00e9duire notre impact sur l\u2019environnement, d\u2019optimiser nos ressources de mani\u00e8re strat\u00e9gique et d\u2019am\u00e9liorer continuellement nos processus.<\/span><\/p><p><b><span style=\"font-size: 10.0pt;font-family: 'Verdana',sans-serif\">En accord avec les Objectifs de D\u00e9veloppement Durable des Nations Unies<\/span><\/b><\/p><p><span style=\"font-size: 10.0pt;font-family: 'Verdana',sans-serif\">ISO 14001 joue un r\u00f4le essentiel dans le soutien des<br \/>Objectifs de D\u00e9veloppement Durable des Nations Unies en aidant les entreprises \u00e0 minimiser leur impact environnemental et \u00e0 int\u00e9grer des solutions durables dans leurs activit\u00e9s. Cette norme contribue notamment aux objectifs suivants: <\/span><\/p><p><span style=\"font-size: 10.0pt;font-family: 'Verdana',sans-serif\">Objectif 6, Objectif 12, Objectif 13, Objectiv 14 et Objectif 15 &#8211; que vous pouvez d\u00e9couvrir <a href=\"https:\/\/developpementdurable.be\/sdgs\" target=\"_blank\" rel=\"noopener\">plus en d\u00e9tail ici.\u00a0<\/a><\/span><\/p>\t\t\t\t\t\t\t\t<\/div>\n\t\t\t\t<\/div>\n\t\t\t\t<div class=\"elementor-element elementor-element-72c87c4 elementor-widget elementor-widget-image\" data-id=\"72c87c4\" data-element_type=\"widget\" data-widget_type=\"image.default\">\n\t\t\t\t<div class=\"elementor-widget-container\">\n\t\t\t\t\t\t\t\t\t\t\t\t\t\t\t<img decoding=\"async\" width=\"745\" height=\"151\" src=\"https:\/\/l-doornassau.be\/wp-content\/uploads\/2025\/12\/Skaermbillede-2025-12-16-094812.png\" class=\"attachment-large size-large wp-image-21599\" alt=\"Les Objectifs de d\u00e9veloppement durable (ODD ou SDGs)\" srcset=\"https:\/\/l-doornassau.be\/wp-content\/uploads\/2025\/12\/Skaermbillede-2025-12-16-094812.png 745w, https:\/\/l-doornassau.be\/wp-content\/uploads\/2025\/12\/Skaermbillede-2025-12-16-094812-300x61.png 300w, https:\/\/l-doornassau.be\/wp-content\/uploads\/2025\/12\/Skaermbillede-2025-12-16-094812-600x122.png 600w\" sizes=\"(max-width: 745px) 100vw, 745px\" \/>\t\t\t\t\t\t\t\t\t\t\t\t\t\t\t<\/div>\n\t\t\t\t<\/div>\n\t\t\t\t<div class=\"elementor-element elementor-element-d67e6f0 elementor-widget elementor-widget-text-editor\" data-id=\"d67e6f0\" data-element_type=\"widget\" data-widget_type=\"text-editor.default\">\n\t\t\t\t<div class=\"elementor-widget-container\">\n\t\t\t\t\t\t\t\t\t<p><strong>Comment nous avons obtenu la certification<\/strong><\/p><p>Pour obtenir la certification, nous avons analys\u00e9 nos impacts environnementaux, d\u00e9fini des objectifs environnementaux clairs, mis en place des proc\u00e9dures et workflows renfor\u00e7ant nos efforts en mati\u00e8re d\u2019environnement, et pass\u00e9 un audit externe au cours duquel notre syst\u00e8me a \u00e9t\u00e9 \u00e9valu\u00e9 et approuv\u00e9.<\/p><p><strong>Les avantages pour nos clients et partenaires<\/strong><\/p><p>La certification ISO est votre garantie que NASSAU op\u00e8re de mani\u00e8re professionnelle, document\u00e9e et durable \u2013 de la production \u00e0 la livraison. Elle renforce \u00e0 la fois la qualit\u00e9 de nos solutions et notre responsabilit\u00e9 envers l\u2019environnement.<\/p>\t\t\t\t\t\t\t\t<\/div>\n\t\t\t\t<\/div>\n\t\t\t\t<\/div>\n\t\t\t\t<\/div>\n\t\t\t\t\t<\/div>\n\t\t\t\t<\/div>\n\t\t\t\t<\/div>\n\t\t","protected":false},"excerpt":{"rendered":"<p>POLITIQUE RSE &amp; ENVIRONNEMENTALE DE NASSAU Cr\u00e9er une entreprise durable, c\u2019est cr\u00e9er une entreprise solide et tourn\u00e9e vers l\u2019avenir. Nous sommes convaincus que la meilleure mani\u00e8re d\u2019atteindre un d\u00e9veloppement v\u00e9ritablement durable au sein du Groupe est d\u2019int\u00e9grer la durabilit\u00e9 tout au long de la cha\u00eene de valeur, et en particulier dans les principaux domaines de [&hellip;]<\/p>\n","protected":false},"author":31,"featured_media":0,"parent":0,"menu_order":0,"comment_status":"closed","ping_status":"closed","template":"","meta":{"_acf_changed":false,"footnotes":""},"class_list":["post-21596","page","type-page","status-publish","hentry"],"acf":[],"_links":{"self":[{"href":"https:\/\/l-doornassau.be\/fr\/wp-json\/wp\/v2\/pages\/21596","targetHints":{"allow":["GET"]}}],"collection":[{"href":"https:\/\/l-doornassau.be\/fr\/wp-json\/wp\/v2\/pages"}],"about":[{"href":"https:\/\/l-doornassau.be\/fr\/wp-json\/wp\/v2\/types\/page"}],"author":[{"embeddable":true,"href":"https:\/\/l-doornassau.be\/fr\/wp-json\/wp\/v2\/users\/31"}],"replies":[{"embeddable":true,"href":"https:\/\/l-doornassau.be\/fr\/wp-json\/wp\/v2\/comments?post=21596"}],"version-history":[{"count":12,"href":"https:\/\/l-doornassau.be\/fr\/wp-json\/wp\/v2\/pages\/21596\/revisions"}],"predecessor-version":[{"id":21616,"href":"https:\/\/l-doornassau.be\/fr\/wp-json\/wp\/v2\/pages\/21596\/revisions\/21616"}],"wp:attachment":[{"href":"https:\/\/l-doornassau.be\/fr\/wp-json\/wp\/v2\/media?parent=21596"}],"curies":[{"name":"wp","href":"https:\/\/api.w.org\/{rel}","templated":true}]}}