{"id":21641,"date":"2025-12-16T09:25:09","date_gmt":"2025-12-16T08:25:09","guid":{"rendered":"https:\/\/l-doornassau.be\/politique-rse-environnementale-2\/"},"modified":"2025-12-17T12:10:12","modified_gmt":"2025-12-17T11:10:12","slug":"politique-rse-environnementale-2","status":"publish","type":"page","link":"https:\/\/l-doornassau.be\/fr\/politique-rse-environnementale-2\/","title":{"rendered":"Politique RSE &amp; environnementale"},"content":{"rendered":"\t\t<div data-elementor-type=\"wp-page\" data-elementor-id=\"21641\" class=\"elementor elementor-21641 elementor-21578\" data-elementor-post-type=\"page\">\n\t\t\t\t<div class=\"elementor-element elementor-element-4237702 e-con-full e-flex e-con e-parent\" data-id=\"4237702\" data-element_type=\"container\" data-settings=\"{&quot;background_background&quot;:&quot;classic&quot;}\">\n\t\t<div class=\"elementor-element elementor-element-6252445 e-con-full container__xl e-flex e-con e-child\" data-id=\"6252445\" data-element_type=\"container\">\n\t\t<div class=\"elementor-element elementor-element-2eb2181 e-con-full e-flex e-con e-child\" data-id=\"2eb2181\" data-element_type=\"container\">\n\t\t\t\t<div class=\"elementor-element elementor-element-2fcb68c elementor-widget elementor-widget-heading\" data-id=\"2fcb68c\" data-element_type=\"widget\" data-widget_type=\"heading.default\">\n\t\t\t\t<div class=\"elementor-widget-container\">\n\t\t\t\t\t<h1 class=\"elementor-heading-title elementor-size-default\"><strong data-start=\"165\" data-end=\"195\">Politique RSE &amp; environnementale de NASSAU<\/strong><\/h1>\t\t\t\t<\/div>\n\t\t\t\t<\/div>\n\t\t\t\t<\/div>\n\t\t\t\t<\/div>\n\t\t\t\t<\/div>\n\t\t<div class=\"elementor-element elementor-element-d7855f2 e-con-full e-flex e-con e-parent\" data-id=\"d7855f2\" data-element_type=\"container\">\n\t\t<div class=\"elementor-element elementor-element-78254a1 e-con-full e-flex e-con e-child\" data-id=\"78254a1\" data-element_type=\"container\">\n\t\t\t\t<div class=\"elementor-element elementor-element-dfda7de elementor-widget elementor-widget-text-editor\" data-id=\"dfda7de\" data-element_type=\"widget\" data-widget_type=\"text-editor.default\">\n\t\t\t\t<div class=\"elementor-widget-container\">\n\t\t\t\t\t\t\t\t\t<p>Cr\u00e9er une entreprise durable signifie b\u00e2tir une organisation solide et tourn\u00e9e vers l\u2019avenir. Nous sommes convaincus que la meilleure fa\u00e7on de parvenir \u00e0 un v\u00e9ritable d\u00e9veloppement durable au sein du groupe est d\u2019int\u00e9grer la durabilit\u00e9 tout au long de la cha\u00eene de valeur, et plus particuli\u00e8rement au c\u0153ur des principaux enjeux de durabilit\u00e9. <\/p><p>Pour nous, la durabilit\u00e9 n\u2019est pas une activit\u00e9 suppl\u00e9mentaire, mais une partie int\u00e9grante de tout ce que nous faisons : de notre mani\u00e8re d\u2019agir (Code de conduite et Code de conduite pour les partenaires commerciaux) \u00e0 notre fa\u00e7on de produire et aux produits que nous d\u00e9veloppons.<\/p><p>Nous y parvenons en :<\/p><ul data-start=\"811\" data-end=\"1048\"><li data-start=\"811\" data-end=\"871\"><p>Des \u00e9conomies gr\u00e2ce \u00e0 la r\u00e9duction de la consommation d\u2019\u00e9nergie<\/p><\/li><li data-start=\"872\" data-end=\"898\"><p>La r\u00e9duction des d\u00e9chets<\/p><\/li><li data-start=\"899\" data-end=\"976\"><p>La d\u00e9finition d\u2019exigences \u00e0 l\u2019\u00e9gard des partenaires afin de d\u00e9velopper des alternatives \u00e9cologiques<\/p><\/li><li data-start=\"977\" data-end=\"1048\"><p>Le d\u00e9veloppement de produits et de services ax\u00e9s sur la r\u00e9duction des \u00e9missions de CO\u2082<\/p><\/li><\/ul>\t\t\t\t\t\t\t\t<\/div>\n\t\t\t\t<\/div>\n\t\t\t\t<\/div>\n\t\t\t\t<\/div>\n\t\t<div class=\"elementor-element elementor-element-d6e3287 e-con-full e-flex e-con e-parent\" data-id=\"d6e3287\" data-element_type=\"container\">\n\t\t<div class=\"elementor-element elementor-element-fcbf21f e-con-full e-flex e-con e-child\" data-id=\"fcbf21f\" data-element_type=\"container\">\n\t\t\t\t<div class=\"elementor-element elementor-element-97c3384 elementor-widget elementor-widget-image\" data-id=\"97c3384\" data-element_type=\"widget\" data-widget_type=\"image.default\">\n\t\t\t\t<div class=\"elementor-widget-container\">\n\t\t\t\t\t\t\t\t\t\t\t\t\t\t\t<img fetchpriority=\"high\" decoding=\"async\" width=\"556\" height=\"791\" src=\"https:\/\/l-doornassau.be\/wp-content\/uploads\/2025\/12\/Skaermbillede-2025-12-15-094054.png\" class=\"attachment-large size-large wp-image-21580\" alt=\"ISO 14001:2015 gecertificeerd\" srcset=\"https:\/\/l-doornassau.be\/wp-content\/uploads\/2025\/12\/Skaermbillede-2025-12-15-094054.png 556w, https:\/\/l-doornassau.be\/wp-content\/uploads\/2025\/12\/Skaermbillede-2025-12-15-094054-211x300.png 211w\" sizes=\"(max-width: 556px) 100vw, 556px\" \/>\t\t\t\t\t\t\t\t\t\t\t\t\t\t\t<\/div>\n\t\t\t\t<\/div>\n\t\t\t\t<div class=\"elementor-element elementor-element-cf38888 elementor-align-center elementor-widget elementor-widget-button\" data-id=\"cf38888\" data-element_type=\"widget\" data-widget_type=\"button.default\">\n\t\t\t\t<div class=\"elementor-widget-container\">\n\t\t\t\t\t\t\t\t\t<div class=\"elementor-button-wrapper\">\n\t\t\t\t\t<a class=\"elementor-button elementor-button-link elementor-size-sm\" href=\"https:\/\/nassau.dk\/wp-content\/uploads\/2025\/12\/Skaermbillede-2025-12-11-095021.png\" target=\"_blank\" rel=\"noopener\">\n\t\t\t\t\t\t<span class=\"elementor-button-content-wrapper\">\n\t\t\t\t\t\t\t\t\t<span class=\"elementor-button-text\">T\u00e9l\u00e9charger le certificat<\/span>\n\t\t\t\t\t<\/span>\n\t\t\t\t\t<\/a>\n\t\t\t\t<\/div>\n\t\t\t\t\t\t\t\t<\/div>\n\t\t\t\t<\/div>\n\t\t\t\t<\/div>\n\t\t<div class=\"elementor-element elementor-element-9328857 e-con-full e-flex e-con e-child\" data-id=\"9328857\" data-element_type=\"container\">\n\t\t\t\t<div class=\"elementor-element elementor-element-1d675eb elementor-widget elementor-widget-heading\" data-id=\"1d675eb\" data-element_type=\"widget\" data-widget_type=\"heading.default\">\n\t\t\t\t<div class=\"elementor-widget-container\">\n\t\t\t\t\t<h2 class=\"elementor-heading-title elementor-size-default\"><a href=\"https:\/\/developpementdurable.be\/sdgs\" target=\"_blank\" rel=\"noopener\"><p><b><span style=\"font-size:10.0pt;,sans-serif\">NASSAU est d\u00e9sormais certifi\u00e9e ISO 14001:2015<\/span><\/b><\/p><p><span style=\"font-size:10.0pt;,sans-serif\">Nous sommes fiers d\u2019annoncer que la production de NASSAU est d\u00e9sormais certifi\u00e9e ISO 14001:2015 \u2013 une norme internationale reconnue qui atteste de notre approche syst\u00e9matique et responsable en mati\u00e8re de ma\u00eetrise de nos impacts environnementaux.<\/span><\/p><p style=\"margin-bottom:12.0pt\"><b><span style=\"font-size:10.0pt;,sans-serif\">Que signifie la certification ?<\/span><\/b><\/p><p><span style=\"font-size:10.0pt;,sans-serif\">La norme ISO 14001 garantit que nous disposons d\u2019un syst\u00e8me de management environnemental structur\u00e9, nous permettant de r\u00e9duire notre impact sur l\u2019environnement, de travailler de mani\u00e8re strat\u00e9gique \u00e0 l\u2019optimisation des ressources et d\u2019am\u00e9liorer continuellement nos processus.<\/span><\/p><p style=\"margin-bottom:12.0pt\"><b><span style=\"font-size:10.0pt;,sans-serif\">En ligne avec les Objectifs de d\u00e9veloppement durable des Nations Unies<\/span><\/b><\/p><p><span style=\"font-size:10.0pt;,sans-serif\">La norme ISO 14001 joue un r\u00f4le important dans le soutien aux Objectifs de d\u00e9veloppement durable des Nations Unies en aidant les entreprises \u00e0 minimiser leur impact environnemental et \u00e0 int\u00e9grer des solutions durables dans leurs activit\u00e9s. Cette norme soutient en particulier les objectifs suivants :\nObjectif 6, Objectif 12, Objectif 13, Objectif 14 et Objectif 15 \u2013 que vous pouvez d\u00e9couvrir plus en d\u00e9tail ici. <\/span><span style=\"font-size: 20px\"><\/span><\/p><\/a><\/h2>\t\t\t\t<\/div>\n\t\t\t\t<\/div>\n\t\t<div class=\"elementor-element elementor-element-5a4ca55 e-con-full e-flex e-con e-child\" data-id=\"5a4ca55\" data-element_type=\"container\">\n\t\t\t\t<div class=\"elementor-element elementor-element-e8e4d08 elementor-widget elementor-widget-image\" data-id=\"e8e4d08\" data-element_type=\"widget\" data-widget_type=\"image.default\">\n\t\t\t\t<div class=\"elementor-widget-container\">\n\t\t\t\t\t\t\t\t\t\t\t\t\t\t\t<img decoding=\"async\" width=\"747\" height=\"156\" src=\"https:\/\/l-doornassau.be\/wp-content\/uploads\/2025\/12\/FN-Verdensmal-NL.png\" class=\"attachment-large size-large wp-image-21582\" alt=\"De Duurzame Ontwikkelingsdoelstellingen (SDG&#039;s)\" srcset=\"https:\/\/l-doornassau.be\/wp-content\/uploads\/2025\/12\/FN-Verdensmal-NL.png 747w, https:\/\/l-doornassau.be\/wp-content\/uploads\/2025\/12\/FN-Verdensmal-NL-300x63.png 300w, https:\/\/l-doornassau.be\/wp-content\/uploads\/2025\/12\/FN-Verdensmal-NL-600x125.png 600w\" sizes=\"(max-width: 747px) 100vw, 747px\" \/>\t\t\t\t\t\t\t\t\t\t\t\t\t\t\t<\/div>\n\t\t\t\t<\/div>\n\t\t<div class=\"elementor-element elementor-element-0944071 e-con-full e-flex e-con e-child\" data-id=\"0944071\" data-element_type=\"container\">\n\t\t\t\t<div class=\"elementor-element elementor-element-994279a elementor-widget elementor-widget-heading\" data-id=\"994279a\" data-element_type=\"widget\" data-widget_type=\"heading.default\">\n\t\t\t\t<div class=\"elementor-widget-container\">\n\t\t\t\t\t<h2 class=\"elementor-heading-title elementor-size-default\"><p style=\"margin-bottom:12.0pt\"><b><span style=\"font-size:10.0pt;,sans-serif\">Comment nous avons obtenu la certification<\/span><\/b><\/p><p><span style=\"font-size:10.0pt;,sans-serif\">Pour obtenir la certification, nous avons cartographi\u00e9 nos impacts environnementaux et d\u00e9fini des objectifs environnementaux clairs, mis en place des proc\u00e9dures et des flux de travail renfor\u00e7ant nos efforts environnementaux, et pass\u00e9 un audit externe au cours duquel notre syst\u00e8me a \u00e9t\u00e9 \u00e9valu\u00e9 et approuv\u00e9.<\/span><\/p><p style=\"margin-bottom:12.0pt\"><b><span style=\"font-size:10.0pt;,sans-serif\">Les avantages pour nos clients et partenaires<\/span><\/b><\/p><p><span style=\"font-size:10.0pt;,sans-serif\">La certification ISO est votre garantie que NASSAU travaille de mani\u00e8re professionnelle, document\u00e9e et durable \u2013 de la production \u00e0 la livraison. Elle renforce \u00e0 la fois la qualit\u00e9 de nos solutions et notre responsabilit\u00e9 envers l\u2019environnement.<\/span><\/p><\/h2>\t\t\t\t<\/div>\n\t\t\t\t<\/div>\n\t\t\t\t<\/div>\n\t\t\t\t<\/div>\n\t\t\t\t<\/div>\n\t\t\t\t<\/div>\n\t\t\t\t<\/div>\n\t\t","protected":false},"excerpt":{"rendered":"<p>Politique RSE &amp; environnementale de NASSAU Cr\u00e9er une entreprise durable signifie b\u00e2tir une organisation solide et tourn\u00e9e vers l\u2019avenir. Nous sommes convaincus que la meilleure fa\u00e7on de parvenir \u00e0 un v\u00e9ritable d\u00e9veloppement durable au sein du groupe est d\u2019int\u00e9grer la durabilit\u00e9 tout au long de la cha\u00eene de valeur, et plus particuli\u00e8rement au c\u0153ur des [&hellip;]<\/p>\n","protected":false},"author":31,"featured_media":0,"parent":0,"menu_order":0,"comment_status":"closed","ping_status":"closed","template":"","meta":{"_acf_changed":false,"footnotes":""},"class_list":["post-21641","page","type-page","status-publish","hentry"],"acf":[],"_links":{"self":[{"href":"https:\/\/l-doornassau.be\/fr\/wp-json\/wp\/v2\/pages\/21641","targetHints":{"allow":["GET"]}}],"collection":[{"href":"https:\/\/l-doornassau.be\/fr\/wp-json\/wp\/v2\/pages"}],"about":[{"href":"https:\/\/l-doornassau.be\/fr\/wp-json\/wp\/v2\/types\/page"}],"author":[{"embeddable":true,"href":"https:\/\/l-doornassau.be\/fr\/wp-json\/wp\/v2\/users\/31"}],"replies":[{"embeddable":true,"href":"https:\/\/l-doornassau.be\/fr\/wp-json\/wp\/v2\/comments?post=21641"}],"version-history":[{"count":4,"href":"https:\/\/l-doornassau.be\/fr\/wp-json\/wp\/v2\/pages\/21641\/revisions"}],"predecessor-version":[{"id":21649,"href":"https:\/\/l-doornassau.be\/fr\/wp-json\/wp\/v2\/pages\/21641\/revisions\/21649"}],"wp:attachment":[{"href":"https:\/\/l-doornassau.be\/fr\/wp-json\/wp\/v2\/media?parent=21641"}],"curies":[{"name":"wp","href":"https:\/\/api.w.org\/{rel}","templated":true}]}}