{"id":21115,"date":"2025-03-10T16:13:34","date_gmt":"2025-03-10T15:13:34","guid":{"rendered":"https:\/\/l-doornassau.be\/product\/telecommande-yale-2-canaux-prix-htva\/"},"modified":"2025-03-10T16:13:34","modified_gmt":"2025-03-10T15:13:34","slug":"telecommande-yale-2-canaux-prix-htva","status":"publish","type":"product","link":"https:\/\/l-doornassau.be\/fr\/product\/telecommande-yale-2-canaux-prix-htva\/","title":{"rendered":"T\u00e9l\u00e9commande Yale 2 canaux (Prix HTVA)"},"content":{"rendered":"<pre>\u00c9metteur Yale 2 canaux 433 MHz\n\nCompatible uniquement avec les nouveaux moteurs Yale600 et Yale1000 (2025)\nPile CR2032 incluse\n\nNos \u00e9metteurs ne sont pas programm\u00e9s lors de l\u2019envoi. Le manuel pour programmer l\u2019\u00e9metteur est inclus dans le colis.<\/pre>\n","protected":false},"excerpt":{"rendered":"<p>\u00c9metteur Yale 2 canaux 433 MHz<\/p>\n<p>Compatible uniquement avec les nouveaux moteurs Yale600 et Yale1000 (2025). Pile CR2032 incluse. <\/p>\n<p>Le manuel pour programmer l\u2019\u00e9metteur est fourni.<\/p>\n","protected":false},"featured_media":19926,"template":"","meta":{"_acf_changed":false},"product_brand":[],"product_cat":[161],"product_tag":[],"class_list":{"0":"post-21115","1":"product","2":"type-product","3":"status-publish","4":"has-post-thumbnail","6":"product_cat-particulier","8":"first","9":"instock","10":"taxable","11":"shipping-taxable","12":"purchasable","13":"product-type-simple"},"acf":[],"_links":{"self":[{"href":"https:\/\/l-doornassau.be\/fr\/wp-json\/wp\/v2\/product\/21115","targetHints":{"allow":["GET"]}}],"collection":[{"href":"https:\/\/l-doornassau.be\/fr\/wp-json\/wp\/v2\/product"}],"about":[{"href":"https:\/\/l-doornassau.be\/fr\/wp-json\/wp\/v2\/types\/product"}],"wp:featuredmedia":[{"embeddable":true,"href":"https:\/\/l-doornassau.be\/fr\/wp-json\/wp\/v2\/media\/19926"}],"wp:attachment":[{"href":"https:\/\/l-doornassau.be\/fr\/wp-json\/wp\/v2\/media?parent=21115"}],"wp:term":[{"taxonomy":"product_brand","embeddable":true,"href":"https:\/\/l-doornassau.be\/fr\/wp-json\/wp\/v2\/product_brand?post=21115"},{"taxonomy":"product_cat","embeddable":true,"href":"https:\/\/l-doornassau.be\/fr\/wp-json\/wp\/v2\/product_cat?post=21115"},{"taxonomy":"product_tag","embeddable":true,"href":"https:\/\/l-doornassau.be\/fr\/wp-json\/wp\/v2\/product_tag?post=21115"}],"curies":[{"name":"wp","href":"https:\/\/api.w.org\/{rel}","templated":true}]}}