{"id":21116,"date":"2018-09-20T12:24:03","date_gmt":"2018-09-20T11:24:03","guid":{"rendered":"https:\/\/l-doornassau.be\/product\/telecommande-nassau-999-canaux-avec-support-prix-htva\/"},"modified":"2018-09-20T12:24:03","modified_gmt":"2018-09-20T11:24:03","slug":"telecommande-nassau-999-canaux-avec-support-prix-htva","status":"publish","type":"product","link":"https:\/\/l-doornassau.be\/fr\/product\/telecommande-nassau-999-canaux-avec-support-prix-htva\/","title":{"rendered":"T\u00e9l\u00e9commande Nassau 999 canaux, avec support (Prix HTVA)"},"content":{"rendered":"","protected":false},"excerpt":{"rendered":"<p><strong> Nos t\u00e9l\u00e9commandes ne sont jamais envoy\u00e9es pr\u00e9programm\u00e9es !<\/strong><\/p>\n<p>L\u2019\u00e9metteur multicanal est con\u00e7u pour commander \u00e0 distance les syst\u00e8mes radio Nassau.<br \/>\nLes canaux peuvent \u00eatre s\u00e9lectionn\u00e9s soit en appuyant directement sur l\u2019une des 4 touches d\u2019impulsion, soit en saisissant un num\u00e9ro de canal \u00e0 trois chiffres sur le clavier, puis en appuyant sur l\u2019une des trois touches directionnelles.<\/p>\n","protected":false},"featured_media":0,"template":"","meta":{"_acf_changed":false},"product_brand":[],"product_cat":[162],"product_tag":[164],"class_list":{"0":"post-21116","1":"product","2":"type-product","3":"status-publish","5":"product_cat-industrie","6":"product_tag-telecommande","7":"product_shipping_class-normal","9":"first","10":"instock","11":"taxable","12":"shipping-taxable","13":"purchasable","14":"product-type-simple"},"acf":[],"_links":{"self":[{"href":"https:\/\/l-doornassau.be\/fr\/wp-json\/wp\/v2\/product\/21116","targetHints":{"allow":["GET"]}}],"collection":[{"href":"https:\/\/l-doornassau.be\/fr\/wp-json\/wp\/v2\/product"}],"about":[{"href":"https:\/\/l-doornassau.be\/fr\/wp-json\/wp\/v2\/types\/product"}],"wp:attachment":[{"href":"https:\/\/l-doornassau.be\/fr\/wp-json\/wp\/v2\/media?parent=21116"}],"wp:term":[{"taxonomy":"product_brand","embeddable":true,"href":"https:\/\/l-doornassau.be\/fr\/wp-json\/wp\/v2\/product_brand?post=21116"},{"taxonomy":"product_cat","embeddable":true,"href":"https:\/\/l-doornassau.be\/fr\/wp-json\/wp\/v2\/product_cat?post=21116"},{"taxonomy":"product_tag","embeddable":true,"href":"https:\/\/l-doornassau.be\/fr\/wp-json\/wp\/v2\/product_tag?post=21116"}],"curies":[{"name":"wp","href":"https:\/\/api.w.org\/{rel}","templated":true}]}}