{"id":21117,"date":"2018-02-08T08:06:40","date_gmt":"2018-02-08T07:06:40","guid":{"rendered":"https:\/\/l-doornassau.be\/product\/clavier-a-code-3-canaux-maximum-3-portes-de-garage-prix-htva\/"},"modified":"2018-02-08T08:06:40","modified_gmt":"2018-02-08T07:06:40","slug":"clavier-a-code-3-canaux-maximum-3-portes-de-garage-prix-htva","status":"publish","type":"product","link":"https:\/\/l-doornassau.be\/fr\/product\/clavier-a-code-3-canaux-maximum-3-portes-de-garage-prix-htva\/","title":{"rendered":"Clavier \u00e0 code 3 canaux \u2013 maximum 3 portes de garage (Prix HTVA)"},"content":{"rendered":"<p>La NASSAU Portes de garage 3 canaux One-way, Wireless Coding Kit permet de commander jusqu\u2019\u00e0 3 portes de garage uniquement en saisissant un code PIN \u00e0 4 chiffres. Le clavier est \u00e9quip\u00e9 d\u2019un r\u00e9tro\u00e9clairage des touches. <\/p>\n","protected":false},"excerpt":{"rendered":"<p><strong>Les t\u00e9l\u00e9commandes ne sont jamais livr\u00e9es pr\u00e9programm\u00e9es !<\/strong><\/p>\n<p>&nbsp;<\/p>\n<p>NASSAU Portes de garage 3 canaux One-way, Wireless Coding Kit peut commander jusqu\u2019\u00e0 3 portes de garage<\/p>\n","protected":false},"featured_media":19392,"template":"","meta":{"_acf_changed":false},"product_brand":[],"product_cat":[161],"product_tag":[165,166],"class_list":{"0":"post-21117","1":"product","2":"type-product","3":"status-publish","4":"has-post-thumbnail","6":"product_cat-particulier","7":"product_tag-clavier-a-code","8":"product_tag-portes-industrielles","9":"product_shipping_class-normal","11":"first","12":"instock","13":"taxable","14":"shipping-taxable","15":"purchasable","16":"product-type-simple"},"acf":[],"_links":{"self":[{"href":"https:\/\/l-doornassau.be\/fr\/wp-json\/wp\/v2\/product\/21117","targetHints":{"allow":["GET"]}}],"collection":[{"href":"https:\/\/l-doornassau.be\/fr\/wp-json\/wp\/v2\/product"}],"about":[{"href":"https:\/\/l-doornassau.be\/fr\/wp-json\/wp\/v2\/types\/product"}],"wp:featuredmedia":[{"embeddable":true,"href":"https:\/\/l-doornassau.be\/fr\/wp-json\/wp\/v2\/media\/19392"}],"wp:attachment":[{"href":"https:\/\/l-doornassau.be\/fr\/wp-json\/wp\/v2\/media?parent=21117"}],"wp:term":[{"taxonomy":"product_brand","embeddable":true,"href":"https:\/\/l-doornassau.be\/fr\/wp-json\/wp\/v2\/product_brand?post=21117"},{"taxonomy":"product_cat","embeddable":true,"href":"https:\/\/l-doornassau.be\/fr\/wp-json\/wp\/v2\/product_cat?post=21117"},{"taxonomy":"product_tag","embeddable":true,"href":"https:\/\/l-doornassau.be\/fr\/wp-json\/wp\/v2\/product_tag?post=21117"}],"curies":[{"name":"wp","href":"https:\/\/api.w.org\/{rel}","templated":true}]}}