{"id":21118,"date":"2018-09-20T12:22:28","date_gmt":"2018-09-20T11:22:28","guid":{"rendered":"https:\/\/l-doornassau.be\/product\/telecommande-nassau-10-canaux-avec-support-prix-htva\/"},"modified":"2018-09-20T12:22:28","modified_gmt":"2018-09-20T11:22:28","slug":"telecommande-nassau-10-canaux-avec-support-prix-htva","status":"publish","type":"product","link":"https:\/\/l-doornassau.be\/fr\/product\/telecommande-nassau-10-canaux-avec-support-prix-htva\/","title":{"rendered":"T\u00e9l\u00e9commande Nassau 10 canaux, avec support (Prix HTVA)"},"content":{"rendered":"","protected":false},"excerpt":{"rendered":"<p><strong>Nos t\u00e9l\u00e9commandes ne sont jamais envoy\u00e9es pr\u00e9programm\u00e9es !<\/strong><\/p>\n<p>Avec la t\u00e9l\u00e9commande 10 canaux, vous pouvez commander jusqu\u2019\u00e0 10 portes diff\u00e9rentes avec une seule t\u00e9l\u00e9commande. Id\u00e9al si vous \u00eates propri\u00e9taire d\u2019un site industriel ou d\u2019une entreprise avec plusieurs entrep\u00f4ts. La t\u00e9l\u00e9commande est \u00e9galement fournie avec un support mural, ce qui permet de la fixer facilement au mur. <\/p>\n","protected":false},"featured_media":0,"template":"","meta":{"_acf_changed":false},"product_brand":[],"product_cat":[162],"product_tag":[164],"class_list":{"0":"post-21118","1":"product","2":"type-product","3":"status-publish","5":"product_cat-industrie","6":"product_tag-telecommande","7":"product_shipping_class-normal","9":"first","10":"instock","11":"taxable","12":"shipping-taxable","13":"purchasable","14":"product-type-simple"},"acf":[],"_links":{"self":[{"href":"https:\/\/l-doornassau.be\/fr\/wp-json\/wp\/v2\/product\/21118","targetHints":{"allow":["GET"]}}],"collection":[{"href":"https:\/\/l-doornassau.be\/fr\/wp-json\/wp\/v2\/product"}],"about":[{"href":"https:\/\/l-doornassau.be\/fr\/wp-json\/wp\/v2\/types\/product"}],"wp:attachment":[{"href":"https:\/\/l-doornassau.be\/fr\/wp-json\/wp\/v2\/media?parent=21118"}],"wp:term":[{"taxonomy":"product_brand","embeddable":true,"href":"https:\/\/l-doornassau.be\/fr\/wp-json\/wp\/v2\/product_brand?post=21118"},{"taxonomy":"product_cat","embeddable":true,"href":"https:\/\/l-doornassau.be\/fr\/wp-json\/wp\/v2\/product_cat?post=21118"},{"taxonomy":"product_tag","embeddable":true,"href":"https:\/\/l-doornassau.be\/fr\/wp-json\/wp\/v2\/product_tag?post=21118"}],"curies":[{"name":"wp","href":"https:\/\/api.w.org\/{rel}","templated":true}]}}