{"id":21120,"date":"2018-09-01T14:22:47","date_gmt":"2018-09-01T13:22:47","guid":{"rendered":"https:\/\/l-doornassau.be\/product\/telecommande-l-door-white-3-canaux-e-remote-prix-htva\/"},"modified":"2022-09-26T14:22:47","modified_gmt":"2022-09-26T13:22:47","slug":"telecommande-l-door-white-3-canaux-e-remote-prix-htva","status":"publish","type":"product","link":"https:\/\/l-doornassau.be\/fr\/product\/telecommande-l-door-white-3-canaux-e-remote-prix-htva\/","title":{"rendered":"T\u00e9l\u00e9commande L-door White | 3 canaux E-remote (Prix HTVA)"},"content":{"rendered":"","protected":false},"excerpt":{"rendered":"<p><strong>Les t\u00e9l\u00e9commandes ne sont jamais livr\u00e9es pr\u00e9programm\u00e9es!<\/strong><\/p>\n<p>T\u00e9l\u00e9commande \u00e0 3 canaux pour le nouveau moteur \u201cEffiency\u201d<\/p>\n<p>Attention : uniquement compatible avec les mod\u00e8les E600 et E800.<\/p>\n<p>&nbsp;<\/p>\n","protected":false},"featured_media":19650,"template":"","meta":{"_acf_changed":false},"product_brand":[],"product_cat":[162,161],"product_tag":[],"class_list":{"0":"post-21120","1":"product","2":"type-product","3":"status-publish","4":"has-post-thumbnail","6":"product_cat-industrie","7":"product_cat-particulier","8":"product_shipping_class-normal","10":"first","11":"instock","12":"taxable","13":"shipping-taxable","14":"purchasable","15":"product-type-simple"},"acf":[],"_links":{"self":[{"href":"https:\/\/l-doornassau.be\/fr\/wp-json\/wp\/v2\/product\/21120","targetHints":{"allow":["GET"]}}],"collection":[{"href":"https:\/\/l-doornassau.be\/fr\/wp-json\/wp\/v2\/product"}],"about":[{"href":"https:\/\/l-doornassau.be\/fr\/wp-json\/wp\/v2\/types\/product"}],"wp:featuredmedia":[{"embeddable":true,"href":"https:\/\/l-doornassau.be\/fr\/wp-json\/wp\/v2\/media\/19650"}],"wp:attachment":[{"href":"https:\/\/l-doornassau.be\/fr\/wp-json\/wp\/v2\/media?parent=21120"}],"wp:term":[{"taxonomy":"product_brand","embeddable":true,"href":"https:\/\/l-doornassau.be\/fr\/wp-json\/wp\/v2\/product_brand?post=21120"},{"taxonomy":"product_cat","embeddable":true,"href":"https:\/\/l-doornassau.be\/fr\/wp-json\/wp\/v2\/product_cat?post=21120"},{"taxonomy":"product_tag","embeddable":true,"href":"https:\/\/l-doornassau.be\/fr\/wp-json\/wp\/v2\/product_tag?post=21120"}],"curies":[{"name":"wp","href":"https:\/\/api.w.org\/{rel}","templated":true}]}}