{"id":21121,"date":"2018-10-01T10:51:42","date_gmt":"2018-10-01T09:51:42","guid":{"rendered":"https:\/\/l-doornassau.be\/product\/telecommande-sommer-4-canaux-prix-htva\/"},"modified":"2018-09-20T10:51:42","modified_gmt":"2018-09-20T09:51:42","slug":"telecommande-sommer-4-canaux-prix-htva","status":"publish","type":"product","link":"https:\/\/l-doornassau.be\/fr\/product\/telecommande-sommer-4-canaux-prix-htva\/","title":{"rendered":"T\u00e9l\u00e9commande Sommer 4 canaux (Prix HTVA)"},"content":{"rendered":"","protected":false},"excerpt":{"rendered":"<p><strong>Les t\u00e9l\u00e9commandes ne sont jamais livr\u00e9es pr\u00e9programm\u00e9es !<\/strong><\/p>\n<p>La t\u00e9l\u00e9commande Sommer 4 canaux est une nouvelle version \u00e9l\u00e9gante, avec un bo\u00eetier gris coulissant, 4 canaux et une LED d\u2019indication au-dessus des touches. Dans le coin inf\u00e9rieur gauche, vous pouvez facilement fixer le porte-cl\u00e9s inclus. <\/p>\n<p>&nbsp;<\/p>\n","protected":false},"featured_media":19672,"template":"","meta":{"_acf_changed":false},"product_brand":[],"product_cat":[162,161],"product_tag":[164],"class_list":{"0":"post-21121","1":"product","2":"type-product","3":"status-publish","4":"has-post-thumbnail","6":"product_cat-industrie","7":"product_cat-particulier","8":"product_tag-telecommande","9":"product_shipping_class-normal","11":"first","12":"instock","13":"taxable","14":"shipping-taxable","15":"purchasable","16":"product-type-simple"},"acf":[],"_links":{"self":[{"href":"https:\/\/l-doornassau.be\/fr\/wp-json\/wp\/v2\/product\/21121","targetHints":{"allow":["GET"]}}],"collection":[{"href":"https:\/\/l-doornassau.be\/fr\/wp-json\/wp\/v2\/product"}],"about":[{"href":"https:\/\/l-doornassau.be\/fr\/wp-json\/wp\/v2\/types\/product"}],"wp:featuredmedia":[{"embeddable":true,"href":"https:\/\/l-doornassau.be\/fr\/wp-json\/wp\/v2\/media\/19672"}],"wp:attachment":[{"href":"https:\/\/l-doornassau.be\/fr\/wp-json\/wp\/v2\/media?parent=21121"}],"wp:term":[{"taxonomy":"product_brand","embeddable":true,"href":"https:\/\/l-doornassau.be\/fr\/wp-json\/wp\/v2\/product_brand?post=21121"},{"taxonomy":"product_cat","embeddable":true,"href":"https:\/\/l-doornassau.be\/fr\/wp-json\/wp\/v2\/product_cat?post=21121"},{"taxonomy":"product_tag","embeddable":true,"href":"https:\/\/l-doornassau.be\/fr\/wp-json\/wp\/v2\/product_tag?post=21121"}],"curies":[{"name":"wp","href":"https:\/\/api.w.org\/{rel}","templated":true}]}}