{"id":21123,"date":"2018-02-01T08:10:38","date_gmt":"2018-02-01T07:10:38","guid":{"rendered":"https:\/\/l-doornassau.be\/product\/telecommande-nassau-2-canaux-prix-htva\/"},"modified":"2018-02-08T08:10:38","modified_gmt":"2018-02-08T07:10:38","slug":"telecommande-nassau-2-canaux-prix-htva","status":"publish","type":"product","link":"https:\/\/l-doornassau.be\/fr\/product\/telecommande-nassau-2-canaux-prix-htva\/","title":{"rendered":"T\u00e9l\u00e9commande Nassau 2 canaux (Prix HTVA)"},"content":{"rendered":"","protected":false},"excerpt":{"rendered":"<p><strong>Nos t\u00e9l\u00e9commandes ne sont jamais envoy\u00e9es pr\u00e9programm\u00e9es !<\/strong><\/p>\n<p>La t\u00e9l\u00e9commande NASSAU 2 canaux peut commander 2 portes. Elle permet d\u2019ouvrir\/fermer la porte et de l\u2019utiliser pour la ventilation du garage. L\u2019\u00e9metteur est livr\u00e9 non programm\u00e9.<br \/>\nLa fonction d\u2019apprentissage de l\u2019\u00e9metteur permet de copier un code d\u2019une t\u00e9l\u00e9commande ma\u00eetre vers autant de t\u00e9l\u00e9commandes que souhait\u00e9. Le code peut ensuite \u00eatre modifi\u00e9 si n\u00e9cessaire. Vous pouvez \u00e9galement changer le code usine, par exemple en cas de perte, afin d\u2019\u00e9viter tout usage abusif.    <\/p>\n<p>&nbsp;<\/p>\n","protected":false},"featured_media":19520,"template":"","meta":{"_acf_changed":false},"product_brand":[],"product_cat":[162],"product_tag":[167,164],"class_list":{"0":"post-21123","1":"product","2":"type-product","3":"status-publish","4":"has-post-thumbnail","6":"product_cat-industrie","7":"product_tag-porte-de-garage","8":"product_tag-telecommande","9":"product_shipping_class-normal","11":"first","12":"instock","13":"taxable","14":"shipping-taxable","15":"purchasable","16":"product-type-simple"},"acf":[],"_links":{"self":[{"href":"https:\/\/l-doornassau.be\/fr\/wp-json\/wp\/v2\/product\/21123","targetHints":{"allow":["GET"]}}],"collection":[{"href":"https:\/\/l-doornassau.be\/fr\/wp-json\/wp\/v2\/product"}],"about":[{"href":"https:\/\/l-doornassau.be\/fr\/wp-json\/wp\/v2\/types\/product"}],"wp:featuredmedia":[{"embeddable":true,"href":"https:\/\/l-doornassau.be\/fr\/wp-json\/wp\/v2\/media\/19520"}],"wp:attachment":[{"href":"https:\/\/l-doornassau.be\/fr\/wp-json\/wp\/v2\/media?parent=21123"}],"wp:term":[{"taxonomy":"product_brand","embeddable":true,"href":"https:\/\/l-doornassau.be\/fr\/wp-json\/wp\/v2\/product_brand?post=21123"},{"taxonomy":"product_cat","embeddable":true,"href":"https:\/\/l-doornassau.be\/fr\/wp-json\/wp\/v2\/product_cat?post=21123"},{"taxonomy":"product_tag","embeddable":true,"href":"https:\/\/l-doornassau.be\/fr\/wp-json\/wp\/v2\/product_tag?post=21123"}],"curies":[{"name":"wp","href":"https:\/\/api.w.org\/{rel}","templated":true}]}}