{"id":21124,"date":"2018-03-01T08:03:13","date_gmt":"2018-03-01T07:03:13","guid":{"rendered":"https:\/\/l-doornassau.be\/product\/telecommande-nassau-4-canaux-prix-htva\/"},"modified":"2018-02-08T08:03:13","modified_gmt":"2018-02-08T07:03:13","slug":"telecommande-nassau-4-canaux-prix-htva","status":"publish","type":"product","link":"https:\/\/l-doornassau.be\/fr\/product\/telecommande-nassau-4-canaux-prix-htva\/","title":{"rendered":"T\u00e9l\u00e9commande Nassau 4 canaux (Prix HTVA)"},"content":{"rendered":"","protected":false},"excerpt":{"rendered":"<p><strong>Nos t\u00e9l\u00e9commandes ne sont jamais envoy\u00e9es pr\u00e9programm\u00e9es !<\/strong><\/p>\n<p>La t\u00e9l\u00e9commande unidirectionnelle NASSAU 4 canaux peut \u00eatre programm\u00e9e avec diff\u00e9rentes fonctions. Elle permet de commander jusqu\u2019\u00e0 4 portes, d\u2019allumer\/\u00e9teindre la lampe du moteur ou d\u2019ouvrir la porte totalement ou partiellement pour ventiler le garage. Les boutons de la t\u00e9l\u00e9commande peuvent \u00eatre verrouill\u00e9s afin d\u2019\u00e9viter toute utilisation non souhait\u00e9e. La t\u00e9l\u00e9commande n\u2019est jamais envoy\u00e9e pr\u00e9programm\u00e9e.   <\/p>\n","protected":false},"featured_media":19519,"template":"","meta":{"_acf_changed":false},"product_brand":[],"product_cat":[162],"product_tag":[166,164],"class_list":{"0":"post-21124","1":"product","2":"type-product","3":"status-publish","4":"has-post-thumbnail","6":"product_cat-industrie","7":"product_tag-portes-industrielles","8":"product_tag-telecommande","9":"product_shipping_class-normal","11":"first","12":"instock","13":"taxable","14":"shipping-taxable","15":"purchasable","16":"product-type-simple"},"acf":[],"_links":{"self":[{"href":"https:\/\/l-doornassau.be\/fr\/wp-json\/wp\/v2\/product\/21124","targetHints":{"allow":["GET"]}}],"collection":[{"href":"https:\/\/l-doornassau.be\/fr\/wp-json\/wp\/v2\/product"}],"about":[{"href":"https:\/\/l-doornassau.be\/fr\/wp-json\/wp\/v2\/types\/product"}],"wp:featuredmedia":[{"embeddable":true,"href":"https:\/\/l-doornassau.be\/fr\/wp-json\/wp\/v2\/media\/19519"}],"wp:attachment":[{"href":"https:\/\/l-doornassau.be\/fr\/wp-json\/wp\/v2\/media?parent=21124"}],"wp:term":[{"taxonomy":"product_brand","embeddable":true,"href":"https:\/\/l-doornassau.be\/fr\/wp-json\/wp\/v2\/product_brand?post=21124"},{"taxonomy":"product_cat","embeddable":true,"href":"https:\/\/l-doornassau.be\/fr\/wp-json\/wp\/v2\/product_cat?post=21124"},{"taxonomy":"product_tag","embeddable":true,"href":"https:\/\/l-doornassau.be\/fr\/wp-json\/wp\/v2\/product_tag?post=21124"}],"curies":[{"name":"wp","href":"https:\/\/api.w.org\/{rel}","templated":true}]}}