{"id":21193,"date":"2018-07-01T11:30:19","date_gmt":"2018-07-01T10:30:19","guid":{"rendered":"https:\/\/l-doornassau.be\/product\/emetteur-mural-2-canaux-maximum-2-portes-de-garage-prix-hors-tva\/"},"modified":"2018-02-06T11:30:19","modified_gmt":"2018-02-06T10:30:19","slug":"emetteur-mural-2-canaux-maximum-2-portes-de-garage-prix-hors-tva","status":"publish","type":"product","link":"https:\/\/l-doornassau.be\/fr\/product\/emetteur-mural-2-canaux-maximum-2-portes-de-garage-prix-hors-tva\/","title":{"rendered":"\u00c9metteur mural 2 canaux \u2013 maximum 2 portes de garage (prix hors TVA)"},"content":{"rendered":"<p>Avec l\u2019\u00e9metteur NASSAU \u00e0 2 canaux, une ou deux portes peuvent \u00eatre command\u00e9es. Compatible avec les portes de garage post\u00e9rieures au 1\/4\/16. <\/p>\n","protected":false},"excerpt":{"rendered":"<p>Avec l\u2019\u00e9metteur mural NASSAU \u00e0 2 canaux, une ou deux portes peuvent \u00eatre command\u00e9es. Compatible avec les portes de garage post\u00e9rieures au 1\/4\/16. <\/p>\n","protected":false},"featured_media":19625,"template":"","meta":{"_acf_changed":false},"product_brand":[],"product_cat":[162],"product_tag":[168,167],"class_list":{"0":"post-21193","1":"product","2":"type-product","3":"status-publish","4":"has-post-thumbnail","6":"product_cat-industrie","7":"product_tag-commande-de-porte-de-garage","8":"product_tag-porte-de-garage","9":"product_shipping_class-normal","11":"first","12":"instock","13":"taxable","14":"shipping-taxable","15":"purchasable","16":"product-type-simple"},"acf":[],"_links":{"self":[{"href":"https:\/\/l-doornassau.be\/fr\/wp-json\/wp\/v2\/product\/21193","targetHints":{"allow":["GET"]}}],"collection":[{"href":"https:\/\/l-doornassau.be\/fr\/wp-json\/wp\/v2\/product"}],"about":[{"href":"https:\/\/l-doornassau.be\/fr\/wp-json\/wp\/v2\/types\/product"}],"wp:featuredmedia":[{"embeddable":true,"href":"https:\/\/l-doornassau.be\/fr\/wp-json\/wp\/v2\/media\/19625"}],"wp:attachment":[{"href":"https:\/\/l-doornassau.be\/fr\/wp-json\/wp\/v2\/media?parent=21193"}],"wp:term":[{"taxonomy":"product_brand","embeddable":true,"href":"https:\/\/l-doornassau.be\/fr\/wp-json\/wp\/v2\/product_brand?post=21193"},{"taxonomy":"product_cat","embeddable":true,"href":"https:\/\/l-doornassau.be\/fr\/wp-json\/wp\/v2\/product_cat?post=21193"},{"taxonomy":"product_tag","embeddable":true,"href":"https:\/\/l-doornassau.be\/fr\/wp-json\/wp\/v2\/product_tag?post=21193"}],"curies":[{"name":"wp","href":"https:\/\/api.w.org\/{rel}","templated":true}]}}