{"id":21194,"date":"2018-05-01T10:35:13","date_gmt":"2018-05-01T09:35:13","guid":{"rendered":"https:\/\/l-doornassau.be\/product\/telecommande-4-canaux-max-4-portes-de-garage-prix-hors-tva\/"},"modified":"2018-02-01T10:35:13","modified_gmt":"2018-02-01T09:35:13","slug":"telecommande-4-canaux-max-4-portes-de-garage-prix-hors-tva","status":"publish","type":"product","link":"https:\/\/l-doornassau.be\/fr\/product\/telecommande-4-canaux-max-4-portes-de-garage-prix-hors-tva\/","title":{"rendered":"T\u00e9l\u00e9commande 4 canaux \u2013 max. 4 portes de garage (prix hors TVA)"},"content":{"rendered":"<p>La t\u00e9l\u00e9commande NASSAU \u00e0 4 canaux unidirectionnelle peut \u00eatre programm\u00e9e pour diff\u00e9rentes fonctions. Elle permet de commander jusqu\u2019\u00e0 4 portes, d\u2019allumer ou d\u2019\u00e9teindre la lampe du moteur, ou d\u2019ouvrir la porte partiellement afin de ventiler le garage. Les boutons de la t\u00e9l\u00e9commande peuvent \u00eatre verrouill\u00e9s pour \u00e9viter toute utilisation involontaire.  <\/p>\n","protected":false},"excerpt":{"rendered":"<p>La t\u00e9l\u00e9commande NASSAU \u00e0 4 canaux unidirectionnelle peut \u00eatre programm\u00e9e pour diff\u00e9rentes fonctions. Elle permet de commander jusqu\u2019\u00e0 4 portes, d\u2019allumer ou d\u2019\u00e9teindre la lampe du moteur, ou d\u2019ouvrir la porte compl\u00e8tement ou partiellement afin de ventiler le garage. Les boutons de la t\u00e9l\u00e9commande peuvent \u00eatre verrouill\u00e9s pour \u00e9viter toute utilisation ind\u00e9sirable.  <\/p>\n","protected":false},"featured_media":19404,"template":"","meta":{"_acf_changed":false},"product_brand":[],"product_cat":[162],"product_tag":[168,167],"class_list":{"0":"post-21194","1":"product","2":"type-product","3":"status-publish","4":"has-post-thumbnail","6":"product_cat-industrie","7":"product_tag-commande-de-porte-de-garage","8":"product_tag-porte-de-garage","9":"product_shipping_class-normal","11":"first","12":"instock","13":"taxable","14":"shipping-taxable","15":"purchasable","16":"product-type-simple"},"acf":[],"_links":{"self":[{"href":"https:\/\/l-doornassau.be\/fr\/wp-json\/wp\/v2\/product\/21194","targetHints":{"allow":["GET"]}}],"collection":[{"href":"https:\/\/l-doornassau.be\/fr\/wp-json\/wp\/v2\/product"}],"about":[{"href":"https:\/\/l-doornassau.be\/fr\/wp-json\/wp\/v2\/types\/product"}],"wp:featuredmedia":[{"embeddable":true,"href":"https:\/\/l-doornassau.be\/fr\/wp-json\/wp\/v2\/media\/19404"}],"wp:attachment":[{"href":"https:\/\/l-doornassau.be\/fr\/wp-json\/wp\/v2\/media?parent=21194"}],"wp:term":[{"taxonomy":"product_brand","embeddable":true,"href":"https:\/\/l-doornassau.be\/fr\/wp-json\/wp\/v2\/product_brand?post=21194"},{"taxonomy":"product_cat","embeddable":true,"href":"https:\/\/l-doornassau.be\/fr\/wp-json\/wp\/v2\/product_cat?post=21194"},{"taxonomy":"product_tag","embeddable":true,"href":"https:\/\/l-doornassau.be\/fr\/wp-json\/wp\/v2\/product_tag?post=21194"}],"curies":[{"name":"wp","href":"https:\/\/api.w.org\/{rel}","templated":true}]}}